{"id":38830,"date":"2025-08-07T14:50:56","date_gmt":"2025-08-07T12:50:56","guid":{"rendered":"https:\/\/gamesystem.com\/?page_id=38830"},"modified":"2025-08-08T14:16:22","modified_gmt":"2025-08-08T12:16:22","slug":"i-nostri-cataloghi","status":"publish","type":"page","link":"https:\/\/gamesystem.com\/it\/i-nostri-cataloghi\/","title":{"rendered":"I nostri cataloghi"},"content":{"rendered":"\n\n\t\t\t<h2>I nostri cataloghi interattivi<\/h2>\n\t<p><strong>Scopri tutte le nostre soluzioni e prodotti con un solo clic.<\/strong><\/p>\n<p>Per saperne di pi\u00f9, non esitare a consultarli.<\/p>\n\t\t\t\t\t\t\t\t\t\t\t<img decoding=\"async\" src=\"https:\/\/gamesystem.com\/wp-content\/uploads\/2025\/08\/IT-Vignette-Catalogue-Securisation-des-acces-en-hauteur.jpg\" alt=\"IT Vignette - Catalogue Securisation des acc\u00e8s en hauteur\"\/>\n\t\t\t<a href=\"https:\/\/online.gamesystem.com\/view\/843219677\/\" target=\"_blank\" rel=\"noopener\" role=\"button\" aria-label=\"Scopri di pi\u00f9\">\n\t\t\t\t\t\t\tScopri di pi\u00f9\n\t\t<\/a>\n\t\t\t\t\t\t\t\t\t\t\t<img decoding=\"async\" src=\"https:\/\/gamesystem.com\/wp-content\/uploads\/2025\/08\/IT-Vignette-catalogue-Prestations.jpg\" alt=\"IT Vignette - catalogue Prestations\"\/>\n\t\t\t<a href=\"https:\/\/online.gamesystem.com\/view\/988415074\/\" target=\"_blank\" rel=\"noopener\" role=\"button\" aria-label=\"Scopri di pi\u00f9\">\n\t\t\t\t\t\t\tScopri di pi\u00f9\n\t\t<\/a>\n\t\t\t\t\t\t\t\t\t\t\t<img decoding=\"async\" src=\"https:\/\/gamesystem.com\/wp-content\/uploads\/2025\/08\/Telecom-e1754640587209.jpg\" alt=\"Telecom\"\/>\n\t\t\t<a href=\"https:\/\/gamesystem.com\/it\/contatti\/\" target=\"_blank\" rel=\"noopener\" role=\"button\" aria-label=\"Contatti\">\n\t\t\t\t\t\t\tContatti\n\t\t<\/a>\n\t\t\t\t\t\t<h3>\n\t\t\t\t\t\tTelecomunicazioni\t\t<\/h3>\n\t<p>Hai una domanda, un&#8217;esigenza specifica o un progetto in mente? <strong data-start=\"174\" data-end=\"243\">Il nostro team \u00e8 a tua disposizione.<\/strong><\/p>\n\t\t\t<a href=\"https:\/\/gamesystem.com\/it\/contatti\/\" target=\"_blank\" role=\"button\" rel=\"noopener\">\n\t\t\t\t\t\t\tContattaci subito!\n\t\t\t\t\t<\/a>\n\n","protected":false},"excerpt":{"rendered":"<p>I nostri cataloghi interattivi Scopri tutte le nostre soluzioni e prodotti con un solo clic. Per saperne di pi\u00f9, non esitare a consultarli. Scopri di pi\u00f9 Scopri di pi\u00f9 Contatti&hellip;<\/p>\n","protected":false},"author":13,"featured_media":0,"parent":0,"menu_order":0,"comment_status":"closed","ping_status":"open","template":"","meta":[],"_links":{"self":[{"href":"https:\/\/gamesystem.com\/it\/wp-json\/wp\/v2\/pages\/38830"}],"collection":[{"href":"https:\/\/gamesystem.com\/it\/wp-json\/wp\/v2\/pages"}],"about":[{"href":"https:\/\/gamesystem.com\/it\/wp-json\/wp\/v2\/types\/page"}],"author":[{"embeddable":true,"href":"https:\/\/gamesystem.com\/it\/wp-json\/wp\/v2\/users\/13"}],"replies":[{"embeddable":true,"href":"https:\/\/gamesystem.com\/it\/wp-json\/wp\/v2\/comments?post=38830"}],"version-history":[{"count":8,"href":"https:\/\/gamesystem.com\/it\/wp-json\/wp\/v2\/pages\/38830\/revisions"}],"predecessor-version":[{"id":38890,"href":"https:\/\/gamesystem.com\/it\/wp-json\/wp\/v2\/pages\/38830\/revisions\/38890"}],"wp:attachment":[{"href":"https:\/\/gamesystem.com\/it\/wp-json\/wp\/v2\/media?parent=38830"}],"curies":[{"name":"wp","href":"https:\/\/api.w.org\/{rel}","templated":true}]}}