{"id":38357,"date":"2024-11-05T11:24:15","date_gmt":"2024-11-05T10:24:15","guid":{"rendered":"https:\/\/gamesystem.com\/?page_id=38357"},"modified":"2026-01-09T09:23:45","modified_gmt":"2026-01-09T08:23:45","slug":"sostenibilita","status":"publish","type":"page","link":"https:\/\/gamesystem.com\/it\/sostenibilita\/","title":{"rendered":"Sostenibilit\u00e0"},"content":{"rendered":"\n\n\t\t\t<h1>SOSTENIBILIT\u00e0<\/h1>\t\t\t\n\t\t\t<h2>Bilancio di Sostenibilit\u00e0<\/h2>\t\t\t\n\t\t\t\t<p>Troverete tramite questo link il Bilancio di Sostenibilit\u00e0, che presenta il nostro impegno verso la sostenibilit\u00e0 e la responsabilit\u00e0 sociale.<\/p>\n\t\t\t<a href=\"https:\/\/gamesystem.com\/wp-content\/uploads\/2024\/Bilancio-Gamesystem-2023_compressed.pdf\" target=\"_self\" role=\"button\" rel=\"noopener\">\n\t\t\t\t\t\t\tVedi Bilancio di Sostenibilit\u00e0 \n\t\t\t\t\t<\/a>\n\t\t\t<h2>Parit\u00e0 di Genere<\/h2>\t\t\t\n\t\t\t\t<p>Questa sezione \u00e8 dedicata al nostro impegno per la parit\u00e0 di genere, un pilastro fondamentale della nostra missione per un ambiente di lavoro inclusivo ed equo. Potete scaricare il documento della Parit\u00e0 di Genere cliccando sul pulsante qui sotto.<\/p>\n\t\t\t<a href=\"https:\/\/gamesystem.com\/wp-content\/uploads\/2024\/11\/MOD-01-C-Politica-di-Parita-di-Genere-1.pdf\" target=\"_blank\" role=\"button\" rel=\"noopener\">\n\t\t\t\t\t\t\tVedi Politica Parit\u00e0 di Genere \n\t\t\t\t\t<\/a>\n\t\t\t<h2>Codice Etico<\/h2>\t\t\t\n\t\t\t\t<p>Gamesystem Italia possiede un Codice Etico che include l&#8217;insieme di valori, principi e criteri a cui aderiscono tutti i suoi dipendenti. Attraverso questo documento vogliamo mostrare a tutte le parti interessate il nostro coinvolgimento ed impegno per ciascuno dei fattori descritti.<\/p>\n\t\t\t<a href=\"https:\/\/gamesystem.com\/wp-content\/uploads\/2021\/07\/Codice-Etico-GameSystem-Italia-s.r.l.pdf\" target=\"_self\" role=\"button\" rel=\"noopener\">\n\t\t\t\t\t\t\tCode Etico\n\t\t\t\t\t<\/a>\n\t<p>Collegamento :<\/p>\n<p><a href=\"https:\/\/gamesystem.com\/wp-content\/uploads\/2021\/07\/All.-5-P.G._MODULO-DI-SEGNALAZIONE.docx\">Modulo di Segnalazione<\/a><\/p>\n<p><a href=\"mailto:gamesystemitalia.odv@gmail.com\">gamesystemitalia.odv@gmail.com<\/a><\/p>\n\n","protected":false},"excerpt":{"rendered":"<p>SOSTENIBILIT\u00e0 Bilancio di Sostenibilit\u00e0 Troverete tramite questo link il Bilancio di Sostenibilit\u00e0, che presenta il nostro impegno verso la sostenibilit\u00e0 e la responsabilit\u00e0 sociale. Vedi Bilancio di Sostenibilit\u00e0 Parit\u00e0 di&hellip;<\/p>\n","protected":false},"author":2,"featured_media":0,"parent":0,"menu_order":0,"comment_status":"closed","ping_status":"closed","template":"","meta":[],"_links":{"self":[{"href":"https:\/\/gamesystem.com\/it\/wp-json\/wp\/v2\/pages\/38357"}],"collection":[{"href":"https:\/\/gamesystem.com\/it\/wp-json\/wp\/v2\/pages"}],"about":[{"href":"https:\/\/gamesystem.com\/it\/wp-json\/wp\/v2\/types\/page"}],"author":[{"embeddable":true,"href":"https:\/\/gamesystem.com\/it\/wp-json\/wp\/v2\/users\/2"}],"replies":[{"embeddable":true,"href":"https:\/\/gamesystem.com\/it\/wp-json\/wp\/v2\/comments?post=38357"}],"version-history":[{"count":1,"href":"https:\/\/gamesystem.com\/it\/wp-json\/wp\/v2\/pages\/38357\/revisions"}],"predecessor-version":[{"id":39234,"href":"https:\/\/gamesystem.com\/it\/wp-json\/wp\/v2\/pages\/38357\/revisions\/39234"}],"wp:attachment":[{"href":"https:\/\/gamesystem.com\/it\/wp-json\/wp\/v2\/media?parent=38357"}],"curies":[{"name":"wp","href":"https:\/\/api.w.org\/{rel}","templated":true}]}}