{"id":38048,"date":"2024-02-27T15:38:54","date_gmt":"2024-02-27T14:38:54","guid":{"rendered":"https:\/\/gamesystem.com\/cgu\/"},"modified":"2024-02-27T16:47:15","modified_gmt":"2024-02-27T15:47:15","slug":"cgu","status":"publish","type":"page","link":"https:\/\/gamesystem.com\/it\/cgu\/","title":{"rendered":"Condizioni generali di utilizzo"},"content":{"rendered":"\r\n<h5>\n<div\n\t class=\"wpml-ls-statics-shortcode_actions wpml-ls wpml-ls-legacy-dropdown js-wpml-ls-legacy-dropdown\">\n\t<ul>\n\n\t\t<li tabindex=\"0\" class=\"wpml-ls-slot-shortcode_actions wpml-ls-item wpml-ls-item-it wpml-ls-current-language wpml-ls-item-legacy-dropdown\">\n\t\t\t<a href=\"#\" class=\"js-wpml-ls-item-toggle wpml-ls-item-toggle\">\n                                                    <img\n            class=\"wpml-ls-flag\"\n            src=\"https:\/\/gamesystem.com\/wp-content\/plugins\/sitepress-multilingual-cms\/res\/flags\/it.png\"\n            alt=\"Italiano\"\n            width=18\n            height=12\n    \/><\/a>\n\n\t\t\t<ul class=\"wpml-ls-sub-menu\">\n\t\t\t\t\n\t\t\t\t\t<li class=\"wpml-ls-slot-shortcode_actions wpml-ls-item wpml-ls-item-fr wpml-ls-first-item\">\n\t\t\t\t\t\t<a href=\"https:\/\/gamesystem.com\" class=\"wpml-ls-link\">\n                                                                <img\n            class=\"wpml-ls-flag\"\n            src=\"https:\/\/gamesystem.com\/wp-content\/plugins\/sitepress-multilingual-cms\/res\/flags\/fr.png\"\n            alt=\"Francese\"\n            width=18\n            height=12\n    \/><\/a>\n\t\t\t\t\t<\/li>\n\n\t\t\t\t\n\t\t\t\t\t<li class=\"wpml-ls-slot-shortcode_actions wpml-ls-item wpml-ls-item-es\">\n\t\t\t\t\t\t<a href=\"https:\/\/gamesystem.com\/es\/\" class=\"wpml-ls-link\">\n                                                                <img\n            class=\"wpml-ls-flag\"\n            src=\"https:\/\/gamesystem.com\/wp-content\/plugins\/sitepress-multilingual-cms\/res\/flags\/es.png\"\n            alt=\"Spagnolo\"\n            width=18\n            height=12\n    \/><\/a>\n\t\t\t\t\t<\/li>\n\n\t\t\t\t\n\t\t\t\t\t<li class=\"wpml-ls-slot-shortcode_actions wpml-ls-item wpml-ls-item-en wpml-ls-last-item\">\n\t\t\t\t\t\t<a href=\"https:\/\/gamesystem.com\/en\/\" class=\"wpml-ls-link\">\n                                                                <img\n            class=\"wpml-ls-flag\"\n            src=\"https:\/\/gamesystem.com\/wp-content\/plugins\/sitepress-multilingual-cms\/res\/flags\/en.png\"\n            alt=\"Inglese\"\n            width=18\n            height=12\n    \/><\/a>\n\t\t\t\t\t<\/li>\n\n\t\t\t\t\t\t\t<\/ul>\n\n\t\t<\/li>\n\n\t<\/ul>\n<\/div>\n<\/h5>\r\n<h3>CONDITIONS G\u00c9N\u00c9RALES D&#8217;UTILISATION<\/h3>\r\n<p>Date de la derni\u00e8re mise \u00e0 jour des CGU : 15\/02\/2024.<\/p>\r\n<p><strong>ARTICLE 1 &#8211; PRESENTATION DU SITE ET STIPULATIONS GENERALES<\/strong><\/p>\r\n<p><strong>1.1.<\/strong>\u00a0Les pr\u00e9sentes conditions g\u00e9n\u00e9rales sont conclues entre la soci\u00e9t\u00e9 GAMESYSTEM, SASU au capital social de 538578,00 euros, immatricul\u00e9e au RCS de Grenoble sous le num\u00e9ro n\u00b0 B 316 534 783 et sis 450 AV DE L&#8217;EUROPE 38330 MONTBONNOT-SAINT-MARTIN, et les personnes naviguant sur le site internet\u00a0<a href=\"https:\/\/gamesystem.com\/it\/\">https:\/\/gamesystem.com\/<\/a>, ci-apr\u00e8s d\u00e9nomm\u00e9 le \u00ab Site \u00bb, ci-apr\u00e8s d\u00e9nomm\u00e9s les \u00ab Utilisateurs \u00bb, GAMESYSTEM et les Utilisateurs \u00e9tant ci-apr\u00e8s d\u00e9nomm\u00e9s le(s) \u00ab Partie(s) \u00bb.<\/p>\r\n<p>Les Utilisateurs sont des professionnels, le professionnel \u00e9tant d\u00e9fini comme \u00ab\u00a0<em>toute personne physique ou morale, publique ou priv\u00e9e, qui agit \u00e0 des fins entrant dans le cadre de son activit\u00e9 commerciale, industrielle, artisanale, lib\u00e9rale ou agricole, y compris lorsqu&#8217;elle agit au nom ou pour le compte d&#8217;un autre professionnel<\/em>\u00a0\u00bb.<\/p>\r\n<p><strong>1.2.<\/strong>\u00a0Le Site a pour objet :<\/p>\r\n<ul>\r\n<li>de pr\u00e9senter la gamme de produits, la gamme de services, la gamme de formations, propos\u00e9es par la soci\u00e9t\u00e9 GAMESYSTEM ;<\/li>\r\n<\/ul>\r\n<ul>\r\n<li>de permettre aux Utilisateurs de prendre contact avec la soci\u00e9t\u00e9 GAMESYSTEM via le formulaire de contact propos\u00e9 sur le site ; et de lui faire parvenir toute demande de devis<\/li>\r\n<\/ul>\r\n<p>Le Site ne permet pas de commander ni payer en ligne des produits ou des prestations.<\/p>\r\n<p>GAMESYSTEM fournit une assistance par t\u00e9l\u00e9phone au + 33 (0)4 76 04 16 16. Les Utilisateurs peuvent \u00e9galement contacter GAMESYSTEM par email \u00e0\u00a0games@gamesystem.com.<\/p>\r\n<p><strong>1.3.<\/strong>\u00a0Les pr\u00e9sentes conditions g\u00e9n\u00e9rales d\u00e9terminent les conditions d&#8217;utilisation par les Utilisateurs du Site et de ses fonctionnalit\u00e9s.<\/p>\r\n<p>Le fait de naviguer sur le Site implique l&#8217;acceptation enti\u00e8re et sans r\u00e9serve des Utilisateurs aux r\u00e8gles ci-apr\u00e8s \u00e9nonc\u00e9es.<\/p>\r\n<p>Les pr\u00e9sentes conditions g\u00e9n\u00e9rales annulent et remplacent les conditions pr\u00e9c\u00e9demment applicables. GAMESYSTEM se r\u00e9serve la possibilit\u00e9 d&#8217;adapter, de modifier ou de mettre \u00e0 jour \u00e0 tout moment les pr\u00e9sentes conditions g\u00e9n\u00e9rales d&#8217;utilisation. En tout \u00e9tat de cause, les conditions g\u00e9n\u00e9rales applicables sont celles en vigueur au jour de la navigation sur le Site.<\/p>\r\n<p>Le fait que l&#8217;une des Parties ne se pr\u00e9vale pas \u00e0 un moment donn\u00e9 de l&#8217;une des pr\u00e9sentes conditions ne peut \u00eatre interpr\u00e9t\u00e9 comme valant renonciation \u00e0 s&#8217;en pr\u00e9valoir ult\u00e9rieurement. L&#8217;annulation d&#8217;une clause de ces conditions g\u00e9n\u00e9rales n&#8217;affectera pas la validit\u00e9 des conditions g\u00e9n\u00e9rales dans leur ensemble.<\/p>\r\n<p><strong>ARTICLE 2 &#8211; DESCRIPTION DES FONCTIONNALIT\u00c9S DU SITE<\/strong><\/p>\r\n<p><strong>2.1. Pr\u00e9sentation de la gamme de produits du fabricant<\/strong><\/p>\r\n<p>Le Site pr\u00e9sente la gamme de produits, de service et de formation du fabricant.<\/p>\r\n<p>GAMESYSTEM s&#8217;efforce d&#8217;assurer l&#8217;exactitude et la mise \u00e0 jour des informations diffus\u00e9es sur ce Site et se r\u00e9serve le droit de les modifier, \u00e0 tout moment et sans pr\u00e9avis.<\/p>\r\n<p>L&#8217;Utilisateur qui souhaitait acheter des produits et\/ou services pr\u00e9sent\u00e9s sur le Site est invit\u00e9 \u00e0 contacter GAMESYSTEM par l&#8217;interm\u00e9diaire du formulaire de contact ou par email games@gamesystem.com afin de connaitre la disponibilit\u00e9 des produits et\/ou services en question ainsi que les conditions contractuelles et les tarifs qui leurs sont applicables.<\/p>\r\n<p><strong>2.2. Demande d&#8217;information<\/strong><\/p>\r\n<p>GAMESYSTEM met \u00e0 disposition de l&#8217;utilisateur une rubrique de contact permettant de poser des questions sur ces produits et services, demander des devis.<\/p>\r\n<p><strong>ARTICLE 3 &#8211; ACCES AU SITE ET UTILISATION DES FONCTIONNALIT\u00c9S<\/strong><\/p>\r\n<p><strong>3.1.<\/strong> Le Site est accessible suivant l&#8217;URL\u00a0: \u00ab\u00a0https:\/\/<u>gamesystem.com<\/u> \u00bb.<\/p>\r\n<p>La navigation sur le Site par l&#8217;Utilisateur est r\u00e9alis\u00e9e sous la responsabilit\u00e9 de ce dernier. Dans ces conditions, l&#8217;Utilisateur est tenu de naviguer sur le Site et utiliser les services conform\u00e9ment \u00e0 leur destination et dans le respect des pr\u00e9sentes conditions g\u00e9n\u00e9rales, sans porter atteinte \u00e0 l&#8217;ordre public, aux bonnes m\u0153urs ou aux droits des tiers.<\/p>\r\n<p>Dans ce cadre, l&#8217;Utilisateur fait son affaire personnelle de la mise en place des moyens informatiques et de communication permettant l&#8217;acc\u00e8s au Site et des connaissances n\u00e9cessaires \u00e0 l&#8217;utilisation d&#8217;Internet et l&#8217;acc\u00e8s au Site. L&#8217;Utilisateur conserve \u00e0 sa charge les frais de connexion et d&#8217;\u00e9quipement li\u00e9s \u00e0 l&#8217;acc\u00e8s \u00e0 Internet et \u00e0 l&#8217;utilisation du Site, selon les modalit\u00e9s fix\u00e9es par ses fournisseurs d&#8217;acc\u00e8s et\/ou ses op\u00e9rateurs de communications \u00e9lectroniques.<\/p>\r\n<p>L&#8217;Utilisateur est responsable de la s\u00e9curit\u00e9 informatique de son \u00e9quipement ainsi que, notamment, des \u00e9ventuelles pertes de donn\u00e9es et des failles de s\u00e9curit\u00e9 pouvant r\u00e9sulter d&#8217;un virus ou d&#8217;un piratage. L&#8217;Utilisateur d\u00e9clare avoir connaissance de ces risques et accepter le fait que GAMESYSTEM ne pourra pas \u00eatre tenue responsable de tels dysfonctionnements.<\/p>\r\n<p>L&#8217;Utilisateur s&#8217;interdit :<\/p>\r\n<ul>\r\n<li>D&#8217;acc\u00e9der ou tenter d&#8217;acc\u00e9der au Site par tout moyen autre que ceux mis \u00e0 sa disposition par GAMESYSTEM.<\/li>\r\n<li>De perturber, ralentir ou bloquer l&#8217;acc\u00e8s aux r\u00e9seaux permettant l&#8217;acc\u00e8s au Site.<\/li>\r\n<li>De contr\u00f4ler, scanner ou tester la vuln\u00e9rabilit\u00e9 du Site, de son h\u00e9bergeur ou de son r\u00e9seau ou de violer les mesures de s\u00e9curit\u00e9 ou d&#8217;authentification.<\/li>\r\n<\/ul>\r\n<p><strong>3.2.<\/strong> Compte tenu du caract\u00e8re gratuit du Site et de ses fonctionnalit\u00e9s, l&#8217;Utilisateur reconna\u00eet que le Site et ses fonctionnalit\u00e9s lui sont fournis en l&#8217;\u00e9tat et sont accessibles sans aucune garantie de conformit\u00e9, de disponibilit\u00e9, de performance, de compatibilit\u00e9 ou encore de r\u00e9gularit\u00e9.<\/p>\r\n<p>GAMESYSTEM s&#8217;efforcera de rendre les fonctionnalit\u00e9s accessibles 24 heures sur 24, 7 jours sur 7, sauf en cas de force majeure ou d&#8217;un \u00e9v\u00e9nement hors du contr\u00f4le de GAMESYSTEM et sous r\u00e9serve des p\u00e9riodes de maintenance, des pannes \u00e9ventuelles, des al\u00e9as techniques li\u00e9s \u00e0 la nature du r\u00e9seau internet ou des actes de malveillance ou toute atteinte port\u00e9e au mat\u00e9riel ou aux logiciels de GAMESYSTEM.<\/p>\r\n<p>GAMESYSTEM ne pourra en aucun cas \u00eatre tenue responsable de toute interruption d&#8217;une fonctionnalit\u00e9 quelle qu&#8217;en soit la cause, la dur\u00e9e ou la fr\u00e9quence.<\/p>\r\n<p>L&#8217;Utilisateur reconna\u00eet que la vitesse de transmission des informations ne d\u00e9pend pas de GAMESYSTEM, mais des caract\u00e9ristiques inh\u00e9rentes aux r\u00e9seaux de communications \u00e9lectroniques et des caract\u00e9ristiques techniques de son mode de connexion.<\/p>\r\n<p>GAMESYSTEM ne saurait \u00eatre tenue responsable de l&#8217;utilisation qui serait faite du Site et de ses fonctionnalit\u00e9s par les Utilisateurs et des \u00e9ventuels dommages qui pourraient en r\u00e9sulter pour l&#8217;Utilisateur ou pour les tiers.<\/p>\r\n<p>GAMESYSTEM ne peut notamment \u00e0 aucun titre \u00eatre tenue pour responsable des informations fournies par l&#8217;Utilisateur lors du remplissage de son formulaire de contact.<\/p>\r\n<p><strong>3.3.<\/strong> Le Site et les fonctionnalit\u00e9s sont mis \u00e0 la disposition de l&#8217;Utilisateur par GAMESYSTEM gratuitement et pour une dur\u00e9e ind\u00e9termin\u00e9e.<\/p>\r\n<p>GAMESYSTEM se r\u00e9serve le droit de modifier les caract\u00e9ristiques du Site et de ses fonctionnalit\u00e9s, notamment en fonction des \u00e9volutions techniques ou commerciales. Elle conserve toute latitude dans l&#8217;ex\u00e9cution d&#8217;\u00e9ventuelles mises \u00e0 jour.<\/p>\r\n<p>Compte tenu du caract\u00e8re gratuit du Site et de l&#8217;utilisation de ses fonctionnalit\u00e9s, GAMESYSTEM a la facult\u00e9 d&#8217;en suspendre l&#8217;acc\u00e8s et\/ou r\u00e9silier de plein droit, sans information pr\u00e9alable et sans pr\u00e9avis ni indemnit\u00e9, l&#8217;acc\u00e8s \u00e0 tout ou partie des fonctionnalit\u00e9s fournies aux Utilisateurs.<\/p>\r\n<p>En cas de manquement de l&#8217;Utilisateur aux CGU ou plus g\u00e9n\u00e9ralement en cas de violation de la r\u00e8glementation en vigueur, GAMESYSTEM pourra r\u00e9silier de plein droit, sans mise en demeure pr\u00e9alable et sans pr\u00e9avis ni indemnit\u00e9, tout ou partie des fonctionnalit\u00e9s fournies \u00e0 l&#8217;Utilisateur. GAMESYSTEM pourra prononcer cette r\u00e9siliation sans pr\u00e9judice de tous dommages et int\u00e9r\u00eats auxquels elle pourrait pr\u00e9tendre du fait de ces manquements.<\/p>\r\n<p><strong>ARTICLE 4 &#8211; RESPONSABILIT\u00c9<\/strong><\/p>\r\n<p><strong>4.1.<\/strong> La responsabilit\u00e9 de GAMESYSTEM ne pourra \u00eatre engag\u00e9e si une inex\u00e9cution ou un dommage r\u00e9sulte de la mauvaise utilisation du Site par l&#8217;Utilisateur ou d&#8217;une faute de ce dernier ou d&#8217;un tiers ou d&#8217;un cas de force majeure.<\/p>\r\n<p><strong>4.2<\/strong> De m\u00eame, il est rappel\u00e9 que GAMESYSTEM ne saurait \u00eatre tenue responsable des dommages, temporaires ou permanents, caus\u00e9s au terminal mobile ou \u00e0 l&#8217;ordinateur de l&#8217;Utilisateur ni des pertes ou dommages \u00e9ventuels qui seraient subis notamment suite \u00e0 l&#8217;acc\u00e8s ou la navigation sur le Site.<\/p>\r\n<p><strong>4.3<\/strong> La transmission de donn\u00e9es via Internet peut entra\u00eener l&#8217;apparition d&#8217;erreurs et\/ou le fait que la Site ne soit pas toujours disponible. Par cons\u00e9quent, GAMESYSTEM ne saurait \u00eatre d\u00e9clar\u00e9e responsable quant \u00e0 la disponibilit\u00e9 et l&#8217;interruption du service en ligne. Il est rappel\u00e9 qu&#8217;il est, en tout \u00e9tat de cause, conseill\u00e9 \u00e0 l&#8217;Utilisateur de prot\u00e9ger l&#8217;acc\u00e8s \u00e0 ses outils informatiques par un mot de passe, et de souscrire toute assurance utile en cas de perte ou de vol de ces derniers.<\/p>\r\n<p><strong>4.4<\/strong> Le Site peut contenir des liens hypertextes renvoyant vers d&#8217;autres sites internet. GAMESYSTEM ne contr\u00f4le ni l&#8217;exactitude des informations qui s&#8217;y trouvent ni leur contenu. En cons\u00e9quence, GAMESYSTEM ne pourra en aucun cas \u00eatre tenue responsable des dommages r\u00e9sultant de l&#8217;utilisation, de l&#8217;acc\u00e8s \u00e0, ou de l&#8217;incapacit\u00e9 \u00e0 utiliser les informations ou contenus des autres sites internet.<\/p>\r\n<p><strong>4.5.<\/strong> Lorsque la responsabilit\u00e9 de GAMESYSTEM est engag\u00e9e \u00e0 la suite d&#8217;une faute de sa part, la r\u00e9paration ne s&#8217;applique qu&#8217;aux seuls\u00a0dommages directs, personnels et certains que l&#8217;Utilisateur a subi.<\/p>\r\n<p>En tout \u00e9tat\u00a0de cause, il est rappel\u00e9 que GAMESYSTEM d\u00e9cline toute responsabilit\u00e9 du fait notamment :<\/p>\r\n<ul>\r\n<li>Des dommages r\u00e9sultant d&#8217;un manquement des Utilisateurs aux r\u00e8gles et recommandations de GAMESYSTEM r\u00e9sultant notamment des pr\u00e9sentes conditions g\u00e9n\u00e9rales\u00a0;<\/li>\r\n<li>Des dysfonctionnements, d&#8217;une impossibilit\u00e9 d&#8217;acc\u00e8s ou de mauvaises conditions de fonctionnement du Site, notamment imputable \u00e0 un \u00e9quipement non adapt\u00e9, \u00e0 des perturbations li\u00e9es au fournisseur d&#8217;acc\u00e8s de l&#8217;Utilisateur et\/ou \u00e0 l&#8217;encombrement du r\u00e9seau Internet et\/ou pour toute autre raison li\u00e9e \u00e0 un cas de force majeure\u00a0;<\/li>\r\n<li>Des actes malveillants de tiers.<\/li>\r\n<\/ul>\r\n<p><strong>ARTICLE 5 &#8211; PROTECTION DES DONN\u00c9ES PERSONNELLES &#8211; COOKIES<\/strong><\/p>\r\n<p><strong>5.1.<\/strong> GAMESYSTEM collecte et traite les donn\u00e9es personnelles des Utilisateurs du Site qui choisissent de remplir le formulaire de contact. Les dispositions relatives au traitement de ces donn\u00e9es sont d\u00e9crites dans la Politique de confidentialit\u00e9 du Site que l&#8217;Utilisateur est invit\u00e9 \u00e0 lire attentivement. GAMESYSTEM collecte, traite et conserve les donn\u00e9es personnelles conform\u00e9ment aux principes de la r\u00e9glementation en vigueur et aux recommandations de la CNIL.<\/p>\r\n<p>Les personnes physiques concern\u00e9es disposent de diff\u00e9rents droits quant \u00e0 la collecte et au traitement de leurs donn\u00e9es personnelles. Elles peuvent demander l&#8217;acc\u00e8s, la rectification ou l&#8217;effacement de leurs donn\u00e9es. Le cas \u00e9ch\u00e9ant, elles peuvent aussi s&#8217;opposer ou demander la limitation du traitement de ces donn\u00e9es. Elles b\u00e9n\u00e9ficient \u00e9galement du droit \u00e0 la portabilit\u00e9 de leurs donn\u00e9es afin d&#8217;obtenir une copie de leurs donn\u00e9es personnelles dans un format structur\u00e9, utilisable et lisible par une machine, afin que ces derni\u00e8res soient transmissibles \u00e0 un tiers, si cette demande est \u00e9ligible. Ces personnes ont \u00e9galement le droit d&#8217;introduire une r\u00e9clamation aupr\u00e8s d&#8217;une autorit\u00e9 de contr\u00f4le et peuvent d\u00e9finir des directives quant au sort de leurs donn\u00e9es en cas de d\u00e9c\u00e8s, et les enregistrer aupr\u00e8s de tiers de confiance certifi\u00e9s par la CNIL. Ces droits peuvent \u00eatre exerc\u00e9s conform\u00e9ment aux dispositions vis\u00e9es dans la Politique de confidentialit\u00e9 du Site.<\/p>\r\n<p><strong>5.2.<\/strong> GAMESYSTEM utilise des cookies.<\/p>\r\n<p><strong>ARTICLE 6 &#8211; PROPRI\u00c9T\u00c9 INTELLECTUELLE<\/strong><\/p>\r\n<p>L&#8217;ensemble du contenu du Site est la propri\u00e9t\u00e9 de GAMESYSTEM ou est utilis\u00e9 par GAMESYSTEM avec l&#8217;autorisation des titulaires des droits en cause.<\/p>\r\n<p>Les Utilisateurs reconnaissent les droits exclusifs de GAMESYSTEM notamment ses marques, logos et droits d&#8217;auteur, et s&#8217;interdisent d&#8217;en faire un usage quelconque et plus g\u00e9n\u00e9ralement d&#8217;y porter atteinte.<\/p>\r\n<p>Toute utilisation, de quelque mani\u00e8re que ce soit, de ces marques, logos, droits d&#8217;auteur et\/ou tout autre droit de propri\u00e9t\u00e9 intellectuelle est soumise \u00e0 l&#8217;autorisation expresse et pr\u00e9alable de GAMESYSTEM ou du titulaire des droits en cause.<\/p>\r\n<p>Toute reproduction int\u00e9grale ou partielle du Site, de m\u00eame que la cr\u00e9ation de liens hypertextes, sont interdites, sauf si GAMESYSTEM donne son autorisation expresse et pr\u00e9alable.<\/p>\r\n<p>GAMESYSTEM se r\u00e9serve le droit de demander la suppression de tout lien renvoyant vers le Site qui n&#8217;aurait pas \u00e9t\u00e9, ou ne serait plus, autoris\u00e9 et\/ou qui lui porterait pr\u00e9judice.<\/p>\r\n<p><strong>ARTICLE 7 &#8211; LITIGES<\/strong><\/p>\r\n<p><strong>7.1.<\/strong> Les pr\u00e9sentes conditions g\u00e9n\u00e9rales d&#8217;utilisation sont soumises au droit fran\u00e7ais.<\/p>\r\n<p><strong>7.2. <\/strong>Les Parties s&#8217;efforceront de r\u00e9soudre \u00e0 l&#8217;amiable les litiges qui pourraient surgir entre elles relatifs aux pr\u00e9sentes conditions.<\/p>\r\n<p>A d\u00e9faut de r\u00e8glement amiable possible, tout litige entre GAMESYSTEM et l&#8217;Utilisateur sera port\u00e9 devant le tribunal d&#8217;Alen\u00e7on, auquel il est fait express\u00e9ment et par avance attribution de juridiction et cela m\u00eame en cas d&#8217;appel en garantie ou de pluralit\u00e9 de d\u00e9fendeurs.<\/p>\r\n","protected":false},"excerpt":{"rendered":"<p>CONDITIONS G\u00c9N\u00c9RALES D&#8217;UTILISATION Date de la derni\u00e8re mise \u00e0 jour des CGU : 15\/02\/2024. ARTICLE 1 &#8211; PRESENTATION DU SITE ET STIPULATIONS GENERALES 1.1.\u00a0Les pr\u00e9sentes conditions g\u00e9n\u00e9rales sont conclues entre&hellip;<\/p>\n","protected":false},"author":13,"featured_media":0,"parent":0,"menu_order":0,"comment_status":"closed","ping_status":"closed","template":"","meta":[],"_links":{"self":[{"href":"https:\/\/gamesystem.com\/it\/wp-json\/wp\/v2\/pages\/38048"}],"collection":[{"href":"https:\/\/gamesystem.com\/it\/wp-json\/wp\/v2\/pages"}],"about":[{"href":"https:\/\/gamesystem.com\/it\/wp-json\/wp\/v2\/types\/page"}],"author":[{"embeddable":true,"href":"https:\/\/gamesystem.com\/it\/wp-json\/wp\/v2\/users\/13"}],"replies":[{"embeddable":true,"href":"https:\/\/gamesystem.com\/it\/wp-json\/wp\/v2\/comments?post=38048"}],"version-history":[{"count":0,"href":"https:\/\/gamesystem.com\/it\/wp-json\/wp\/v2\/pages\/38048\/revisions"}],"wp:attachment":[{"href":"https:\/\/gamesystem.com\/it\/wp-json\/wp\/v2\/media?parent=38048"}],"curies":[{"name":"wp","href":"https:\/\/api.w.org\/{rel}","templated":true}]}}