{"id":38005,"date":"2024-02-23T09:42:51","date_gmt":"2024-02-23T08:42:51","guid":{"rendered":"https:\/\/gamesystem.com\/politique-de-confidentialite\/"},"modified":"2024-11-05T15:48:39","modified_gmt":"2024-11-05T14:48:39","slug":"informativa-sulla-privay","status":"publish","type":"page","link":"https:\/\/gamesystem.com\/it\/informativa-sulla-privay\/","title":{"rendered":"Informativa sulla privay"},"content":{"rendered":"\r\n\r\n\t\t\t<h5>\n<div\n\t class=\"wpml-ls-statics-shortcode_actions wpml-ls wpml-ls-legacy-dropdown js-wpml-ls-legacy-dropdown\">\n\t<ul>\n\n\t\t<li tabindex=\"0\" class=\"wpml-ls-slot-shortcode_actions wpml-ls-item wpml-ls-item-it wpml-ls-current-language wpml-ls-item-legacy-dropdown\">\n\t\t\t<a href=\"#\" class=\"js-wpml-ls-item-toggle wpml-ls-item-toggle\">\n                                                    <img\n            class=\"wpml-ls-flag\"\n            src=\"https:\/\/gamesystem.com\/wp-content\/plugins\/sitepress-multilingual-cms\/res\/flags\/it.png\"\n            alt=\"Italiano\"\n            width=18\n            height=12\n    \/><\/a>\n\n\t\t\t<ul class=\"wpml-ls-sub-menu\">\n\t\t\t\t\n\t\t\t\t\t<li class=\"wpml-ls-slot-shortcode_actions wpml-ls-item wpml-ls-item-fr wpml-ls-first-item\">\n\t\t\t\t\t\t<a href=\"https:\/\/gamesystem.com\" class=\"wpml-ls-link\">\n                                                                <img\n            class=\"wpml-ls-flag\"\n            src=\"https:\/\/gamesystem.com\/wp-content\/plugins\/sitepress-multilingual-cms\/res\/flags\/fr.png\"\n            alt=\"Francese\"\n            width=18\n            height=12\n    \/><\/a>\n\t\t\t\t\t<\/li>\n\n\t\t\t\t\n\t\t\t\t\t<li class=\"wpml-ls-slot-shortcode_actions wpml-ls-item wpml-ls-item-es\">\n\t\t\t\t\t\t<a href=\"https:\/\/gamesystem.com\/es\/\" class=\"wpml-ls-link\">\n                                                                <img\n            class=\"wpml-ls-flag\"\n            src=\"https:\/\/gamesystem.com\/wp-content\/plugins\/sitepress-multilingual-cms\/res\/flags\/es.png\"\n            alt=\"Spagnolo\"\n            width=18\n            height=12\n    \/><\/a>\n\t\t\t\t\t<\/li>\n\n\t\t\t\t\n\t\t\t\t\t<li class=\"wpml-ls-slot-shortcode_actions wpml-ls-item wpml-ls-item-en wpml-ls-last-item\">\n\t\t\t\t\t\t<a href=\"https:\/\/gamesystem.com\/en\/\" class=\"wpml-ls-link\">\n                                                                <img\n            class=\"wpml-ls-flag\"\n            src=\"https:\/\/gamesystem.com\/wp-content\/plugins\/sitepress-multilingual-cms\/res\/flags\/en.png\"\n            alt=\"Inglese\"\n            width=18\n            height=12\n    \/><\/a>\n\t\t\t\t\t<\/li>\n\n\t\t\t\t\t\t\t<\/ul>\n\n\t\t<\/li>\n\n\t<\/ul>\n<\/div>\n<\/h5><h3>INFORMATIVA SULLA PRIVACY<\/h3>\r\n\t\t\t\t<p><strong><u>INFORMAZIONI SUL TRATTAMENTO DEI DATI PERSONALI &#8211; PRIVACY POLICY<\/u><\/strong><\/p>\r\n<p>Gentile Utente, ai sensi della normativa contenuta nel Reg. UE 679\/2016 (GDPR), nel D.lgs. 196\/2003 (Codice Privacy) e s.m.i. e nei Provvedimenti del Garante per la Protezione dei Dati Personali (GPDP), in qualit\u00e0 di Interessato dalla normativa privacy, di seguito forniamo le Informazioni relative al trattamento e alla protezione dei dati personali.<\/p>\r\n<p>Le presenti informazioni sono rese in conformit\u00e0 alla normativa in materia di trattamento e protezione dei dati personali e il trattamento sar\u00e0 improntato ai principi di correttezza, liceit\u00e0, trasparenza e tutela della riservatezza.<\/p>\r\n<p>Attuando la procedura di inserimento dei dati sul form\/pannello di contatto, gli Utenti\/Interessati\/Clienti comunicano volontariamente i propri dati personali sul sito al Titolare del trattamento.<\/p>\r\n<ol>\r\n<li><strong>IDENTIT\u00c0 E DATI DI CONTATTO DEL TITOLARE DEL TRATTAMENTO <\/strong><\/li>\r\n<\/ol>\r\n<p>Il Titolare del trattamento \u00e8 Gamesystem Italia S.r.l. (P.IVA 12093770159), con sede legale in Via Giuseppe Sirtori, 13b &#8211; 20017, Rho (MI); tel. 02 33576551; e-mail: <a href=\"mailto:privacy@gamesystemitalia.it\">privacy@gamesystemitalia.it<\/a>, di seguito &#8220;Titolare del trattamento&#8221; o &#8220;Titolare&#8221; o &#8220;GAMESYSTEM&#8221;.<\/p>\r\n<ol start=\"2\">\r\n<li><strong>IDENTIT\u00c0 E DATI DI CONTATTO DEL RESPONSABILE DELLA PROTEZIONE DEI DATI (DPO)<\/strong><\/li>\r\n<\/ol>\r\n<p>Il Titolare del trattamento ha provveduto alla nomina di un Responsabile per la protezione dei dati (DPO), ravvisabile nella persona dell&#8217;Avv. Rudy Caltagirone, raggiungibile all&#8217;indirizzo e-mail <a href=\"mailto:caltagirone@legaladvisory.it\">caltagirone@legaladvisory.it<\/a>.<\/p>\r\n<ol start=\"3\">\r\n<li><strong>FINALIT\u00c0 E BASI GIURIDICHE DEL TRATTAMENTO DEI DATI PERSONALI<\/strong><\/li>\r\n<\/ol>\r\n<p>I dati personali degli utenti che navigano sul sito <a href=\"https:\/\/gamesystem.com\/it\/\">https:\/\/gamesystem.com\/it\/<\/a> sono utilizzati per precise finalit\u00e0 del trattamento (la finalit\u00e0 \u00e8 l&#8217;obiettivo per il quale i dati personali vengono trattati) e ai sensi del Regolamento UE 679\/2016; il trattamento effettuato deve sempre avere una base giuridica, come di seguito descritto:<\/p>\r\n<ul>\r\n<li><strong>FRUIZIONE DEI SERVIZI SUL SITO <\/strong><\/li>\r\n<\/ul>\r\n<p><u>FINALIT\u00c0:<\/u> la corretta e completa esecuzione dell&#8217;incarico affidato:<\/p>\r\n<ul>\r\n<li>l&#8217;agevole navigazione delle pagine del sito;<\/li>\r\n<li>la fruizione dei servizi sul sito;<\/li>\r\n<li>la richiesta di contatto;<\/li>\r\n<li>la risposta ai messaggi;<\/li>\r\n<li>la compilazione e invio dei questionari;<\/li>\r\n<li>la richiesta di un preventivo;<\/li>\r\n<li>la corretta gestione degli adempimenti imposti dalle normative vigenti.<\/li>\r\n<\/ul>\r\n<p><u>BASE GIURIDICA:<\/u> il trattamento \u00e8 necessario all&#8217;esecuzione di misure precontrattuali od obblighi contrattuali; la comunicazione dei dati \u00e8 obbligatoria per l&#8217;instaurazione del rapporto e l&#8217;erogazione del servizio.<\/p>\r\n<ol start=\"4\">\r\n<li><strong>COMUNICAZIONE E DESTINATARI DEI DATI PERSONALI<\/strong><\/li>\r\n<\/ol>\r\n<p>La comunicazione dei dati \u00e8 un obbligo contrattuale e, quale requisito del contratto, \u00e8 necessaria per la sua conclusione e per la conseguente erogazione dei servizi richiesti, quindi, il mancato, parziale o inesatto conferimento dei dati non permetter\u00e0 l&#8217;instaurazione del rapporto contrattuale, con la conseguente impossibilit\u00e0 di fornire il servizio.<\/p>\r\n<p>I Dati non saranno diffusi, ma potranno essere comunicati a soggetti terzi esclusivamente per i fini inerenti il mandato professionale conferito e che svolgono per conto del Titolare compiti di natura tecnica od organizzativa, funzionali per la fornitura dei servizi richiesti.<\/p>\r\n<p>I soggetti che trattano i dati per conto del Titolare sono stati autorizzati Responsabili esterni del trattamento dei dati ai sensi dell&#8217;art. 28 del Reg. UE 679\/2016, attraverso un atto scritto.<\/p>\r\n<ol start=\"5\">\r\n<li><strong>PERIODO DI CONSERVAZIONE DEI DATI E CRITERI UTILIZZATI PER LA SUA DETERMINAZIONE<\/strong><\/li>\r\n<\/ol>\r\n<p>I dati personali degli utenti saranno conservati in conformit\u00e0 alla normativa vigente in materia, per un periodo di tempo non superiore a quello necessario agli scopi per i quali sono stati raccolti e trattati. Nel rispetto dei principi di proporzionalit\u00e0, minimizzazione e necessit\u00e0, i dati personali saranno conservati in una forma che consenta l&#8217;identificazione degli interessati per un arco di tempo non superiore al conseguimento delle finalit\u00e0 per le quali gli stessi sono trattati, ossia tenendo in considerazione: la necessit\u00e0 di continuare a conservare i dati personali raccolti per offrire i servizi concordati con l&#8217;Interessato o per tutelare l&#8217;interesse legittimo del Titolare, cos\u00ec come descritto nelle finalit\u00e0 sopraindicate e l&#8217;esistenza di specifici obblighi normativi o contrattuali che rendono necessario il trattamento e la conservazione dei dati per determinati periodi di tempo.<\/p>\r\n<ol start=\"6\">\r\n<li><strong>DIRITTI DELL&#8217;INTERESSATO E DIRITTO DI PROPORRE RECLAMO ALL&#8217;AUTORIT\u00c0 DI CONTROLLO<\/strong><\/li>\r\n<\/ol>\r\n<p>L&#8217;Interessato potr\u00e0, in qualsiasi momento, inviando una comunicazione al Titolare del trattamento ai riferimenti sopra elencati, esercitare il diritto:<\/p>\r\n<ul>\r\n<li>alla revoca del consenso;<\/li>\r\n<li>all&#8217;accesso ai dati personali;<\/li>\r\n<li>alla rettifica dei dati personali;<\/li>\r\n<li>alla cancellazione (c.d. diritto all&#8217;oblio) dei dati personali;<\/li>\r\n<li>alla limitazione del trattamento dei dati personali;<\/li>\r\n<li>all&#8217;opposizione al trattamento dei dati personali;<\/li>\r\n<li>alla portabilit\u00e0 dei dati personali;<\/li>\r\n<li>alla proposizione del reclamo al Garante per la Protezione dei Dati Personali e\/o ad altra Autorit\u00e0 Garante, qualora ritenga che i diritti siano stati violati dal Titolare e\/o da un terzo.<\/li>\r\n<\/ul>\r\n<ol start=\"7\">\r\n<li><strong>MODALIT\u00c0 E LUOGO DEL TRATTAMENTO DEI DATI PERSONALI<\/strong><\/li>\r\n<\/ol>\r\n<p>I dati personali sono trattati con strumenti cartacei ed elettronici, registrati e custoditi su database con specifiche misure di sicurezza finalizzate a prevenire la perdita dei dati, usi illeciti o non corretti e accessi non autorizzati.<\/p>\r\n<p>I dati personali rilasciati dagli interessati potranno essere trattati presso le sedi, tramite propri incaricati, preposti alla gestione del sito e da soggetti autorizzati come Responsabili del trattamento dei dati.<\/p>\r\n<p>Ove necessario, potranno essere richiesti dati aggiuntivi, necessari per l&#8217;erogazione degli ulteriori servizi richiesti.<\/p>\r\n<p>Il trattamento per finalit\u00e0 di &#8220;informazione legata ai prodotti e ai servizi&#8221; avverr\u00e0 mediante l&#8217;uso di tecniche di comunicazione a distanza, quali la posta elettronica.<\/p>\r\n<ol start=\"8\">\r\n<li><strong>INFORMAZIONI FINALI<\/strong><\/li>\r\n<\/ol>\r\n<p>Gamesystem si riserva il diritto di modificare parzialmente o completamente la Politica sulla privacy o semplicemente di aggiornarne il contenuto (ad es. a seguito di cambiamenti della normativa applicabile). Il Titolare pubblicher\u00e0 eventuali aggiornamenti su questo sito web; La invitiamo, pertanto, a controllare le informazioni periodicamente al fine di conoscere i Tuoi diritti.<\/p>\r\n\r\n","protected":false},"excerpt":{"rendered":"<p>INFORMATIVA SULLA PRIVACY INFORMAZIONI SUL TRATTAMENTO DEI DATI PERSONALI &#8211; PRIVACY POLICY Gentile Utente, ai sensi della normativa contenuta nel Reg. UE 679\/2016 (GDPR), nel D.lgs. 196\/2003 (Codice Privacy) e&hellip;<\/p>\n","protected":false},"author":13,"featured_media":0,"parent":0,"menu_order":0,"comment_status":"closed","ping_status":"closed","template":"","meta":[],"_links":{"self":[{"href":"https:\/\/gamesystem.com\/it\/wp-json\/wp\/v2\/pages\/38005"}],"collection":[{"href":"https:\/\/gamesystem.com\/it\/wp-json\/wp\/v2\/pages"}],"about":[{"href":"https:\/\/gamesystem.com\/it\/wp-json\/wp\/v2\/types\/page"}],"author":[{"embeddable":true,"href":"https:\/\/gamesystem.com\/it\/wp-json\/wp\/v2\/users\/13"}],"replies":[{"embeddable":true,"href":"https:\/\/gamesystem.com\/it\/wp-json\/wp\/v2\/comments?post=38005"}],"version-history":[{"count":0,"href":"https:\/\/gamesystem.com\/it\/wp-json\/wp\/v2\/pages\/38005\/revisions"}],"wp:attachment":[{"href":"https:\/\/gamesystem.com\/it\/wp-json\/wp\/v2\/media?parent=38005"}],"curies":[{"name":"wp","href":"https:\/\/api.w.org\/{rel}","templated":true}]}}