{"id":37254,"date":"2023-06-05T10:44:24","date_gmt":"2023-06-05T08:44:24","guid":{"rendered":"https:\/\/gamesystem.com\/?page_id=37254"},"modified":"2023-06-05T14:34:25","modified_gmt":"2023-06-05T12:34:25","slug":"taag","status":"publish","type":"page","link":"https:\/\/gamesystem.com\/it\/taag\/","title":{"rendered":"TAAG"},"content":{"rendered":"\n\n\t\t\t<h1>TAAG<\/h1>\t\t\t\n\t\t\t<h2>TAAG software per la gestione dei sistemi e dei DPI anticaduta &#8211; Digitalizzazione, centralizzazione e archiviazione di tutte le informazioni  <\/h2>\t\t\t\n\t\t\t\t<img decoding=\"async\" loading=\"lazy\" src=\"https:\/\/gamesystem.com\/wp-content\/uploads\/2023\/06\/qr-code-x-taag-x-gamesystem.jpg\" alt=\"qr code x taag x gamesystem\" itemprop=\"image\" height=\"665\" width=\"529\" title=\"qr code x taag x gamesystem\" onerror=\"this.style.display='none'\"  \/>\n\t\t\t\t<p><strong>TAAG<\/strong> \u00e8 la nuova <strong>piattaforma dedicata alla gestione<\/strong> della <strong>documentazione<\/strong> e delle <strong>attivit\u00e0 di manutenzione<\/strong> dei <strong>sistemi<\/strong> e dei dispositivi di protezione individuale <strong>(DPI) anticaduta<\/strong>.<br \/>Con TAAG, \u00e8 possibile semplificare la gestione di queste attivit\u00e0, eliminando l&#8217;onere dei documenti cartacei dispersi negli uffici.<\/p>\n<p>Questa soluzione consente un monitoraggio semplice e intuitivo di tutti i dispositivi di sicurezza presenti in azienda e nelle relative sedi, con la possibilit\u00e0 di visualizzarli su una mappa, gestirne le scadenze e avere sempre accesso immediato ai documenti necessari, direttamente sul luogo di lavoro.<\/p>\n<p>TAAG offre la possibilit\u00e0 di tenere traccia di tutte le attivit\u00e0 di manutenzione svolte sui dispositivi, nonch\u00e9 di pianificare in modo efficiente e tempestivo gli interventi futuri, garantendo cos\u00ec la sicurezza delle attivit\u00e0 e del personale, evitando perdite di tempo, dimenticanze e rischi inutili.<br \/>TAAG \u00e8 sviluppato seguendo un approccio privacy by design, rispettando le normative del GDPR per la protezione dei dati personali.<\/p>\n<p>Un&#8217;interfaccia intuitiva e strumenti avanzati di analisi dati permettono di monitorare in tempo reale lo stato dei dispositivi di sicurezza, di intervenire prontamente su eventuali anomalie o malfunzionamenti e segnalare tempestivamente i sistemi fuori uso.<br \/>TAAG rappresenta una soluzione completa e innovativa per la gestione dei sistemi e dei DPI anticaduta, offrendo un controllo costante sulle attivit\u00e0 di manutenzione. <br \/>Prova TAAG, richiedendo subito una demo gratuita :\u00a0<a href=\"mailto:info@gamesystemitalia.it\">info@gamesystemitalia.it<\/a><\/p>\n\t\t\t<a href=\"https:\/\/gamesystem.com\/wp-content\/uploads\/2023\/06\/GAMESYSTEM-x-TAAG-INDUSTRY-IT-avec-compression.pdf\" download target=\"_blank\" role=\"button\" rel=\"noopener\">\n\t\t\t\t\t\t\tScarica la documentazione\n\t\t\t\t\t<\/a>\n\n","protected":false},"excerpt":{"rendered":"<p>TAAG TAAG software per la gestione dei sistemi e dei DPI anticaduta &#8211; Digitalizzazione, centralizzazione e archiviazione di tutte le informazioni TAAG \u00e8 la nuova piattaforma dedicata alla gestione della&hellip;<\/p>\n","protected":false},"author":2,"featured_media":0,"parent":0,"menu_order":0,"comment_status":"closed","ping_status":"closed","template":"","meta":[],"_links":{"self":[{"href":"https:\/\/gamesystem.com\/it\/wp-json\/wp\/v2\/pages\/37254"}],"collection":[{"href":"https:\/\/gamesystem.com\/it\/wp-json\/wp\/v2\/pages"}],"about":[{"href":"https:\/\/gamesystem.com\/it\/wp-json\/wp\/v2\/types\/page"}],"author":[{"embeddable":true,"href":"https:\/\/gamesystem.com\/it\/wp-json\/wp\/v2\/users\/2"}],"replies":[{"embeddable":true,"href":"https:\/\/gamesystem.com\/it\/wp-json\/wp\/v2\/comments?post=37254"}],"version-history":[{"count":0,"href":"https:\/\/gamesystem.com\/it\/wp-json\/wp\/v2\/pages\/37254\/revisions"}],"wp:attachment":[{"href":"https:\/\/gamesystem.com\/it\/wp-json\/wp\/v2\/media?parent=37254"}],"curies":[{"name":"wp","href":"https:\/\/api.w.org\/{rel}","templated":true}]}}