{"id":35318,"date":"2021-09-16T14:46:39","date_gmt":"2021-09-16T12:46:39","guid":{"rendered":"https:\/\/gamesystem.com\/portique-milieu-confine\/"},"modified":"2021-11-03T14:09:57","modified_gmt":"2021-11-03T13:09:57","slug":"portale-su-ruote-spazio-confinato","status":"publish","type":"page","link":"https:\/\/gamesystem.com\/it\/portale-su-ruote-spazio-confinato\/","title":{"rendered":"Portale su ruote per spazio confinato"},"content":{"rendered":"\n\n\t\t\t<h1>PORTALE SU RUOTE PER SPAZIO CONFINATO (REALIZZATO SU RICHIESTA) <\/h1>\t\t\t\n\t\t\t\t<img decoding=\"async\" src=\"https:\/\/gamesystem.com\/wp-content\/uploads\/2021\/09\/Capture-decran-2021-09-16-144825.jpg\" alt=\"Capture d'\u00e9cran 2021-09-16 144825\" title=\"Capture d'\u00e9cran 2021-09-16 144825\" itemprop=\"image\"\/>\n\t\t\t\t<img decoding=\"async\" src=\"https:\/\/gamesystem.com\/wp-content\/uploads\/2021\/09\/Capture-decran-2021-09-16-144825.jpg\" alt=\"Capture d'\u00e9cran 2021-09-16 144825\" title=\"Capture d'\u00e9cran 2021-09-16 144825\" itemprop=\"image\"\/>\n\t\t\t\t<img decoding=\"async\" src=\"https:\/\/gamesystem.com\/wp-content\/uploads\/2021\/09\/Capture-decran-2021-09-16-144825.jpg\" alt=\"Capture d'\u00e9cran 2021-09-16 144825\" title=\"Capture d'\u00e9cran 2021-09-16 144825\" itemprop=\"image\"\/>\n\t<a href=\"https:\/\/gamesystem.com\/it\/contatti\/\" target=\"_self\" rel=\"noopener\"><\/a> \n\t\t\t RICHIEDI UN PREVENTIVO\t\t\t\n\t<a href=\"https:\/\/gamesystem.com\/it\/contatti\/\" target=\"_self\" rel=\"noopener\"><\/a> \n\t\t\t UNA RICHIESTA ? CONTATTACI\t\t\t\n\t\n<p>Serbatoi, cisterne e circuiti sotterranei richiedono visite periodiche, controlli, manutenzione. Il portello d&#8217;accesso \u00e8 generalmente collocato al suolo. \u00c8 necessario che l&#8217;operatore possa intervenire in totale sicurezza, scendere all&#8217;interno di questa cavit\u00e0, risalire e che, in caso di bisogno, la persona rimasta all&#8217;esterno possa aiutarlo a uscire o provvedere alla sua evacuazione. Durante i lavori, la zona deve essere messa in sicurezza.<\/p>\n\n<p>La progettazione dello sbraccio deve permettere all&#8217;operatore di trovarsi dinanzi al portello d&#8217;accesso della cavit\u00e0 in condizioni di sicurezza. Per fare ci\u00f2, deve avere la possibilit\u00e0 di collegarsi all&#8217;estremit\u00e0 del proprio anticaduta. Potr\u00e0 quindi aprire il portello d&#8217;accesso e dare inizio alla discesa. Al momento della risalita, cosciente o meno, deve essere in grado, da solo o aiutato, di uscire agevolmente. Pertanto \u00e8 necessario che vi sia una certa distanza tra l&#8217;estremit\u00e0 dell&#8217;anticaduta e il punto di attacco dorsale dell&#8217;imbragatura.<\/p>\n\n<p>Si terr\u00e0 conto della natura del suolo per scegliere un materiale adatto per il rivestimento di ruote o rotelle.<\/p>\n\n<p>Lo sbraccio o il portale devono essere movimentati senza sforzi, poter essere posizionati ai lati del portello d&#8217;accesso delimitando la zona di rischio quando questa \u00e8 aperta. L&#8217;intero dispositivo deve essere monoblocco in modo che i vincoli per chi effettua degli interventi siano minimi e che non si trascuri alcun particolare nella procedura di intervento. Potremo dover assicurare soltanto la funzione &#8220;sicurezza&#8221;, oppure la funzione &#8220;sicurezza e\/o evacuazione&#8221;, oppure quella di &#8220;accesso e sicurezza e\/o evacuazione&#8221;.<\/p>\n&#8211; Sicurezza: accertata l&#8217;esistenza di una modalit\u00e0 di accesso, bisogna mettere in sicurezza l&#8217;operatore durante la discesa e la salita. Ci\u00f2 si far\u00e0 ricorrendo a un anticaduta la cui lunghezza sar\u00e0 almeno pari alla profondit\u00e0 della cavit\u00e0, l&#8217;estremit\u00e0 del cavo o del nastro sar\u00e0 agganciata all&#8217;anello dorsale dell&#8217;operatore.<br \/>\n&#8211; Sicurezza e\/o evacuazione: alcune cavit\u00e0 possono presentare problemi di inquinamento e tossicit\u00e0 per chi vi effettua interventi anche se si \u00e8 presa la precauzione di aerarle. Si supera questo rischio facendo ricorso a un anticaduta a richiamo automatico con recuperatore.<br \/>\n&#8211; Accesso e sicurezza e\/o evacuazione: non esiste alcun accesso e\/o non ci si pu\u00f2 trattenere nella cavit\u00e0. In questo caso, \u00e8 possibile aggiungere alla base dello sbraccio un argano a cavo (manuale o elettrico), facendo sedere l&#8217;operatore su una seduta.\n\n","protected":false},"excerpt":{"rendered":"<p>PORTALE SU RUOTE PER SPAZIO CONFINATO (REALIZZATO SU RICHIESTA) RICHIEDI UN PREVENTIVO UNA RICHIESTA ? CONTATTACI Serbatoi, cisterne e circuiti sotterranei richiedono visite periodiche, controlli, manutenzione. Il portello d&#8217;accesso \u00e8&hellip;<\/p>\n","protected":false},"author":2,"featured_media":0,"parent":0,"menu_order":0,"comment_status":"closed","ping_status":"closed","template":"","meta":[],"_links":{"self":[{"href":"https:\/\/gamesystem.com\/it\/wp-json\/wp\/v2\/pages\/35318"}],"collection":[{"href":"https:\/\/gamesystem.com\/it\/wp-json\/wp\/v2\/pages"}],"about":[{"href":"https:\/\/gamesystem.com\/it\/wp-json\/wp\/v2\/types\/page"}],"author":[{"embeddable":true,"href":"https:\/\/gamesystem.com\/it\/wp-json\/wp\/v2\/users\/2"}],"replies":[{"embeddable":true,"href":"https:\/\/gamesystem.com\/it\/wp-json\/wp\/v2\/comments?post=35318"}],"version-history":[{"count":0,"href":"https:\/\/gamesystem.com\/it\/wp-json\/wp\/v2\/pages\/35318\/revisions"}],"wp:attachment":[{"href":"https:\/\/gamesystem.com\/it\/wp-json\/wp\/v2\/media?parent=35318"}],"curies":[{"name":"wp","href":"https:\/\/api.w.org\/{rel}","templated":true}]}}