{"id":35313,"date":"2021-09-16T14:40:04","date_gmt":"2021-09-16T12:40:04","guid":{"rendered":"https:\/\/gamesystem.com\/potence-murale\/"},"modified":"2021-11-08T16:10:50","modified_gmt":"2021-11-08T15:10:50","slug":"sbraccio-a-muro","status":"publish","type":"page","link":"https:\/\/gamesystem.com\/it\/sbraccio-a-muro\/","title":{"rendered":"Sbraccio a muro"},"content":{"rendered":"\n\n\t\t\t<h1>SBRACCIO A MURO<\/h1>\t\t\t\n\t\t\t\t<img decoding=\"async\" src=\"https:\/\/gamesystem.com\/wp-content\/uploads\/2021\/09\/Capture-decran-2021-09-16-144140-1.jpg\" alt=\"Capture d'\u00e9cran 2021-09-16 144140 (1)\" title=\"Capture d'\u00e9cran 2021-09-16 144140 (1)\" itemprop=\"image\"\/>\n\t\t\t\t<img decoding=\"async\" src=\"https:\/\/gamesystem.com\/wp-content\/uploads\/2021\/09\/Capture-decran-2021-09-16-144515-1.jpg\" alt=\"Capture d'\u00e9cran 2021-09-16 144515 (1)\" title=\"Capture d'\u00e9cran 2021-09-16 144515 (1)\" itemprop=\"image\"\/>\n\t<a href=\"https:\/\/gamesystem.com\/it\/contatti\/\" target=\"_self\" rel=\"noopener\"><\/a> \n\t\t\t RICHIEDI UN PREVENTIVO\t\t\t\n\t<a href=\"https:\/\/gamesystem.com\/it\/contatti\/\" target=\"_self\" rel=\"noopener\"><\/a> \n\t\t\t UNA RICHIESTA ? CONTATTACI\t\t\t\n\t\n<p>Quando in prossimit\u00e0 della zona da mettere in sicurezza si trova una struttura resistente, il fissaggio di uno sbraccio al muro \u00e8 un sistema ideale di messa in sicurezza. Fisso o girevole pu\u00f2 essere adattato alla configurazione del sito (lunghezza, tipo di fissaggio). L&#8217;anticaduta a richiamo automatico, con o senza sistema di recupero, \u00e8 il dispositivo anticaduta da preferire.<\/p>\n\n\n","protected":false},"excerpt":{"rendered":"<p>SBRACCIO A MURO RICHIEDI UN PREVENTIVO UNA RICHIESTA ? CONTATTACI Quando in prossimit\u00e0 della zona da mettere in sicurezza si trova una struttura resistente, il fissaggio di uno sbraccio al&hellip;<\/p>\n","protected":false},"author":2,"featured_media":0,"parent":0,"menu_order":0,"comment_status":"closed","ping_status":"closed","template":"","meta":[],"_links":{"self":[{"href":"https:\/\/gamesystem.com\/it\/wp-json\/wp\/v2\/pages\/35313"}],"collection":[{"href":"https:\/\/gamesystem.com\/it\/wp-json\/wp\/v2\/pages"}],"about":[{"href":"https:\/\/gamesystem.com\/it\/wp-json\/wp\/v2\/types\/page"}],"author":[{"embeddable":true,"href":"https:\/\/gamesystem.com\/it\/wp-json\/wp\/v2\/users\/2"}],"replies":[{"embeddable":true,"href":"https:\/\/gamesystem.com\/it\/wp-json\/wp\/v2\/comments?post=35313"}],"version-history":[{"count":0,"href":"https:\/\/gamesystem.com\/it\/wp-json\/wp\/v2\/pages\/35313\/revisions"}],"wp:attachment":[{"href":"https:\/\/gamesystem.com\/it\/wp-json\/wp\/v2\/media?parent=35313"}],"curies":[{"name":"wp","href":"https:\/\/api.w.org\/{rel}","templated":true}]}}