{"id":35295,"date":"2021-09-16T13:32:35","date_gmt":"2021-09-16T11:32:35","guid":{"rendered":"https:\/\/gamesystem.com\/potence-amovible\/"},"modified":"2021-11-08T16:09:33","modified_gmt":"2021-11-08T15:09:33","slug":"sbraccio-removibile","status":"publish","type":"page","link":"https:\/\/gamesystem.com\/it\/sbraccio-removibile\/","title":{"rendered":"Sbraccio removibile"},"content":{"rendered":"\n\n\t\t\t<h1>SBRACCIO REMOVIBILE<\/h1>\t\t\t\n\t\t\t\t<img decoding=\"async\" src=\"https:\/\/gamesystem.com\/wp-content\/uploads\/2021\/09\/Heronnnn.jpg\" alt=\"POTENCE AMOVIBLE\" title=\"POTENCE AMOVIBLE\" itemprop=\"image\"\/>\n                        \t<img decoding=\"async\" src=\"https:\/\/gamesystem.com\/wp-content\/uploads\/2021\/09\/POTENCE-DECLIPAGE-1.png\" alt=\"Sbraccio removibile + Base fissa\" data-no-lazy=\"1\" \/>\n                            \n                                Sbraccio removibile + Base fissa                            \n                        \t<img decoding=\"async\" src=\"https:\/\/gamesystem.com\/wp-content\/uploads\/2021\/09\/POTENCE-AVEC-ARA-1.png\" alt=\"Con anticaduta a richiamo automatico\" data-no-lazy=\"1\" \/>\n                            \n                                Con anticaduta a richiamo automatico                            \n                        \t<img decoding=\"async\" src=\"https:\/\/gamesystem.com\/wp-content\/uploads\/2021\/09\/POTENCE-ROTATION-1.jpg\" alt=\"Rotazione di 360\u00b0\" data-no-lazy=\"1\" \/>\n                            \n                                Rotazione di 360\u00b0                            \n                        \t<img decoding=\"async\" src=\"https:\/\/gamesystem.com\/wp-content\/uploads\/2021\/09\/POTENCE-AVEC-RECUPERATEUR-1.png\" alt=\"Con anticaduta + recuperatore\" data-no-lazy=\"1\" \/>\n                            \n                                Con anticaduta + recuperatore                            \n\t\t\t\t<img decoding=\"async\" src=\"https:\/\/gamesystem.com\/wp-content\/uploads\/2021\/09\/potence-gamesystem-1.jpg\" alt=\"potence gamesystem (1)\" title=\"potence gamesystem (1)\" itemprop=\"image\"\/>\n\t\t\t\t<img decoding=\"async\" src=\"https:\/\/gamesystem.com\/wp-content\/uploads\/2021\/09\/frourreau-gamesystem-1.jpg\" alt=\"frourreau gamesystem (1)\" title=\"frourreau gamesystem (1)\" itemprop=\"image\"\/>\n\t<a href=\"https:\/\/gamesystem.com\/it\/contatti\/\" target=\"_self\" rel=\"noopener\"><\/a> \n\t\t\t RICHIEDI UN PREVENTIVO\t\t\t\n\t<a href=\"https:\/\/gamesystem.com\/it\/contatti\/\" target=\"_self\" rel=\"noopener\"><\/a> \n\t\t\t UNA RICHIESTA ? CONTATTACI\t\t\t\n\t\n<hr \/>\n\n<p>I serbatoi, i circuiti sotterranei, le cisterne necessitano di visite periodiche, controlli, manutenzione. Il portello di accesso generalmente si trova sulla parte superiore bombata della struttura. \u00c8 necessario che l&#8217;operatore possa scendere all&#8217;interno di questa cavit\u00e0, risalire e che, in caso di bisogno, la persona rimasta all&#8217;esterno possa aiutarlo a uscire o provvedere alla sua evacuazione.<\/p>\n\n<p>Nella maggior parte dei casi un&#8217;industria ha numerosi serbatoi da mettere in sicurezza. Si effettueranno dei rilievi dell&#8217;intero complesso e si studier\u00e0 la possibilit\u00e0 di realizzare uno sbraccio unico che l&#8217;operatore sposter\u00e0 dall&#8217;uno all&#8217;altro sito. Presso ciascun serbatoio saranno installati permanentemente dei pali su una piastra base (tramite saldatura delle piastre e imbullonatura dei pali, oppure si far\u00e0 ricorso a qualsiasi altro sistema meccanico di fissaggio a seconda della natura del materiale). Se la societ\u00e0 possiede un unico serbatoio, lo sbraccio sar\u00e0 installato permanentemente con l&#8217;ausilio di un palo fissato a una piastra base.<\/p>\n\n<p>La progettazione dello sbraccio deve permettere all&#8217;operatore di trovarsi dinanzi al portello di accesso alla cavit\u00e0 in condizioni di sicurezza. Per fare ci\u00f2, deve avere la possibilit\u00e0 di collegarsi all&#8217;estremit\u00e0 del proprio anticaduta. Potr\u00e0 quindi aprire il portello di accesso e dare inizio alla discesa. Al momento della risalita, cosciente o meno, deve essere in grado, da solo o aiutato, di uscire agevolmente. Pertanto \u00e8 necessario che vi sia una certa distanza tra l&#8217;estremit\u00e0 dell&#8217;anticaduta e il punto di attacco dorsale dell&#8217;imbragatura.<\/p>\n\nPotremo dover assicurare soltanto la funzione &#8220;sicurezza&#8221;, oppure la funzione &#8220;sicurezza e\/o evacuazione&#8221;, oppure quella di &#8220;accesso e sicurezza e\/o evacuazione&#8221;.<br \/>\n\u2022 Sicurezza: accertata l&#8217;esistenza di una modalit\u00e0 di accesso, bisogna mettere in sicurezza l&#8217;operatore durante la discesa e la salita. Ci\u00f2 si far\u00e0 ricorrendo a un anticaduta la cui lunghezza sar\u00e0 almeno pari alla profondit\u00e0 della cavit\u00e0, l&#8217;estremit\u00e0 del cavo o del nastro sar\u00e0 agganciata all&#8217;anello dorsale dell&#8217;operatore.<br \/>\n\u2022 Sicurezza e\/o evacuazione: alcune cavit\u00e0 possono presentare problemi di inquinamento e tossicit\u00e0 per chi effettua interventi anche se si \u00e8 presa la precauzione di aerarle.\n\n<ul>\n<li>Peso: 25 kg<\/li>\n<li>Altezza: da 1.950 a 2.140 mm<\/li>\n<li>Sporgenza: da 580 a 1.215 mm<\/li>\n<\/ul>\n\n<ul>\n<li>Un solo sbraccio per svariate basi<\/li>\n<li>Trasportabile manualmente da una persona<\/li>\n<li>Inserimento sulla base senza ulteriori elementi<\/li>\n<li>Fissaggio del palo in acciaio inox mediante saldatura o imbullonatura<\/li>\n<\/ul>\n\n\t\t\t\t<img decoding=\"async\" src=\"https:\/\/gamesystem.com\/wp-content\/uploads\/2021\/09\/POTENCE-HERON-TITANE.png\" alt=\"POTENCE AMOVIBLE\" title=\"POTENCE HERON TITANE\" itemprop=\"image\"\/>\n                        \t<img decoding=\"async\" src=\"https:\/\/gamesystem.com\/wp-content\/uploads\/2021\/09\/POTENCE-TI-DOUBLE-ARA-1.png\" alt=\"Con due anticaduta  a richiamo automatico\" data-no-lazy=\"1\" \/>\n                            \n                                Con due anticaduta  a richiamo automatico                            \n                        \t<img decoding=\"async\" src=\"https:\/\/gamesystem.com\/wp-content\/uploads\/2021\/09\/POTENCE-TI-RECUPERATEUR-ARA.png\" alt=\"Con anticaduta + recuperatore\" data-no-lazy=\"1\" \/>\n                            \n                                Con anticaduta + recuperatore                            \n\t<a href=\"https:\/\/gamesystem.com\/it\/contatti\/\" target=\"_self\" rel=\"noopener\"><\/a> \n\t\t\t RICHIEDI UN PREVENTIVO\t\t\t\n\t<a href=\"https:\/\/gamesystem.com\/it\/contatti\/\" target=\"_self\" rel=\"noopener\"><\/a> \n\t\t\t UNA RICHIESTA ? CONTATTACI\t\t\t\n\t\n<hr \/>\n\n<ul>\n<li>Peso: 17 kg<\/li>\n<li>Altezza: da 1.950 a 2.140 mm<\/li>\n<li>Sporgenza: da 580 a 1.215 mm<\/li>\n<\/ul>\n\n<ul>\n<li>Sbraccio in materiale inossidabile<\/li>\n<li>30% pi\u00f9 leggero<\/li>\n<li>Utilizzabile da due persone<\/li>\n<\/ul>\n\n\n","protected":false},"excerpt":{"rendered":"<p>SBRACCIO REMOVIBILE Sbraccio removibile + Base fissa Con anticaduta a richiamo automatico Rotazione di 360\u00b0 Con anticaduta + recuperatore RICHIEDI UN PREVENTIVO UNA RICHIESTA ? CONTATTACI I serbatoi, i circuiti&hellip;<\/p>\n","protected":false},"author":2,"featured_media":0,"parent":0,"menu_order":0,"comment_status":"closed","ping_status":"closed","template":"","meta":[],"_links":{"self":[{"href":"https:\/\/gamesystem.com\/it\/wp-json\/wp\/v2\/pages\/35295"}],"collection":[{"href":"https:\/\/gamesystem.com\/it\/wp-json\/wp\/v2\/pages"}],"about":[{"href":"https:\/\/gamesystem.com\/it\/wp-json\/wp\/v2\/types\/page"}],"author":[{"embeddable":true,"href":"https:\/\/gamesystem.com\/it\/wp-json\/wp\/v2\/users\/2"}],"replies":[{"embeddable":true,"href":"https:\/\/gamesystem.com\/it\/wp-json\/wp\/v2\/comments?post=35295"}],"version-history":[{"count":0,"href":"https:\/\/gamesystem.com\/it\/wp-json\/wp\/v2\/pages\/35295\/revisions"}],"wp:attachment":[{"href":"https:\/\/gamesystem.com\/it\/wp-json\/wp\/v2\/media?parent=35295"}],"curies":[{"name":"wp","href":"https:\/\/api.w.org\/{rel}","templated":true}]}}