{"id":35287,"date":"2021-09-16T13:16:23","date_gmt":"2021-09-16T11:16:23","guid":{"rendered":"https:\/\/gamesystem.com\/rail-avec-echelle-coulissante\/"},"modified":"2021-11-08T16:08:57","modified_gmt":"2021-11-08T15:08:57","slug":"rotaia-con-scala-scorrevole","status":"publish","type":"page","link":"https:\/\/gamesystem.com\/it\/rotaia-con-scala-scorrevole\/","title":{"rendered":"Rotaia con scala scorrevole"},"content":{"rendered":"\n\n\t\t\t<h1>ROTAIA CON SCALA SCORREVOLE<\/h1>\t\t\t\n                        \t<img decoding=\"async\" src=\"https:\/\/gamesystem.com\/wp-content\/uploads\/2021\/09\/FSET-REAL-VIEW-min.png\" alt=\"RAIL AVEC \u00c9CHELLE COULISSANTE\" data-no-lazy=\"1\" \/>\n\t<a href=\"https:\/\/gamesystem.com\/it\/contatti\/\" target=\"_self\" rel=\"noopener\"><\/a> \n\t\t\t RICHIEDI UN PREVENTIVO\t\t\t\n\t<a href=\"https:\/\/gamesystem.com\/it\/contatti\/\" target=\"_self\" rel=\"noopener\"><\/a> \n\t\t\t UNA RICHIESTA ? CONTATTACI\t\t\t\n\t\n<hr \/>\n\n<p>Un trasloelevatore integrato in una catena di produzione presenta l&#8217;inconveniente che, se uno degli elementi movimentati si dispone di traverso rispetto all&#8217;ingresso o all&#8217;uscita, tutta la catena risulta bloccata. \u00c8 necessario che sia effettuato rapidamente un intervento manuale che riposizioni correttamente l&#8217;elemento. Questo intervento ha breve durata e si rende necessario con frequenza non prevedibile.<\/p>\n\n<p>La struttura di un impianto del genere \u00e8 ripetitiva e con variazioni trascurabili. \u00c8 semplice creare delle deviazioni alle quali agganciare una rotaia in alluminio. Sul pavimento viene installata una rotaia di guida. La scala \u00e8 fissata a due dispositivi di scorrimento dotati di molle, che la mantengono sospesa in aria e sono montati su due carrelli collegati tra loro. Uno dei carrelli \u00e8 dotato di un punto di ancoraggio al quale si fissa l&#8217;anticaduta. A un&#8217;estremit\u00e0 della rotaia si prevede la presenza di un&#8217;area in cui lasciare la scala quando non viene utilizzata. Durante un intervento, l&#8217;operatore sblocca la scala, gesto che arresta il trasloelevatore; la porta direttamente sotto l&#8217;elemento in posizione scorretta, vi sale sopra per sbloccarlo, ridiscende e fa scorrere la scala nuovamente al proprio posto, riavviando cos\u00ec la produzione. L&#8217;operazione ha una durata inferiore ai due minuti.<\/p>\n\n<p>Molto spesso un trasloelevatore \u00e8 integrato in una linea di produzione. Il suo blocco da parte di un pallet o di un prodotto in posizione scorretta interrompe il ciclo. L&#8217;intervento volto a sbloccarlo deve essere il pi\u00f9 rapido possibile. Per fare ci\u00f2, l&#8217;operatore che interviene, che sar\u00e0 sempre provvisto della propria imbragatura, dovr\u00e0 aver ricevuto idonea formazione.<\/p>\n\n<p>La soluzione avrebbe potuto essere una messa in sicurezza collettiva: scala oppure passerella con differenti livelli, ma questa soluzione presenta due inconvenienti rilevanti: l&#8217;ingombro al suolo e un tempo di reazione troppo lungo, dovuto alla presenza dei diversi livelli e alla lunghezza dell&#8217;impianto. L&#8217;intervento con la scala ci \u00e8 parso la soluzione corretta per via del fatto che comporta un ingombro al suolo ridotto; bisognava per\u00f2 incorporarvi un dispositivo di sicurezza anticaduta per l&#8217;operatore, in modo che la risoluzione del guasto potesse avvenire senza rischi.<\/p>\n\n\n","protected":false},"excerpt":{"rendered":"<p>ROTAIA CON SCALA SCORREVOLE RICHIEDI UN PREVENTIVO UNA RICHIESTA ? CONTATTACI Un trasloelevatore integrato in una catena di produzione presenta l&#8217;inconveniente che, se uno degli elementi movimentati si dispone di&hellip;<\/p>\n","protected":false},"author":2,"featured_media":0,"parent":0,"menu_order":0,"comment_status":"closed","ping_status":"closed","template":"","meta":[],"_links":{"self":[{"href":"https:\/\/gamesystem.com\/it\/wp-json\/wp\/v2\/pages\/35287"}],"collection":[{"href":"https:\/\/gamesystem.com\/it\/wp-json\/wp\/v2\/pages"}],"about":[{"href":"https:\/\/gamesystem.com\/it\/wp-json\/wp\/v2\/types\/page"}],"author":[{"embeddable":true,"href":"https:\/\/gamesystem.com\/it\/wp-json\/wp\/v2\/users\/2"}],"replies":[{"embeddable":true,"href":"https:\/\/gamesystem.com\/it\/wp-json\/wp\/v2\/comments?post=35287"}],"version-history":[{"count":0,"href":"https:\/\/gamesystem.com\/it\/wp-json\/wp\/v2\/pages\/35287\/revisions"}],"wp:attachment":[{"href":"https:\/\/gamesystem.com\/it\/wp-json\/wp\/v2\/media?parent=35287"}],"curies":[{"name":"wp","href":"https:\/\/api.w.org\/{rel}","templated":true}]}}