{"id":35283,"date":"2021-09-16T12:53:03","date_gmt":"2021-09-16T10:53:03","guid":{"rendered":"https:\/\/gamesystem.com\/double-rail-de-securite\/"},"modified":"2021-11-08T16:08:39","modified_gmt":"2021-11-08T15:08:39","slug":"doppia-rotaia-di-sicurezza","status":"publish","type":"page","link":"https:\/\/gamesystem.com\/it\/doppia-rotaia-di-sicurezza\/","title":{"rendered":"Doppia rotaia di sicurezza"},"content":{"rendered":"\n\n\t\t\t<h1>DOPPIA ROTAIA DI SICUREZZA<\/h1>\t\t\t\n                        \t<img decoding=\"async\" src=\"https:\/\/gamesystem.com\/wp-content\/uploads\/2021\/09\/E044893-ASMO-01-SISTEMA-DE-RAILES-min-scaled.jpg\" alt=\"double rail de s\u00e9curit\u00e9\" data-no-lazy=\"1\" \/>\n\t<a href=\"https:\/\/gamesystem.com\/it\/contatti\/\" target=\"_self\" rel=\"noopener\"><\/a> \n\t\t\t RICHIEDI UN PREVENTIVO\t\t\t\n\t<a href=\"https:\/\/gamesystem.com\/it\/contatti\/\" target=\"_self\" rel=\"noopener\"><\/a> \n\t\t\t UNA RICHIESTA ? CONTATTACI\t\t\t\n\t\n<p>La doppia rotaia \u00e8 una combinazione di rotaie longitudinali fissate sotto due strutture, nella figura \u00e8 illustrato un carroponte bitrave, sotto le quali pu\u00f2 traslare una seconda rotaia perpendicolare. Questa combinazione di dispositivi di ancoraggio rigidi permette di ampliare considerevolmente la zona in cui gli operatori possono spostarsi grazie alla libert\u00e0 di circolazione senza paragoni garantita dall&#8217;intero sistema.<\/p>\n\n\n","protected":false},"excerpt":{"rendered":"<p>DOPPIA ROTAIA DI SICUREZZA RICHIEDI UN PREVENTIVO UNA RICHIESTA ? CONTATTACI La doppia rotaia \u00e8 una combinazione di rotaie longitudinali fissate sotto due strutture, nella figura \u00e8 illustrato un carroponte&hellip;<\/p>\n","protected":false},"author":2,"featured_media":0,"parent":0,"menu_order":0,"comment_status":"closed","ping_status":"closed","template":"","meta":[],"_links":{"self":[{"href":"https:\/\/gamesystem.com\/it\/wp-json\/wp\/v2\/pages\/35283"}],"collection":[{"href":"https:\/\/gamesystem.com\/it\/wp-json\/wp\/v2\/pages"}],"about":[{"href":"https:\/\/gamesystem.com\/it\/wp-json\/wp\/v2\/types\/page"}],"author":[{"embeddable":true,"href":"https:\/\/gamesystem.com\/it\/wp-json\/wp\/v2\/users\/2"}],"replies":[{"embeddable":true,"href":"https:\/\/gamesystem.com\/it\/wp-json\/wp\/v2\/comments?post=35283"}],"version-history":[{"count":0,"href":"https:\/\/gamesystem.com\/it\/wp-json\/wp\/v2\/pages\/35283\/revisions"}],"wp:attachment":[{"href":"https:\/\/gamesystem.com\/it\/wp-json\/wp\/v2\/media?parent=35283"}],"curies":[{"name":"wp","href":"https:\/\/api.w.org\/{rel}","templated":true}]}}