{"id":35280,"date":"2021-09-16T11:46:44","date_gmt":"2021-09-16T09:46:44","guid":{"rendered":"https:\/\/gamesystem.com\/rail-de-securite\/"},"modified":"2021-11-08T16:08:26","modified_gmt":"2021-11-08T15:08:26","slug":"rotaia-di-sicurezza","status":"publish","type":"page","link":"https:\/\/gamesystem.com\/it\/rotaia-di-sicurezza\/","title":{"rendered":"Rotaia di sicurezza"},"content":{"rendered":"\n\n\t\t\t<h1>ROTAIA DI SICUREZZA<\/h1>\t\t\t\n                        \t<img decoding=\"async\" src=\"https:\/\/gamesystem.com\/wp-content\/uploads\/2021\/09\/RAIL-CHARIOT-min.png\" alt=\"https:\/\/gamesystem.com\/wp-content\/uploads\/2021\/09\/RAIL-CHARIOT-min.png\" data-no-lazy=\"1\" \/>\n\t\t\t<a href=\"\" target=\"_self\" role=\"button\" rel=\"noopener\">\n\t\t\t\t\t\t\tNOVIT\u00c0\n\t\t\t\t\t<\/a>\n                        \t<img decoding=\"async\" src=\"https:\/\/gamesystem.com\/wp-content\/uploads\/2021\/09\/new-rail-min.png\" alt=\"CARRELLO PER ROTAIA\" data-no-lazy=\"1\" \/>\n                            \n                                CARRELLO PER ROTAIA                            \n                        \t<img decoding=\"async\" src=\"https:\/\/gamesystem.com\/wp-content\/uploads\/2021\/09\/rail-de-securite-gamesystem-min.jpg\" alt=\"Indicatore di caduta non intervenuto\" data-no-lazy=\"1\" \/>\n                            \n                                Indicatore di caduta non intervenuto                            \n                        \t<img decoding=\"async\" src=\"https:\/\/gamesystem.com\/wp-content\/uploads\/2021\/09\/rail-securite-min.jpg\" alt=\"Indicatore attivato in caso di caduta\" data-no-lazy=\"1\" \/>\n                            \n                                Indicatore attivato in caso di caduta                            \n\t<a href=\"https:\/\/gamesystem.com\/it\/contatti\/\" target=\"_self\" rel=\"noopener\"><\/a> \n\t\t\tRICHIEDI UN PREVENTIVO \t\t\t\n\t<a href=\"https:\/\/gamesystem.com\/it\/contatti\/\" target=\"_self\" rel=\"noopener\"><\/a> \n\t\t\tUNA RICHIESTA ? CONTATTACI\t\t\t\n\t\n<p>La rotaia di sicurezza \u00e8 in alluminio e offre una superficie di scorrimento perfetta e duratura nel tempo. Le tratte di binario da 6 m possono essere unite mediante ganasce e ci\u00f2 rende possibile la realizzazione di rotaie sicure di notevole lunghezza. Ci\u00f2 permette anche la loro dilatazione a seconda delle condizioni di temperatura. Ogni estremit\u00e0 di barra \u00e8 dotata di un fermo. Il carrello, che in parte racchiude la rotaia O, \u00e8 dotato di quattro cuscinetti ricoperti di gomma, in modo da evitare di graffiare la rotaia assicurandone al contempo un perfetto scorrimento. Generalmente il carrello \u00e8 posizionato a un&#8217;estremit\u00e0 del sistema e una cordicella fissata all&#8217;estremit\u00e0 del cavo dell&#8217;anticaduta retrattile permette a chi effettua l&#8217;intervento di far scendere il connettore di quest&#8217;ultimo per agganciarlo all&#8217;anello dorsale della propria imbragatura.<\/p>\n\n<p>Quando \u00e8 necessario realizzare interventi periodici e frequenti effettuando degli spostamenti orizzontali o a distanze significative dal dispositivo di ancoraggio, un sistema di sicurezza come la rotaia \u00e8 da prendere in considerazione in quanto, vista la frequenza degli interventi, la presenza di un carrello di scorrimento \u00e8 l&#8217;ideale per ridurre al minimo le sollecitazioni esercitate da uno o pi\u00f9 utilizzatori. \u00c8 una soluzione da preferire anche quando la distanza di caduta disponibile \u00e8 ridotta. Trattandosi di un sistema rigido, non subisce la flessione che pu\u00f2 avere un sistema a cavo, aumentando notevolmente la distanza di arresto. L&#8217;utilizzatore collega il proprio anticaduta scorrevole al carrello della rotaia di sicurezza, dopo aver controllato lo stato dell&#8217;installazione e l&#8217;avvenuta esecuzione dei controlli annuali.<\/p>\n\n<p>La forma pi\u00f9 diffusa di utilizzo della rotaia \u00e8 con un anticaduta a richiamo automatico. Quest&#8217;ultimo segue i movimenti dell&#8217;operatore, mantenendo al contempo in tensione il collegamento del nastro o del cavo. In caso di caduta il dispositivo si blocca.<\/p>\n\n\t\t\t\t\t\t\t\t<!-- navigation arrows -->\n\t\t\t<button aria-label=\"Previous slide\" role=\"button\" tabindex=\"0\">\n\t\t\t<\/button>\n\t\t\t<button aria-label=\"Next slide\" role=\"button\" tabindex=\"0\">\n\t\t\t<\/button>\n\t\t\t\t\t\t<!-- pagination -->\n\t\n","protected":false},"excerpt":{"rendered":"<p>ROTAIA DI SICUREZZA NOVIT\u00c0 CARRELLO PER ROTAIA Indicatore di caduta non intervenuto Indicatore attivato in caso di caduta RICHIEDI UN PREVENTIVO UNA RICHIESTA ? CONTATTACI La rotaia di sicurezza \u00e8&hellip;<\/p>\n","protected":false},"author":2,"featured_media":0,"parent":0,"menu_order":0,"comment_status":"closed","ping_status":"closed","template":"","meta":[],"_links":{"self":[{"href":"https:\/\/gamesystem.com\/it\/wp-json\/wp\/v2\/pages\/35280"}],"collection":[{"href":"https:\/\/gamesystem.com\/it\/wp-json\/wp\/v2\/pages"}],"about":[{"href":"https:\/\/gamesystem.com\/it\/wp-json\/wp\/v2\/types\/page"}],"author":[{"embeddable":true,"href":"https:\/\/gamesystem.com\/it\/wp-json\/wp\/v2\/users\/2"}],"replies":[{"embeddable":true,"href":"https:\/\/gamesystem.com\/it\/wp-json\/wp\/v2\/comments?post=35280"}],"version-history":[{"count":0,"href":"https:\/\/gamesystem.com\/it\/wp-json\/wp\/v2\/pages\/35280\/revisions"}],"wp:attachment":[{"href":"https:\/\/gamesystem.com\/it\/wp-json\/wp\/v2\/media?parent=35280"}],"curies":[{"name":"wp","href":"https:\/\/api.w.org\/{rel}","templated":true}]}}