{"id":35271,"date":"2021-09-16T11:26:45","date_gmt":"2021-09-16T09:26:45","guid":{"rendered":"https:\/\/gamesystem.com\/cable-longue-portee\/"},"modified":"2021-11-08T16:08:05","modified_gmt":"2021-11-08T15:08:05","slug":"cavo-tesato-per-tratte-ampie","status":"publish","type":"page","link":"https:\/\/gamesystem.com\/it\/cavo-tesato-per-tratte-ampie\/","title":{"rendered":"Cavo tesato per tratte ampie"},"content":{"rendered":"\n\n\t\t\t<h1>CAVO TESATO PER TRATTE AMPIE<\/h1>\t\t\t\n                        \t<img decoding=\"async\" src=\"https:\/\/gamesystem.com\/wp-content\/uploads\/2021\/09\/biroulettteeee-min.png\" alt=\"cable longue port\u00e9e\" data-no-lazy=\"1\" \/>\n                        \t<img decoding=\"async\" src=\"https:\/\/gamesystem.com\/wp-content\/uploads\/2021\/09\/cable-longue-portee-gamesystem-2-min.jpg\" alt=\"Indicatore di caduta non attivato\" data-no-lazy=\"1\" \/>\n                            \n                                Indicatore di caduta non attivato                            \n                        \t<img decoding=\"async\" src=\"https:\/\/gamesystem.com\/wp-content\/uploads\/2021\/09\/cable-longue-portee-gamesystem-min.jpg\" alt=\"Indicatore attivato in caso di caduta\" data-no-lazy=\"1\" \/>\n                            \n                                Indicatore attivato in caso di caduta                            \n\t<a href=\"https:\/\/gamesystem.com\/it\/contatti\/\" target=\"_self\" rel=\"noopener\"><\/a> \n\t\t\t RICHIEDI UN PREVENTIVO\t\t\t\n\t<a href=\"https:\/\/gamesystem.com\/it\/contatti\/\" target=\"_self\" rel=\"noopener\"><\/a> \n\t\t\t UNA RICHIESTA ? CONTATTACI\t\t\t\n\t\n<p>Il cavo di sicurezza con biruota a freno \u00e8 realizzato in acciaio zincato da 16 mm. Una terminazione del cavo \u00e8 pressata tramite una chiusura a manicotto, l&#8217;altra passa all&#8217;interno di una ganascia il cui serraggio sar\u00e0 regolato in modo tale da ottenere lo scorrimento a seguito di una determinata sollecitazione. Il carrello della biruota a freno \u00e8 costituito da due rulli al centro dei quali sono posizionati due bracci d&#8217;aggancio montati su molla che racchiudono a propria volta un freno; due rondelle metalliche proteggono il sistema di dissipazione delle piastre. In caso di caduta dell&#8217;operatore durante un intervento, il suo peso porta il freno a contatto con il cavo, interrompendo lo scorrimento dei rulli ed evitando quindi ogni rischio di spostamento della persona, con conseguente effetto pendolo. Il carrello, attraverso la propria deformazione, contribuisce alla dissipazione di energia. Un indicatore di caduta diviene visibile; questo evento obbliga a effettuare una revisione del dispositivo. Inoltre, in caso di caduta, grazie allo scorrimento del cavo nella ganascia, tutto il dispositivo contribuisce alla dissipazione di energia, riducendo cos\u00ec gli sforzi trasmessi alla struttura.<\/p>\n\n<p>Quando \u00e8 necessario realizzare interventi periodici effettuando degli spostamenti orizzontali (&gt;10 m e &lt; 80 m), in assenza di strutture intermedie (per esempio un carroponte o una trave in carpenteria,&#8230;) un dispositivo di ancoraggio come il cavo di sicurezza con biruota a freno costituisce la soluzione ideale. Sar\u00e0 installato in maniera permanente con l&#8217;ausilio di un ancoraggio strutturale oppure tramite un supporto ammorsato, se possibile da 2,40 a 3 m sopra il punto di aggancio dell&#8217;imbragatura. L&#8217;utilizzatore collega il proprio anticaduta scorrevole con biruota a freno dopo aver controllato lo stato dell&#8217;installazione e l&#8217;avvenuta esecuzione dei controlli annuali.<\/p>\n\n<p>L&#8217;anticaduta utilizzato deve essere obbligatoriamente conforme alle norme per non sviluppare, in caso di caduta, un picco di forza superiore ai 600 daN autorizzati. Una longia d&#8217;accesso non \u00e8 un dispositivo anticaduta a meno che non sussista unicamente un rischio di scivolamento.<\/p>\n\n\t\t\t\t\t\t\t\t<!-- navigation arrows -->\n\t\t\t<button aria-label=\"Previous slide\" role=\"button\" tabindex=\"0\">\n\t\t\t<\/button>\n\t\t\t<button aria-label=\"Next slide\" role=\"button\" tabindex=\"0\">\n\t\t\t<\/button>\n\t\t\t\t\t\t<!-- pagination -->\n\t\n","protected":false},"excerpt":{"rendered":"<p>CAVO TESATO PER TRATTE AMPIE Indicatore di caduta non attivato Indicatore attivato in caso di caduta RICHIEDI UN PREVENTIVO UNA RICHIESTA ? CONTATTACI Il cavo di sicurezza con biruota a&hellip;<\/p>\n","protected":false},"author":2,"featured_media":0,"parent":0,"menu_order":0,"comment_status":"closed","ping_status":"closed","template":"","meta":[],"_links":{"self":[{"href":"https:\/\/gamesystem.com\/it\/wp-json\/wp\/v2\/pages\/35271"}],"collection":[{"href":"https:\/\/gamesystem.com\/it\/wp-json\/wp\/v2\/pages"}],"about":[{"href":"https:\/\/gamesystem.com\/it\/wp-json\/wp\/v2\/types\/page"}],"author":[{"embeddable":true,"href":"https:\/\/gamesystem.com\/it\/wp-json\/wp\/v2\/users\/2"}],"replies":[{"embeddable":true,"href":"https:\/\/gamesystem.com\/it\/wp-json\/wp\/v2\/comments?post=35271"}],"version-history":[{"count":0,"href":"https:\/\/gamesystem.com\/it\/wp-json\/wp\/v2\/pages\/35271\/revisions"}],"wp:attachment":[{"href":"https:\/\/gamesystem.com\/it\/wp-json\/wp\/v2\/media?parent=35271"}],"curies":[{"name":"wp","href":"https:\/\/api.w.org\/{rel}","templated":true}]}}