{"id":35267,"date":"2021-09-16T11:04:04","date_gmt":"2021-09-16T09:04:04","guid":{"rendered":"https:\/\/gamesystem.com\/ligne-de-vie\/"},"modified":"2026-04-13T20:58:02","modified_gmt":"2026-04-13T18:58:02","slug":"linea-di-vita","status":"publish","type":"page","link":"https:\/\/gamesystem.com\/it\/linea-di-vita\/","title":{"rendered":"Linea di vita"},"content":{"rendered":"\n\n\t\t\t<h1>LINEA DI VITA<\/h1>\t\t\t\n\t\t\t\t<p>La <strong>linea di vita<\/strong> \u00e8 un sistema anticaduta a cavo che consente ad un operatore di lavorare in sicurezza e di muoversi liberamente in aree a rischio caduta.<\/p>\n<p>\u00c8 un dispositivo di ancoraggio EN 795 di tipo C dotato di un supporto di ancoraggio flessibile orizzontale e di un cavo di sicurezza in acciaio inossidabile di diametro 8 mm. Questo cavo \u00e8 sostenuto da ancoraggi strutturali intermedi e, ad ogni estremit\u00e0, da un ancoraggio strutturale terminale. La navetta mobile (carrello scorrevole) consente di superare gli elementi intermedi senza mai obbligare l&#8217;utilizzatore a sganciarsi dalla <strong>linea di vita<\/strong>; questo avviene anche se ci si muove a distanza dal sistema anticaduta.<\/p>\n<p>In caso di caduta, l&#8217;assorbitore di energia all&#8217;estremit\u00e0 della <strong>linea di vita<\/strong> dissipa gli sforzi generati; tramite la sua deformazione, l&#8217;intero dispositivo partecipa all&#8217;assorbimento di energia, riducendo in questo modo le forze trasmesse alla struttura ed al malcapitato.<\/p>\n\t\t\t\t\t\t\t\t\t<img decoding=\"async\" loading=\"lazy\" src=\"https:\/\/gamesystem.com\/wp-content\/uploads\/2018\/01\/Chariot-de-ligne-de-vie.png\" alt=\"TEST4\" itemprop=\"image\" height=\"259\" width=\"390\" srcset=\"https:\/\/gamesystem.com\/wp-content\/uploads\/2018\/01\/Chariot-de-ligne-de-vie.png 390w, https:\/\/gamesystem.com\/wp-content\/uploads\/2018\/01\/Chariot-de-ligne-de-vie-300x199.png 300w\" sizes=\"(max-width: 390px) 100vw, 390px\" title=\"Chariot-de-ligne-de-vie\" onerror=\"this.style.display='none'\"  \/>\n\t\t\t<a href=\"https:\/\/gamesystem.com\/wp-content\/uploads\/2026\/04\/Linea-di-vita.pdf\" target=\"_blank\" rel=\"noopener\">\n\t\t\t\t\t\t\t\tScheda tecnica\n\t\t\t\t\t\t\t<\/a>\n\t\t\t<a href=\"https:\/\/gamesystem.com\/wp-content\/uploads\/2019\/11\/Uso-e-Manutenzione-Linea-di-Vita-Temporanea.pdf\" target=\"_blank\" rel=\"noopener\">\n\t\t\t\t\t\t\t\tManuale di uso e manutenzione\n\t\t\t\t\t\t\t<\/a>\n\t\t<nav>\n\t\t\t<ul>\n\t\t\t\t\t\t\t\t<li data-index=\"0\">\n\t\t\t\t\t<h2>\n\t\t\t\t\t\t<a href=\"javascript:void(0);\">Utilizzo della linea di vita \n\t\t\t\t\t\t\t\t\t\t\t\t<\/a>\n\t\t\t\t\t<\/h2>\n\t\t\t\t<\/li>\n\t\t\t\t\t\t\t\t<li data-index=\"1\">\n\t\t\t\t\t<h2>\n\t\t\t\t\t\t<a href=\"javascript:void(0);\">I punti di forza della linea di vita \n\t\t\t\t\t\t\t\t\t\t\t\t<\/a>\n\t\t\t\t\t<\/h2>\n\t\t\t\t<\/li>\n\t\t\t\t\t\t\t\t<li data-index=\"2\">\n\t\t\t\t\t<h2>\n\t\t\t\t\t\t<a href=\"javascript:void(0);\">Caratteristiche della linea di vita \n\t\t\t\t\t\t\t\t\t\t\t\t<\/a>\n\t\t\t\t\t<\/h2>\n\t\t\t\t<\/li>\n\t\t\t\t\t\t\t\t<li data-index=\"3\">\n\t\t\t\t\t<h2>\n\t\t\t\t\t\t<a href=\"javascript:void(0);\">Regolamentazioni, norme e raccomandazioni \n\t\t\t\t\t\t\t\t\t\t\t\t<\/a>\n\t\t\t\t\t<\/h2>\n\t\t\t\t<\/li>\n\t\t\t\t\t\t\t\t<li data-index=\"4\">\n\t\t\t\t\t<h2>\n\t\t\t\t\t\t<a href=\"javascript:void(0);\">Installazione e posa \n\t\t\t\t\t\t\t\t\t\t\t\t<\/a>\n\t\t\t\t\t<\/h2>\n\t\t\t\t<\/li>\n\t\t\t\t\t\t\t\t<li data-index=\"5\">\n\t\t\t\t\t<h2>\n\t\t\t\t\t\t<a href=\"javascript:void(0);\">Componenti \n\t\t\t\t\t\t\t\t\t\t\t\t<\/a>\n\t\t\t\t\t<\/h2>\n\t\t\t\t<\/li>\n\t\t\t\t\t\t\t\t<li data-index=\"6\">\n\t\t\t\t\t<h2>\n\t\t\t\t\t\t<a href=\"javascript:void(0);\">Accessori\n\t\t\t\t\t\t\t\t\t\t\t\t<\/a>\n\t\t\t\t\t<\/h2>\n\t\t\t\t<\/li>\n\t\t\t\t\t\t\t<\/ul>\n\t\t<\/nav>\n\t\t\t\t\t<h2>\n\t\t\t\t\t\t\t\t\t\t\t\tUtilizzo della linea di vita \n\t\t\t\t\t\t\t\t\t\t\t<\/h2>\n\t\t\t\t\t<p>La <strong>linea di vita a cavo<\/strong> si utilizza su coperture piane, coperture inclinate, facciate, carriponte, vie di corsa, pipe rack, vasche, serbatoi, ecc.<\/p>\n\t\t\t\t\t<h2>\n\t\t\t\t\t\t\t\t\t\t\t\tI punti di forza della linea di vita \n\t\t\t\t\t\t\t\t\t\t\t<\/h2>\n\t\t\t\t\t<ul>\n<li><strong>Produttivit\u00e0 e sicurezza:<\/strong> un sistema di protezione anticaduta che consente agli operatori di lavorare in costante sicurezza senza limitarne movimenti e produttivit\u00e0<\/li>\n<li><strong>Ergonomia:<\/strong> Gli operatori non si dovranno sganciare per il superamento degli elementi intermedi.<\/li>\n<li><strong>Indicatore:<\/strong> un segnale rosso verr\u00e0 visualizzato sull&#8217;assorbitore di energia quando la <strong>linea di vita<\/strong> interverr\u00e0 successivamente ad una caduta<\/li>\n<li><strong>Durata di vita:<\/strong> <strong>Gamesystem<\/strong> assicura una lunga durata del sistema <strong>linea di vita,<\/strong> se quest&#8217;ultimo verr\u00e0 costantemente (annualmente) verificato e manutenuto.<\/li>\n<\/ul>\n\t\t\t\t\t<h2>\n\t\t\t\t\t\t\t\t\t\t\t\tCaratteristiche della linea di vita \n\t\t\t\t\t\t\t\t\t\t\t<\/h2>\n\t\t\t\t\t<ul>\n<li>Un elemento intermedio deformato pu\u00f2 essere sostituito senza rimuovere il <strong>cavo dalla linea di vita<\/strong>.<\/li>\n<li>L&#8217;indicatore di colore rosso del preregolatore posto ad una estremit\u00e0 segnala la corretta installazione e la regolazione ottimale del <strong>cavo della linea di vita<\/strong>.<\/li>\n<li>Una volta che il <strong>cavo della linea di vita <\/strong>\u00e8 regolato ed il tenditore \u00e8 sigillato, nessuno sar\u00e0 pi\u00f9 in grado di modificare il sistema senza manometterne i blocchi.<\/li>\n<li>Le aree di accesso alla <strong>linea di vita a cavo<\/strong> devono essere chiaramente indicate mediante segnaletica.<\/li>\n<\/ul>\n\t\t\t\t\t<h2>\n\t\t\t\t\t\t\t\t\t\t\t\tRegolamentazioni, norme e raccomandazioni \n\t\t\t\t\t\t\t\t\t\t\t<\/h2>\n\t\t\t\t\t<p>La <strong>linea di vita a cavo<\/strong> soddisfa i requisiti della norma NF EN 795 tipo C. Per ottenere questa certificazione CE, il prodotto deve essere sottoposto a specifico test di resistenza.<\/p>\n<p>La raccomandazione R 430 del CNAMTS, a completamento della norma,\u00a0 fornisce precisazioni sulle condizioni di installazione ed utilizzo della <strong>linea di vita<\/strong>.<\/p>\n<p>In conformit\u00e0 alla R 430 (del 24 aprile 2007) del CNAMTS, il nostro servizio comprende la redazione e la consegna di un file tecnico, realizzato dal nostro ufficio tecnico, composto da:<\/p>\n<ul>\n<li>Disegni esecutivi,<\/li>\n<li>Note di calcolo (sforzi in gioco e dimensionamento delle nostre soluzioni),<\/li>\n<li>Schemi di montaggio,<\/li>\n<li>Dettagli dei supporti e degli ancoraggi strutturali,<\/li>\n<li>Certificato di conformit\u00e0 (in funzione della norma) rilasciato dal Laboratorio Notificato dallo Stato.<\/li>\n<li>Procedura di corretto utilizzo<\/li>\n<li>Manuale di uso e manutenzione<\/li>\n<\/ul>\n<p>Per ulteriori informazioni sulla normativa della linea di vita, sulla norma NF EN 795 e R 430, non esitate a contattarci. Un consulente, specialista del lavoro in quota, sar\u00e0 a Vostra disposizione per rispondere a tutte le Vostre domande.<\/p>\n\t\t\t\t\t<h2>\n\t\t\t\t\t\t\t\t\t\t\t\tInstallazione e posa \n\t\t\t\t\t\t\t\t\t\t\t<\/h2>\n\t\t\t\t\t<p>L&#8217;installazione della <strong>linea di vita a cavo<\/strong> verr\u00e0 eseguita, in condizioni di sicurezza ottimali, da personale qualificato ed autorizzato a lavorare in altezza, secondo le procedure di qualit\u00e0 (ISO 9001).<\/p>\n<p>La tecnica di fissaggio dei supporti della <strong>linea di vita<\/strong> sar\u00e0 adattata e giustificata in base a ciascuna struttura di supporto (serraggio tramite ammorsamento, perforazione, imbullonatura o utilizzo di ancoraggi chimici con barra filettata). L&#8217;installazione della <strong>linea di vita<\/strong> \u00e8 possibile in ogni tipologia di ambiente di lavoro (coperture piane, coperture inclinate, facciate, carriponte, vie di corsa, pipe rack, vasche, serbatoi, ecc.)<\/p>\n\t\t\t\t\t<h2>\n\t\t\t\t\t\t\t\t\t\t\t\tComponenti \n\t\t\t\t\t\t\t\t\t\t\t<\/h2>\n\t\t\t\t\t<ul>\n<li>Cavo in acciaio inox 316 L diametro 8mm in 7\/7.<\/li>\n<li>Elementi intermedi doppi in acciaio inox.<\/li>\n<li>Elemento entrata \/uscita in acciaio inox con dispositivo anti-uscita del carrello scorrevole.<\/li>\n<li>Assorbitore di energia in acciaio inox.<\/li>\n<li>Tenditore in acciaio inox.<\/li>\n<li>Indicatore di pretensionamento inox.<\/li>\n<li>Bulloneria in acciaio inox.<\/li>\n<li>I supporti (piastre, paletti &#8230;) che possono essere in acciaio inox o in acciaio zincato a caldo, verniciati o galvanizzati in base alle specificit\u00e0 dei siti o delle richieste.<\/li>\n<li>Cartello di sicurezza.<\/li>\n<\/ul>\n\t\t\t\t\t<h2>\n\t\t\t\t\t\t\t\t\t\t\t\tAccessori\n\t\t\t\t\t\t\t\t\t\t\t<\/h2>\n\t\t\t\t\t<ol>\n<li><strong> Carrello scorrevole:<\/strong><\/li>\n<\/ol>\n<p>Il carrello scorrevole \u00e8 un ancoraggio mobile che consente il passaggio continuo sugli elementi intermedi in tutte le posizioni, senza scollegarsi dal cavo. Questo sistema innovativo e funzionale consente di conservare intatta la &#8220;catena di sicurezza&#8221; da un&#8217;estremit\u00e0 all&#8217;altra della <strong>linea di vita a cavo<\/strong>.<\/p>\n<p>Per spostarsi in completa sicurezza, gli operatori agganciano il loro collegamento anticaduta (cordino o sistema retrattile) all&#8217;asola presente sul carrello scorrevole, precedentemente inserito sul cavo della <strong>linea di vita<\/strong> Gamesystem.<\/p>\n<ol start=\"2\">\n<li><strong> Paletto:<\/strong><\/li>\n<\/ol>\n<p>Quando si installa un dispositivo di ancoraggio (<strong>linea di vita<\/strong>) su copertura, \u00e8 spesso necessario utilizzare dei supporti (estremit\u00e0 ed intermedi) per far si che il sistema a cavo sia collocato in una posizione adatta a garantirne l&#8217;uso corretto, nonch\u00e9 una corretta reimpermeabilizzazione.<\/p>\n<ol start=\"3\">\n<li><strong><\/strong><strong> Cordino, anticaduta a richiamo automatico e modulatore<\/strong>\n<p>\u00a0<\/p>\n<\/li>\n<li><strong> Imbragature di sicurezza<\/strong><\/li>\n<\/ol>\n<p>\u00a0<\/p>\n\t\t\t\t\t<!-- \/content -->\n\t<!-- \/tabs -->\n\t\t\t\t\t\t\t<img decoding=\"async\" src=\"https:\/\/gamesystem.com\/wp-content\/uploads\/2021\/09\/chariot11-min.png\" alt=\"ligne de vie s\u00e9curit\u00e9\" data-no-lazy=\"1\" \/>\n\t\t\t\t\t\t\t<img decoding=\"async\" src=\"https:\/\/gamesystem.com\/wp-content\/uploads\/2021\/09\/chariot-ligne-de-vie.png\" alt=\"Indicatore di caduta non attivato\" data-no-lazy=\"1\" \/>\n                            \n                                Indicatore di caduta non attivato                            \n\t\t\t\t\t\t\t<img decoding=\"async\" src=\"https:\/\/gamesystem.com\/wp-content\/uploads\/2021\/09\/ligne-de-vie-charriot-gamesystem-min.jpg\" alt=\"Indicatore attivato in caso di caduta\" data-no-lazy=\"1\" \/>\n                            \n                                Indicatore attivato in caso di caduta                            \n\t<a href=\"https:\/\/gamesystem.com\/it\/contatti\/\" target=\"_self\" aria-label=\"Go to https:\/\/gamesystem.com\/it\/contatti\/\" rel=\"noopener\"><\/a>\n\t\t\tRICHIEDI UN PREVENTIVO\t\t\t\n\t<a href=\"https:\/\/gamesystem.com\/it\/contatti\/\" target=\"_self\" aria-label=\"Go to https:\/\/gamesystem.com\/it\/contatti\/\" rel=\"noopener\"><\/a>\n\t\t\t UNA RICHIESTA ? CONTATTACI\t\t\t\n\t<p><strong>DESCRIZIONE<\/strong><\/p>\n<p>La linea di vita necessita di ancoraggi strutturali sui quali sono fissati gli elementi terminali che alloggiano le estremit\u00e0 del cavo da 8 mm e gli elementi intermedi che sosterranno a intervalli regolari il suddetto cavo. Agli estremi del cavo deve essere presente un elemento pressato, ossia un elemento che consente di introdurre o di estrarre il carrello oppure un elemento da pressare che si unisce al tenditore. Un assorbitore di energia rende possibile la corretta tensione del cavo e, in caso di caduta, limita il picco di sforzo. In caso di caduta, attraverso la propria deformazione, l&#8217;intero sistema contribuisce alla dissipazione di energia riducendo cos\u00ec gli sforzi trasmessi alla struttura. Il carrello mobile permette il superamento degli elementi intermedi in tutte le posizioni, senza disconnettersi<\/p>\n<p><strong>QUANDO UTILIZZARLA?<\/strong><\/p>\n<p>Quando \u00e8 necessario realizzare interventi periodici effettuando degli spostamenti orizzontali, per esempio sulla via di corsa di un carroponte, in copertura e quando la struttura esistente ha un andamento regolare, un dispositivo di ancoraggio come la linea di vita costituisce la soluzione ideale. Sar\u00e0 installata in maniera permanente con l&#8217;ausilio di un ancoraggio strutturale oppure di un&#8217;interfaccia di ammorsamento, se possibile collocata a una distanza di 0,40 &#8211; 0,60 m al di sopra del punto di ancoraggio dell&#8217;imbragatura. Dopo aver verificato lo stato dell&#8217;installazione e l&#8217;avvenuta esecuzione dei controlli periodici, l&#8217;utilizzatore collega il proprio anticaduta al carrello della linea di vita.<\/p>\n<p><strong>SICUREZZA<\/strong><\/p>\n<p>L&#8217;anticaduta utilizzato deve essere obbligatoriamente conforme alle norme per non sviluppare, in caso di caduta, un picco di forza superiore ai 600 daN autorizzati. Una longia d&#8217;accesso non \u00e8 un dispositivo anticaduta a meno che non sussista unicamente rischio di scivolamento.<\/p>\n<p><strong>NORMA : EN 795 TIPO C<\/strong><\/p>\n\t\t\t\t\t\t\t\t<!-- navigation arrows -->\n\t\t\t<button aria-label=\"Previous slide\" role=\"button\" tabindex=\"0\">\n\t\t\t<\/button>\n\t\t\t<button aria-label=\"Next slide\" role=\"button\" tabindex=\"0\">\n\t\t\t<\/button>\n\t\t\t\t\t\t<!-- pagination -->\n\t\n","protected":false},"excerpt":{"rendered":"<p>LINEA DI VITA La linea di vita \u00e8 un sistema anticaduta a cavo che consente ad un operatore di lavorare in sicurezza e di muoversi liberamente in aree a rischio&hellip;<\/p>\n","protected":false},"author":2,"featured_media":0,"parent":0,"menu_order":0,"comment_status":"closed","ping_status":"closed","template":"","meta":[],"_links":{"self":[{"href":"https:\/\/gamesystem.com\/it\/wp-json\/wp\/v2\/pages\/35267"}],"collection":[{"href":"https:\/\/gamesystem.com\/it\/wp-json\/wp\/v2\/pages"}],"about":[{"href":"https:\/\/gamesystem.com\/it\/wp-json\/wp\/v2\/types\/page"}],"author":[{"embeddable":true,"href":"https:\/\/gamesystem.com\/it\/wp-json\/wp\/v2\/users\/2"}],"replies":[{"embeddable":true,"href":"https:\/\/gamesystem.com\/it\/wp-json\/wp\/v2\/comments?post=35267"}],"version-history":[{"count":3,"href":"https:\/\/gamesystem.com\/it\/wp-json\/wp\/v2\/pages\/35267\/revisions"}],"predecessor-version":[{"id":39428,"href":"https:\/\/gamesystem.com\/it\/wp-json\/wp\/v2\/pages\/35267\/revisions\/39428"}],"wp:attachment":[{"href":"https:\/\/gamesystem.com\/it\/wp-json\/wp\/v2\/media?parent=35267"}],"curies":[{"name":"wp","href":"https:\/\/api.w.org\/{rel}","templated":true}]}}