{"id":35255,"date":"2021-09-16T10:39:06","date_gmt":"2021-09-16T08:39:06","guid":{"rendered":"https:\/\/gamesystem.com\/?page_id=35255"},"modified":"2021-11-08T16:11:33","modified_gmt":"2021-11-08T15:11:33","slug":"broche-coucou","status":"publish","type":"page","link":"https:\/\/gamesystem.com\/it\/soluzioni-per-laccesso\/broche-coucou\/","title":{"rendered":"Broche cou-cou"},"content":{"rendered":"\n\n\t\t\t<h1>BROCHE COU-COU<\/h1>\t\t\t\n                        \t<img decoding=\"async\" src=\"https:\/\/gamesystem.com\/wp-content\/uploads\/2021\/09\/bc-min.png\" alt=\"broche cou-couc gamesystem\" data-no-lazy=\"1\" \/>\n                        \t<img decoding=\"async\" src=\"https:\/\/gamesystem.com\/wp-content\/uploads\/2021\/09\/BROCHE-AVEC-RALLONGE-FAUX-PLAFOND-min.png\" alt=\"FISSAGGIO ALL'INTRADOSSO DI SOFFITTO IN CALCESTRUZZO CON SPORGENZA DELL'ANCORAGGIO ATTRAVERSO UN CONTROSOFFITTO\" data-no-lazy=\"1\" \/>\n                            \n                                FISSAGGIO ALL&#8217;INTRADOSSO DI SOFFITTO IN CALCESTRUZZO CON SPORGENZA DELL&#8217;ANCORAGGIO ATTRAVERSO UN CONTROSOFFITTO                            \n                        \t<img decoding=\"async\" src=\"https:\/\/gamesystem.com\/wp-content\/uploads\/2021\/09\/BROCHE-BETON-min.png\" alt=\"FISSAGGIO SULLA FACCIATA DI MURO IN CALCESTRUZZO SENZA SPORGENZA\" data-no-lazy=\"1\" \/>\n                            \n                                FISSAGGIO SULLA FACCIATA DI MURO IN CALCESTRUZZO SENZA SPORGENZA                            \n\t<a href=\"https:\/\/gamesystem.com\/it\/contatti\/\" target=\"_self\" rel=\"noopener\"><\/a> \n\t\t\t RICHIEDI UN PREVENTIVO\t\t\t\n\t<a href=\"https:\/\/gamesystem.com\/it\/contatti\/\" target=\"_self\" rel=\"noopener\"><\/a> \n\t\t\t UNA RICHIESTA ? CONTATTACI \t\t\t\n                        \t<img decoding=\"async\" src=\"https:\/\/gamesystem.com\/wp-content\/uploads\/2021\/09\/broche-coucou-min-1.png\" alt=\"https:\/\/gamesystem.com\/wp-content\/uploads\/2021\/09\/broche-coucou-min-1.png\" data-no-lazy=\"1\" \/>\n\t\n<p>La BROCHE COU-COU \u00e8 realizzata in acciaio inox e si compone di due parti: la staffa di aggancio e il corpo cilindrico. Quest&#8217;ultimo \u00e8 dotato di tre sferette che, se sollecitate dalla spinta del bottone posizionato in sommit\u00e0 della staffa d&#8217;aggancio, si ritraggono per poter introdurre il dispositivo nella parte femmina fissata alla struttura. Il sistema \u00e8 poi completato con un tappo.<\/p>\n\n<p>La Broche Cou-Cou \u00e8 la soluzione ideale in caso di interventi periodici in punti in cui non sono necessari spostamenti orizzontali (per esempio nel caso del lavaggio di una finestra). La Broche Cou-Cou pu\u00f2 essere posata soltanto in ambienti interni e soddisfa le esigenze insorgenti in caso di problemi di estetica. Sar\u00e0 installata in maniera permanente con l&#8217;ausilio di un ancoraggio strutturale oppure con un supporto ammorsato, se possibile collocata a una distanza di 0,40 &#8211; 0,60 m al di sopra del punto di aggancio dell&#8217;imbragatura. L&#8217;utilizzatore collega il proprio anticaduta scorrevole alla Broche Cou-Cou e inserisce quest&#8217;ultima nella terminazione femmina, dopo aver controllato lo stato dell&#8217;installazione e l&#8217;avvenuta esecuzione dei controlli annuali.<\/p>\n\n<p>L&#8217;anticaduta utilizzato deve essere obbligatoriamente conforme alle norme per non sviluppare, in caso di caduta, un picco di forza superiore ai 600 daN autorizzati. Una longia d&#8217;accesso non \u00e8 un dispositivo anticaduta.<\/p>\n\n\n","protected":false},"excerpt":{"rendered":"<p>BROCHE COU-COU FISSAGGIO ALL&#8217;INTRADOSSO DI SOFFITTO IN CALCESTRUZZO CON SPORGENZA DELL&#8217;ANCORAGGIO ATTRAVERSO UN CONTROSOFFITTO FISSAGGIO SULLA FACCIATA DI MURO IN CALCESTRUZZO SENZA SPORGENZA RICHIEDI UN PREVENTIVO UNA RICHIESTA ? CONTATTACI&hellip;<\/p>\n","protected":false},"author":2,"featured_media":0,"parent":34503,"menu_order":0,"comment_status":"closed","ping_status":"closed","template":"","meta":[],"_links":{"self":[{"href":"https:\/\/gamesystem.com\/it\/wp-json\/wp\/v2\/pages\/35255"}],"collection":[{"href":"https:\/\/gamesystem.com\/it\/wp-json\/wp\/v2\/pages"}],"about":[{"href":"https:\/\/gamesystem.com\/it\/wp-json\/wp\/v2\/types\/page"}],"author":[{"embeddable":true,"href":"https:\/\/gamesystem.com\/it\/wp-json\/wp\/v2\/users\/2"}],"replies":[{"embeddable":true,"href":"https:\/\/gamesystem.com\/it\/wp-json\/wp\/v2\/comments?post=35255"}],"version-history":[{"count":0,"href":"https:\/\/gamesystem.com\/it\/wp-json\/wp\/v2\/pages\/35255\/revisions"}],"up":[{"embeddable":true,"href":"https:\/\/gamesystem.com\/it\/wp-json\/wp\/v2\/pages\/34503"}],"wp:attachment":[{"href":"https:\/\/gamesystem.com\/it\/wp-json\/wp\/v2\/media?parent=35255"}],"curies":[{"name":"wp","href":"https:\/\/api.w.org\/{rel}","templated":true}]}}