{"id":13850,"date":"2018-02-20T16:32:45","date_gmt":"2018-02-20T16:32:45","guid":{"rendered":"https:\/\/preprod.gamesystem.com\/produits\/harnais-de-securite\/ceinture-de-maintien\/"},"modified":"2018-09-16T21:26:01","modified_gmt":"2018-09-16T21:26:01","slug":"cintura-di-posizionamento","status":"publish","type":"page","link":"https:\/\/gamesystem.com\/it\/prodotti\/imbragatura-di-sicurezza\/cintura-di-posizionamento\/","title":{"rendered":"Cintura di posizionamento"},"content":{"rendered":"<p>\t<a href=\"https:\/\/gamesystem.com\/it\/prodotti\/\" target=\"_self\" ><\/a><br \/>\n\t\t<strong> Tutti i nostri prodotti <\/strong><br \/>\n\t<a href=\"https:\/\/gamesystem.com\/it\/prodotti\/specifiche\/\" target=\"_self\" ><\/a><br \/>\n\t\t<strong> Specifiche <\/strong>\t\t\t<\/p>\n<h1>Cintura di posizionamento<\/h1>\n<p>La cintura di posizionamento apporta un perfetto sostegno ergonomico alla schiena. E\u2019 bicolore: la fettuccia di colore giallo ha due punti di aggancio ai lati del bacino, la fascia imbottita di colore blu \u00e9 composta da materiale a densit\u00e0 variabile per un miglior comfort.<\/p>\n<p>\t\t\t\t<a href=\"https:\/\/gamesystem.com\/wp-content\/uploads\/2018\/05\/ceinture-de-maintien-pour-le-travail-en-hauteur.png\" target=\"_self\" itemprop=\"url\"><br \/>\n\t\t\t\t<img decoding=\"async\" loading=\"lazy\" src=\"https:\/\/gamesystem.com\/wp-content\/uploads\/2018\/05\/ceinture-de-maintien-pour-le-travail-en-hauteur.png\" alt=\"ceinture de maintien pour les op\u00e9rateurs travaillant en hauteur\" itemprop=\"image\" height=\"600\" width=\"800\" title=\"ceinture-de-maintien-pour-le-travail-en-hauteur\"  \/><br \/>\n\t\t\t\t<\/a><br \/>\n\t\t\t<a href=\"https:\/\/gamesystem.com\/wp-content\/uploads\/2018\/09\/Cintura-Gamesystem-IT.pdf\" target=\"_blank\" rel=\"noopener\"><br \/>\n\t\t\t\t\t\t\t\tScheda tecnica<br \/>\n\t\t\t\t\t\t\t<\/a><br \/>\n\t\t\t<a href=\"https:\/\/gamesystem.com\/wp-content\/uploads\/2018\/09\/Notice-utilisation-H-Ceinture-travail.pdf\" target=\"_blank\" rel=\"noopener\"><br \/>\n\t\t\t\t\t\t\t\tManuale di uso e manutenzione<br \/>\n\t\t\t\t\t\t\t<\/a><\/p>\n<nav>\n<ul>\n<li data-index=\"0\">\n<h2>\n\t\t\t\t\t\t<a href=\"javascript:void(0);\">Quando utilizzarlo ? <\/a><br \/>\n\t\t\t\t\t<\/h2>\n<\/li>\n<li data-index=\"1\">\n<h2>\n\t\t\t\t\t\t<a href=\"javascript:void(0);\">Sicurezza<\/a><br \/>\n\t\t\t\t\t<\/h2>\n<\/li>\n<li data-index=\"2\">\n<h2>\n\t\t\t\t\t\t<a href=\"javascript:void(0);\">Formazione<\/a><br \/>\n\t\t\t\t\t<\/h2>\n<\/li>\n<\/ul>\n<\/nav>\n<h2>\n\t\t\t\t\t\t\t\t\t\t\t\tQuando utilizzarlo ?<br \/>\n\t\t\t\t\t\t\t\t\t\t\t<\/h2>\n<p>La cintura off re un maggior comfort e sicurezza all\u2019 utilizzatore che necessita un costante sostegno durante il suo lavoro.<\/p>\n<p>Garantisce sollievo alla fascia lombare ripartendo l\u2019intero sforzo; inoltre permette il fi ssaggio di attrezzi da lavoro e sacche.<\/p>\n<p>Si posiziona intorno alla vita e deve essere impiegata quando l\u2019utilizzo dell\u2019imbrago \u00e8 molto frequente, si necessita comodit\u00e0 e libert\u00e0 di movimento degli arti superiori.<\/p>\n<p>Viene fornita in affi ancamento delle imbracature GH1 e GH3.<\/p>\n<h2>\n\t\t\t\t\t\t\t\t\t\t\t\tSicurezza<br \/>\n\t\t\t\t\t\t\t\t\t\t\t<\/h2>\n<p>Per essere effi cace, il dispositivo deve aderire al corpo. L\u2019utilizzo della cintura non \u00e9 autorizzato per la sicurezza del\u2019utilizzatore in altezza.<\/p>\n<h2>\n\t\t\t\t\t\t\t\t\t\t\t\tFormazione<br \/>\n\t\t\t\t\t\t\t\t\t\t\t<\/h2>\n<p>Corso \u00abUtilizzo dell\u2019imbracatura\u00bb, \u00abGesti e posture nel lavoro in quota\u00bb.<\/p>\n<p>\t\t\t\t\t<!-- \/content --><br \/>\n\t<!-- \/tabs --><\/p>\n","protected":false},"excerpt":{"rendered":"<p>Tutti i nostri prodotti Specifiche Cintura di posizionamento La cintura di posizionamento apporta un perfetto sostegno ergonomico alla schiena. E\u2019 bicolore: la fettuccia di colore giallo ha due punti di&hellip;<\/p>\n","protected":false},"author":7,"featured_media":13473,"parent":13764,"menu_order":0,"comment_status":"closed","ping_status":"open","template":"","meta":[],"_links":{"self":[{"href":"https:\/\/gamesystem.com\/it\/wp-json\/wp\/v2\/pages\/13850"}],"collection":[{"href":"https:\/\/gamesystem.com\/it\/wp-json\/wp\/v2\/pages"}],"about":[{"href":"https:\/\/gamesystem.com\/it\/wp-json\/wp\/v2\/types\/page"}],"author":[{"embeddable":true,"href":"https:\/\/gamesystem.com\/it\/wp-json\/wp\/v2\/users\/7"}],"replies":[{"embeddable":true,"href":"https:\/\/gamesystem.com\/it\/wp-json\/wp\/v2\/comments?post=13850"}],"version-history":[{"count":0,"href":"https:\/\/gamesystem.com\/it\/wp-json\/wp\/v2\/pages\/13850\/revisions"}],"up":[{"embeddable":true,"href":"https:\/\/gamesystem.com\/it\/wp-json\/wp\/v2\/pages\/13764"}],"wp:featuredmedia":[{"embeddable":true,"href":"https:\/\/gamesystem.com\/it\/wp-json\/wp\/v2\/media\/13473"}],"wp:attachment":[{"href":"https:\/\/gamesystem.com\/it\/wp-json\/wp\/v2\/media?parent=13850"}],"curies":[{"name":"wp","href":"https:\/\/api.w.org\/{rel}","templated":true}]}}