{"id":13823,"date":"2018-07-17T13:48:04","date_gmt":"2018-07-17T13:48:04","guid":{"rendered":"https:\/\/preprod.gamesystem.com\/produits\/evacuation-sur-remontee-mecanique\/motorgames\/"},"modified":"2018-10-01T06:55:35","modified_gmt":"2018-10-01T06:55:35","slug":"motorgames","status":"publish","type":"page","link":"https:\/\/gamesystem.com\/it\/prodotti\/evacuazione-da-teleferica\/motorgames\/","title":{"rendered":"Motorgames"},"content":{"rendered":"<p>\t<a href=\"https:\/\/gamesystem.com\/it\/prodotti\/\" target=\"_self\" ><\/a><br \/>\n\t\t<strong> Tutti i nostri prodotti <\/strong><br \/>\n\t<a href=\"https:\/\/gamesystem.com\/it\/prodotti\/evacuazione-da-teleferica\/\" target=\"_self\" ><\/a><br \/>\n\t\t<strong> EVACUAZIONE DA TELEFERICA <\/strong>\t\t\t<\/p>\n<h1>Motorgames<\/h1>\n<p>Il MOTORGAMES \u00e8 un apparecchio totalmente motorizzato ed elettrico, che lavora su cavi di diametro da 26 a 64mm ad una velocit\u00e0 media di 1m\/s.<\/p>\n<p><strong>I sottoinsiemi che lo compongono sono:<\/strong><\/p>\n<p>-Il carrello che, grazie al suo rullo motore, scivola sul cavo con il contro rullo che garantisce l\u2019aderenza, comprendente una batteria amovibile.<\/p>\n<p>-L\u2019impugnatura di comando che alloggia un pulsante \u201cavanti\/stop\/indietro\u201d.<\/p>\n<p>-La sospendita, munita di selletta e poggiapiedi, offre un comfort di spostamento al soccorritore. Essa pu\u00f2 considerarsi opzionale in specifici casi di utilizzo, come ad esempio distanza limitata tra sedute e cabine.<\/p>\n<p>\t\t\t\t<a href=\"https:\/\/gamesystem.com\/wp-content\/uploads\/2018\/07\/motorgames-pour-acc\u00e8s-des-sauveteurs-en-securite.png\" target=\"_self\" itemprop=\"url\"><br \/>\n\t\t\t\t<img decoding=\"async\" loading=\"lazy\" src=\"https:\/\/gamesystem.com\/wp-content\/uploads\/2018\/07\/motorgames-pour-acc\u00e8s-des-sauveteurs-en-securite.png\" alt=\"\u00e9vacuation de personne t\u00e9l\u00e9port\u00e9\" itemprop=\"image\" height=\"600\" width=\"800\" title=\"motorgames-pour-acc\u00e8s-des-sauveteurs-en-securite\"  \/><br \/>\n\t\t\t\t<\/a><br \/>\n\t\t\t<a href=\"https:\/\/gamesystem.com\/wp-content\/uploads\/2018\/09\/Motorgames-Gamesystem-IT.pdf\" target=\"_blank\" rel=\"noopener\"><br \/>\n\t\t\t\t\t\t\t\tScheda tecnica<br \/>\n\t\t\t\t\t\t\t<\/a><br \/>\n\t\t\t<a href=\"https:\/\/gamesystem.com\/wp-content\/uploads\/2018\/09\/G1349-Motorgames-IT.pdf\" target=\"_blank\" rel=\"noopener\"><br \/>\n\t\t\t\t\t\t\t\tManuale di uso e manutenzione<br \/>\n\t\t\t\t\t\t\t<\/a><\/p>\n<nav>\n<ul>\n<li data-index=\"0\">\n<h2>\n\t\t\t\t\t\t<a href=\"javascript:void(0);\">Quando utilizzarlo ? <\/a><br \/>\n\t\t\t\t\t<\/h2>\n<\/li>\n<li data-index=\"1\">\n<h2>\n\t\t\t\t\t\t<a href=\"javascript:void(0);\">Sicurezza<\/a><br \/>\n\t\t\t\t\t<\/h2>\n<\/li>\n<li data-index=\"2\">\n<h2>\n\t\t\t\t\t\t<a href=\"javascript:void(0);\">I vantaggi di Motorgames<\/a><br \/>\n\t\t\t\t\t<\/h2>\n<\/li>\n<li data-index=\"3\">\n<h2>\n\t\t\t\t\t\t<a href=\"javascript:void(0);\">Altri elementi <\/a><br \/>\n\t\t\t\t\t<\/h2>\n<\/li>\n<li data-index=\"4\">\n<h2>\n\t\t\t\t\t\t<a href=\"javascript:void(0);\">Formazione<\/a><br \/>\n\t\t\t\t\t<\/h2>\n<\/li>\n<\/ul>\n<\/nav>\n<h2>\n\t\t\t\t\t\t\t\t\t\t\t\tQuando utilizzarlo ?<br \/>\n\t\t\t\t\t\t\t\t\t\t\t<\/h2>\n<p>Nel momento in cui una teleferica (seggiovia, cabinovia) si blocca, \u00e8 imprescindibile che un soccorritore possa accedere alle sedute o cabine per evacuare le persone trasportate.<\/p>\n<p>Questo nuovo dispositivo \u00e8 in grado di spostarsi per lunghi tratti (autonomia media di 1000m a batteria), su pendenze occasionali del 36% massimo.<\/p>\n<p>Il soccorritore, inizialmente da un pilone ed in seguito dal tetto della cabina, sposta il dispositivo sul cavo, si posiziona sulla sospendita e si collega stabilmente al punto di aggancio tramite il suo cordino.<\/p>\n<h2>\n\t\t\t\t\t\t\t\t\t\t\t\tSicurezza<br \/>\n\t\t\t\t\t\t\t\t\t\t\t<\/h2>\n<p>In caso di malessere dell\u2019utilizzatore, il dispositivo di sicurezza integrato nel motore si innesta automaticamente al rilascio del pulsante dell\u2019impugnatura.<\/p>\n<h2>\n\t\t\t\t\t\t\t\t\t\t\t\tI vantaggi di Motorgames<br \/>\n\t\t\t\t\t\t\t\t\t\t\t<\/h2>\n<p>\u00a0&#8211; Motore elettrico<\/p>\n<p>&#8211; Peso del carrello: 8,5kg<\/p>\n<p>&#8211; Impugnatura di comando con due sensi di spostamento<\/p>\n<p>&#8211; Batteria intercambiabile per un utilizzo duraturo<\/p>\n<p>&#8211; Superamento delle pinze delle cabine senza scollegarlo dal cavo<\/p>\n<h2>\n\t\t\t\t\t\t\t\t\t\t\t\tAltri elementi<br \/>\n\t\t\t\t\t\t\t\t\t\t\t<\/h2>\n<p>&#8211; Imbragatura GH3<\/p>\n<p>&#8211; Cordino di 1 m<\/p>\n<p>&#8211; Connettore a chiusura automatica diametro 60mm<\/p>\n<h2>\n\t\t\t\t\t\t\t\t\t\t\t\tFormazione<br \/>\n\t\t\t\t\t\t\t\t\t\t\t<\/h2>\n<p>Modulo \u201cevacuazione da teleferica\u201d<\/p>\n<p>\t\t\t\t\t<!-- \/content --><br \/>\n\t<!-- \/tabs --><\/p>\n","protected":false},"excerpt":{"rendered":"<p>Tutti i nostri prodotti EVACUAZIONE DA TELEFERICA Motorgames Il MOTORGAMES \u00e8 un apparecchio totalmente motorizzato ed elettrico, che lavora su cavi di diametro da 26 a 64mm ad una velocit\u00e0&hellip;<\/p>\n","protected":false},"author":2,"featured_media":0,"parent":13802,"menu_order":0,"comment_status":"closed","ping_status":"open","template":"","meta":[],"_links":{"self":[{"href":"https:\/\/gamesystem.com\/it\/wp-json\/wp\/v2\/pages\/13823"}],"collection":[{"href":"https:\/\/gamesystem.com\/it\/wp-json\/wp\/v2\/pages"}],"about":[{"href":"https:\/\/gamesystem.com\/it\/wp-json\/wp\/v2\/types\/page"}],"author":[{"embeddable":true,"href":"https:\/\/gamesystem.com\/it\/wp-json\/wp\/v2\/users\/2"}],"replies":[{"embeddable":true,"href":"https:\/\/gamesystem.com\/it\/wp-json\/wp\/v2\/comments?post=13823"}],"version-history":[{"count":0,"href":"https:\/\/gamesystem.com\/it\/wp-json\/wp\/v2\/pages\/13823\/revisions"}],"up":[{"embeddable":true,"href":"https:\/\/gamesystem.com\/it\/wp-json\/wp\/v2\/pages\/13802"}],"wp:attachment":[{"href":"https:\/\/gamesystem.com\/it\/wp-json\/wp\/v2\/media?parent=13823"}],"curies":[{"name":"wp","href":"https:\/\/api.w.org\/{rel}","templated":true}]}}