{"id":13818,"date":"2018-02-20T17:11:31","date_gmt":"2018-02-20T17:11:31","guid":{"rendered":"https:\/\/preprod.gamesystem.com\/produits\/evacuation-sur-remontee-mecanique\/monoroulette-et-biroulette\/"},"modified":"2018-09-24T11:38:20","modified_gmt":"2018-09-24T11:38:20","slug":"monoruoto-e-biruota","status":"publish","type":"page","link":"https:\/\/gamesystem.com\/it\/prodotti\/evacuazione-da-teleferica\/monoruoto-e-biruota\/","title":{"rendered":"Monoruoto e Biruota"},"content":{"rendered":"<p>\t<a href=\"https:\/\/gamesystem.com\/it\/prodotti\/\" target=\"_self\" ><\/a><br \/>\n\t\t<strong> Tutti i nostri prodotti <\/strong><br \/>\n\t<a href=\"https:\/\/gamesystem.com\/it\/prodotti\/evacuazione-da-teleferica\/\" target=\"_self\" ><\/a><br \/>\n\t\t<strong> EVACUAZIONE DA TELEFERICA <\/strong>\t\t\t<\/p>\n<h1>Monoruota <br \/>e Biruota<\/h1>\n<p>I dispositivi MONORUOTA e BIRUOTA sono composti da uno o due rulli di plastica con una scanalatura a V per un posizionamento ottimale su cavi di qualunque diametro (23 a 80mm) e di un doppio braccio in alluminio, rinforzato lateralmente da elementi inox. La parte finale alloggia un foro destinato ad accogliere il moschettone dell\u2019 imbragatura del soccorritore. E\u2019 dunque impossibile utilizzarli in maniera scorretta<\/p>\n<p>\t\t\t\t<a href=\"https:\/\/gamesystem.com\/wp-content\/uploads\/2018\/07\/monoroulette-et-biroulette-gamesystem.png\" target=\"_self\" itemprop=\"url\"><br \/>\n\t\t\t\t<img decoding=\"async\" loading=\"lazy\" src=\"https:\/\/gamesystem.com\/wp-content\/uploads\/2018\/07\/monoroulette-et-biroulette-gamesystem.png\" alt=\"\u00e9vcauation de personne t\u00e9l\u00e9port\u00e9 avec gamme de produiits de la marque gamesystem\" itemprop=\"image\" height=\"600\" width=\"800\" title=\"monoroulette-et-biroulette-gamesystem\"  \/><br \/>\n\t\t\t\t<\/a><br \/>\n\t\t\t<a href=\"https:\/\/gamesystem.com\/wp-content\/uploads\/2018\/09\/Monoruota-e-Biruota-Gamesystem-IT.pdf\" target=\"_blank\" rel=\"noopener\"><br \/>\n\t\t\t\t\t\t\t\tScheda tecnica<br \/>\n\t\t\t\t\t\t\t<\/a><br \/>\n\t\t\t<a href=\"https:\/\/gamesystem.com\/wp-content\/uploads\/2018\/09\/Notice-utilisation-C-Roulette-de-sauvetage.pdf\" target=\"_blank\" rel=\"noopener\"><br \/>\n\t\t\t\t\t\t\t\tManuale di uso e manutenzione<br \/>\n\t\t\t\t\t\t\t<\/a><\/p>\n<nav>\n<ul>\n<li data-index=\"0\">\n<h2>\n\t\t\t\t\t\t<a href=\"javascript:void(0);\">Quando utilizzarlo ? <\/a><br \/>\n\t\t\t\t\t<\/h2>\n<\/li>\n<li data-index=\"1\">\n<h2>\n\t\t\t\t\t\t<a href=\"javascript:void(0);\">Sicurezza<\/a><br \/>\n\t\t\t\t\t<\/h2>\n<\/li>\n<li data-index=\"2\">\n<h2>\n\t\t\t\t\t\t<a href=\"javascript:void(0);\">Altri elementi <\/a><br \/>\n\t\t\t\t\t<\/h2>\n<\/li>\n<li data-index=\"3\">\n<h2>\n\t\t\t\t\t\t<a href=\"javascript:void(0);\">Formazione<\/a><br \/>\n\t\t\t\t\t<\/h2>\n<\/li>\n<\/ul>\n<\/nav>\n<h2>\n\t\t\t\t\t\t\t\t\t\t\t\tQuando utilizzarlo ?<br \/>\n\t\t\t\t\t\t\t\t\t\t\t<\/h2>\n<p>Nel momento in cui una teleferica (seggiovia, cabinovia) si blocca, \u00e8 imprescindibile che un soccorritore possa accedere ai posti o alle cabine per evacuare le persone trasportate.<\/p>\n<p>La scelta di questo dispositivo dipende da 3 parametri: breve distanza tra i veicoli (&lt;50 m) e\/o spostamenti moderati (&lt;25 m), e\/o debole pendenza del cavo (&lt;30 \u00b0).<\/p>\n<p>Il soccorritore, in sicurezza tramite la sua imbracatura, inizialmente da un pilone ed in seguito dal tetto della cabina (o sedile), posiziona la MONO o BIRUOTA sul cavo e si posiziona in sospensione, aiutato dal \u00absoccorritore a terra\u00bb, tramite una corda e un MODULATORE.<\/p>\n<p>Sar\u00e0 privilegiato la MONORUOTA per i cavi di diametro inferiore a 43mm e la BIRUOTA per diametri superiori, per garantire una trattenuta ottimale durante la discesa.<\/p>\n<h2>\n\t\t\t\t\t\t\t\t\t\t\t\tSicurezza<br \/>\n\t\t\t\t\t\t\t\t\t\t\t<\/h2>\n<p>La sicurezza dell\u2019utilizzatore di MONORUOTA e BIRUOTA \u00e8 assicurata dal \u00absoccorritore a terra\u00bb. Il dispositivo non ha n\u00e9 freno n\u00e9 accelerazione: \u00e8 il \u00absoccorritore a terra\u00bb che regola la velocit\u00e0 di discesa dell\u2019utente del dispositivo.<\/p>\n<h2>\n\t\t\t\t\t\t\t\t\t\t\t\tAltri elementi<br \/>\n\t\t\t\t\t\t\t\t\t\t\t<\/h2>\n<p>Per la trattenuta del corpo del soccorritore : un\u2019imbracatura GH5.<\/p>\n<p>Per la sua sicurezza in quota, un anticaduta a nastro da 3,5 m viene collegato al cavo della teleferica utilizzando un connettore autobloccante diametro 60 mm<\/p>\n<h2>\n\t\t\t\t\t\t\t\t\t\t\t\tFormazione<br \/>\n\t\t\t\t\t\t\t\t\t\t\t<\/h2>\n<p>Modulo \u201cevacuazione di una teleferica\u201d.<\/p>\n<p>\t\t\t\t\t<!-- \/content --><br \/>\n\t<!-- \/tabs --><\/p>\n","protected":false},"excerpt":{"rendered":"<p>Tutti i nostri prodotti EVACUAZIONE DA TELEFERICA Monoruota e Biruota I dispositivi MONORUOTA e BIRUOTA sono composti da uno o due rulli di plastica con una scanalatura a V per&hellip;<\/p>\n","protected":false},"author":7,"featured_media":0,"parent":13802,"menu_order":0,"comment_status":"closed","ping_status":"open","template":"","meta":[],"_links":{"self":[{"href":"https:\/\/gamesystem.com\/it\/wp-json\/wp\/v2\/pages\/13818"}],"collection":[{"href":"https:\/\/gamesystem.com\/it\/wp-json\/wp\/v2\/pages"}],"about":[{"href":"https:\/\/gamesystem.com\/it\/wp-json\/wp\/v2\/types\/page"}],"author":[{"embeddable":true,"href":"https:\/\/gamesystem.com\/it\/wp-json\/wp\/v2\/users\/7"}],"replies":[{"embeddable":true,"href":"https:\/\/gamesystem.com\/it\/wp-json\/wp\/v2\/comments?post=13818"}],"version-history":[{"count":0,"href":"https:\/\/gamesystem.com\/it\/wp-json\/wp\/v2\/pages\/13818\/revisions"}],"up":[{"embeddable":true,"href":"https:\/\/gamesystem.com\/it\/wp-json\/wp\/v2\/pages\/13802"}],"wp:attachment":[{"href":"https:\/\/gamesystem.com\/it\/wp-json\/wp\/v2\/media?parent=13818"}],"curies":[{"name":"wp","href":"https:\/\/api.w.org\/{rel}","templated":true}]}}