{"id":13802,"date":"2018-03-09T16:10:18","date_gmt":"2018-03-09T16:10:18","guid":{"rendered":"https:\/\/preprod.gamesystem.com\/produits\/evacuation-sur-remontee-mecanique\/"},"modified":"2020-01-16T10:45:18","modified_gmt":"2020-01-16T10:45:18","slug":"evacuazione-da-teleferica","status":"publish","type":"page","link":"https:\/\/gamesystem.com\/it\/prodotti\/evacuazione-da-teleferica\/","title":{"rendered":"Evacuazione da teleferica"},"content":{"rendered":"\n\t\t\t<h1>Evacuazione da teleferica<\/h1>\t\t\t\n\t\t\t\t\t\t\t\t\t\t\t<img decoding=\"async\" src=\"https:\/\/gamesystem.com\/wp-content\/uploads\/2018\/07\/motorgames-pour-acc\u00e8s-des-sauveteurs-en-securite.png\" alt=\"\u00e9vacuation de personne t\u00e9l\u00e9port\u00e9\">\n\t\t\t<a href=\"https:\/\/gamesystem.com\/it\/prodotti\/evacuazione-da-teleferica\/motorgames\/\" target=\"_self\" role=\"button\" rel=\"noopener noreferrer\">\n\t\t\t\t\t\t\tSaperne di pi\u00f9\n\t\t<\/a>\n\t\t\t\t\t\t<h4>\n\t\t\t\t\t\tMotorgames\t\t<\/h4>\n\t\t\t\t\t\t\t\t\t\t\t<img decoding=\"async\" src=\"https:\/\/gamesystem.com\/wp-content\/uploads\/2018\/07\/H\u00e9ligames-2.png\" alt=\"travail en hauteur et \u00e9vacuation\">\n\t\t\t<a href=\"\/?page_id=13814\" target=\"_blank\" rel=\"noopener noreferrer\" role=\"button\">\n\t\t\t\t\t\t\tSaperne di pi\u00f9\n\t\t<\/a>\n\t\t\t\t\t\t<h4>\n\t\t\t\t\t\tH\u00e9ligames 2\t\t<\/h4>\n\t\t\t\t\t\t\t\t\t\t\t<img decoding=\"async\" src=\"https:\/\/gamesystem.com\/wp-content\/uploads\/2018\/07\/V\u00e9ligames-2-acc\u00e9der-facilement-aux-personnes-t\u00e9l\u00e9port\u00e9s.png\" alt=\"acc\u00e8s des sauveteur au personne a \u00e9vacuer\">\n\t\t\t<a href=\"\/?page_id=13847\" target=\"_self\" role=\"button\" rel=\"noopener noreferrer\">\n\t\t\t\t\t\t\tSaperne di pi\u00f9\n\t\t<\/a>\n\t\t\t\t\t\t<h4>\n\t\t\t\t\t\tV\u00e9ligames 2\t\t<\/h4>\n\t\t\t\t\t\t\t\t\t\t\t<img decoding=\"async\" src=\"https:\/\/gamesystem.com\/wp-content\/uploads\/2018\/07\/Biroulette.png\" alt=\"secours en t\u00e9l\u00e9cabine t\u00e9l\u00e9ski\">\n\t\t\t<a href=\"https:\/\/gamesystem.com\/it\/prodotti\/evacuazione-da-teleferica\/monoruoto-e-biruota\/\" target=\"_blank\" rel=\"noopener noreferrer\" role=\"button\">\n\t\t\t\t\t\t\t Saperne di pi\u00f9\n\t\t<\/a>\n\t\t\t\t\t\t<h4>\n\t\t\t\t\t\tBiruota \t\t<\/h4>\n\t\t\t\t\t\t\t\t\t\t\t<img decoding=\"async\" src=\"https:\/\/gamesystem.com\/wp-content\/uploads\/2018\/07\/choucas-HM-pour-\u00e9vacuation-de-t\u00e9l\u00e9port\u00e9.png\" alt=\"\u00e9vacuation de t\u00e9l\u00e9poort\u00e9 dans une t\u00e9l\u00e9cabine\">\n\t\t\t<a href=\"https:\/\/gamesystem.com\/it\/prodotti\/specifiche\/choucas\/\" target=\"_self\" role=\"button\" rel=\"noopener noreferrer\">\n\t\t\t\t\t\t\t Saperne di pi\u00f9\n\t\t<\/a>\n\t\t\t\t\t\t<h4>\n\t\t\t\t\t\tChoucas HM\t\t<\/h4>\n\t\t\t\t\t\t\t\t\t\t\t<img decoding=\"async\" src=\"https:\/\/gamesystem.com\/wp-content\/uploads\/2018\/07\/sac-devacuation-pour-t\u00e9l\u00e9port\u00e9.png\" alt=\"evcauation oblique pour t\u00e9l\u00e9port\u00e9\">\n\t\t\t\t\t\t<h4>\n\t\t\t\t\t\tBorsa di evacuazione\t\t<\/h4>\n\t\t\t\t\t\t\t\t\t\t\t<img decoding=\"async\" src=\"https:\/\/gamesystem.com\/wp-content\/uploads\/2018\/07\/\u00e9chelle-pour-acc\u00e8s-du-sauveteur-\u00e0-la-t\u00e9l\u00e9cabine.png\" alt=\"faciliter d'acc\u00e8s \u00e0 une t\u00e9l\u00e9cabine grace \u00e0 une \u00e9chelle\">\n\t\t\t\t\t\t<h4>\n\t\t\t\t\t\tScala\t\t<\/h4>\n\t\t\t\t\t\t\t\t\t\t\t<img decoding=\"async\" src=\"https:\/\/gamesystem.com\/wp-content\/uploads\/2018\/07\/Monoroulette-Gamesystem.png\" alt=\"\u00e9vcauation de personne t\u00e9l\u00e9port\u00e9 dans t\u00e9l\u00e9cabine\">\n\t\t\t<a href=\"https:\/\/gamesystem.com\/it\/prodotti\/evacuazione-da-teleferica\/monoruoto-e-biruota\/\" target=\"_blank\" rel=\"noopener noreferrer\" role=\"button\">\n\t\t\t\t\t\t\t Saperne di pi\u00f9\n\t\t<\/a>\n\t\t\t\t\t\t<h4>\n\t\t\t\t\t\tMonoruota\t\t<\/h4>\n\t\t\t\t\t\t\t\t\t\t\t<img decoding=\"async\" src=\"https:\/\/gamesystem.com\/wp-content\/uploads\/2018\/07\/choucas-avec-volant-pour-\u00e9vacuation-de-personne-E-HM.png\" alt=\"\u00e9vacuation de personne bloqu\u00e9 en t\u00e9l\u00e9cabine\">\n\t\t\t<a href=\"https:\/\/gamesystem.com\/it\/prodotti\/specifiche\/choucas\/\" target=\"_self\" role=\"button\" rel=\"noopener noreferrer\">\n\t\t\t\t\t\t\t Saperne di pi\u00f9\n\t\t<\/a>\n\t\t\t\t\t\t<h4>\n\t\t\t\t\t\tChoucas E-HM\t\t<\/h4>\n\t\t\t\t\t\t\t\t\t\t\t<img decoding=\"async\" src=\"https:\/\/gamesystem.com\/wp-content\/uploads\/2018\/06\/sac-epi-gamesystem.png\" alt=\"sac pour travailleurs en hauteur\">\n\t\t\t<a href=\"https:\/\/gamesystem.com\/it\/prodotti\/evacuazione-da-teleferica\/zaino-40l-alta-resistenza\/\" target=\"_self\" role=\"button\" rel=\"noopener noreferrer\">\n\t\t\t\t\t\t\tSaperne di pi\u00f9\n\t\t<\/a>\n\t\t\t\t\t\t<h4>\n\t\t\t\t\t\tZaino 40L alta resistenza\t\t<\/h4>\n\t\t\t\t\t\t\t\t\t\t\t<img decoding=\"async\" src=\"https:\/\/gamesystem.com\/wp-content\/uploads\/2018\/07\/Roulette-d\u00e9vacuation-pour-secours-de-t\u00e9l\u00e9port\u00e9.png\" alt=\"sauveteur en montagne\">\n\t\t\t\t\t\t<h4>\n\t\t\t\t\t\tRoulette \t\t<\/h4>\n\t\t\t\t\t\t\t\t\t\t\t<img decoding=\"async\" src=\"https:\/\/gamesystem.com\/wp-content\/uploads\/2019\/04\/SKC-EVO-by-GAMESYSTEM.png\" alt=\"skc pour acc\u00e8s pylone\">\n\t\t\t<a href=\"https:\/\/gamesystem.com\/wp-content\/uploads\/2020\/01\/SKC-EVO-GAMESYSTEM-IT.pdf\" target=\"_blank\" rel=\"noopener noreferrer\" role=\"button\">\n\t\t\t\t\t\t\t Saperne di pi\u00f9\n\t\t<\/a>\n\t\t\t\t\t\t<h4>\n\t\t\t\t\t\tSKC EVO by Gamesystem\t\t<\/h4>\n\t\t\t\t\t\t\t\t\t\t\t<img decoding=\"async\" src=\"https:\/\/gamesystem.com\/wp-content\/uploads\/2018\/07\/treuil-pour-sauvetage-t\u00e9l\u00e9port\u00e9-plus-rapide.png\" alt=\"treuil pour sauvetage rapide\">\n\t\t\t\t\t\t<h4>\n\t\t\t\t\t\tVerricello\t\t<\/h4>\n","protected":false},"excerpt":{"rendered":"<p>Evacuazione da teleferica Saperne di pi\u00f9 Motorgames Saperne di pi\u00f9 H\u00e9ligames 2 Saperne di pi\u00f9 V\u00e9ligames 2 Saperne di pi\u00f9 Biruota Saperne di pi\u00f9 Choucas HM Borsa di evacuazione Scala&hellip;<\/p>\n","protected":false},"author":7,"featured_media":13473,"parent":13521,"menu_order":0,"comment_status":"closed","ping_status":"open","template":"","meta":[],"_links":{"self":[{"href":"https:\/\/gamesystem.com\/it\/wp-json\/wp\/v2\/pages\/13802"}],"collection":[{"href":"https:\/\/gamesystem.com\/it\/wp-json\/wp\/v2\/pages"}],"about":[{"href":"https:\/\/gamesystem.com\/it\/wp-json\/wp\/v2\/types\/page"}],"author":[{"embeddable":true,"href":"https:\/\/gamesystem.com\/it\/wp-json\/wp\/v2\/users\/7"}],"replies":[{"embeddable":true,"href":"https:\/\/gamesystem.com\/it\/wp-json\/wp\/v2\/comments?post=13802"}],"version-history":[{"count":0,"href":"https:\/\/gamesystem.com\/it\/wp-json\/wp\/v2\/pages\/13802\/revisions"}],"up":[{"embeddable":true,"href":"https:\/\/gamesystem.com\/it\/wp-json\/wp\/v2\/pages\/13521"}],"wp:featuredmedia":[{"embeddable":true,"href":"https:\/\/gamesystem.com\/it\/wp-json\/wp\/v2\/media\/13473"}],"wp:attachment":[{"href":"https:\/\/gamesystem.com\/it\/wp-json\/wp\/v2\/media?parent=13802"}],"curies":[{"name":"wp","href":"https:\/\/api.w.org\/{rel}","templated":true}]}}