{"id":13764,"date":"2018-03-09T16:09:17","date_gmt":"2018-03-09T16:09:17","guid":{"rendered":"https:\/\/preprod.gamesystem.com\/produits\/harnais-de-securite\/"},"modified":"2018-09-24T11:22:17","modified_gmt":"2018-09-24T11:22:17","slug":"imbragatura-di-sicurezza","status":"publish","type":"page","link":"https:\/\/gamesystem.com\/it\/prodotti\/imbragatura-di-sicurezza\/","title":{"rendered":"Imbragatura di sicurezza"},"content":{"rendered":"<h1>Imbragatura di sicurezza<\/h1>\n<p>\t\t\t\t\t\t\t\t\t\t\t<img decoding=\"async\" src=\"https:\/\/gamesystem.com\/wp-content\/uploads\/2018\/06\/Harnais-s\u00e9curit\u00e9-GHS-pour-travaux-en-hauteur.png\" alt=\"harnais de s\u00e9curit\u00e9 pour le travail en hauteur\"><br \/>\n\t\t\t<a href=\"https:\/\/gamesystem.com\/it\/prodotti\/imbragatura-di-sicurezza\/imbracatura-ghs\/\" target=\"_self\"   role=\"button\"><br \/>\n\t\t\t\t\t\t\t Saperne di pi\u00f9<br \/>\n\t\t<\/a><\/p>\n<h4>\n\t\t\tImbracatura GHs\t\t<\/h4>\n<p>\t\t\t\t\t\t\t\t\t\t\t<img decoding=\"async\" src=\"https:\/\/gamesystem.com\/wp-content\/uploads\/2018\/06\/Harnais-de-s\u00e9curit\u00e9-GH5-pour-travail-en-hauteur.png\" alt=\"harnais de s\u00e9curit\u00e9 gamesystem\"><br \/>\n\t\t\t<a href=\"https:\/\/gamesystem.com\/it\/prodotti\/imbragatura-di-sicurezza\/imbrago-gh5\/\" target=\"_blank\" rel=\"noopener\"  role=\"button\"><br \/>\n\t\t\t\t\t\t\t Saperne di pi<br \/>\n\t\t<\/a><\/p>\n<h4>\n\t\t\tImbracatura GH5\t\t<\/h4>\n<p>\t\t\t\t\t\t\t\t\t\t\t<img decoding=\"async\" src=\"https:\/\/gamesystem.com\/wp-content\/uploads\/2018\/06\/harnais-Gh1.png\" alt=\"harnais de travail gamesystem\"><br \/>\n\t\t\t<a href=\"https:\/\/gamesystem.com\/it\/prodotti\/imbragatura-di-sicurezza\/imbracatura-gh1\/\" target=\"_self\"   role=\"button\"><br \/>\n\t\t\t\t\t\t\tSaperne di pi\u00f9<br \/>\n\t\t<\/a><\/p>\n<h4>\n\t\t\tImbracatura GH1\t\t<\/h4>\n<p>\t\t\t\t\t\t\t\t\t\t\t<img decoding=\"async\" src=\"https:\/\/gamesystem.com\/wp-content\/uploads\/2018\/05\/ceinture-de-maintien-pour-le-travail-en-hauteur.png\" alt=\"ceinture de maintien pour les op\u00e9rateurs travaillant en hauteur\"><br \/>\n\t\t\t<a href=\"https:\/\/gamesystem.com\/it\/prodotti\/imbragatura-di-sicurezza\/cintura-di-posizionamento\/\" target=\"_self\"   role=\"button\"><br \/>\n\t\t\t\t\t\t\tSaperne di pi\u00f9<br \/>\n\t\t<\/a><\/p>\n<h4>\n\t\t\tCintura di posizionamento\t\t<\/h4>\n<p>\t\t\t\t\t\t\t\t\t\t\t<img decoding=\"async\" src=\"https:\/\/gamesystem.com\/wp-content\/uploads\/2018\/06\/Harnais-de-securite-GH3.png\" alt=\"harnais s\u00e9curit\u00e9 pour travailleur en hauteur\"><br \/>\n\t\t\t<a href=\"https:\/\/gamesystem.com\/it\/prodotti\/imbragatura-di-sicurezza\/imbragatura-gh\/\" target=\"_blank\" rel=\"noopener\"  role=\"button\"><br \/>\n\t\t\t\t\t\t\t Saperne di pi\u00f9<br \/>\n\t\t<\/a><\/p>\n<h4>\n\t\t\tImbracatura GH3\t\t<\/h4>\n","protected":false},"excerpt":{"rendered":"<p>Imbragatura di sicurezza Saperne di pi\u00f9 Imbracatura GHs Saperne di pi Imbracatura GH5 Saperne di pi\u00f9 Imbracatura GH1 Saperne di pi\u00f9 Cintura di posizionamento Saperne di pi\u00f9 Imbracatura GH3<\/p>\n","protected":false},"author":7,"featured_media":0,"parent":13521,"menu_order":0,"comment_status":"closed","ping_status":"open","template":"","meta":[],"_links":{"self":[{"href":"https:\/\/gamesystem.com\/it\/wp-json\/wp\/v2\/pages\/13764"}],"collection":[{"href":"https:\/\/gamesystem.com\/it\/wp-json\/wp\/v2\/pages"}],"about":[{"href":"https:\/\/gamesystem.com\/it\/wp-json\/wp\/v2\/types\/page"}],"author":[{"embeddable":true,"href":"https:\/\/gamesystem.com\/it\/wp-json\/wp\/v2\/users\/7"}],"replies":[{"embeddable":true,"href":"https:\/\/gamesystem.com\/it\/wp-json\/wp\/v2\/comments?post=13764"}],"version-history":[{"count":0,"href":"https:\/\/gamesystem.com\/it\/wp-json\/wp\/v2\/pages\/13764\/revisions"}],"up":[{"embeddable":true,"href":"https:\/\/gamesystem.com\/it\/wp-json\/wp\/v2\/pages\/13521"}],"wp:attachment":[{"href":"https:\/\/gamesystem.com\/it\/wp-json\/wp\/v2\/media?parent=13764"}],"curies":[{"name":"wp","href":"https:\/\/api.w.org\/{rel}","templated":true}]}}