{"id":13758,"date":"2018-01-30T13:43:31","date_gmt":"2018-01-30T13:43:31","guid":{"rendered":"https:\/\/preprod.gamesystem.com\/notre-vision-metier-historique\/"},"modified":"2024-05-27T17:46:17","modified_gmt":"2024-05-27T15:46:17","slug":"la-nostra-vision","status":"publish","type":"page","link":"https:\/\/gamesystem.com\/it\/la-nostra-vision\/","title":{"rendered":"La nostra vision"},"content":{"rendered":"\n\n\t\t\t<h1>Fr\u00e9n\u00e9hard &#038; Michaux<\/h1>\t\t\t\n\t\t\t\t<img decoding=\"async\" loading=\"lazy\" src=\"https:\/\/gamesystem.com\/wp-content\/uploads\/2024\/05\/Carte-site-27mai2024-1024x1024px.png\" alt=\"Carte site 27mai2024 1024x1024px\" itemprop=\"image\" height=\"1024\" width=\"1024\" title=\"Carte site 27mai2024 1024x1024px\" onerror=\"this.style.display='none'\"  \/>\n\t\t\t<h2>IL NOSTRO GRUPPO<\/h2>\t\t\t\n\t\t\t\t<p>Il gruppo Fr\u00e9n\u00e9hard &amp; Michaux \u00e8 un gruppo industriale familiare che conta oltre 1200 dipendenti nel mondo. Le nostre imprese portano soluzioni agli addetti ai lavori per aiutarli a lavorare ogni giorno in modo sicuro ed efficace, con prodotti e servizi che rispondono a tutte le loro esigenze relative a coperture, grondaie e lavoro in quota. Il nostro impegno consiste nel fornire ai clienti qualit\u00e0 e servizio eccellenti. Con oltre 100 anni di esperienza, siamo orgogliosi di essere il fornitore preferito da professionisti di tutto il mondo.<\/p>\n\t\t\t<h2>L&#8217;ALTEZZA IN SICUREZZA\u00ae<\/h2>\t\t\t\n\t\t\t\t<p>Altrex, Artub, FMS Ringue, Fr\u00e9n\u00e9hard, Gamesystem, MA Estructuras, Securigard, Skyworks, Syam, Tendo, Tubesca-Comabi&#8230; La famiglia Fr\u00e9n\u00e9hard &amp; Michaux \u00e8 un gruppo affiatato che condivide gli stessi valori, tra cui quello di proteggere chi lavora in quota. Lavoriamo tutti insieme per realizzare trabattelli e scale per tetti e altre attrezzature e dispositivi di protezione necessari; con una sola priorit\u00e0: garantire la sicurezza di chi li usa!<\/p>\n<p>La sicurezza del lavoro in quota \u00e8 al centro di tutte le nostre attivit\u00e0 e guida le azioni del nostro gruppo giorno dopo giorno.<\/p>\n\t\t\t<h2>I nostri valori<\/h2>\n\t<a href=\"https:\/\/gamesystem.com\/audit-accompagnement\/\" target=\"_self\" aria-label=\"Go to https:\/\/gamesystem.com\/audit-accompagnement\/\" rel=\"noopener\"><\/a>\n\t\t\t\t<img decoding=\"async\" src=\"https:\/\/gamesystem.com\/wp-content\/uploads\/2023\/01\/ecouter-150x150.png\" alt=\"\u00e9couter\" title=\"\u00e9couter\" itemprop=\"image\"\/>\n\t\t<h3>Ascoltare<\/h3>\n\t\t\t\t<p>Da Gamesystem, ci prendiamo tutto il tempo necessario per ascoltare i nostri clienti e comprendere le loro attese, al fine di immaginare per loro i prodotti e servizi del futuro.<\/p>\n<p>L&#8217;ascolto sincero e permanente dei nostri collaboratori e colleghi sta alla base per la realizzazione di un lavoro affidabile, duraturo e riuscito.<\/p>\n\t<a href=\"https:\/\/gamesystem.com\/ingenierie\/\" target=\"_self\" aria-label=\"Go to https:\/\/gamesystem.com\/ingenierie\/\" rel=\"noopener\"><\/a>\n\t\t\t\t<img decoding=\"async\" src=\"https:\/\/gamesystem.com\/wp-content\/uploads\/2023\/01\/innover.png\" alt=\"innover\" title=\"innover\" itemprop=\"image\"\/>\n\t\t<h3>Innovare<\/h3>\n\t\t\t\t<p>Da Gamesystem, lavoriamo fianco a fianco con i nostri clienti e con il nostro ambiente per migliorare i nostri prodotti e i nostri processi.<\/p>\n<p>Incoraggiando l&#8217;iniziativa, ci rimettiamo in discussione, sia a livello di Gruppo sia a livello individuale, per sviluppare nuove idee.<\/p>\n\t<a href=\"https:\/\/gamesystem.com\/controle-et-maintenance-des-systemes-anti-chute\/\" target=\"_self\" aria-label=\"Go to https:\/\/gamesystem.com\/controle-et-maintenance-des-systemes-anti-chute\/\" rel=\"noopener\"><\/a>\n\t\t\t\t<img decoding=\"async\" src=\"https:\/\/gamesystem.com\/wp-content\/uploads\/2023\/01\/selever.png\" alt=\"s&#039;\u00e9lever\" title=\"s&#039;\u00e9lever\" itemprop=\"image\"\/>\n\t\t<h3>Progredire<\/h3>\n\t\t\t\t<p>Da Gamesystem, crediamo nei nostri collaboratori.<br \/>Coltivare la crescita personale, lo sviluppo delle competenze, i comportamenti positivi e il lavoro di squadra fa parte della nostra cultura.<\/p>\n<p>Condividiamo quest&#8217;orgoglio all&#8217;esterno, valorizzando i nostri marchi, la nostra immagine, i nostri stabilimenti e gli uomini e le donne che li sostengono.<\/p>\n\t<a href=\"https:\/\/gamesystem.com\/fabrication-montage\/\" target=\"_self\" aria-label=\"Go to https:\/\/gamesystem.com\/fabrication-montage\/\" rel=\"noopener\"><\/a>\n\t\t\t<h3>Impegnarsi<\/h3>\t\t\n\t\t\t\t<img decoding=\"async\" src=\"https:\/\/gamesystem.com\/wp-content\/uploads\/2023\/01\/sengager.png\" alt=\"s&#039;engager\" title=\"s&#039;engager\" itemprop=\"image\"\/>\n\t\t\t\t<p>Da Gamesystem, il rispetto degli impegni \u00e8 fondamentale per tutti.<\/p>\n<p>Difendiamo una cultura dell&#8217;iniziativa e di responsabilizzazione che va di pari passo con il dovere di rispettare impegni assunti, sia tra collaboratori sia nei confronti di clienti e partner.<\/p>\n\t<a href=\"https:\/\/gamesystem.com\/fabrication-montage\/\" target=\"_self\" aria-label=\"Go to https:\/\/gamesystem.com\/fabrication-montage\/\" rel=\"noopener\"><\/a>\n\t\t\t<h3>Proteggere<\/h3>\t\t\n\t\t\t\t<img decoding=\"async\" src=\"https:\/\/gamesystem.com\/wp-content\/uploads\/2023\/01\/proteger.png\" alt=\"prot\u00e9ger\" title=\"prot\u00e9ger\" itemprop=\"image\"\/>\n\t\t\t\t<p>Da Gamesystem, privilegiamo la qualit\u00e0 per garantire processi e prodotti a servizio della sicurezza degli utilizzatori e a garanzia della durata nel tempo delle costruzioni.<\/p>\n<p>Accordiamo una priorit\u00e0 assoluta alla salute e alla sicurezza dei nostri collaboratori.<\/p>\n\t\t\t<h2>Il nostro metodo : <\/h2>\n\t<p>Consiste nell&#8217;essere esperti sull&#8217;insieme degli aspetti legati alla messa in sicurezza dei lavori in quota. <strong>Gamesystem \u00e8 una delle poche societ\u00e0 sul mercato a provvedere internamente ai 4 punti della sicurezza in quota:<\/strong><\/p>\n\t\t<h3>Produzione dell&#8217;imbracatura.<\/h3>\n\t\t<h3>Produzione dei dispositivi d&#8217;ancoraggio o della protezione collettiva.<\/h3>\n\t\t\t<h3>Produzione del collegamento anticaduta.<\/h3>\t\t\t\t\n\t\t\t<h3>Formazione dei dirigenti <br \/> e degli operatori.<\/h3>\t\t\t\t\n\t\t\t<h2>La nostra storia<\/h2>\n\t<ul>\n\t\t<li>\t\t\t\t\n\t\t<p>1979Nascita di Gamesystem Francia.<\/p><\/li><li>\t\t\t\t\n\t\t<p>1980Presentazione dell&#8217;anticaduta verticale PAPILLON in occasione del Salone dell&#8217;Innovazione a Parigi, tutt&#8217;oggi unico anticaduta in grado di bloccarsi su un cavo di 5mm tramite pulegge.<\/p><\/li><li>\t\t\t\t\n\t\t<p>1984Primi test in Francia su una Linea di Vita orizzontale con l&#8217;INRS al CEBTP.<\/p><\/li><li>\t\t\t\t\n\t\t<p>1986Creazione di Gamestream, primo organismo francese di formazione sul lavoro in altezza.<\/p><\/li><li>\t\t\t\t\n\t\t<p>1987Integrazione in Gamesystem Francia dei dispositivi di evacuazione degli impianti di risalita Pomagalski.<\/p><\/li>\t<\/ul>\n\t<ul>\n\t\t<li>\t\t\t\t\n\t\t<p>1988Nascita di Gamesystem Spagna.<\/p><\/li><li>\t\t\t\t\n\t\t<p>1992\u00a0Nascita di Gamesystem Italia.<\/p><\/li><li>\t\t\t\t\n\t\t<p>2005Inserimento di Gamestream all&#8217;interno di Gamesystem Francia.<\/p><\/li><li>\t\t\t\t\n\t\t<p>2009Creazione di una soluzione modulabile di parapetto alluminio.<\/p><\/li><li>\t\t\t\t\n\t\t<p>2021Acquisizione di Gamesystem da parte di Fr\u00e9n\u00e9hard &amp; Michaux<\/p><\/li>\t<\/ul>\n\n","protected":false},"excerpt":{"rendered":"<p>Fr\u00e9n\u00e9hard &#038; Michaux IL NOSTRO GRUPPO Il gruppo Fr\u00e9n\u00e9hard &amp; Michaux \u00e8 un gruppo industriale familiare che conta oltre 1200 dipendenti nel mondo. Le nostre imprese portano soluzioni agli addetti&hellip;<\/p>\n","protected":false},"author":7,"featured_media":0,"parent":0,"menu_order":0,"comment_status":"closed","ping_status":"open","template":"","meta":[],"_links":{"self":[{"href":"https:\/\/gamesystem.com\/it\/wp-json\/wp\/v2\/pages\/13758"}],"collection":[{"href":"https:\/\/gamesystem.com\/it\/wp-json\/wp\/v2\/pages"}],"about":[{"href":"https:\/\/gamesystem.com\/it\/wp-json\/wp\/v2\/types\/page"}],"author":[{"embeddable":true,"href":"https:\/\/gamesystem.com\/it\/wp-json\/wp\/v2\/users\/7"}],"replies":[{"embeddable":true,"href":"https:\/\/gamesystem.com\/it\/wp-json\/wp\/v2\/comments?post=13758"}],"version-history":[{"count":0,"href":"https:\/\/gamesystem.com\/it\/wp-json\/wp\/v2\/pages\/13758\/revisions"}],"wp:attachment":[{"href":"https:\/\/gamesystem.com\/it\/wp-json\/wp\/v2\/media?parent=13758"}],"curies":[{"name":"wp","href":"https:\/\/api.w.org\/{rel}","templated":true}]}}