{"id":13757,"date":"2018-03-09T16:05:37","date_gmt":"2018-03-09T16:05:37","guid":{"rendered":"https:\/\/preprod.gamesystem.com\/liaisons-antichute\/"},"modified":"2020-06-24T10:47:40","modified_gmt":"2020-06-24T08:47:40","slug":"collegamenti-anticaduta","status":"publish","type":"page","link":"https:\/\/gamesystem.com\/it\/prodotti\/collegamenti-anticaduta\/","title":{"rendered":"Collegamenti anticaduta"},"content":{"rendered":"\n\t\t\t<h1>Collegamenti anticaduta<\/h1>\t\t\t\n\t\t\t\t\t\t\t\t\t\t\t<img decoding=\"async\" src=\"https:\/\/gamesystem.com\/wp-content\/uploads\/2018\/05\/Longe-double-pour-travaux-en-hauteur.png\" alt=\"longe double pour interventions en hauteur\">\n\t\t\t<a href=\"https:\/\/gamesystem.com\/it\/prodotti\/collegamenti-anticaduta\/cordino-doppio-elastico\/\" target=\"_self\" role=\"button\" rel=\"noopener noreferrer\">\n\t\t\t\t\t\t\t Saperne di pi\u00f9\n\t\t<\/a>\n\t\t\t\t\t\t<h4>\n\t\t\t\t\t\tCordino doppio elastico\t\t<\/h4>\n\t\t\t\t\t\t\t\t\t\t\t<img decoding=\"async\" src=\"https:\/\/gamesystem.com\/wp-content\/uploads\/2018\/07\/enrouleur-\u00e0-rappel-automatique-stop-chute.png\" alt=\"enrouleur pour travail en hauteur\">\n\t\t\t\t\t\t<h4>\n\t\t\t\t\t\tAnticaduta a richiamo automatico\t\t<\/h4>\n\t\t\t\t\t\t\t\t\t\t\t<img decoding=\"async\" src=\"https:\/\/gamesystem.com\/wp-content\/uploads\/2018\/07\/Longe-simple-Gamesystem.png\" alt=\"lponge pour travail en hauteur\">\n\t\t\t<a href=\"https:\/\/gamesystem.com\/it\/prodotti\/collegamenti-anticaduta\/cordino-fisso\/\" target=\"_blank\" rel=\"noopener noreferrer\" role=\"button\">\n\t\t\t\t\t\t\t Saperne di pi\u00f9\n\t\t<\/a>\n\t\t\t\t\t\t<h4>\n\t\t\t\t\t\tCordino fisso\t\t<\/h4>\n\t\t\t\t\t\t\t\t\t\t\t<img decoding=\"async\" src=\"https:\/\/gamesystem.com\/wp-content\/uploads\/2018\/05\/Sangle-dancrage-pour-travaux-en-hauteur.png\" alt=\"sangle d&#039;ancrage sp\u00e9cifique au travaux en hauteur et aux interventions en s\u00e9curit\u00e9\">\n\t\t\t<a href=\"https:\/\/gamesystem.com\/it\/prodotti\/collegamenti-anticaduta\/fettucia-dancoraggio\/\" target=\"_self\" role=\"button\" rel=\"noopener noreferrer\">\n\t\t\t\t\t\t\tSaperne di pi\u00f9\n\t\t<\/a>\n\t\t\t\t\t\t<h4>\n\t\t\t\t\t\tFettuccia d&#8217;ancoraggio\t\t<\/h4>\n\t\t\t\t\t\t\t\t\t\t\t<img decoding=\"async\" src=\"https:\/\/gamesystem.com\/wp-content\/uploads\/2018\/05\/Systeme-papillon-pour-travaux-en-hauteur.png\" alt=\"system de protection vertcial papillon gamesystem\">\n\t\t\t<a href=\"https:\/\/gamesystem.com\/it\/prodotti\/collegamenti-anticaduta\/papillon\/\" target=\"_blank\" rel=\"noopener noreferrer\" role=\"button\">\n\t\t\t\t\t\t\tSaperne di pi\u00f9\n\t\t<\/a>\n\t\t\t\t\t\t<h4>\n\t\t\t\t\t\tPapillon\t\t<\/h4>\n\t\t\t\t\t\t\t\t\t\t\t<img decoding=\"async\" src=\"https:\/\/gamesystem.com\/wp-content\/uploads\/2018\/07\/connecteurs-Gamesystem.png\" alt=\"connceteurs : crochets et mousqueton pour travail en hauteur\">\n\t\t\t<a href=\"https:\/\/gamesystem.com\/it\/prodotti\/collegamenti-anticaduta\/connettore\/\" target=\"_self\" role=\"button\" rel=\"noopener noreferrer\">\n\t\t\t\t\t\t\t Saperne di pi\u00f9\n\t\t<\/a>\n\t\t\t\t\t\t<h4>\n\t\t\t\t\t\tConnettore\t\t<\/h4>\n\t\t\t\t\t\t\t\t\t\t\t<img decoding=\"async\" src=\"https:\/\/gamesystem.com\/wp-content\/uploads\/2018\/05\/Moduleur-corde-pour-toiture-plate-ou-pente.png\" alt=\"evoluer en s\u00e9curit\u00e9 en toiture\">\n\t\t\t<a href=\"https:\/\/gamesystem.com\/it\/prodotti\/collegamenti-anticaduta\/modulatore\/\" target=\"_self\" role=\"button\" rel=\"noopener noreferrer\">\n\t\t\t\t\t\t\tSaperne di pi\u00f9\n\t\t<\/a>\n\t\t\t\t\t\t<h4>\n\t\t\t\t\t\tModulatore\t\t<\/h4>\n\t\t\t\t\t\t\t\t\t\t\t<img decoding=\"async\" src=\"https:\/\/gamesystem.com\/wp-content\/uploads\/2018\/05\/Perche-t\u00e9l\u00e9scopique.png\" alt=\"perche pour travail en hauteur\">\n\t\t\t<a href=\"https:\/\/gamesystem.com\/it\/prodotti\/collegamenti-anticaduta\/pertica-telescopia\/\" target=\"_blank\" rel=\"noopener noreferrer\" role=\"button\">\n\t\t\t\t\t\t\tSaperne di pi\u00f9\n\t\t<\/a>\n\t\t\t\t\t\t<h4>\n\t\t\t\t\t\tPertica Telescopica\t\t<\/h4>\n","protected":false},"excerpt":{"rendered":"<p>Collegamenti anticaduta Saperne di pi\u00f9 Cordino doppio elastico Anticaduta a richiamo automatico Saperne di pi\u00f9 Cordino fisso Saperne di pi\u00f9 Fettuccia d&#8217;ancoraggio Saperne di pi\u00f9 Papillon Saperne di pi\u00f9 Connettore&hellip;<\/p>\n","protected":false},"author":7,"featured_media":0,"parent":13521,"menu_order":0,"comment_status":"closed","ping_status":"open","template":"","meta":[],"_links":{"self":[{"href":"https:\/\/gamesystem.com\/it\/wp-json\/wp\/v2\/pages\/13757"}],"collection":[{"href":"https:\/\/gamesystem.com\/it\/wp-json\/wp\/v2\/pages"}],"about":[{"href":"https:\/\/gamesystem.com\/it\/wp-json\/wp\/v2\/types\/page"}],"author":[{"embeddable":true,"href":"https:\/\/gamesystem.com\/it\/wp-json\/wp\/v2\/users\/7"}],"replies":[{"embeddable":true,"href":"https:\/\/gamesystem.com\/it\/wp-json\/wp\/v2\/comments?post=13757"}],"version-history":[{"count":0,"href":"https:\/\/gamesystem.com\/it\/wp-json\/wp\/v2\/pages\/13757\/revisions"}],"up":[{"embeddable":true,"href":"https:\/\/gamesystem.com\/it\/wp-json\/wp\/v2\/pages\/13521"}],"wp:attachment":[{"href":"https:\/\/gamesystem.com\/it\/wp-json\/wp\/v2\/media?parent=13757"}],"curies":[{"name":"wp","href":"https:\/\/api.w.org\/{rel}","templated":true}]}}