{"id":13745,"date":"2018-07-27T08:41:25","date_gmt":"2018-07-27T08:41:25","guid":{"rendered":"https:\/\/preprod.gamesystem.com\/longe-simple\/"},"modified":"2018-09-16T21:27:15","modified_gmt":"2018-09-16T21:27:15","slug":"cordino-fisso","status":"publish","type":"page","link":"https:\/\/gamesystem.com\/it\/prodotti\/collegamenti-anticaduta\/cordino-fisso\/","title":{"rendered":"Cordino fisso"},"content":{"rendered":"<p>\t<a href=\"https:\/\/gamesystem.com\/it\/prodotti\/\" target=\"_self\" ><\/a><br \/>\n\t\t<strong> Tutti i nostri prodotti <\/strong><br \/>\n\t<a href=\"https:\/\/gamesystem.com\/it\/prodotti\/collegamenti-anticaduta\/\" target=\"_self\" ><\/a><br \/>\n\t\t<strong> COLLEGAMENTI ANTICADUTA<\/strong>\t\t\t<\/p>\n<h1>Cordino fisso<\/h1>\n<p>Un cordino fisso non pu\u00f2 essere pi\u00f9 lungo di 2m , compresi i connettori. Il nostro cordino standard in fettuccia tubolare elastica \u00e8 prodotto con un moschettone ad ogni estremit\u00e0.<\/p>\n<p>Misura 72mm a riposo ed 1 m in tensione. Su richiesta \u00e8 possibile ricevere il dispositivo in altre lunghezze e scegliere il tipo di connettori.<\/p>\n<p>\t\t\t\t<a href=\"https:\/\/gamesystem.com\/wp-content\/uploads\/2018\/07\/Longe-simple-Gamesystem.png\" target=\"_self\" itemprop=\"url\"><br \/>\n\t\t\t\t<img decoding=\"async\" loading=\"lazy\" src=\"https:\/\/gamesystem.com\/wp-content\/uploads\/2018\/07\/Longe-simple-Gamesystem.png\" alt=\"lponge pour travail en hauteur\" itemprop=\"image\" height=\"600\" width=\"800\" title=\"Longe-simple-Gamesystem\"  \/><br \/>\n\t\t\t\t<\/a><br \/>\n\t\t\t<a href=\"https:\/\/gamesystem.com\/wp-content\/uploads\/2018\/09\/Cordino-Fisso-Gamesystem-IT.pdf\" target=\"_blank\" role=\"button\" rel=\"noopener\" ><br \/>\n\t\t\t\t\t\t\tScheda tecnica<br \/>\n\t\t\t\t\t<\/a><\/p>\n<nav>\n<ul>\n<li data-index=\"0\">\n<h2>\n\t\t\t\t\t\t<a href=\"javascript:void(0);\">Quando utilizzarlo ? <\/a><br \/>\n\t\t\t\t\t<\/h2>\n<\/li>\n<li data-index=\"1\">\n<h2>\n\t\t\t\t\t\t<a href=\"javascript:void(0);\">Sicurezza<\/a><br \/>\n\t\t\t\t\t<\/h2>\n<\/li>\n<li data-index=\"2\">\n<h2>\n\t\t\t\t\t\t<a href=\"javascript:void(0);\">Formazione<\/a><br \/>\n\t\t\t\t\t<\/h2>\n<\/li>\n<\/ul>\n<\/nav>\n<h2>\n\t\t\t\t\t\t\t\t\t\t\t\tQuando utilizzarlo ?<br \/>\n\t\t\t\t\t\t\t\t\t\t\t<\/h2>\n<p>Un cordino fi sso elastico \u00e8 un elemento o componente di collegamento all\u2019interno di un sistema di arresto cadute e serve ad impedire la caduta, non ad arrestarla.<\/p>\n<p>Questo tipo di collegamento \u00e8 preferibile, ad esempio, abbinato ad un dispositivo di ancoraggio mobile laddove il rischio caduta \u00e8 quasi nullo<\/p>\n<h2>\n\t\t\t\t\t\t\t\t\t\t\t\tSicurezza<br \/>\n\t\t\t\t\t\t\t\t\t\t\t<\/h2>\n<p>Abbiamo scelto di utilizzare una fettuccia tubolare elastica per evitare che un\u2019eventuale cedevolezza del nastro possa creare situazioni a rischio.<\/p>\n<h2>\n\t\t\t\t\t\t\t\t\t\t\t\tFormazione<br \/>\n\t\t\t\t\t\t\t\t\t\t\t<\/h2>\n<p>Nessuna formazione specifi ca.<\/p>\n<p>\t\t\t\t\t<!-- \/content --><br \/>\n\t<!-- \/tabs --><\/p>\n","protected":false},"excerpt":{"rendered":"<p>Tutti i nostri prodotti COLLEGAMENTI ANTICADUTA Cordino fisso Un cordino fisso non pu\u00f2 essere pi\u00f9 lungo di 2m , compresi i connettori. Il nostro cordino standard in fettuccia tubolare elastica&hellip;<\/p>\n","protected":false},"author":2,"featured_media":0,"parent":13757,"menu_order":0,"comment_status":"closed","ping_status":"open","template":"","meta":[],"_links":{"self":[{"href":"https:\/\/gamesystem.com\/it\/wp-json\/wp\/v2\/pages\/13745"}],"collection":[{"href":"https:\/\/gamesystem.com\/it\/wp-json\/wp\/v2\/pages"}],"about":[{"href":"https:\/\/gamesystem.com\/it\/wp-json\/wp\/v2\/types\/page"}],"author":[{"embeddable":true,"href":"https:\/\/gamesystem.com\/it\/wp-json\/wp\/v2\/users\/2"}],"replies":[{"embeddable":true,"href":"https:\/\/gamesystem.com\/it\/wp-json\/wp\/v2\/comments?post=13745"}],"version-history":[{"count":0,"href":"https:\/\/gamesystem.com\/it\/wp-json\/wp\/v2\/pages\/13745\/revisions"}],"up":[{"embeddable":true,"href":"https:\/\/gamesystem.com\/it\/wp-json\/wp\/v2\/pages\/13757"}],"wp:attachment":[{"href":"https:\/\/gamesystem.com\/it\/wp-json\/wp\/v2\/media?parent=13745"}],"curies":[{"name":"wp","href":"https:\/\/api.w.org\/{rel}","templated":true}]}}