{"id":13736,"date":"2018-02-21T13:54:56","date_gmt":"2018-02-21T13:54:56","guid":{"rendered":"https:\/\/preprod.gamesystem.com\/perche-telescopique\/"},"modified":"2020-06-24T10:43:27","modified_gmt":"2020-06-24T08:43:27","slug":"pertica-telescopia","status":"publish","type":"page","link":"https:\/\/gamesystem.com\/it\/prodotti\/collegamenti-anticaduta\/pertica-telescopia\/","title":{"rendered":"Perica telescopia"},"content":{"rendered":"\r\n<p><strong> Tutti i nostri prodotti <\/strong> <strong> COLLEGAMENTI ANTICADUTA<\/strong><\/p>\r\n<h1>Pertica Telescopica<\/h1>\r\n<p><strong>Pertica telescopica fissa:<\/strong> il connettore \u00e8 unito alla pertica ed \u00e8 in posizione fissa, normalmente chiusa. L\u2019apertura del connettore si comanda tramite un cordino. La pertica rimane in posizione durante le fasi di lavoro. Il connettore da 60mm di diametro \u00e8 incluso nel codice del prodotto. Disponibile nelle lunghezze 3m e 5m<\/p>\r\n<p><strong>Pertica telescopica con connettore ripiegabile:<\/strong> Il connettore \u00e8 posizionato all\u2019estremit\u00e0 della pertica, solitamente in posizione aperta. Quest\u2019ultimo si chiude una volta appoggiato al punto di ancoraggio, grazie al peso dell\u2019anticaduta. Durante le fasi di lavoro la pertica si recupera e non causa intralcio. Il connettore non \u00e8 incluso nel codice del prodotto perch\u00e9 \u00e8 possibile sceglierlo tra differenti diametri (60mm e 95mm) Disponibile nelle lunghezze 3m, 5m, 8m e 9m.<\/p>\r\n<p><a href=\"https:\/\/gamesystem.com\/wp-content\/uploads\/2018\/05\/Perche-t\u00e9l\u00e9scopique.png\" target=\"_self\" rel=\"noopener noreferrer\"> <img decoding=\"async\" loading=\"lazy\" title=\"Perche t\u00e9l\u00e9scopique\" src=\"https:\/\/gamesystem.com\/wp-content\/uploads\/2018\/05\/Perche-t\u00e9l\u00e9scopique.png\" alt=\"perche pour travail en hauteur\" width=\"800\" height=\"600\" \/> <\/a> <a role=\"button\" href=\"https:\/\/gamesystem.com\/wp-content\/uploads\/2020\/06\/Pertica-Telescopica-Gamesystem-IT.pdf\" target=\"_blank\" rel=\"noopener noreferrer\"> Scheda tecnica <\/a><\/p>\r\n<nav>\r\n<ul>\r\n<li data-index=\"0\">\r\n<h2><a>Quando utilizzarlo ? <\/a><\/h2>\r\n<\/li>\r\n<li data-index=\"1\">\r\n<h2><a>Sicurezza<\/a><\/h2>\r\n<\/li>\r\n<\/ul>\r\n<\/nav>\r\n<h2>Quando utilizzarlo ?<\/h2>\r\n<p>Quando \u00e8 difficile od impossibile posizionare o abbassare un dispositivo d\u2019ancoraggio, cosi da permettere all\u2019operatore di collegare con facilit\u00e0 il suo sistema anticaduta,la soluzione ideale \u00e8 di disporre di una PERTICA TELESCOPICA<\/p>\r\n<h2>Sicurezza<\/h2>\r\n<p>Per la sicurezza anticaduta, si fissa al connettore automatico da 60mm di diametro un sistema di recupero in cordino oppure un anticaduta a nastro di lunghezza adeguata. Il connettore richiede comunque un doppio gesto per l\u2019apertura.<\/p>\r\n<!-- \/content --><!-- \/tabs -->","protected":false},"excerpt":{"rendered":"<p>Tutti i nostri prodotti COLLEGAMENTI ANTICADUTA Pertica Telescopica Pertica telescopica fissa: il connettore \u00e8 unito alla pertica ed \u00e8 in posizione fissa, normalmente chiusa. L\u2019apertura del connettore si comanda tramite&hellip;<\/p>\n","protected":false},"author":7,"featured_media":0,"parent":13757,"menu_order":0,"comment_status":"closed","ping_status":"open","template":"","meta":[],"_links":{"self":[{"href":"https:\/\/gamesystem.com\/it\/wp-json\/wp\/v2\/pages\/13736"}],"collection":[{"href":"https:\/\/gamesystem.com\/it\/wp-json\/wp\/v2\/pages"}],"about":[{"href":"https:\/\/gamesystem.com\/it\/wp-json\/wp\/v2\/types\/page"}],"author":[{"embeddable":true,"href":"https:\/\/gamesystem.com\/it\/wp-json\/wp\/v2\/users\/7"}],"replies":[{"embeddable":true,"href":"https:\/\/gamesystem.com\/it\/wp-json\/wp\/v2\/comments?post=13736"}],"version-history":[{"count":0,"href":"https:\/\/gamesystem.com\/it\/wp-json\/wp\/v2\/pages\/13736\/revisions"}],"up":[{"embeddable":true,"href":"https:\/\/gamesystem.com\/it\/wp-json\/wp\/v2\/pages\/13757"}],"wp:attachment":[{"href":"https:\/\/gamesystem.com\/it\/wp-json\/wp\/v2\/media?parent=13736"}],"curies":[{"name":"wp","href":"https:\/\/api.w.org\/{rel}","templated":true}]}}