{"id":13733,"date":"2018-02-21T14:53:43","date_gmt":"2018-02-21T14:53:43","guid":{"rendered":"https:\/\/preprod.gamesystem.com\/sangle-dancrage\/"},"modified":"2020-08-31T11:33:12","modified_gmt":"2020-08-31T09:33:12","slug":"fettucia-dancoraggio","status":"publish","type":"page","link":"https:\/\/gamesystem.com\/it\/prodotti\/collegamenti-anticaduta\/fettucia-dancoraggio\/","title":{"rendered":"Fettucia d\u2019ancoraggio"},"content":{"rendered":"\n\t<a href=\"https:\/\/gamesystem.com\/it\/prodotti\/\" target=\"_self\" rel=\"noopener noreferrer\"><\/a> \n\t\t<strong> Tutti i nostri prodotti <\/strong>\t\t\t\n\t<a href=\"https:\/\/gamesystem.com\/it\/prodotti\/collegamenti-anticaduta\/\" target=\"_self\" rel=\"noopener noreferrer\"><\/a> \n\t\t<strong> COLLEGAMENTI ANTICADUTA<\/strong>\t\t\t\n\t\t\t<h1>Fettuccia d&#8217;ancoraggio<\/h1>\t\t\t\n\t\t\t\t<p>La FETTUCCIA D\u2019ANCORAGGIO \u00e8 realizzata in fettuccia tubolare larga 30 mm, cucita in modo da avere un\u2019 asola grande ed una pi\u00f9 piccola, per permettere il posizionamento del moschettone.<\/p>\n<p>Le lunghezze standard sono: 0,80 m \u2013 1 m &#8211; 1,20 m, possibilit\u00e0 di ulteriori misure fino a 2m.<\/p>\n<p>In caso di caduta, il serraggio del dispositivo intorno alla struttura partecipa all\u2019assorbimento di energia, riducendo cos\u00ec gli sforzi trasmessi.<\/p>\n\t\t\t\t<a href=\"https:\/\/gamesystem.com\/wp-content\/uploads\/2018\/05\/Sangle-dancrage-pour-travaux-en-hauteur.png\" target=\"_self\" itemprop=\"url\" rel=\"noopener noreferrer\">\n\t\t\t\t<img decoding=\"async\" loading=\"lazy\" src=\"https:\/\/gamesystem.com\/wp-content\/uploads\/2018\/05\/Sangle-dancrage-pour-travaux-en-hauteur.png\" alt=\"sangle d'ancrage sp\u00e9cifique au travaux en hauteur et aux interventions en s\u00e9curit\u00e9\" itemprop=\"image\" height=\"600\" width=\"800\" title=\"Sangle-dancrage-pour-travaux-en-hauteur\" onerror=\"this.style.display='none'\"  \/>\n\t\t\t\t<\/a>\n\t\t\t<a href=\"https:\/\/gamesystem.com\/wp-content\/uploads\/2018\/09\/Fettucia-dancoraggio-Gamesystem.pdf\" target=\"_blank\" rel=\"noopener noreferrer\">\n\t\t\t\t\t\t\t\tScheda tecnica\n\t\t\t\t\t\t\t<\/a>\n\t\t\t<a href=\"https:\/\/gamesystem.com\/wp-content\/uploads\/2020\/08\/G1586_IT_Fettuccia-dancoraggio.pdf\" target=\"_blank\" rel=\"noopener noreferrer\">\n\t\t\t\t\t\t\t\tManuale di uso e manutenzione\n\t\t\t\t\t\t\t<\/a>\n\t\t<nav>\n\t\t\t<ul>\n\t\t\t\t\t\t\t\t<li data-index=\"0\">\n\t\t\t\t\t<h4>\n\t\t\t\t\t\t<a href=\"javascript:void(0);\">Quando utilizzarlo ? <\/a>\n\t\t\t\t\t<\/h4>\n\t\t\t\t<\/li>\n\t\t\t\t\t\t\t\t<li data-index=\"1\">\n\t\t\t\t\t<h4>\n\t\t\t\t\t\t<a href=\"javascript:void(0);\">Sicurezza<\/a>\n\t\t\t\t\t<\/h4>\n\t\t\t\t<\/li>\n\t\t\t\t\t\t\t\t<li data-index=\"2\">\n\t\t\t\t\t<h4>\n\t\t\t\t\t\t<a href=\"javascript:void(0);\">Formazione<\/a>\n\t\t\t\t\t<\/h4>\n\t\t\t\t<\/li>\n\t\t\t\t\t\t\t<\/ul>\n\t\t<\/nav>\n\t\t\t\t\t<h4>\n\t\t\t\t\t\t\t\t\t\t\t\tQuando utilizzarlo ? \n\t\t\t\t\t\t\t\t\t\t\t<\/h4>\n\t\t\t\t\t<p>Quando l\u2019intervento \u00e8 sporadico, il suo luogo semplice da raggiungere ed \u00e8 presente una struttura (intervento su pilone THT, su carpenteria), un dispositivo di ancoraggio come la FETTUCCIA D\u2019ANCORAGGIO \u00e8 la soluzione.<\/p>\n<p>Bisogna installare la FETTUCCIA D\u2019ANCORAGGIO il pi\u00f9 vicino possibile al nodo di ossatura, facendole fare il giro della struttura e passando la sua estremit\u00e0 dentro l\u2019asola.<\/p>\n<p>Tirando la fettuccia il dispositivo di ancoraggio \u00e8 pronto per essere utilizzato. L\u2019operatore connette il suo anticaduta o dispositivo scorrevole alla FETTUCCIA D\u2019ANCORAGGIO.<\/p>\n\t\t\t\t\t<h4>\n\t\t\t\t\t\t\t\t\t\t\t\tSicurezza\n\t\t\t\t\t\t\t\t\t\t\t<\/h4>\n\t\t\t\t\t<p>L\u2019anticaduta utilizzato deve essere imperativamente conforme alle normative vigenti per non sviluppare, in caso di caduta, un picco di forza superiore ai 600 daN autorizzati. Un cordino non \u00e8 un dispositivo anticaduta. \u00a0\u00a0<\/p>\n\t\t\t\t\t<h4>\n\t\t\t\t\t\t\t\t\t\t\t\tFormazione\n\t\t\t\t\t\t\t\t\t\t\t<\/h4>\n\t\t\t\t\t<p>Corso \u00abLavoro lontano dal suolo\u00bb<\/p>\n\t\t\t\t\t<!-- \/content -->\n\t<!-- \/tabs -->\n","protected":false},"excerpt":{"rendered":"<p>Tutti i nostri prodotti COLLEGAMENTI ANTICADUTA Fettuccia d&#8217;ancoraggio La FETTUCCIA D\u2019ANCORAGGIO \u00e8 realizzata in fettuccia tubolare larga 30 mm, cucita in modo da avere un\u2019 asola grande ed una pi\u00f9&hellip;<\/p>\n","protected":false},"author":7,"featured_media":0,"parent":13757,"menu_order":0,"comment_status":"closed","ping_status":"open","template":"","meta":[],"_links":{"self":[{"href":"https:\/\/gamesystem.com\/it\/wp-json\/wp\/v2\/pages\/13733"}],"collection":[{"href":"https:\/\/gamesystem.com\/it\/wp-json\/wp\/v2\/pages"}],"about":[{"href":"https:\/\/gamesystem.com\/it\/wp-json\/wp\/v2\/types\/page"}],"author":[{"embeddable":true,"href":"https:\/\/gamesystem.com\/it\/wp-json\/wp\/v2\/users\/7"}],"replies":[{"embeddable":true,"href":"https:\/\/gamesystem.com\/it\/wp-json\/wp\/v2\/comments?post=13733"}],"version-history":[{"count":0,"href":"https:\/\/gamesystem.com\/it\/wp-json\/wp\/v2\/pages\/13733\/revisions"}],"up":[{"embeddable":true,"href":"https:\/\/gamesystem.com\/it\/wp-json\/wp\/v2\/pages\/13757"}],"wp:attachment":[{"href":"https:\/\/gamesystem.com\/it\/wp-json\/wp\/v2\/media?parent=13733"}],"curies":[{"name":"wp","href":"https:\/\/api.w.org\/{rel}","templated":true}]}}