{"id":13722,"date":"2018-02-21T14:10:04","date_gmt":"2018-02-21T14:10:04","guid":{"rendered":"https:\/\/preprod.gamesystem.com\/echelle-crinoline\/"},"modified":"2018-09-24T11:49:02","modified_gmt":"2018-09-24T11:49:02","slug":"scala-fissa-e-con-gabbia","status":"publish","type":"page","link":"https:\/\/gamesystem.com\/it\/scala-fissa-e-con-gabbia\/","title":{"rendered":"Scala fissa e con gabbia"},"content":{"rendered":"<p>\t<a href=\"https:\/\/gamesystem.com\/it\/prodotti\/\" target=\"_self\" ><\/a><br \/>\n\t\t<strong> Tutti i nostri prodotti <\/strong><br \/>\n\t<a href=\"https:\/\/gamesystem.com\/it\/prodotti\/\" target=\"_self\" ><\/a><br \/>\n\t\t<strong> Protezione individuale e collettiva <\/strong>\t\t\t<\/p>\n<h1>Scala fissa e con gabbia<\/h1>\n<p>Una SCALA \u00e8 composta da due montanti paralleli, distanti tra loro 40 cm, sui quali si inseriscono dei pioli ogni 34 cm. Superata l\u2019altezza di 2 m, \u00e8 necessario aggiungere un guardiacorpo\u00a0composto da archetti di diam. 75cm, fi ssati ai montanti ogni metro e collegati tra loro da 8 montanti verticali.<\/p>\n<p>Tale protezione deve superare di 1 m la superfi cie asservita. Si porr\u00e0 ogni volta la questione del posizionamento dell\u2019uscita, che pu\u00f2 essere frontale o laterale (destra\/sinistra). Alcune uscite intermedie possono talvolta essere necessarie.<\/p>\n<p>\t\t\t\t<a href=\"https:\/\/gamesystem.com\/wp-content\/uploads\/2018\/07\/echelle-crinoline-pour-acc\u00e8s-nen-hauteur-en-s\u00e9curit\u00e9.png\" target=\"_self\" itemprop=\"url\"><br \/>\n\t\t\t\t<img decoding=\"async\" loading=\"lazy\" src=\"https:\/\/gamesystem.com\/wp-content\/uploads\/2018\/07\/echelle-crinoline-pour-acc\u00e8s-nen-hauteur-en-s\u00e9curit\u00e9.png\" alt=\"echelle crinoline pour acc\u00e8s \u00e0 la toiture ou a une machine\" itemprop=\"image\" height=\"600\" width=\"800\" title=\"echelle-crinoline-pour-acc\u00e8s-nen-hauteur-en-s\u00e9curit\u00e9\"  \/><br \/>\n\t\t\t\t<\/a><br \/>\n\t\t\t<a href=\"https:\/\/gamesystem.com\/wp-content\/uploads\/2018\/09\/Scala-fissa-e-con-gabbia-Gamesystem.pdf\" target=\"_blank\" role=\"button\" rel=\"noopener\" ><br \/>\n\t\t\t\t\t\t\tScheda tecnica<br \/>\n\t\t\t\t\t<\/a><\/p>\n<nav>\n<ul>\n<li data-index=\"0\">\n<h2>\n\t\t\t\t\t\t<a href=\"javascript:void(0);\">Quando utilizzarlo ? <\/a><br \/>\n\t\t\t\t\t<\/h2>\n<\/li>\n<li data-index=\"1\">\n<h2>\n\t\t\t\t\t\t<a href=\"javascript:void(0);\">Sicurezza<\/a><br \/>\n\t\t\t\t\t<\/h2>\n<\/li>\n<li data-index=\"2\">\n<h2>\n\t\t\t\t\t\t<a href=\"javascript:void(0);\">Formazione<\/a><br \/>\n\t\t\t\t\t<\/h2>\n<\/li>\n<li data-index=\"3\">\n<h2>\n\t\t\t\t\t\t<a href=\"javascript:void(0);\">Altri elementi consigliati per la catena di sicurezza <\/a><br \/>\n\t\t\t\t\t<\/h2>\n<\/li>\n<\/ul>\n<\/nav>\n<h2>\n\t\t\t\t\t\t\t\t\t\t\t\tQuando utilizzarlo ?<br \/>\n\t\t\t\t\t\t\t\t\t\t\t<\/h2>\n<p>Ogni volta che si identifi ca una necessit\u00e0 cadenzata di accesso ad un punto o una zona in quota, \u00e8 possibile installare una scala fissa.<\/p>\n<p>Moltiplicare gli accessi \u00e8 sinonimo di buona sicurezza. Un accesso deve essere scelto ed installato con giudizio.<\/p>\n<h2>\n\t\t\t\t\t\t\t\t\t\t\t\tSicurezza<br \/>\n\t\t\t\t\t\t\t\t\t\t\t<\/h2>\n<p>Il guardiacorpo delimita uno spazio che mette in sicurezza l\u2019operatore, senza per\u00f2 impedirne la caduta. Quando si supera una determinata altezza, stimabile tra i 4 e i 6 m, \u00e8 necessario dotare quest\u2019installazione di un sistema di sicurezza anticaduta conforme alla norma EN 353-1 o 2, installando, vicino ad ogni uscita, un parapetto affi nch\u00e8 l\u2019operatore si trovi in regime di protezione collettiva.<\/p>\n<p>Qualora questo non fosse possibile, \u00e8 obbligatorio prevedere un dispositivo di ancoraggio conforme alle norma EN 795, al quale l\u2019operatore possa agganciarsi dalla scala. Nei pressi delle uscite, \u00e8 chiaramente necessario installare dei cancelletti che delimitino l\u2019accesso alla zona di intervento, e metterli in sicurezza prima della discesa dell\u2019operatore.<\/p>\n<p>L\u2019accesso ad una scala deve essere concesso ai soli autorizzati: \u00e8 dunque possibile prevedere un\u2019interdizione a botola, chiusa da una catena.<\/p>\n<h2>\n\t\t\t\t\t\t\t\t\t\t\t\tFormazione<br \/>\n\t\t\t\t\t\t\t\t\t\t\t<\/h2>\n<p>Nessuna formazione specifi ca, l\u2019argomento ACCESSI \u00e8 trattato in tutti i nostri moduli.<\/p>\n<h2>\n\t\t\t\t\t\t\t\t\t\t\t\tAltri elementi consigliati per la catena di sicurezza<br \/>\n\t\t\t\t\t\t\t\t\t\t\t<\/h2>\n<p>Imbragatura : GH3 o GH5<\/p>\n<p>Anticaduta : \u00ab Il PAPILLON \u00bb<\/p>\n<p>Dispositivo d\u2019ancoraggio : Linea di Vita o cavo di sicurezza<\/p>\n<p>\u00a0<\/p>\n<p>\t\t\t\t\t<!-- \/content --><br \/>\n\t<!-- \/tabs --><\/p>\n","protected":false},"excerpt":{"rendered":"<p>Tutti i nostri prodotti Protezione individuale e collettiva Scala fissa e con gabbia Una SCALA \u00e8 composta da due montanti paralleli, distanti tra loro 40 cm, sui quali si inseriscono&hellip;<\/p>\n","protected":false},"author":7,"featured_media":0,"parent":0,"menu_order":0,"comment_status":"closed","ping_status":"open","template":"","meta":[],"_links":{"self":[{"href":"https:\/\/gamesystem.com\/it\/wp-json\/wp\/v2\/pages\/13722"}],"collection":[{"href":"https:\/\/gamesystem.com\/it\/wp-json\/wp\/v2\/pages"}],"about":[{"href":"https:\/\/gamesystem.com\/it\/wp-json\/wp\/v2\/types\/page"}],"author":[{"embeddable":true,"href":"https:\/\/gamesystem.com\/it\/wp-json\/wp\/v2\/users\/7"}],"replies":[{"embeddable":true,"href":"https:\/\/gamesystem.com\/it\/wp-json\/wp\/v2\/comments?post=13722"}],"version-history":[{"count":0,"href":"https:\/\/gamesystem.com\/it\/wp-json\/wp\/v2\/pages\/13722\/revisions"}],"wp:attachment":[{"href":"https:\/\/gamesystem.com\/it\/wp-json\/wp\/v2\/media?parent=13722"}],"curies":[{"name":"wp","href":"https:\/\/api.w.org\/{rel}","templated":true}]}}