{"id":13711,"date":"2018-02-21T16:42:38","date_gmt":"2018-02-21T16:42:38","guid":{"rendered":"https:\/\/preprod.gamesystem.com\/garde-corps\/"},"modified":"2018-09-16T21:24:27","modified_gmt":"2018-09-16T21:24:27","slug":"parapetto","status":"publish","type":"page","link":"https:\/\/gamesystem.com\/it\/parapetto\/","title":{"rendered":"Parapetto"},"content":{"rendered":"<p>\t<a href=\"https:\/\/gamesystem.com\/it\/prodotti\/\" target=\"_self\" ><\/a><br \/>\n\t\t<strong> Tutti i nostri prodotti <\/strong><br \/>\n\t<a href=\"\/?page_id=13730\" target=\"_self\" ><\/a><br \/>\n\t\t<strong> Protezione collettiva <\/strong>\t\t\t<\/p>\n<h1>Parapetto<\/h1>\n<p>Il parapetto \u00e8 uno tra i dispositivi di protezione collettiva maggiormente utilizzati su coperture piane\/inclinate e per la messa in sicurezza di macchine, impianti o strumenti di produzione generici.<\/p>\n<p>Si tratta di una barriera protettiva che consente di proteggere il personale dalle aree a rischio e di evitare cadute dall&#8217;alto. Su misura o standard, il parapetto \u00a0si adatta ai diversi vincoli imposti dagli edifici.<\/p>\n<p>\t\t\t\t<a href=\"https:\/\/gamesystem.com\/wp-content\/uploads\/2018\/09\/Garde-corps-gamesystem-sur-un-toit-plat.png\" target=\"_self\" itemprop=\"url\"><br \/>\n\t\t\t\t<img decoding=\"async\" loading=\"lazy\" src=\"https:\/\/gamesystem.com\/wp-content\/uploads\/2018\/09\/Garde-corps-gamesystem-sur-un-toit-plat.png\" alt=\"garde corps pour s\u00e9curirser toiture\" itemprop=\"image\" height=\"600\" width=\"800\" title=\"Garde-corps-gamesystem-sur-un-toit-plat\"  \/><br \/>\n\t\t\t\t<\/a><br \/>\n\t\t\t<a href=\"https:\/\/gamesystem.com\/wp-content\/uploads\/2018\/09\/Parapetto-Gamesystem.pdf\" target=\"_blank\" role=\"button\" rel=\"noopener\" ><br \/>\n\t\t\t\t\t\t\tScheda tecnica<br \/>\n\t\t\t\t\t<\/a><\/p>\n<nav>\n<ul>\n<li data-index=\"0\">\n<h2>\n\t\t\t\t\t\t<a href=\"javascript:void(0);\">Quando usarlo?<\/a><br \/>\n\t\t\t\t\t<\/h2>\n<\/li>\n<li data-index=\"1\">\n<h2>\n\t\t\t\t\t\t<a href=\"javascript:void(0);\">Installazione <\/a><br \/>\n\t\t\t\t\t<\/h2>\n<\/li>\n<li data-index=\"2\">\n<h2>\n\t\t\t\t\t\t<a href=\"javascript:void(0);\">Tipi di parapetto <\/a><br \/>\n\t\t\t\t\t<\/h2>\n<\/li>\n<li data-index=\"3\">\n<h2>\n\t\t\t\t\t\t<a href=\"javascript:void(0);\">Composizione<\/a><br \/>\n\t\t\t\t\t<\/h2>\n<\/li>\n<li data-index=\"4\">\n<h2>\n\t\t\t\t\t\t<a href=\"javascript:void(0);\">Installazione e fissaggio<\/a><br \/>\n\t\t\t\t\t<\/h2>\n<\/li>\n<li data-index=\"5\">\n<h2>\n\t\t\t\t\t\t<a href=\"javascript:void(0);\">Longevit\u00e0 <\/a><br \/>\n\t\t\t\t\t<\/h2>\n<\/li>\n<li data-index=\"6\">\n<h2>\n\t\t\t\t\t\t<a href=\"javascript:void(0);\">Regolamentazioni e norme<\/a><br \/>\n\t\t\t\t\t<\/h2>\n<\/li>\n<li data-index=\"7\">\n<h2>\n\t\t\t\t\t\t<a href=\"javascript:void(0);\">Codice del lavoro<\/a><br \/>\n\t\t\t\t\t<\/h2>\n<\/li>\n<\/ul>\n<\/nav>\n<h2>\n\t\t\t\t\t\t\t\t\t\t\t\tQuando usarlo?<br \/>\n\t\t\t\t\t\t\t\t\t\t\t<\/h2>\n<p>Qualora i vostri operatori debbano intervenire in modo frequente e regolare in aree a rischio caduta, il parapetto diventa la soluzione di protezione ideale. \u00a0<\/p>\n<p>A seconda della configurazione della vostra area, il parapetto pu\u00f2 essere installato in diversi modi: il parapetto pu\u00f2 essere sia fissato che poggiato sulla struttura in modalit\u00e0 autoportante. Quest\u2019ultimo sar\u00e0 contrappesato da blocchetti in cemento armato rivestiti di PVC.<\/p>\n<h2>\n\t\t\t\t\t\t\t\t\t\t\t\tInstallazione<br \/>\n\t\t\t\t\t\t\t\t\t\t\t<\/h2>\n<p>Il parapetto autoportante si installa solitamente sul bordo di una copertura piana o inclinata. Il parapetto fisso pu\u00f2 essere anche collocato sul bordo di un macchinario industriale.<\/p>\n<h2>\n\t\t\t\t\t\t\t\t\t\t\t\tTipi di parapetto<br \/>\n\t\t\t\t\t\t\t\t\t\t\t<\/h2>\n<p>Gamesystem propone diversi tipi di parapetto autoportante: standard e su misura, che si adatta alle diverse strutture e ai vincoli architettonici. Una volta installato e fissato, il parapetto consente di mettere in sicurezza le fasi di accesso e di lavoro degli operatori durante le varie attivit\u00e0 di manutenzione.<\/p>\n<h2>\n\t\t\t\t\t\t\t\t\t\t\t\tComposizione<br \/>\n\t\t\t\t\t\t\t\t\t\t\t<\/h2>\n<p>Il parapetto in alluminio Gamesystem, di semplice concezione, \u00e8 formato da 4 componenti in alluminio stampato, un profilo estruso per il montante e un altro per i mancorrenti. Il nostro parapetto in alluminio \u00e8 dotato di un piedino che consente un fissaggio su lastra o bordo in cemento, piano o in rilievo.<\/p>\n<p>Offre inoltre la possibilit\u00e0 di un fissaggio tramite ancoraggio di diametro 10 mm; lo stesso prodotto pu\u00f2 essere inoltre fissato in tipologia autoportante. L&#8217;altezza del parapetto \u00e8 regolabile a seconda del supporto. Il collegamento angolare regolabile permettere di allineare eventuali dislivelli.<\/p>\n<h2>\n\t\t\t\t\t\t\t\t\t\t\t\tInstallazione e fissaggio<br \/>\n\t\t\t\t\t\t\t\t\t\t\t<\/h2>\n<p>La nostra esperienza pluriennale come installatori di dispositivi anticaduta ci ha orientato alla progettazione di un parapetto facile e veloce da installare: fissaggio dei componenti con viti autoforanti o chiodi e rivetti.<\/p>\n<p>Il parapetto autoportante \u00e8 facile da installare e si posa senza forare la struttura. Scegliendo un parapetto autoportante, si evita ogni tipo di problema di impermeabilizzazione legato alla copertura e di installazione.<\/p>\n<h2>\n\t\t\t\t\t\t\t\t\t\t\t\tLongevit\u00e0<br \/>\n\t\t\t\t\t\t\t\t\t\t\t<\/h2>\n<p>Realizzato interamente in alluminio, il parapetto autoportante Gamesystem ha una durata di vita molto lunga. Una volta installato e fissato, non richiede alcuna operazione di manutenzione.<\/p>\n<p>\u00a0<\/p>\n<h2>\n\t\t\t\t\t\t\t\t\t\t\t\tRegolamentazioni e norme<br \/>\n\t\t\t\t\t\t\t\t\t\t\t<\/h2>\n<p>I nostri parapetti sono certificati e rispettano le normative, le leggi e gli standard europei (NF E 85-015 e NF EN 13374 classe A). Garantiamo ai vostri operatori in quota la totale sicurezza durante gli interventi.<\/p>\n<p>Il parapetto autoportante \u00e8 conforme alle attuali norme NF E 85-015 e NF EN 13374 classe A e risponde alla normativa sulla sicurezza collettiva e permanente nella prevenzione delle cadute dall&#8217;alto, secondo il decreto n \u00b0 2008-244 del 7 marzo 2008 (articoli R.4323-58 e R.4323-59).<\/p>\n<h2>\n\t\t\t\t\t\t\t\t\t\t\t\tCodice del lavoro<br \/>\n\t\t\t\t\t\t\t\t\t\t\t<\/h2>\n<p>Secondo la normativa relativa al lavoro in quota, il Datore di lavoro ha l&#8217;obbligo di istituire protezioni e soluzioni per combattere le cadute dall&#8217;alto: su mezzi di accesso, su passerelle e piattaforme sopraelevate cos\u00ec come su coperture piane (articoli del codice del lavoro: R4224-5 e R4224-6)<\/p>\n<p>La norma stabilisce inoltre che quando un operatore lavora e circola in un&#8217;area in cui \u00e8 presente il rischio caduta, il Datore di lavoro ha l&#8217;obbligo di installare una protezione contro le cadute e pi\u00f9 precisamente un parapetto. Il parapetto dovr\u00e0 essere alto tra 100 cm e 110 cm, con un mancorrente intermedio a met\u00e0 altezza (50 o 55 cm) ed un battipiede di almeno 10-15 cm (Articolo R4323-59).<\/p>\n<p>\t\t\t\t\t<!-- \/content --><br \/>\n\t<!-- \/tabs --><\/p>\n<h2>LE NOSTRE REALIZZAZIONI &#8211; Parapetto<\/h2>\n<p>\t\t\t\t<a href=\"https:\/\/gamesystem.com\/wp-content\/uploads\/2018\/05\/Garde-corp-amovible-pour-exterieur-et-toit-terasse-1.jpg\"  rel=\"nofollow\" data-fancybox=\"images\" title=\"Garde corps sur toiture terrasse\" data-description=\"\"><br \/>\n\t\t<img decoding=\"async\" src=\"https:\/\/gamesystem.com\/wp-content\/uploads\/2018\/05\/Garde-corp-amovible-pour-exterieur-et-toit-terasse-1.jpg\" alt=\"garde corps exterieur toiture terrasse\" data-no-lazy=\"1\" \/><br \/>\n\t\t\t<!-- Overlay Wrapper --><br \/>\n\t\t\t <!-- Overlay Wrapper Closed --><br \/>\n\t\t\t\t<\/a><br \/>\n\t\t\t\t<a href=\"https:\/\/gamesystem.com\/wp-content\/uploads\/2018\/05\/Garde-corps-sur-une-toiture-plate.jpg\"  rel=\"nofollow\" data-fancybox=\"images\" title=\"Garde corps sur toiture\" data-description=\"installation de garde corps sur une toiture terrasse\"><br \/>\n\t\t<img decoding=\"async\" src=\"https:\/\/gamesystem.com\/wp-content\/uploads\/2018\/05\/Garde-corps-sur-une-toiture-plate.jpg\" alt=\"garde corps norme gamesystem\" data-no-lazy=\"1\" \/><br \/>\n\t\t\t<!-- Overlay Wrapper --><br \/>\n\t\t\t <!-- Overlay Wrapper Closed --><br \/>\n\t\t\t\t<\/a><br \/>\n\t\t\t\t<a href=\"https:\/\/gamesystem.com\/wp-content\/uploads\/2018\/05\/garde-corps-sur-machine-pour-\u00e9viter-les-chutes.jpg\"  rel=\"nofollow\" data-fancybox=\"images\" title=\"Garde corps sur machine\" data-description=\"rambarde de s\u00e9curit\u00e9 pour machine\"><br \/>\n\t\t<img decoding=\"async\" src=\"https:\/\/gamesystem.com\/wp-content\/uploads\/2018\/05\/garde-corps-sur-machine-pour-\u00e9viter-les-chutes.jpg\" alt=\"rambarde pour machine\" data-no-lazy=\"1\" \/><br \/>\n\t\t\t<!-- Overlay Wrapper --><br \/>\n\t\t\t <!-- Overlay Wrapper Closed --><br \/>\n\t\t\t\t<\/a><br \/>\n\t\t\t\t<a href=\"https:\/\/gamesystem.com\/wp-content\/uploads\/2018\/05\/Garde-corps-sp\u00e9cifique-pour-la-toiture.jpg\"  rel=\"nofollow\" data-fancybox=\"images\" title=\"Garde corps sur mesure\" data-description=\"garde corps pour s\u00e9curiser le travail en hauteur des op\u00e9rateurs\"><br \/>\n\t\t<img decoding=\"async\" src=\"https:\/\/gamesystem.com\/wp-content\/uploads\/2018\/05\/Garde-corps-sp\u00e9cifique-pour-la-toiture.jpg\" alt=\"Garde corps autorportant sur toiture terrasse\" data-no-lazy=\"1\" \/><br \/>\n\t\t\t<!-- Overlay Wrapper --><br \/>\n\t\t\t <!-- Overlay Wrapper Closed --><br \/>\n\t\t\t\t<\/a><br \/>\n\t\t\t\t<a href=\"https:\/\/gamesystem.com\/wp-content\/uploads\/2018\/05\/Garde-corps-alu-pour-toiture-terrasse.jpg\"  rel=\"nofollow\" data-fancybox=\"images\" title=\"Garde corps sur toit d'un b\u00e2timent\" data-description=\"installation de garde corps \"><br \/>\n\t\t<img decoding=\"async\" src=\"https:\/\/gamesystem.com\/wp-content\/uploads\/2018\/05\/Garde-corps-alu-pour-toiture-terrasse.jpg\" alt=\"garde corps et rembarde en aluminium\" data-no-lazy=\"1\" \/><br \/>\n\t\t\t<!-- Overlay Wrapper --><br \/>\n\t\t\t <!-- Overlay Wrapper Closed --><br \/>\n\t\t\t\t<\/a><br \/>\n\t\t\t\t<a href=\"https:\/\/gamesystem.com\/wp-content\/uploads\/2018\/05\/Garde-corps-sur-toit-pour-prot\u00e9ger-les-lanterneaux.jpg\"  rel=\"nofollow\" data-fancybox=\"images\" title=\"S\u00e9curisation toiture avec Garde corps\" data-description=\"garde corps pour \u00e9voluer en s\u00e9curit\u00e9 sur un toit plat\"><br \/>\n\t\t<img decoding=\"async\" src=\"https:\/\/gamesystem.com\/wp-content\/uploads\/2018\/05\/Garde-corps-sur-toit-pour-prot\u00e9ger-les-lanterneaux.jpg\" alt=\"rambarde de terrasse et Rambarde de s\u00e9curit\u00e9 pour toiture\" data-no-lazy=\"1\" \/><br \/>\n\t\t\t<!-- Overlay Wrapper --><br \/>\n\t\t\t <!-- Overlay Wrapper Closed --><br \/>\n\t\t\t\t<\/a><br \/>\n\t\t\t\t<a href=\"https:\/\/gamesystem.com\/wp-content\/uploads\/2018\/05\/S\u00e9curisation-du-toit-du-batiment-avec-une-rembarde-de-s\u00e9curit\u00e9.jpg\"  rel=\"nofollow\" data-fancybox=\"images\" title=\"Garde corps sur b\u00e2timent\" data-description=\"garde corps s\u00e9curit\u00e9 sur toit\"><br \/>\n\t\t<img decoding=\"async\" src=\"https:\/\/gamesystem.com\/wp-content\/uploads\/2018\/05\/S\u00e9curisation-du-toit-du-batiment-avec-une-rembarde-de-s\u00e9curit\u00e9.jpg\" alt=\"s\u00e9curisation d'un toit avec une rambarde de s\u00e9curit\u00e9 autoportant\" data-no-lazy=\"1\" \/><br \/>\n\t\t\t<!-- Overlay Wrapper --><br \/>\n\t\t\t <!-- Overlay Wrapper Closed --><br \/>\n\t\t\t\t<\/a><br \/>\n\t\t\t\t<a href=\"https:\/\/gamesystem.com\/wp-content\/uploads\/2018\/05\/Garde-corps-sur-toit-plat-pour-intervenir-en-s\u00e9curit\u00e9-en-hauteur.jpg\"  rel=\"nofollow\" data-fancybox=\"images\" title=\"Garde corps sur toit plat\" data-description=\"s\u00e9curisation des interventions sur une toiture plate \"><br \/>\n\t\t<img decoding=\"async\" src=\"https:\/\/gamesystem.com\/wp-content\/uploads\/2018\/05\/Garde-corps-sur-toit-plat-pour-intervenir-en-s\u00e9curit\u00e9-en-hauteur.jpg\" alt=\"Garde corps installer sur une toiture plate\" data-no-lazy=\"1\" \/><br \/>\n\t\t\t<!-- Overlay Wrapper --><br \/>\n\t\t\t <!-- Overlay Wrapper Closed --><br \/>\n\t\t\t\t<\/a><\/p>\n","protected":false},"excerpt":{"rendered":"<p>Tutti i nostri prodotti Protezione collettiva Parapetto Il parapetto \u00e8 uno tra i dispositivi di protezione collettiva maggiormente utilizzati su coperture piane\/inclinate e per la messa in sicurezza di macchine,&hellip;<\/p>\n","protected":false},"author":7,"featured_media":0,"parent":0,"menu_order":0,"comment_status":"closed","ping_status":"open","template":"","meta":[],"_links":{"self":[{"href":"https:\/\/gamesystem.com\/it\/wp-json\/wp\/v2\/pages\/13711"}],"collection":[{"href":"https:\/\/gamesystem.com\/it\/wp-json\/wp\/v2\/pages"}],"about":[{"href":"https:\/\/gamesystem.com\/it\/wp-json\/wp\/v2\/types\/page"}],"author":[{"embeddable":true,"href":"https:\/\/gamesystem.com\/it\/wp-json\/wp\/v2\/users\/7"}],"replies":[{"embeddable":true,"href":"https:\/\/gamesystem.com\/it\/wp-json\/wp\/v2\/comments?post=13711"}],"version-history":[{"count":0,"href":"https:\/\/gamesystem.com\/it\/wp-json\/wp\/v2\/pages\/13711\/revisions"}],"wp:attachment":[{"href":"https:\/\/gamesystem.com\/it\/wp-json\/wp\/v2\/media?parent=13711"}],"curies":[{"name":"wp","href":"https:\/\/api.w.org\/{rel}","templated":true}]}}