{"id":13700,"date":"2018-03-09T09:07:40","date_gmt":"2018-03-09T09:07:40","guid":{"rendered":"https:\/\/preprod.gamesystem.com\/mentions-legales\/"},"modified":"2024-11-04T09:57:38","modified_gmt":"2024-11-04T08:57:38","slug":"nota-legale","status":"publish","type":"page","link":"https:\/\/gamesystem.com\/it\/nota-legale\/","title":{"rendered":"Nota legale"},"content":{"rendered":"\r\n<h5>\n<div\n\t class=\"wpml-ls-statics-shortcode_actions wpml-ls wpml-ls-legacy-dropdown js-wpml-ls-legacy-dropdown\">\n\t<ul>\n\n\t\t<li tabindex=\"0\" class=\"wpml-ls-slot-shortcode_actions wpml-ls-item wpml-ls-item-it wpml-ls-current-language wpml-ls-item-legacy-dropdown\">\n\t\t\t<a href=\"#\" class=\"js-wpml-ls-item-toggle wpml-ls-item-toggle\">\n                                                    <img\n            class=\"wpml-ls-flag\"\n            src=\"https:\/\/gamesystem.com\/wp-content\/plugins\/sitepress-multilingual-cms\/res\/flags\/it.png\"\n            alt=\"Italiano\"\n            width=18\n            height=12\n    \/><\/a>\n\n\t\t\t<ul class=\"wpml-ls-sub-menu\">\n\t\t\t\t\n\t\t\t\t\t<li class=\"wpml-ls-slot-shortcode_actions wpml-ls-item wpml-ls-item-fr wpml-ls-first-item\">\n\t\t\t\t\t\t<a href=\"https:\/\/gamesystem.com\" class=\"wpml-ls-link\">\n                                                                <img\n            class=\"wpml-ls-flag\"\n            src=\"https:\/\/gamesystem.com\/wp-content\/plugins\/sitepress-multilingual-cms\/res\/flags\/fr.png\"\n            alt=\"Francese\"\n            width=18\n            height=12\n    \/><\/a>\n\t\t\t\t\t<\/li>\n\n\t\t\t\t\n\t\t\t\t\t<li class=\"wpml-ls-slot-shortcode_actions wpml-ls-item wpml-ls-item-es\">\n\t\t\t\t\t\t<a href=\"https:\/\/gamesystem.com\/es\/\" class=\"wpml-ls-link\">\n                                                                <img\n            class=\"wpml-ls-flag\"\n            src=\"https:\/\/gamesystem.com\/wp-content\/plugins\/sitepress-multilingual-cms\/res\/flags\/es.png\"\n            alt=\"Spagnolo\"\n            width=18\n            height=12\n    \/><\/a>\n\t\t\t\t\t<\/li>\n\n\t\t\t\t\n\t\t\t\t\t<li class=\"wpml-ls-slot-shortcode_actions wpml-ls-item wpml-ls-item-en wpml-ls-last-item\">\n\t\t\t\t\t\t<a href=\"https:\/\/gamesystem.com\/en\/\" class=\"wpml-ls-link\">\n                                                                <img\n            class=\"wpml-ls-flag\"\n            src=\"https:\/\/gamesystem.com\/wp-content\/plugins\/sitepress-multilingual-cms\/res\/flags\/en.png\"\n            alt=\"Inglese\"\n            width=18\n            height=12\n    \/><\/a>\n\t\t\t\t\t<\/li>\n\n\t\t\t\t\t\t\t<\/ul>\n\n\t\t<\/li>\n\n\t<\/ul>\n<\/div>\n<\/h5>\r\n<h3>NOTA LEGALE<\/h3>\r\n<ol>\r\n<li><strong>EDITORE DEL SITO <\/strong><\/li>\r\n<\/ol>\r\n<p>Il sito GAMESYSTEM (<a href=\"https:\/\/gamesystem.com\/\">https:\/\/gamesystem.com\/<\/a>) (in seguito denominato &#8220;<strong>il Sito<\/strong>&#8220;) \u00e8 prodotto e gestito dalla societ\u00e0 GAMESYSTEM :<\/p>\r\n<ul>\r\n<li>VAT number &#8211; \u00a0P.IVA 12093770159<\/li>\r\n<li>Fiscal code &#8211; CF 12093770159<\/li>\r\n<li>Legal headquarter address &#8211; Sede Legale &#8211; Via Galileo Galilei, 5 &#8211; 20154 Milano<\/li>\r\n<li>Company register number &#8211; REA 1528641<\/li>\r\n<li>Social capital &#8211; capitale versato 100.000,00\u20ac<\/li>\r\n<\/ul>\r\n<p>Contatti:<\/p>\r\n<ul>\r\n<li>E-mail: <a href=\"mailto:info@gamesystemitalia.it\">info@gamesystemitalia.it<\/a><\/li>\r\n<li>Telefono: +(39) 02 33 57 65 51<\/li>\r\n<\/ul>\r\n<p>Direttore editoriale : Arnaud CUNY<\/p>\r\n<p>Responsabile della protezione dei dati (DPO): Laurent MONTES<\/p>\r\n<ol start=\"2\">\r\n<li><strong>HOSTING DEL SITO <\/strong><\/li>\r\n<\/ol>\r\n<p>L&#8217;hosting del Sito \u00e8 assicurato dalla societ\u00e0 AMEN (Agence de m\u00e9dia num\u00e9riques), SASU francese con capitale sociale di 37\u00a0000 euro, iscritta al Registro del Commercio e delle Imprese di NANTES (Francia) con il numero di riferimento B 421\u00a0527 797, sede sociale ubicata al 12 RPT DES CHAMPS ELYSEES-MARCEL DASSAU 75008 PARIS (Francia).<\/p>\r\n<p>Contatti:<\/p>\r\n<ul>\r\n<li>Telefono: + 33 (0) 811 88 77 66<\/li>\r\n<\/ul>\r\n<ol start=\"3\">\r\n<li><strong>DESIGN GRAFICO<\/strong><\/li>\r\n<\/ol>\r\n<p>CREAZIONE DI IMMAGINI SCOP ELEVEN<\/p>\r\n<p>4 rue du Tour de l&#8217;Eau, 38400 Saint Martin d&#8217;H\u00e8res, Francia<\/p>\r\n<p>Contatto :<\/p>\r\n<ul>\r\n<li>Telefono: +33 (0)6 52 41 62 66<\/li>\r\n<li><a href=\"http:\/\/www.creationdimages.fr\">http:\/\/www.creationdimages.fr<\/a><\/li>\r\n<\/ul>\r\n<ol start=\"4\">\r\n<li><strong>SVILUPPO, INTEGRAZIONE WORDPRESS<\/strong><\/li>\r\n<\/ol>\r\n<p>MIOPROD : Agenzia di comunicazione a Grenoble e nella regione Rodano-Alpi. Progettazione di siti web, grafica computerizzata e video.<\/p>\r\n<p>296 rue de la B\u00e9ali\u00e8re 38113 Veurey-Voroize<\/p>\r\n<p>Contatto :<\/p>\r\n<ul>\r\n<li>Telefono: + 33 (0)6 34 24 47 20<\/li>\r\n<li>http:\/\/www.myfprod.fr<\/li>\r\n<li>E-mail: contact@myfprod.fr<\/li>\r\n<\/ul>\r\n<ol start=\"5\">\r\n<li><strong>VARIE<\/strong><\/li>\r\n<\/ol>\r\n<p>GAMESYSTEM ha redatto e messo a disposizione degli utenti del Sito la seguente documentazione. \u00c8 fortemente consigliato agli utenti del Sito di prenderne visione:<\/p>\r\n<ul>\r\n<li>Condizioni generali di utilizzo<\/li>\r\n<li>Informativa sulla privacy<\/li>\r\n<\/ul>\r\n<p><a role=\"button\" href=\"https:\/\/gamesystem.com\/wp-content\/uploads\/2020\/02\/Informativa-privacy-GDPR-2019.pdf\" target=\"_blank\" rel=\"noopener\"> Scarica l&#8217;informativa completa sul trattamento dei dati personali (rif. GDPR) <\/a><\/p>\r\n","protected":false},"excerpt":{"rendered":"<p>NOTA LEGALE EDITORE DEL SITO Il sito GAMESYSTEM (https:\/\/gamesystem.com\/) (in seguito denominato &#8220;il Sito&#8220;) \u00e8 prodotto e gestito dalla societ\u00e0 GAMESYSTEM : VAT number &#8211; \u00a0P.IVA 12093770159 Fiscal code &#8211;&hellip;<\/p>\n","protected":false},"author":7,"featured_media":0,"parent":0,"menu_order":0,"comment_status":"closed","ping_status":"open","template":"","meta":[],"_links":{"self":[{"href":"https:\/\/gamesystem.com\/it\/wp-json\/wp\/v2\/pages\/13700"}],"collection":[{"href":"https:\/\/gamesystem.com\/it\/wp-json\/wp\/v2\/pages"}],"about":[{"href":"https:\/\/gamesystem.com\/it\/wp-json\/wp\/v2\/types\/page"}],"author":[{"embeddable":true,"href":"https:\/\/gamesystem.com\/it\/wp-json\/wp\/v2\/users\/7"}],"replies":[{"embeddable":true,"href":"https:\/\/gamesystem.com\/it\/wp-json\/wp\/v2\/comments?post=13700"}],"version-history":[{"count":0,"href":"https:\/\/gamesystem.com\/it\/wp-json\/wp\/v2\/pages\/13700\/revisions"}],"wp:attachment":[{"href":"https:\/\/gamesystem.com\/it\/wp-json\/wp\/v2\/media?parent=13700"}],"curies":[{"name":"wp","href":"https:\/\/api.w.org\/{rel}","templated":true}]}}