{"id":13692,"date":"2018-02-20T16:14:31","date_gmt":"2018-02-20T16:14:31","guid":{"rendered":"https:\/\/preprod.gamesystem.com\/produits\/protection-individuelle\/cable-de-securite-8-16\/"},"modified":"2018-09-16T21:22:15","modified_gmt":"2018-09-16T21:22:15","slug":"cavo-di-sicurezza-8-16","status":"publish","type":"page","link":"https:\/\/gamesystem.com\/it\/prodotti\/protezione-individuale\/cavo-di-sicurezza-8-16\/","title":{"rendered":"Cavo di sicurezza 8\/16"},"content":{"rendered":"<p>\t<a href=\"https:\/\/gamesystem.com\/it\/prodotti\/\" target=\"_self\" ><\/a><br \/>\n\t\t<strong> Tutti i nostri prodotti <\/strong><br \/>\n\t<a href=\"https:\/\/gamesystem.com\/it\/prodotti\/protezione-individuale\/\" target=\"_self\" ><\/a><br \/>\n\t\t<strong> Protezione individuale <\/strong>\t\t\t<\/p>\n<h1>Cavo di sicurezza 8\/16<\/h1>\n<p>Il CAVO DI SICUREZZA 8\/16 consiste nella tesatura di un cavo tra due supporti di estremit\u00e0 fi ssati ad una struttura portante. Il cavo, a seconda del numero di utilizzatori e delle forze in gioco, potr\u00e0 essere realizzato in acciaio inox o in zincato, da 8 mm a 16 mm di diametro. Diverse sono le possibilit\u00e0 di fi ssaggio del cavo alle piastre di estremit\u00e0 (pressatura o ammorsamento) in base al diametro del cavo utilizzato.<\/p>\n<p>Un assorbitore di energia con pre-tensionatore permette all\u2019operatore di assicurarsi, prima dell\u2019utilizzo, del corretto pensionamento del cavo. Il CARRELLO 8\/16 \u00e9 composto da 2 fl ange imperniate ed \u00e8 dotato di un freno in caoutchou. Il carrello si sposta orizzontalmente tramite lo slittamento sul cavo. In caso di caduta, la sua particolare lunghezza e la sua forma impediscono ogni spostamento eliminando il rischio di un eff etto pendolo. Durante una caduta, grazie alla sua deformazione, l\u2019insieme del dispositivo partecipa all\u2019assorbimento di energia, riducendo cosi gli sforzi trasmessi alla struttura.<\/p>\n<p>\t\t\t\t<a href=\"https:\/\/gamesystem.com\/wp-content\/uploads\/2018\/07\/cable-de-securite-8-6-pour-travail-en-s\u00e9curit\u00e9.png\" target=\"_self\" itemprop=\"url\"><br \/>\n\t\t\t\t<img decoding=\"async\" loading=\"lazy\" src=\"https:\/\/gamesystem.com\/wp-content\/uploads\/2018\/07\/cable-de-securite-8-6-pour-travail-en-s\u00e9curit\u00e9.png\" alt=\"cable de s\u00e9curit\u00e9 pour travail en hauteur et protectiion des salari\u00e9s\" itemprop=\"image\" height=\"600\" width=\"800\" title=\"cable-de-securite-8---6-pour-travail-en-s\u00e9curit\u00e9\"  \/><br \/>\n\t\t\t\t<\/a><br \/>\n\t\t\t<a href=\"https:\/\/gamesystem.com\/wp-content\/uploads\/2018\/09\/Cavo-8-16-Gamesystem.pdf\" target=\"_blank\" rel=\"noopener\"><br \/>\n\t\t\t\t\t\t\t\tScheda tecnica<br \/>\n\t\t\t\t\t\t\t<\/a><br \/>\n\t\t\t<a href=\"https:\/\/gamesystem.com\/wp-content\/uploads\/2018\/09\/Notice-utilisation-Chariot-ligne-de-vie-8-16-Gamesystem.pdf\" target=\"_blank\" rel=\"noopener\"><br \/>\n\t\t\t\t\t\t\t\tManuale di uso e manutenzione<br \/>\n\t\t\t\t\t\t\t<\/a><\/p>\n<nav>\n<ul>\n<li data-index=\"0\">\n<h2>\n\t\t\t\t\t\t<a href=\"javascript:void(0);\">Quando utilizzarlo ? <\/a><br \/>\n\t\t\t\t\t<\/h2>\n<\/li>\n<li data-index=\"1\">\n<h2>\n\t\t\t\t\t\t<a href=\"javascript:void(0);\">Sicurezza<\/a><br \/>\n\t\t\t\t\t<\/h2>\n<\/li>\n<li data-index=\"2\">\n<h2>\n\t\t\t\t\t\t<a href=\"javascript:void(0);\">Formazione<\/a><br \/>\n\t\t\t\t\t<\/h2>\n<\/li>\n<\/ul>\n<\/nav>\n<h2>\n\t\t\t\t\t\t\t\t\t\t\t\tQuando utilizzarlo ?<br \/>\n\t\t\t\t\t\t\t\t\t\t\t<\/h2>\n<p>Per interventi con cadenza programmata su piccoli spostamenti orizzontali (&lt;10m), per esempio su carriponte o lucernai, un dispositivo come il CAVO DI SICUREZZA 8\/16 \u00e9 la giusta soluzione. Se possibile il sistema va installato al di sopra dell\u2019utilizzatore per limitarne l\u2019eventuale caduta.<\/p>\n<p>L\u2019utilizzatore connette il suo anticaduta, su corda o retrattile, al CARRELLO 8\/16 posizionato sul cavo, dopo aver controllato visivamente lo stato dell\u2019 installazione e verifi cato che siano stati eff ettuati i controlli annuali obbligatori per legge.<\/p>\n<h2>\n\t\t\t\t\t\t\t\t\t\t\t\tSicurezza<br \/>\n\t\t\t\t\t\t\t\t\t\t\t<\/h2>\n<p>L\u2019anticaduta utilizzato deve essere tassativamente conforme alle normative vigenti al fi ne di non sviluppare, in caso di caduta, un massimale di forza superiore ai 600 DaN consentiti. Un cordino di collegamento non \u00e9 un dispositivo anticaduta.<\/p>\n<h2>\n\t\t\t\t\t\t\t\t\t\t\t\tFormazione<br \/>\n\t\t\t\t\t\t\t\t\t\t\t<\/h2>\n<p>Corso \u201cinstallazione e collaudo di punti di ancoraggio\u201d, \u201csicurezza nella pulizia dei vetri\u201d.<\/p>\n<p>\t\t\t\t\t<!-- \/content --><br \/>\n\t<!-- \/tabs --><\/p>\n","protected":false},"excerpt":{"rendered":"<p>Tutti i nostri prodotti Protezione individuale Cavo di sicurezza 8\/16 Il CAVO DI SICUREZZA 8\/16 consiste nella tesatura di un cavo tra due supporti di estremit\u00e0 fi ssati ad una&hellip;<\/p>\n","protected":false},"author":7,"featured_media":13473,"parent":13517,"menu_order":0,"comment_status":"closed","ping_status":"open","template":"","meta":[],"_links":{"self":[{"href":"https:\/\/gamesystem.com\/it\/wp-json\/wp\/v2\/pages\/13692"}],"collection":[{"href":"https:\/\/gamesystem.com\/it\/wp-json\/wp\/v2\/pages"}],"about":[{"href":"https:\/\/gamesystem.com\/it\/wp-json\/wp\/v2\/types\/page"}],"author":[{"embeddable":true,"href":"https:\/\/gamesystem.com\/it\/wp-json\/wp\/v2\/users\/7"}],"replies":[{"embeddable":true,"href":"https:\/\/gamesystem.com\/it\/wp-json\/wp\/v2\/comments?post=13692"}],"version-history":[{"count":0,"href":"https:\/\/gamesystem.com\/it\/wp-json\/wp\/v2\/pages\/13692\/revisions"}],"up":[{"embeddable":true,"href":"https:\/\/gamesystem.com\/it\/wp-json\/wp\/v2\/pages\/13517"}],"wp:featuredmedia":[{"embeddable":true,"href":"https:\/\/gamesystem.com\/it\/wp-json\/wp\/v2\/media\/13473"}],"wp:attachment":[{"href":"https:\/\/gamesystem.com\/it\/wp-json\/wp\/v2\/media?parent=13692"}],"curies":[{"name":"wp","href":"https:\/\/api.w.org\/{rel}","templated":true}]}}