{"id":13691,"date":"2018-01-18T09:08:52","date_gmt":"2018-01-18T09:08:52","guid":{"rendered":"https:\/\/preprod.gamesystem.com\/securisation-des-toitures\/"},"modified":"2021-11-08T15:11:56","modified_gmt":"2021-11-08T14:11:56","slug":"coperture","status":"publish","type":"page","link":"https:\/\/gamesystem.com\/it\/coperture\/","title":{"rendered":"Coperture"},"content":{"rendered":"\n\n\t\t\t<h1>MESSA IN SICUREZZA DELLE COPERTURE<\/h1>\t\t\t\n\t\t\t\t<p>Gamesystem propone sistemi anticaduta standard e su misura che mettono in sicurezza gli interventi dei vostri operatori sui tetti. Qualunque sia il tipo di tetto (terrazza o pendenza) e il lavoro svolto, saranno protetti contro le cadute dall&#8217;alto. Scopri in questa pagina tutte le nostre soluzioni di protezione collettiva e protezione individuale per mettere in sicurezza le tue terrazze o pendii sul tetto.<\/p>\n\t\t\t\t<img decoding=\"async\" src=\"https:\/\/gamesystem.com\/wp-content\/uploads\/2018\/05\/echelle-a-crinoline-pour-acc\u00e8s-toiture-terrasse.jpg\" alt=\"acc\u00e8s s\u00e9curis\u00e9 avec une \u00e9chelle crinoline\"\/>\n\t\t\t<p>ACCESSO COPERTURA<\/p>\n\t\t\t\t<img decoding=\"async\" src=\"https:\/\/gamesystem.com\/wp-content\/uploads\/2018\/05\/travail-en-hauteur-sur-toiture-pente.jpg\" alt=\"ligne de vie cable pour travail en hauteur sur toiture pente\"\/>\n\t\t\t<p>COPERTURA INCLINATA<\/p>\n\t\t\t\t<img decoding=\"async\" src=\"https:\/\/gamesystem.com\/wp-content\/uploads\/2018\/05\/travail-en-hauteur-avec-une-ligne-de-vie-sur-toiture-terrasse.jpg\" alt=\"ligne de vie cable sur toit plat\"\/>\n\t\t\t<p>COPERTURA PIANA<\/p>\n\t\t\t<h2>Protezione collettiva<\/h2>\n\t\t\t\t\t\t\t\t\t\t\t<img decoding=\"async\" src=\"https:\/\/gamesystem.com\/wp-content\/uploads\/2021\/09\/garde-corps-1.jpg\" alt=\"garde-corps\"\/>\n\t\t\t\t\t\t<h3>\n\t\t\t\t\t\tPARAPETTO\t\t<\/h3>\n\t\t\t\t\t\t\t\t\t\t\t<img decoding=\"async\" src=\"https:\/\/gamesystem.com\/wp-content\/uploads\/2021\/09\/protection-collectibe_0012_SAUT-DE-LOUP-ALU-ASSYMETRIQUE.jpg\" alt=\"protection collectibe_0012_SAUT DE LOUP ALU ASSYMETRIQUE\"\/>\n\t\t\t\t\t\t<h3>\n\t\t\t\t\t\t SUPERAMENTO OSTACOLI\t\t<\/h3>\n\t\t\t\t\t\t\t\t\t\t\t<img decoding=\"async\" src=\"https:\/\/gamesystem.com\/wp-content\/uploads\/2021\/09\/protection-collectibe_0008_cheminement-avec-GC.jpg\" alt=\"protection collectibe_0008_cheminement avec GC\"\/>\n\t\t\t\t\t\t<h3>\n\t\t\t\t\t\tPASSERELLA \t\t<\/h3>\n\t\t\t\t\t\t\t\t\t\t\t<img decoding=\"async\" src=\"https:\/\/gamesystem.com\/wp-content\/uploads\/2021\/09\/Sans-titre-3_0000_Calque-3.jpg\" alt=\"Sans titre-3_0000_Calque 3\"\/>\n\t\t\t\t\t\t<h3>\n\t\t\t\t\t\tGRIGLIE DI PROTEZIONE\t\t<\/h3>\n\t\t\t\t\t\t\t\t\t\t\t<img decoding=\"async\" src=\"https:\/\/gamesystem.com\/wp-content\/uploads\/2021\/09\/protection-collectibe_0011_chantier-CERNAY-005.jpg\" alt=\"protection collectibe_0011_chantier-CERNAY-005\"\/>\n\t\t\t\t\t\t<h3>\n\t\t\t\t\t\tSCALE CON GABBIA\t\t<\/h3>\n\t\t\t\t\t\t\t\t\t\t\t<img decoding=\"async\" src=\"https:\/\/gamesystem.com\/wp-content\/uploads\/2021\/09\/Sans-titre-3_0001_Calque-1.jpg\" alt=\"Sans titre-3_0001_Calque 1\"\/>\n\t\t\t\t\t\t<h3>\n\t\t\t\t\t\tBARRIERE AUTOPORTANTI\t\t<\/h3>\n\t\t\t\t\t\t\t\t\t\t\t<img decoding=\"async\" src=\"https:\/\/gamesystem.com\/wp-content\/uploads\/2021\/09\/protection-collectibe_0009_a1f3c7a4-6cc8-48b3-a082-55ca1a34e13f.jpg\" alt=\"protection collectibe_0009_a1f3c7a4-6cc8-48b3-a082-55ca1a34e13f\"\/>\n\t\t\t\t\t\t<h3>\n\t\t\t\t\t\tGRIGLIE DI PROTEZIONE\t\t<\/h3>\n\t\t\t\t\t\t\t\t\t\t\t<img decoding=\"async\" src=\"https:\/\/gamesystem.com\/wp-content\/uploads\/2021\/09\/protection-collectibe_0006_BALISAGE-POTELET-CHAINETTE.jpg\" alt=\"protection collectibe_0006_BALISAGE POTELET CHAINETTE\"\/>\n\t\t\t\t\t\t<h3>\n\t\t\t\t\t\tPALETTI\t\t<\/h3>\n\t<p>Sia che si tratti di una copertura piana o inclinata, \u00e8 necessario dotarla di sistemi di sicurezza adatti a proteggere i vostri operatori dal rischio caduta. Gamesystem ha sviluppato una vasta gamma di dispositivi di protezione collettiva che risponde alle Vostre necessit\u00e0 di messa in sicurezza delle coperture: parapetto autoportante, parapetto fisso, scala fissa con gabbia, passerella, passerella di sbarco, camminamento.<\/p>\n\t\t\t<h2>SISTEMI DI ANCORAGGIO<\/h2>\n\t\t<a href=\"https:\/\/gamesystem.com\/it\/anello-di-ancoraggio\/\" target=\"_self\" rel=\"noopener\">\n\t\t\t\t\t\t\t\t\t\t\t<img decoding=\"async\" src=\"https:\/\/gamesystem.com\/wp-content\/uploads\/2021\/09\/Sans-titre-2_0001_Visu-Plaquette-GO-min.jpg\" alt=\"Sans titre-2_0001_Visu Plaquette GO-min\"\/>\n\t\t\t\t\t\t<h3>\n\t\t\t\t\t\tANELLO DI ANCORAGGIO\t\t<\/h3>\n\t\t<\/a>\n\t\t<a href=\"https:\/\/gamesystem.com\/it\/linea-di-vita\/\" target=\"_self\" rel=\"noopener\">\n\t\t\t\t\t\t\t\t\t\t\t<img decoding=\"async\" src=\"https:\/\/gamesystem.com\/wp-content\/uploads\/2021\/09\/Sans-titre-2_0004_chariot11-min.jpg\" alt=\"Sans titre-2_0004_chariot11-min\"\/>\n\t\t\t\t\t\t<h3>\n\t\t\t\t\t\tLINEA DI VITA \t\t<\/h3>\n\t\t<\/a>\n\t<p>Se la protezione collettiva non \u00e8 appropriata alle situazioni di lavoro che affrontano i Vostri operatori, \u00e8 pi\u00f9 corretto scegliere un sistema di protezione individuale: linea di vita a cavo e punto d&#8217;ancoraggio. Questi sistemi permettono ai Vostri operatori di spostarsi sulla copertura senza rischiare una caduta dall&#8217;alto.<\/p>\n\t\t\t<h2>DPI anticaduta specifici per copertura<\/h2>\n\t<a href=\"https:\/\/gamesystem.com\/it\/dispositivi-protezione-individuale\/#harnais1\" target=\"_self\" rel=\"noopener\"><\/a> \n\t\t\t\t<img decoding=\"async\" src=\"https:\/\/gamesystem.com\/wp-content\/uploads\/2021\/09\/harnais-unyc-3.jpg\" alt=\"\" title=\"\" itemprop=\"image\"\/>\n\t\t<h3>IMBRAGATURA<\/h3>\t\t\t\n\t<a href=\"https:\/\/gamesystem.com\/it\/dispositivi-protezione-individuale\/#longes1\" target=\"_self\" rel=\"noopener\"><\/a> \n\t\t\t\t<img decoding=\"async\" src=\"https:\/\/gamesystem.com\/wp-content\/uploads\/2021\/09\/epi-antichute-gamesystem_0011_l1-min.jpg\" alt=\"\" title=\"\" itemprop=\"image\"\/>\n\t\t<h3>Cordino<\/h3>\t\t\t\n\t<a href=\"https:\/\/gamesystem.com\/it\/dispositivi-protezione-individuale\/#antichute1\" target=\"_self\" rel=\"noopener\"><\/a> \n\t\t\t\t<img decoding=\"async\" src=\"https:\/\/gamesystem.com\/wp-content\/uploads\/2021\/09\/ANTICHUTE-A-SANGLE-OU-CABLE_0014_FA-20-402-10B-10S-min.jpg\" alt=\"\" title=\"\" itemprop=\"image\"\/>\n\t\t<h3>Anticaduta<\/h3>\t\t\t\n\t<a href=\"https:\/\/gamesystem.com\/it\/dispositivi-protezione-individuale\/#sangles1\" target=\"_self\" rel=\"noopener\"><\/a> \n\t\t\t\t<img decoding=\"async\" src=\"https:\/\/gamesystem.com\/wp-content\/uploads\/2021\/09\/epi-antichute-gamesystem_0020_p1-min.jpg\" alt=\"\" title=\"\" itemprop=\"image\"\/>\n\t\t<h3>Fettucce<\/h3>\t\t\t\n\t<a href=\"https:\/\/gamesystem.com\/it\/dispositivi-protezione-individuale\/#ligneprovisoire1\" target=\"_self\" rel=\"noopener\"><\/a> \n\t\t\t\t<img decoding=\"async\" src=\"https:\/\/gamesystem.com\/wp-content\/uploads\/2021\/09\/epi-antichute-gamesystem_0001_LINEA-DE-VIDA-HORIZONT-COMPLET-UNYC-MUESTRA-V2_300ppp-min.jpg\" alt=\"\" title=\"\" itemprop=\"image\"\/>\n\t\t<h3>LINEA DI VITA TEMPORANEA<\/h3>\t\t\t\n\t<p>Secondo la normativa, se la soluzione scelta \u00e8 la protezione individuale (ad es. linea di vita), gli operatori dovranno essere dotati di DPI anticaduta. Nella logica di fornire una soluzione globale, Gamesystem offre Dispositivi di Protezione Individuale appropriati per gli interventi in quota su copertura (Imbragatura di sicurezza, assorbitore di energia, cordino singolo o doppio, ecc.).<\/p>\n\t\t\t<h2>LE NOSTRE REALIZZAZIONI &#8211; MESSA IN SICUREZZA DELLE COPERTURE<\/h2>\n\t\t\t\t<a\n\t\t\thref=\"https:\/\/gamesystem.com\/wp-content\/uploads\/2018\/05\/travail-en-hauteur-laide-d-une-ligne-de-vie.jpg\"\n\t\t\t\t\t\tdata-fancybox=\"images\" \n\t\t\ttitle=\"travail-en-hauteur--l&amp;#039;aide-d-une-ligne-de-vie\" \n\t\t\t\t\t\tdata-caption=\"Ligne de vie sur toiture terrasse\"\n\t\t\t\t\t\tdata-description=\"travail en hauteur \u00e0 l'aide d'une ligne de vie gamesystem\" \n\t\t\titemprop=\"contentUrl\">\n\t\t<img decoding=\"async\" loading=\"lazy\" src=\"https:\/\/gamesystem.com\/wp-content\/uploads\/2018\/05\/travail-en-hauteur-laide-d-une-ligne-de-vie.jpg\" alt=\"Ligne de vie cable sur toit\" data-no-lazy=\"1\" itemprop=\"thumbnail\" width=\"800\" height=\"600\" \/>\n\t\t\t<!-- Overlay Wrapper -->\n\t\t\t <!-- Overlay Wrapper Closed -->\n\t\t\t\t<\/a>\n\t\t\t\t\t\t\t<meta itemprop=\"width\" content=\"800\" \/>\n\t\t\t<meta itemprop=\"height\" content=\"600\" \/>\n\t\t\t\t<a\n\t\t\thref=\"https:\/\/gamesystem.com\/wp-content\/uploads\/2018\/05\/balisage-sur-toiture-plate.jpg\"\n\t\t\t\t\t\tdata-fancybox=\"images\" \n\t\t\ttitle=\"balisage-sur-toiture-plate\" \n\t\t\t\t\t\tdata-caption=\"Balisage d'une toiture terrasse\"\n\t\t\t\t\t\tdata-description=\"travail en s\u00e9curit\u00e9 sur le toit \" \n\t\t\titemprop=\"contentUrl\">\n\t\t<img decoding=\"async\" loading=\"lazy\" src=\"https:\/\/gamesystem.com\/wp-content\/uploads\/2018\/05\/balisage-sur-toiture-plate.jpg\" alt=\"balisage d'un toiture pour assurer la s\u00e9curit\u00e9 des op\u00e9rateurs \u00e9voluant sur toiture\" data-no-lazy=\"1\" itemprop=\"thumbnail\" width=\"800\" height=\"600\" \/>\n\t\t\t<!-- Overlay Wrapper -->\n\t\t\t <!-- Overlay Wrapper Closed -->\n\t\t\t\t<\/a>\n\t\t\t\t\t\t\t<meta itemprop=\"width\" content=\"800\" \/>\n\t\t\t<meta itemprop=\"height\" content=\"600\" \/>\n\t\t\t\t<a\n\t\t\thref=\"https:\/\/gamesystem.com\/wp-content\/uploads\/2018\/05\/ligne-de-vie-sur-toiture-avec-son-utilisation.jpg\"\n\t\t\t\t\t\tdata-fancybox=\"images\" \n\t\t\ttitle=\"ligne-de-vie-sur-toiture-avec-son-utilisation\" \n\t\t\t\t\t\tdata-caption=\"Ligne de vie c\u00e2ble sur toit plat\"\n\t\t\t\t\t\tdata-description=\"installation d'une ligne de vie sur les toitures de madrid\" \n\t\t\titemprop=\"contentUrl\">\n\t\t<img decoding=\"async\" loading=\"lazy\" src=\"https:\/\/gamesystem.com\/wp-content\/uploads\/2018\/05\/ligne-de-vie-sur-toiture-avec-son-utilisation.jpg\" alt=\"Pose de d'une ligne de vie cable sur toiture\" data-no-lazy=\"1\" itemprop=\"thumbnail\" width=\"800\" height=\"600\" \/>\n\t\t\t<!-- Overlay Wrapper -->\n\t\t\t <!-- Overlay Wrapper Closed -->\n\t\t\t\t<\/a>\n\t\t\t\t\t\t\t<meta itemprop=\"width\" content=\"800\" \/>\n\t\t\t<meta itemprop=\"height\" content=\"600\" \/>\n\t\t\t\t<a\n\t\t\thref=\"https:\/\/gamesystem.com\/wp-content\/uploads\/2018\/05\/installation-de-Patelage-sur-toiture.jpg\"\n\t\t\t\t\t\tdata-fancybox=\"images\" \n\t\t\ttitle=\"installation de Patelage sur toiture\" \n\t\t\t\t\t\tdata-caption=\"Platelage sur mesure sur toiture fibro\"\n\t\t\t\t\t\tdata-description=\"pose de patelage par gamesystem\" \n\t\t\titemprop=\"contentUrl\">\n\t\t<img decoding=\"async\" loading=\"lazy\" src=\"https:\/\/gamesystem.com\/wp-content\/uploads\/2018\/05\/installation-de-Patelage-sur-toiture.jpg\" alt=\"patelage sur toiture pour faciliter le d\u00e9placement des op\u00e9rateurs\" data-no-lazy=\"1\" itemprop=\"thumbnail\" width=\"800\" height=\"600\" \/>\n\t\t\t<!-- Overlay Wrapper -->\n\t\t\t <!-- Overlay Wrapper Closed -->\n\t\t\t\t<\/a>\n\t\t\t\t\t\t\t<meta itemprop=\"width\" content=\"800\" \/>\n\t\t\t<meta itemprop=\"height\" content=\"600\" \/>\n\t\t\t\t<a\n\t\t\thref=\"https:\/\/gamesystem.com\/wp-content\/uploads\/2018\/05\/Garde-corps-sur-toiture-plate-permettant-de-s\u00e9curiser-le-personnel.jpg\"\n\t\t\t\t\t\tdata-fancybox=\"images\" \n\t\t\ttitle=\"Garde corps sur toiture plate permettant de s\u00e9curiser le personnel\" \n\t\t\t\t\t\tdata-caption=\"Garde corps sur toiture terrasse\"\n\t\t\t\t\t\tdata-description=\"le garde corps est une protection collective qui s\u00e9curise les interventions sur toitures\" \n\t\t\titemprop=\"contentUrl\">\n\t\t<img decoding=\"async\" loading=\"lazy\" src=\"https:\/\/gamesystem.com\/wp-content\/uploads\/2018\/05\/Garde-corps-sur-toiture-plate-permettant-de-s\u00e9curiser-le-personnel.jpg\" alt=\"garde corps pour travail en hauteur sur toit en s\u00e9curit\u00e9\" data-no-lazy=\"1\" itemprop=\"thumbnail\" width=\"800\" height=\"600\" \/>\n\t\t\t<!-- Overlay Wrapper -->\n\t\t\t <!-- Overlay Wrapper Closed -->\n\t\t\t\t<\/a>\n\t\t\t\t\t\t\t<meta itemprop=\"width\" content=\"800\" \/>\n\t\t\t<meta itemprop=\"height\" content=\"600\" \/>\n\t\t\t\t<a\n\t\t\thref=\"https:\/\/gamesystem.com\/wp-content\/uploads\/2018\/05\/installation-ligne-de-vie-sur-toiture-pente.jpg\"\n\t\t\t\t\t\tdata-fancybox=\"images\" \n\t\t\ttitle=\"installation-ligne-de-vie-sur-toiture-pente\" \n\t\t\t\t\t\tdata-caption=\"Ligne de vie sur toit en pente\"\n\t\t\t\t\t\tdata-description=\"ligne de vie cable install\u00e9\" \n\t\t\titemprop=\"contentUrl\">\n\t\t<img decoding=\"async\" loading=\"lazy\" src=\"https:\/\/gamesystem.com\/wp-content\/uploads\/2018\/05\/installation-ligne-de-vie-sur-toiture-pente.jpg\" alt=\"\u00c9viter les chutes de hauteur avec une ligne de vie\" data-no-lazy=\"1\" itemprop=\"thumbnail\" width=\"800\" height=\"600\" \/>\n\t\t\t<!-- Overlay Wrapper -->\n\t\t\t <!-- Overlay Wrapper Closed -->\n\t\t\t\t<\/a>\n\t\t\t\t\t\t\t<meta itemprop=\"width\" content=\"800\" \/>\n\t\t\t<meta itemprop=\"height\" content=\"600\" \/>\n\t\t\t\t<a\n\t\t\thref=\"https:\/\/gamesystem.com\/wp-content\/uploads\/2018\/05\/installation-dun-patelage-sur-toiture.jpg\"\n\t\t\t\t\t\tdata-fancybox=\"images\" \n\t\t\ttitle=\"installation d&amp;#039;un patelage sur toiture\" \n\t\t\t\t\t\tdata-caption=\"Platelage sur toiture\"\n\t\t\t\t\t\tdata-description=\"patelage sur une toiture pour la s\u00e9curiser\" \n\t\t\titemprop=\"contentUrl\">\n\t\t<img decoding=\"async\" loading=\"lazy\" src=\"https:\/\/gamesystem.com\/wp-content\/uploads\/2018\/05\/installation-dun-patelage-sur-toiture.jpg\" alt=\"patelage de s\u00e9curit\u00e9 sur toiture pente\" data-no-lazy=\"1\" itemprop=\"thumbnail\" width=\"800\" height=\"600\" \/>\n\t\t\t<!-- Overlay Wrapper -->\n\t\t\t <!-- Overlay Wrapper Closed -->\n\t\t\t\t<\/a>\n\t\t\t\t\t\t\t<meta itemprop=\"width\" content=\"800\" \/>\n\t\t\t<meta itemprop=\"height\" content=\"600\" \/>\n\t\t\t\t<a\n\t\t\thref=\"https:\/\/gamesystem.com\/wp-content\/uploads\/2018\/07\/point-dancrage-sur-toiture-pente.jpg\"\n\t\t\t\t\t\tdata-fancybox=\"images\" \n\t\t\ttitle=\"point d'ancrage sur toiture pente\" \n\t\t\t\t\t\tdata-caption=\"Point d'ancrage sur toiture \"\n\t\t\t\t\t\tdata-description=\"travail en hauteur sur toiture\" \n\t\t\titemprop=\"contentUrl\">\n\t\t<img decoding=\"async\" loading=\"lazy\" src=\"https:\/\/gamesystem.com\/wp-content\/uploads\/2018\/07\/point-dancrage-sur-toiture-pente.jpg\" alt=\"ligne de vie cable sur toit plat\" data-no-lazy=\"1\" itemprop=\"thumbnail\" width=\"800\" height=\"600\" \/>\n\t\t\t<!-- Overlay Wrapper -->\n\t\t\t <!-- Overlay Wrapper Closed -->\n\t\t\t\t<\/a>\n\t\t\t\t\t\t\t<meta itemprop=\"width\" content=\"800\" \/>\n\t\t\t<meta itemprop=\"height\" content=\"600\" \/>\n\t\n\t\n\t\n\t\n\n","protected":false},"excerpt":{"rendered":"<p>MESSA IN SICUREZZA DELLE COPERTURE Gamesystem propone sistemi anticaduta standard e su misura che mettono in sicurezza gli interventi dei vostri operatori sui tetti. Qualunque sia il tipo di tetto&hellip;<\/p>\n","protected":false},"author":7,"featured_media":0,"parent":0,"menu_order":0,"comment_status":"closed","ping_status":"open","template":"","meta":[],"_links":{"self":[{"href":"https:\/\/gamesystem.com\/it\/wp-json\/wp\/v2\/pages\/13691"}],"collection":[{"href":"https:\/\/gamesystem.com\/it\/wp-json\/wp\/v2\/pages"}],"about":[{"href":"https:\/\/gamesystem.com\/it\/wp-json\/wp\/v2\/types\/page"}],"author":[{"embeddable":true,"href":"https:\/\/gamesystem.com\/it\/wp-json\/wp\/v2\/users\/7"}],"replies":[{"embeddable":true,"href":"https:\/\/gamesystem.com\/it\/wp-json\/wp\/v2\/comments?post=13691"}],"version-history":[{"count":0,"href":"https:\/\/gamesystem.com\/it\/wp-json\/wp\/v2\/pages\/13691\/revisions"}],"wp:attachment":[{"href":"https:\/\/gamesystem.com\/it\/wp-json\/wp\/v2\/media?parent=13691"}],"curies":[{"name":"wp","href":"https:\/\/api.w.org\/{rel}","templated":true}]}}