{"id":13685,"date":"2018-02-20T15:51:33","date_gmt":"2018-02-20T15:51:33","guid":{"rendered":"https:\/\/preprod.gamesystem.com\/produits\/protection-individuelle\/cable-de-securite-biroulette-frein\/"},"modified":"2018-09-16T21:22:28","modified_gmt":"2018-09-16T21:22:28","slug":"cavo-di-sicurezza-con-biruota-a-freno","status":"publish","type":"page","link":"https:\/\/gamesystem.com\/it\/prodotti\/protezione-individuale\/cavo-di-sicurezza-con-biruota-a-freno\/","title":{"rendered":"Cavo di sicurezza con biruota a freno"},"content":{"rendered":"<p>\t<a href=\"https:\/\/gamesystem.com\/it\/prodotti\/\" target=\"_self\" ><\/a><br \/>\n\t\t<strong> Tutti i nostri prodotti <\/strong><br \/>\n\t<a href=\"https:\/\/gamesystem.com\/it\/prodotti\/protezione-individuale\/\" target=\"_self\" ><\/a><br \/>\n\t\t<strong> Protezione individuale <\/strong>\t\t\t<\/p>\n<h1>Cavo di sicurezza con biruota a freno<\/h1>\n<p>Il CAVO DI SICUREZZA con biruota a freno necessita di ancoraggi strutturali sui quali sono fi ssati gli elementi d\u2019estremit\u00e0, che a loro volta alloggiano le parti terminali del cavo. Quest\u2019ultimo sar\u00e0 in acciaio zincato, di diam. 16mm. Un\u2019estremit\u00e0 del cavo sar\u00e0 pressata tramite una chiusura a manicotto, l\u2019altra passer\u00e0 tramite una ganascia il cui serraggio sar\u00e0 tarato in modo che essa possa scivolare a partire da una certa sollecitazione. La ganascia stessa \u00e8 collegata al tenditore, e ci\u00f2 permette all\u2019utilizzatore di assicurarsi della corretta tensione del cavo.<\/p>\n<p>La BIRUOTA A FRENO \u00e8 composta da un carrello con due rulli dotati di gola a \u201cV\u201d, al centro del quale sono posizionati due bracci, montati su una molla, che racchiudono un freno: due rondelle metalliche proteggono il sistema di dissipazione dei rulli. In caso di caduta dell\u2019operatore, il suo peso porta il freno a contatto col cavo, annullando lo scorrimento dei rulli da una parte (evitando dunque lo spostamento della persona ed il conseguente rischio pendolo); dall\u2019altra parte, l\u2019energia derivante dalla caduta sposta l\u2019asse in uno spazio in posizione obliqua rispetto alla linguetta. La deformazione ed il frizionamento di quest\u2019ultima partecipano alla dissipazione dell\u2019energia prodotta, riducendo il picco di forza di 900 daN del 35%.<\/p>\n<p>Un indicatore di caduta sar\u00e0 allora visibile, obbligando il dispositivo ad una revisione. In caso di caduta, tutto il dispositivo partecipa alla dissipazione di energia tramite lo scorrimento del cavo nella ganascia, riducendo cos\u00ec gli sforzi trasmessi alla struttura.<\/p>\n<p>\t\t\t\t<a href=\"https:\/\/gamesystem.com\/wp-content\/uploads\/2018\/06\/charriot-biroulette-frein.png\" target=\"_self\" itemprop=\"url\"><br \/>\n\t\t\t\t<img decoding=\"async\" loading=\"lazy\" src=\"https:\/\/gamesystem.com\/wp-content\/uploads\/2018\/06\/charriot-biroulette-frein.png\" alt=\"cable de s\u00e9curit\u00e9 avec charriot\" itemprop=\"image\" height=\"600\" width=\"800\" title=\"charriot biroulette frein\"  \/><br \/>\n\t\t\t\t<\/a><br \/>\n\t\t\t<a href=\"https:\/\/gamesystem.com\/wp-content\/uploads\/2018\/09\/Biruota-Freno-Gamesystem.pdf\" target=\"_blank\" rel=\"noopener\"><br \/>\n\t\t\t\t\t\t\t\tScheda tecnica<br \/>\n\t\t\t\t\t\t\t<\/a><br \/>\n\t\t\t<a href=\"https:\/\/gamesystem.com\/wp-content\/uploads\/2018\/09\/Notice-utilisation-Chariot-ligne-de-vie-biroulette-frein-Gameystem.pdf\" target=\"_blank\" rel=\"noopener\"><br \/>\n\t\t\t\t\t\t\t\tManuale di uso e manutenzione<br \/>\n\t\t\t\t\t\t\t<\/a><\/p>\n<nav>\n<ul>\n<li data-index=\"0\">\n<h2>\n\t\t\t\t\t\t<a href=\"javascript:void(0);\">Quando utilizzarlo ? <\/a><br \/>\n\t\t\t\t\t<\/h2>\n<\/li>\n<li data-index=\"1\">\n<h2>\n\t\t\t\t\t\t<a href=\"javascript:void(0);\">Sicurezza<\/a><br \/>\n\t\t\t\t\t<\/h2>\n<\/li>\n<li data-index=\"2\">\n<h2>\n\t\t\t\t\t\t<a href=\"javascript:void(0);\">Formazione<\/a><br \/>\n\t\t\t\t\t<\/h2>\n<\/li>\n<\/ul>\n<\/nav>\n<h2>\n\t\t\t\t\t\t\t\t\t\t\t\tQuando utilizzarlo ?<br \/>\n\t\t\t\t\t\t\t\t\t\t\t<\/h2>\n<p>In caso si debba intervenire con regolarit\u00e0 tramite spostamenti orizzontali (&gt;10 m e &lt; 80 m), senza struttura intermedia (ad esempio carroponte o trave in carpenteria), il CAVO DI SICUREZZA CON BIRUOTA A FRENO \u00e8 la soluzione corretta.<\/p>\n<p>Esso sar\u00e0 installato in maniera permanente sia tramite ancoraggio strutturale, oppure tramite supporto ammorsato, se possibile da 2,40 a 3m sopra il punto di ancoraggio dell\u2019imbragatura.<br \/>L\u2019utilizzatore connette il suo anticaduta retrattile alla Biruota, dopo aver controllato la qualit\u00e0 dell\u2019installazione ed il corretto superamento dei controlli annuali.<\/p>\n<h2>\n\t\t\t\t\t\t\t\t\t\t\t\tSicurezza<br \/>\n\t\t\t\t\t\t\t\t\t\t\t<\/h2>\n<p>L\u2019anticaduta utilizzato dev\u2019essere obbligatoriamente conforme alle norme in modo da non sviluppare, in caso di caduta, un picco di forza superiore ai 600 daN autorizzati. Un cordino non \u00e8 un dispositivo anticaduta, a meno che non sussista un solo rischio di scivolamento.<\/p>\n<h2>\n\t\t\t\t\t\t\t\t\t\t\t\tFormazione<br \/>\n\t\t\t\t\t\t\t\t\t\t\t<\/h2>\n<p>Moduli \u201cposa e controllo dispositivi d\u2019ancoraggio\u201d, \u201clavoro su carroponte e via di corsa\u201d.<\/p>\n<p>\t\t\t\t\t<!-- \/content --><br \/>\n\t<!-- \/tabs --><\/p>\n","protected":false},"excerpt":{"rendered":"<p>Tutti i nostri prodotti Protezione individuale Cavo di sicurezza con biruota a freno Il CAVO DI SICUREZZA con biruota a freno necessita di ancoraggi strutturali sui quali sono fi ssati&hellip;<\/p>\n","protected":false},"author":7,"featured_media":13473,"parent":13517,"menu_order":0,"comment_status":"closed","ping_status":"open","template":"","meta":[],"_links":{"self":[{"href":"https:\/\/gamesystem.com\/it\/wp-json\/wp\/v2\/pages\/13685"}],"collection":[{"href":"https:\/\/gamesystem.com\/it\/wp-json\/wp\/v2\/pages"}],"about":[{"href":"https:\/\/gamesystem.com\/it\/wp-json\/wp\/v2\/types\/page"}],"author":[{"embeddable":true,"href":"https:\/\/gamesystem.com\/it\/wp-json\/wp\/v2\/users\/7"}],"replies":[{"embeddable":true,"href":"https:\/\/gamesystem.com\/it\/wp-json\/wp\/v2\/comments?post=13685"}],"version-history":[{"count":0,"href":"https:\/\/gamesystem.com\/it\/wp-json\/wp\/v2\/pages\/13685\/revisions"}],"up":[{"embeddable":true,"href":"https:\/\/gamesystem.com\/it\/wp-json\/wp\/v2\/pages\/13517"}],"wp:featuredmedia":[{"embeddable":true,"href":"https:\/\/gamesystem.com\/it\/wp-json\/wp\/v2\/media\/13473"}],"wp:attachment":[{"href":"https:\/\/gamesystem.com\/it\/wp-json\/wp\/v2\/media?parent=13685"}],"curies":[{"name":"wp","href":"https:\/\/api.w.org\/{rel}","templated":true}]}}