{"id":13680,"date":"2018-02-21T14:20:11","date_gmt":"2018-02-21T14:20:11","guid":{"rendered":"https:\/\/preprod.gamesystem.com\/produits\/protection-individuelle\/ligne-de-vie\/"},"modified":"2026-04-07T13:23:49","modified_gmt":"2026-04-07T11:23:49","slug":"linea-di-vita","status":"publish","type":"page","link":"https:\/\/gamesystem.com\/it\/prodotti\/protezione-individuale\/linea-di-vita\/","title":{"rendered":"Linea di vita"},"content":{"rendered":"\n\n\t<a href=\"https:\/\/gamesystem.com\/it\/prodotti\/\" target=\"_self\" aria-label=\"Go to https:\/\/gamesystem.com\/it\/prodotti\/\" rel=\"noopener\"><\/a>\n\t\t<strong> Tutti i nostri prodotti <\/strong>\t\t\t\n\t<a href=\"https:\/\/gamesystem.com\/it\/prodotti\/protezione-individuale\/\" target=\"_self\" aria-label=\"Go to https:\/\/gamesystem.com\/it\/prodotti\/protezione-individuale\/\" rel=\"noopener\"><\/a>\n\t\t<strong> Protezione individuale <\/strong>\t\t\t\n\t\t\t<h1>Linea di vita<\/h1>\t\t\t\n\t\t\t\t<p>La <strong>linea di vita<\/strong> \u00e8 un sistema anticaduta a cavo che consente ad un operatore di lavorare in sicurezza e di muoversi liberamente in aree a rischio caduta.<\/p>\n<p>\u00c8 un dispositivo di ancoraggio EN 795 di tipo C dotato di un supporto di ancoraggio flessibile orizzontale e di un cavo di sicurezza in acciaio inossidabile di diametro 8 mm. Questo cavo \u00e8 sostenuto da ancoraggi strutturali intermedi e, ad ogni estremit\u00e0, da un ancoraggio strutturale terminale. La navetta mobile (carrello scorrevole) consente di superare gli elementi intermedi senza mai obbligare l&#8217;utilizzatore a sganciarsi dalla <strong>linea di vita<\/strong>; questo avviene anche se ci si muove a distanza dal sistema anticaduta.<\/p>\n<p>In caso di caduta, l&#8217;assorbitore di energia all&#8217;estremit\u00e0 della <strong>linea di vita<\/strong> dissipa gli sforzi generati; tramite la sua deformazione, l&#8217;intero dispositivo partecipa all&#8217;assorbimento di energia, riducendo in questo modo le forze trasmesse alla struttura ed al malcapitato.<\/p>\n\t\t\t\t<img decoding=\"async\" src=\"https:\/\/gamesystem.com\/wp-content\/plugins\/bb-plugin\/img\/pixel.png\" alt=\"\" itemprop=\"image\" onerror=\"this.style.display='none'\"  \/>\n\t\t\t<a href=\"https:\/\/gamesystem.com\/wp-content\/uploads\/2018\/09\/Linea-di-Vita-Gamesystem.pdf\" target=\"_blank\" rel=\"noopener\">\n\t\t\t\t\t\t\t\tScheda tecnica\n\t\t\t\t\t\t\t<\/a>\n\t\t\t<a href=\"https:\/\/gamesystem.com\/wp-content\/uploads\/2019\/11\/Uso-e-Manutenzione-Linea-di-Vita-Temporanea.pdf\" target=\"_blank\" rel=\"noopener\">\n\t\t\t\t\t\t\t\tManuale di uso e manutenzione\n\t\t\t\t\t\t\t<\/a>\n\t\t<nav>\n\t\t\t<ul>\n\t\t\t\t\t\t\t\t<li data-index=\"0\">\n\t\t\t\t\t<h2>\n\t\t\t\t\t\t<a href=\"javascript:void(0);\">Utilizzo della linea di vita \n\t\t\t\t\t\t\t\t\t\t\t\t<\/a>\n\t\t\t\t\t<\/h2>\n\t\t\t\t<\/li>\n\t\t\t\t\t\t\t\t<li data-index=\"1\">\n\t\t\t\t\t<h2>\n\t\t\t\t\t\t<a href=\"javascript:void(0);\">I punti di forza della linea di vita \n\t\t\t\t\t\t\t\t\t\t\t\t<\/a>\n\t\t\t\t\t<\/h2>\n\t\t\t\t<\/li>\n\t\t\t\t\t\t\t\t<li data-index=\"2\">\n\t\t\t\t\t<h2>\n\t\t\t\t\t\t<a href=\"javascript:void(0);\">Caratteristiche della linea di vita \n\t\t\t\t\t\t\t\t\t\t\t\t<\/a>\n\t\t\t\t\t<\/h2>\n\t\t\t\t<\/li>\n\t\t\t\t\t\t\t\t<li data-index=\"3\">\n\t\t\t\t\t<h2>\n\t\t\t\t\t\t<a href=\"javascript:void(0);\">Regolamentazioni, norme e raccomandazioni \n\t\t\t\t\t\t\t\t\t\t\t\t<\/a>\n\t\t\t\t\t<\/h2>\n\t\t\t\t<\/li>\n\t\t\t\t\t\t\t\t<li data-index=\"4\">\n\t\t\t\t\t<h2>\n\t\t\t\t\t\t<a href=\"javascript:void(0);\">Installazione e posa \n\t\t\t\t\t\t\t\t\t\t\t\t<\/a>\n\t\t\t\t\t<\/h2>\n\t\t\t\t<\/li>\n\t\t\t\t\t\t\t\t<li data-index=\"5\">\n\t\t\t\t\t<h2>\n\t\t\t\t\t\t<a href=\"javascript:void(0);\">Componenti \n\t\t\t\t\t\t\t\t\t\t\t\t<\/a>\n\t\t\t\t\t<\/h2>\n\t\t\t\t<\/li>\n\t\t\t\t\t\t\t\t<li data-index=\"6\">\n\t\t\t\t\t<h2>\n\t\t\t\t\t\t<a href=\"javascript:void(0);\">Accessori\n\t\t\t\t\t\t\t\t\t\t\t\t<\/a>\n\t\t\t\t\t<\/h2>\n\t\t\t\t<\/li>\n\t\t\t\t\t\t\t<\/ul>\n\t\t<\/nav>\n\t\t\t\t\t<h2>\n\t\t\t\t\t\t\t\t\t\t\t\tUtilizzo della linea di vita \n\t\t\t\t\t\t\t\t\t\t\t<\/h2>\n\t\t\t\t\t<p>La <strong>linea di vita a cavo<\/strong> si utilizza su coperture piane, coperture inclinate, facciate, carriponte, vie di corsa, pipe rack, vasche, serbatoi, ecc.<\/p>\n\t\t\t\t\t<h2>\n\t\t\t\t\t\t\t\t\t\t\t\tI punti di forza della linea di vita \n\t\t\t\t\t\t\t\t\t\t\t<\/h2>\n\t\t\t\t\t<ul>\n<li><strong>Produttivit\u00e0 e sicurezza:<\/strong> un sistema di protezione anticaduta che consente agli operatori di lavorare in costante sicurezza senza limitarne movimenti e produttivit\u00e0<\/li>\n<li><strong>Ergonomia:<\/strong> Gli operatori non si dovranno sganciare per il superamento degli elementi intermedi.<\/li>\n<li><strong>Indicatore:<\/strong> un segnale rosso verr\u00e0 visualizzato sull&#8217;assorbitore di energia quando la <strong>linea di vita<\/strong> interverr\u00e0 successivamente ad una caduta<\/li>\n<li><strong>Durata di vita:<\/strong> <strong>Gamesystem<\/strong> assicura una lunga durata del sistema <strong>linea di vita,<\/strong> se quest&#8217;ultimo verr\u00e0 costantemente (annualmente) verificato e manutenuto.<\/li>\n<\/ul>\n\t\t\t\t\t<h2>\n\t\t\t\t\t\t\t\t\t\t\t\tCaratteristiche della linea di vita \n\t\t\t\t\t\t\t\t\t\t\t<\/h2>\n\t\t\t\t\t<ul>\n<li>Un elemento intermedio deformato pu\u00f2 essere sostituito senza rimuovere il <strong>cavo dalla linea di vita<\/strong>.<\/li>\n<li>L&#8217;indicatore di colore rosso del preregolatore posto ad una estremit\u00e0 segnala la corretta installazione e la regolazione ottimale del <strong>cavo della linea di vita<\/strong>.<\/li>\n<li>Una volta che il <strong>cavo della linea di vita <\/strong>\u00e8 regolato ed il tenditore \u00e8 sigillato, nessuno sar\u00e0 pi\u00f9 in grado di modificare il sistema senza manometterne i blocchi.<\/li>\n<li>Le aree di accesso alla <strong>linea di vita a cavo<\/strong> devono essere chiaramente indicate mediante segnaletica.<\/li>\n<\/ul>\n\t\t\t\t\t<h2>\n\t\t\t\t\t\t\t\t\t\t\t\tRegolamentazioni, norme e raccomandazioni \n\t\t\t\t\t\t\t\t\t\t\t<\/h2>\n\t\t\t\t\t<p>La <strong>linea di vita a cavo<\/strong> soddisfa i requisiti della norma NF EN 795 tipo C. Per ottenere questa certificazione CE, il prodotto deve essere sottoposto a specifico test di resistenza.<\/p>\n<p>La raccomandazione R 430 del CNAMTS, a completamento della norma,\u00a0 fornisce precisazioni sulle condizioni di installazione ed utilizzo della <strong>linea di vita<\/strong>.<\/p>\n<p>In conformit\u00e0 alla R 430 (del 24 aprile 2007) del CNAMTS, il nostro servizio comprende la redazione e la consegna di un file tecnico, realizzato dal nostro ufficio tecnico, composto da:<\/p>\n<ul>\n<li>Disegni esecutivi,<\/li>\n<li>Note di calcolo (sforzi in gioco e dimensionamento delle nostre soluzioni),<\/li>\n<li>Schemi di montaggio,<\/li>\n<li>Dettagli dei supporti e degli ancoraggi strutturali,<\/li>\n<li>Certificato di conformit\u00e0 (in funzione della norma) rilasciato dal Laboratorio Notificato dallo Stato.<\/li>\n<li>Procedura di corretto utilizzo<\/li>\n<li>Manuale di uso e manutenzione<\/li>\n<\/ul>\n<p>Per ulteriori informazioni sulla normativa della linea di vita, sulla norma NF EN 795 e R 430, non esitate a contattarci. Un consulente, specialista del lavoro in quota, sar\u00e0 a Vostra disposizione per rispondere a tutte le Vostre domande.<\/p>\n\t\t\t\t\t<h2>\n\t\t\t\t\t\t\t\t\t\t\t\tInstallazione e posa \n\t\t\t\t\t\t\t\t\t\t\t<\/h2>\n\t\t\t\t\t<p>L&#8217;installazione della <strong>linea di vita a cavo<\/strong> verr\u00e0 eseguita, in condizioni di sicurezza ottimali, da personale qualificato ed autorizzato a lavorare in altezza, secondo le procedure di qualit\u00e0 (ISO 9001).<\/p>\n<p>La tecnica di fissaggio dei supporti della <strong>linea di vita<\/strong> sar\u00e0 adattata e giustificata in base a ciascuna struttura di supporto (serraggio tramite ammorsamento, perforazione, imbullonatura o utilizzo di ancoraggi chimici con barra filettata). L&#8217;installazione della <strong>linea di vita<\/strong> \u00e8 possibile in ogni tipologia di ambiente di lavoro (coperture piane, coperture inclinate, facciate, carriponte, vie di corsa, pipe rack, vasche, serbatoi, ecc.)<\/p>\n\t\t\t\t\t<h2>\n\t\t\t\t\t\t\t\t\t\t\t\tComponenti \n\t\t\t\t\t\t\t\t\t\t\t<\/h2>\n\t\t\t\t\t<ul>\n<li>Cavo in acciaio inox 316 L diametro 8mm in 7\/7.<\/li>\n<li>Elementi intermedi doppi in acciaio inox.<\/li>\n<li>Elemento entrata \/uscita in acciaio inox con dispositivo anti-uscita del carrello scorrevole.<\/li>\n<li>Assorbitore di energia in acciaio inox.<\/li>\n<li>Tenditore in acciaio inox.<\/li>\n<li>Indicatore di pretensionamento inox.<\/li>\n<li>Bulloneria in acciaio inox.<\/li>\n<li>I supporti (piastre, paletti &#8230;) che possono essere in acciaio inox o in acciaio zincato a caldo, verniciati o galvanizzati in base alle specificit\u00e0 dei siti o delle richieste.<\/li>\n<li>Cartello di sicurezza.<\/li>\n<\/ul>\n\t\t\t\t\t<h2>\n\t\t\t\t\t\t\t\t\t\t\t\tAccessori\n\t\t\t\t\t\t\t\t\t\t\t<\/h2>\n\t\t\t\t\t<ol>\n<li><strong> Carrello scorrevole:<\/strong><\/li>\n<\/ol>\n<p>Il carrello scorrevole \u00e8 un ancoraggio mobile che consente il passaggio continuo sugli elementi intermedi in tutte le posizioni, senza scollegarsi dal cavo. Questo sistema innovativo e funzionale consente di conservare intatta la &#8220;catena di sicurezza&#8221; da un&#8217;estremit\u00e0 all&#8217;altra della <strong>linea di vita a cavo<\/strong>.<\/p>\n<p>Per spostarsi in completa sicurezza, gli operatori agganciano il loro collegamento anticaduta (cordino o sistema retrattile) all&#8217;asola presente sul carrello scorrevole, precedentemente inserito sul cavo della <strong>linea di vita<\/strong> Gamesystem.<\/p>\n<ol start=\"2\">\n<li><strong> Paletto:<\/strong><\/li>\n<\/ol>\n<p>Quando si installa un dispositivo di ancoraggio (<strong>linea di vita<\/strong>) su copertura, \u00e8 spesso necessario utilizzare dei supporti (estremit\u00e0 ed intermedi) per far si che il sistema a cavo sia collocato in una posizione adatta a garantirne l&#8217;uso corretto, nonch\u00e9 una corretta reimpermeabilizzazione.<\/p>\n<ol start=\"3\">\n<li><strong><\/strong><strong> Cordino, anticaduta a richiamo automatico e modulatore<\/strong>\n<p>\u00a0<\/p>\n<\/li>\n<li><strong> Imbragature di sicurezza<\/strong><\/li>\n<\/ol>\n<p>\u00a0<\/p>\n\t\t\t\t\t<!-- \/content -->\n\t<!-- \/tabs -->\n\t\t\t<h2>LE NOSTRE REALIZZAZIONI &#8211; LINEA DI VITA<\/h2>\t\t\t\n\t\t\t\t<a\n\t\t\thref=\"https:\/\/gamesystem.com\/wp-content\/uploads\/2018\/05\/travail-en-hauteur-laide-d-une-ligne-de-vie.jpg\"\n\t\t\t\t\t\tdata-fancybox=\"images\" \n\t\t\ttitle=\"travail-en-hauteur--l&amp;#039;aide-d-une-ligne-de-vie\" \n\t\t\t\t\t\tdata-caption=\"Ligne de vie sur toiture terrasse\"\n\t\t\t\t\t\tdata-description=\"travail en hauteur \u00e0 l'aide d'une ligne de vie gamesystem\" \n\t\t\titemprop=\"contentUrl\">\n\t\t\t<img decoding=\"async\" loading=\"lazy\" src=\"https:\/\/gamesystem.com\/wp-content\/uploads\/2018\/05\/travail-en-hauteur-laide-d-une-ligne-de-vie.jpg\" alt=\"Ligne de vie cable sur toit\" data-no-lazy=\"1\" itemprop=\"thumbnail\" width=\"800\" height=\"600\" \/>\n\t\t\t<!-- Overlay Wrapper -->\n\t\t\t <!-- Overlay Wrapper Closed -->\n\t\t\t\t<\/a>\n\t\t\t\t\t\t\t<meta itemprop=\"width\" content=\"800\" \/>\n\t\t\t<meta itemprop=\"height\" content=\"600\" \/>\n\t\t\t\t<a\n\t\t\thref=\"https:\/\/gamesystem.com\/wp-content\/uploads\/2018\/07\/S\u00e9curisation-des-interventions-en-hauteur-sur-pont-roulant-avec-une-ligne-de-vie-cable.jpg\"\n\t\t\t\t\t\tdata-fancybox=\"images\" \n\t\t\ttitle=\"S\u00e9curisation des interventions en hauteur sur pont roulant avec une ligne de vie cable\" \n\t\t\t\t\t\tdata-caption=\"Ligne de vie sur pont roulant\"\n\t\t\t\t\t\tdata-description=\"\" \n\t\t\titemprop=\"contentUrl\">\n\t\t\t<img decoding=\"async\" loading=\"lazy\" src=\"https:\/\/gamesystem.com\/wp-content\/uploads\/2018\/07\/S\u00e9curisation-des-interventions-en-hauteur-sur-pont-roulant-avec-une-ligne-de-vie-cable.jpg\" alt=\"Ligne de vie sur toiture\" data-no-lazy=\"1\" itemprop=\"thumbnail\" width=\"800\" height=\"600\" \/>\n\t\t\t<!-- Overlay Wrapper -->\n\t\t\t <!-- Overlay Wrapper Closed -->\n\t\t\t\t<\/a>\n\t\t\t\t\t\t\t<meta itemprop=\"width\" content=\"800\" \/>\n\t\t\t<meta itemprop=\"height\" content=\"600\" \/>\n\t\t\t\t<a\n\t\t\thref=\"https:\/\/gamesystem.com\/wp-content\/uploads\/2018\/05\/ligne-de-vie-sur-toiture-avec-son-utilisation.jpg\"\n\t\t\t\t\t\tdata-fancybox=\"images\" \n\t\t\ttitle=\"ligne-de-vie-sur-toiture-avec-son-utilisation\" \n\t\t\t\t\t\tdata-caption=\"Ligne de vie c\u00e2ble sur toit plat\"\n\t\t\t\t\t\tdata-description=\"installation d'une ligne de vie sur les toitures de madrid\" \n\t\t\titemprop=\"contentUrl\">\n\t\t\t<img decoding=\"async\" loading=\"lazy\" src=\"https:\/\/gamesystem.com\/wp-content\/uploads\/2018\/05\/ligne-de-vie-sur-toiture-avec-son-utilisation.jpg\" alt=\"Pose de d'une ligne de vie cable sur toiture\" data-no-lazy=\"1\" itemprop=\"thumbnail\" width=\"800\" height=\"600\" \/>\n\t\t\t<!-- Overlay Wrapper -->\n\t\t\t <!-- Overlay Wrapper Closed -->\n\t\t\t\t<\/a>\n\t\t\t\t\t\t\t<meta itemprop=\"width\" content=\"800\" \/>\n\t\t\t<meta itemprop=\"height\" content=\"600\" \/>\n\t\t\t\t<a\n\t\t\thref=\"https:\/\/gamesystem.com\/wp-content\/uploads\/2018\/05\/installation-ligne-de-vie-sur-toiture-pente.jpg\"\n\t\t\t\t\t\tdata-fancybox=\"images\" \n\t\t\ttitle=\"installation-ligne-de-vie-sur-toiture-pente\" \n\t\t\t\t\t\tdata-caption=\"Ligne de vie sur toit en pente\"\n\t\t\t\t\t\tdata-description=\"ligne de vie cable install\u00e9\" \n\t\t\titemprop=\"contentUrl\">\n\t\t\t<img decoding=\"async\" loading=\"lazy\" src=\"https:\/\/gamesystem.com\/wp-content\/uploads\/2018\/05\/installation-ligne-de-vie-sur-toiture-pente.jpg\" alt=\"\u00c9viter les chutes de hauteur avec une ligne de vie\" data-no-lazy=\"1\" itemprop=\"thumbnail\" width=\"800\" height=\"600\" \/>\n\t\t\t<!-- Overlay Wrapper -->\n\t\t\t <!-- Overlay Wrapper Closed -->\n\t\t\t\t<\/a>\n\t\t\t\t\t\t\t<meta itemprop=\"width\" content=\"800\" \/>\n\t\t\t<meta itemprop=\"height\" content=\"600\" \/>\n\t\t\t\t<a\n\t\t\thref=\"https:\/\/gamesystem.com\/wp-content\/uploads\/2018\/07\/formation-port-du-harnais-s\u00e9curisation-des-acc\u00e8s-et-des-interventions-en-hauteur.jpg\"\n\t\t\t\t\t\tdata-fancybox=\"images\" \n\t\t\ttitle=\"formation port du harnais, s\u00e9curisation des acc\u00e8s et des interventions en hauteur\" \n\t\t\t\t\t\tdata-caption=\"Utilisation d'une ligne de vie\"\n\t\t\t\t\t\tdata-description=\"\" \n\t\t\titemprop=\"contentUrl\">\n\t\t\t<img decoding=\"async\" loading=\"lazy\" src=\"https:\/\/gamesystem.com\/wp-content\/uploads\/2018\/07\/formation-port-du-harnais-s\u00e9curisation-des-acc\u00e8s-et-des-interventions-en-hauteur.jpg\" alt=\"Travail \u00e0 l'aide d'une ligne de vie c\u00e2ble\" data-no-lazy=\"1\" itemprop=\"thumbnail\" width=\"800\" height=\"600\" \/>\n\t\t\t<!-- Overlay Wrapper -->\n\t\t\t <!-- Overlay Wrapper Closed -->\n\t\t\t\t<\/a>\n\t\t\t\t\t\t\t<meta itemprop=\"width\" content=\"800\" \/>\n\t\t\t<meta itemprop=\"height\" content=\"600\" \/>\n\t\t\t\t<a\n\t\t\thref=\"https:\/\/gamesystem.com\/wp-content\/uploads\/2018\/07\/formation-\u00e0-la-S\u00e9curit\u00e9-du-travail-en-hauteur-sur-toiture-terrasse.png\"\n\t\t\t\t\t\tdata-fancybox=\"images\" \n\t\t\ttitle=\"formation-\u00e0-la-S\u00e9curit\u00e9-du-travail-en-hauteur-sur-toiture-terrasse\" \n\t\t\t\t\t\tdata-caption=\"Travail sur toiture terrasse avec une ligne de vie\"\n\t\t\t\t\t\tdata-description=\"\" \n\t\t\titemprop=\"contentUrl\">\n\t\t\t<img decoding=\"async\" loading=\"lazy\" src=\"https:\/\/gamesystem.com\/wp-content\/uploads\/2018\/07\/formation-\u00e0-la-S\u00e9curit\u00e9-du-travail-en-hauteur-sur-toiture-terrasse.png\" alt=\"Formation sur toiture plate l'utilisation d'une ligne de vie\" data-no-lazy=\"1\" itemprop=\"thumbnail\" width=\"800\" height=\"600\" \/>\n\t\t\t<!-- Overlay Wrapper -->\n\t\t\t <!-- Overlay Wrapper Closed -->\n\t\t\t\t<\/a>\n\t\t\t\t\t\t\t<meta itemprop=\"width\" content=\"800\" \/>\n\t\t\t<meta itemprop=\"height\" content=\"600\" \/>\n\t\t\t\t<a\n\t\t\thref=\"https:\/\/gamesystem.com\/wp-content\/uploads\/2018\/07\/formation-S\u00e9curit\u00e9-du-travail-en-hauteur-sur-toiture-pente.png\"\n\t\t\t\t\t\tdata-fancybox=\"images\" \n\t\t\ttitle=\"formation-S\u00e9curit\u00e9-du-travail-en-hauteur-sur-toiture-pente\" \n\t\t\t\t\t\tdata-caption=\"Formation ligne de vie sur toiture pente\"\n\t\t\t\t\t\tdata-description=\"\" \n\t\t\titemprop=\"contentUrl\">\n\t\t\t<img decoding=\"async\" loading=\"lazy\" src=\"https:\/\/gamesystem.com\/wp-content\/uploads\/2018\/07\/formation-S\u00e9curit\u00e9-du-travail-en-hauteur-sur-toiture-pente.png\" alt=\"Formation travaux en hauteur\" data-no-lazy=\"1\" itemprop=\"thumbnail\" width=\"800\" height=\"600\" \/>\n\t\t\t<!-- Overlay Wrapper -->\n\t\t\t <!-- Overlay Wrapper Closed -->\n\t\t\t\t<\/a>\n\t\t\t\t\t\t\t<meta itemprop=\"width\" content=\"800\" \/>\n\t\t\t<meta itemprop=\"height\" content=\"600\" \/>\n\t\t\t\t<a\n\t\t\thref=\"https:\/\/gamesystem.com\/wp-content\/uploads\/2018\/05\/travail-en-hauteur-sur-machine.jpg\"\n\t\t\t\t\t\tdata-fancybox=\"images\" \n\t\t\ttitle=\"travail en hauteur sur machine\" \n\t\t\t\t\t\tdata-caption=\"Ligne de vie sur machine\"\n\t\t\t\t\t\tdata-description=\"s\u00e9curit\u00e9 des interventions gr\u00e2ce a la ligne de vie\" \n\t\t\titemprop=\"contentUrl\">\n\t\t\t<img decoding=\"async\" loading=\"lazy\" src=\"https:\/\/gamesystem.com\/wp-content\/uploads\/2018\/05\/travail-en-hauteur-sur-machine.jpg\" alt=\"Ligne de vie cable sur machine pour s\u00e9curit\u00e9\" data-no-lazy=\"1\" itemprop=\"thumbnail\" width=\"800\" height=\"600\" \/>\n\t\t\t<!-- Overlay Wrapper -->\n\t\t\t <!-- Overlay Wrapper Closed -->\n\t\t\t\t<\/a>\n\t\t\t\t\t\t\t<meta itemprop=\"width\" content=\"800\" \/>\n\t\t\t<meta itemprop=\"height\" content=\"600\" \/>\n\t\t\t\t<a\n\t\t\thref=\"https:\/\/gamesystem.com\/wp-content\/uploads\/2018\/05\/S\u00e9curisation-dun-pont-roulant-avec-une-ligne-de-vie-cable-1.jpg\"\n\t\t\t\t\t\tdata-fancybox=\"images\" \n\t\t\ttitle=\"S\u00e9curisation d&amp;#039;un pont roulant avec une ligne de vie cable\" \n\t\t\t\t\t\tdata-caption=\"Ligne de vie pour deux personnes sur pont roulant\"\n\t\t\t\t\t\tdata-description=\"\" \n\t\t\titemprop=\"contentUrl\">\n\t\t\t<img decoding=\"async\" loading=\"lazy\" src=\"https:\/\/gamesystem.com\/wp-content\/uploads\/2018\/05\/S\u00e9curisation-dun-pont-roulant-avec-une-ligne-de-vie-cable-1.jpg\" alt=\"Ligne de vie cable sur pont roulant\" data-no-lazy=\"1\" itemprop=\"thumbnail\" width=\"800\" height=\"600\" \/>\n\t\t\t<!-- Overlay Wrapper -->\n\t\t\t <!-- Overlay Wrapper Closed -->\n\t\t\t\t<\/a>\n\t\t\t\t\t\t\t<meta itemprop=\"width\" content=\"800\" \/>\n\t\t\t<meta itemprop=\"height\" content=\"600\" \/>\n\t\t\t\t<a\n\t\t\thref=\"https:\/\/gamesystem.com\/wp-content\/uploads\/2018\/05\/travail-en-s\u00e9curit\u00e9-sur-pont-roulant-avec-ligne-de-vie.jpg\"\n\t\t\t\t\t\tdata-fancybox=\"images\" \n\t\t\ttitle=\"travail en s\u00e9curit\u00e9 sur pont roulant avec ligne de vie\" \n\t\t\t\t\t\tdata-caption=\"Ligne de vie chemin pont roulant\"\n\t\t\t\t\t\tdata-description=\"\" \n\t\t\titemprop=\"contentUrl\">\n\t\t\t<img decoding=\"async\" loading=\"lazy\" src=\"https:\/\/gamesystem.com\/wp-content\/uploads\/2018\/05\/travail-en-s\u00e9curit\u00e9-sur-pont-roulant-avec-ligne-de-vie.jpg\" alt=\"Ligne de vie sur chemin de pont roulant\" data-no-lazy=\"1\" itemprop=\"thumbnail\" width=\"800\" height=\"600\" \/>\n\t\t\t<!-- Overlay Wrapper -->\n\t\t\t <!-- Overlay Wrapper Closed -->\n\t\t\t\t<\/a>\n\t\t\t\t\t\t\t<meta itemprop=\"width\" content=\"800\" \/>\n\t\t\t<meta itemprop=\"height\" content=\"600\" \/>\n\t\t\t\t<a\n\t\t\thref=\"https:\/\/gamesystem.com\/wp-content\/uploads\/2018\/05\/S\u00e9curisation-du-personnel-travaillent-en-hauteur-avec-une-solution-antichute-1.jpg\"\n\t\t\t\t\t\tdata-fancybox=\"images\" \n\t\t\ttitle=\"S\u00e9curisation du personnel travaillent en hauteur avec une solution antichute\" \n\t\t\t\t\t\tdata-caption=\"Ligne de vie sur mesure\"\n\t\t\t\t\t\tdata-description=\"operation de maintenance et s\u00e9curisation avec une ligne de vie\" \n\t\t\titemprop=\"contentUrl\">\n\t\t\t<img decoding=\"async\" loading=\"lazy\" src=\"https:\/\/gamesystem.com\/wp-content\/uploads\/2018\/05\/S\u00e9curisation-du-personnel-travaillent-en-hauteur-avec-une-solution-antichute-1.jpg\" alt=\"Ligne de vie pour faciliter d\u00e9placement\" data-no-lazy=\"1\" itemprop=\"thumbnail\" width=\"800\" height=\"600\" \/>\n\t\t\t<!-- Overlay Wrapper -->\n\t\t\t <!-- Overlay Wrapper Closed -->\n\t\t\t\t<\/a>\n\t\t\t\t\t\t\t<meta itemprop=\"width\" content=\"800\" \/>\n\t\t\t<meta itemprop=\"height\" content=\"600\" \/>\n\t\t\t\t<a\n\t\t\thref=\"https:\/\/gamesystem.com\/wp-content\/uploads\/2018\/05\/Ligne-de-vie-cable-sur-toit-2.jpg\"\n\t\t\t\t\t\tdata-fancybox=\"images\" \n\t\t\ttitle=\"acc\u00e8s au poste grace a la ligne de vie\" \n\t\t\t\t\t\tdata-caption=\"Ligne de vie sur toiture pente\"\n\t\t\t\t\t\tdata-description=\"ligne de vie cable pour acc\u00e9der au poste de travail sur toiture\" \n\t\t\titemprop=\"contentUrl\">\n\t\t\t<img decoding=\"async\" loading=\"lazy\" src=\"https:\/\/gamesystem.com\/wp-content\/uploads\/2018\/05\/Ligne-de-vie-cable-sur-toit-2.jpg\" alt=\"Acc\u00e9der au poste grace a la ligne de vie\" data-no-lazy=\"1\" itemprop=\"thumbnail\" width=\"800\" height=\"600\" \/>\n\t\t\t<!-- Overlay Wrapper -->\n\t\t\t <!-- Overlay Wrapper Closed -->\n\t\t\t\t<\/a>\n\t\t\t\t\t\t\t<meta itemprop=\"width\" content=\"800\" \/>\n\t\t\t<meta itemprop=\"height\" content=\"600\" \/>\n\t\t\t\t<a\n\t\t\thref=\"https:\/\/gamesystem.com\/wp-content\/uploads\/2018\/05\/Ligne-de-vie-cable-Gamesystem-sur-toiture-et-toit-pente.png\"\n\t\t\t\t\t\tdata-fancybox=\"images\" \n\t\t\ttitle=\"Ligne-de-vie-cable-Gamesystem-sur-toiture-et-toit-pente\" \n\t\t\t\t\t\tdata-caption=\"Ligne de vie install\u00e9e sur toiture \"\n\t\t\t\t\t\tdata-description=\"travail en hauteur \u00e0 l'aide d'une ligne de vie \" \n\t\t\titemprop=\"contentUrl\">\n\t\t\t<img decoding=\"async\" loading=\"lazy\" src=\"https:\/\/gamesystem.com\/wp-content\/uploads\/2018\/05\/Ligne-de-vie-cable-Gamesystem-sur-toiture-et-toit-pente.png\" alt=\"Travail avec une ligne de vie sur un toit en pente\" data-no-lazy=\"1\" itemprop=\"thumbnail\" width=\"800\" height=\"600\" \/>\n\t\t\t<!-- Overlay Wrapper -->\n\t\t\t <!-- Overlay Wrapper Closed -->\n\t\t\t\t<\/a>\n\t\t\t\t\t\t\t<meta itemprop=\"width\" content=\"800\" \/>\n\t\t\t<meta itemprop=\"height\" content=\"600\" \/>\n\t\t\t\t<a\n\t\t\thref=\"https:\/\/gamesystem.com\/wp-content\/uploads\/2018\/05\/installation-dune-ligne-de-vie-cable-sur-toiture-terrasse.jpg\"\n\t\t\t\t\t\tdata-fancybox=\"images\" \n\t\t\ttitle=\"installation d&amp;#039;une ligne de vie cable sur toiture terrasse\" \n\t\t\t\t\t\tdata-caption=\"Ligne de vie avec potelet\"\n\t\t\t\t\t\tdata-description=\"pose de potelet ligne de \" \n\t\t\titemprop=\"contentUrl\">\n\t\t\t<img decoding=\"async\" loading=\"lazy\" src=\"https:\/\/gamesystem.com\/wp-content\/uploads\/2018\/05\/installation-dune-ligne-de-vie-cable-sur-toiture-terrasse.jpg\" alt=\"Ligne de vie cable sur toiture terrasse\" data-no-lazy=\"1\" itemprop=\"thumbnail\" width=\"800\" height=\"600\" \/>\n\t\t\t<!-- Overlay Wrapper -->\n\t\t\t <!-- Overlay Wrapper Closed -->\n\t\t\t\t<\/a>\n\t\t\t\t\t\t\t<meta itemprop=\"width\" content=\"800\" \/>\n\t\t\t<meta itemprop=\"height\" content=\"600\" \/>\n\t\n","protected":false},"excerpt":{"rendered":"<p>Tutti i nostri prodotti Protezione individuale Linea di vita La linea di vita \u00e8 un sistema anticaduta a cavo che consente ad un operatore di lavorare in sicurezza e di&hellip;<\/p>\n","protected":false},"author":7,"featured_media":13681,"parent":13517,"menu_order":0,"comment_status":"closed","ping_status":"open","template":"","meta":[],"_links":{"self":[{"href":"https:\/\/gamesystem.com\/it\/wp-json\/wp\/v2\/pages\/13680"}],"collection":[{"href":"https:\/\/gamesystem.com\/it\/wp-json\/wp\/v2\/pages"}],"about":[{"href":"https:\/\/gamesystem.com\/it\/wp-json\/wp\/v2\/types\/page"}],"author":[{"embeddable":true,"href":"https:\/\/gamesystem.com\/it\/wp-json\/wp\/v2\/users\/7"}],"replies":[{"embeddable":true,"href":"https:\/\/gamesystem.com\/it\/wp-json\/wp\/v2\/comments?post=13680"}],"version-history":[{"count":2,"href":"https:\/\/gamesystem.com\/it\/wp-json\/wp\/v2\/pages\/13680\/revisions"}],"predecessor-version":[{"id":39382,"href":"https:\/\/gamesystem.com\/it\/wp-json\/wp\/v2\/pages\/13680\/revisions\/39382"}],"up":[{"embeddable":true,"href":"https:\/\/gamesystem.com\/it\/wp-json\/wp\/v2\/pages\/13517"}],"wp:featuredmedia":[{"embeddable":true,"href":"https:\/\/gamesystem.com\/it\/wp-json\/wp\/v2\/media\/13681"}],"wp:attachment":[{"href":"https:\/\/gamesystem.com\/it\/wp-json\/wp\/v2\/media?parent=13680"}],"curies":[{"name":"wp","href":"https:\/\/api.w.org\/{rel}","templated":true}]}}