{"id":13659,"date":"2018-02-21T14:36:29","date_gmt":"2018-02-21T14:36:29","guid":{"rendered":"https:\/\/preprod.gamesystem.com\/produits\/protection-individuelle\/ligne-de-vie-temporaire\/"},"modified":"2019-11-04T13:51:12","modified_gmt":"2019-11-04T13:51:12","slug":"linea-di-vita-temporanea","status":"publish","type":"page","link":"https:\/\/gamesystem.com\/it\/prodotti\/protezione-individuale\/linea-di-vita-temporanea\/","title":{"rendered":"Linea di vita temporanea"},"content":{"rendered":"\n\t<a href=\"https:\/\/gamesystem.com\/it\/prodotti\/\" target=\"_self\"  rel=\"noopener noreferrer\"><\/a>\n\t\t<strong> Tutti i nostri prodotti <\/strong>\t\t\t\n\t<a href=\"https:\/\/gamesystem.com\/it\/prodotti\/protezione-individuale\/\" target=\"_self\"  rel=\"noopener noreferrer\"><\/a>\n\t\t<strong> Protezione individuale <\/strong>\t\t\t\n\t\t\t<h1>Linea di vita temporanea<\/h1>\t\t\t\n\t\t\t\t<p>La LINEA DI VITA TEMPORANEA necessita di una struttura sufficientemente solida sulla quale sono fissate 2 fettucce di ancoraggio d\u2019estremit\u00e0.<\/p>\n<p>La lunghezza massima non pu\u00f2 superare i 17 m. Una estremit\u00e0 termina con un gancio automatico di 20 mm di diametro, l\u2019altra estremit\u00e0 presenta un nodo di fine corsa sigillato che impedisce al MODULATORE di scollegarsi dal sistema. In caso di caduta, con la sua deformazione, l\u2019insieme del dispositivo partecipa all\u2019 assorbimento di energia, riducendo dunque gli sforzi trasmessi alla struttura.<\/p>\n\t\t\t\t<a href=\"https:\/\/gamesystem.com\/wp-content\/uploads\/2018\/05\/Ligne-de-vie-provisoire-pour-travail-en-hauteur.png\" target=\"_self\" itemprop=\"url\" rel=\"noopener noreferrer\">\n\t\t\t\t<img decoding=\"async\" loading=\"lazy\" src=\"https:\/\/gamesystem.com\/wp-content\/uploads\/2018\/05\/Ligne-de-vie-provisoire-pour-travail-en-hauteur.png\" alt=\"installation ligne de vie temporaire\" itemprop=\"image\" height=\"600\" width=\"800\" title=\"Ligne-de-vie-provisoire-pour-travail-en-hauteur\" onerror=\"this.style.display='none'\"  \/>\n\t\t\t\t<\/a>\n\t\t\t<a href=\"https:\/\/gamesystem.com\/wp-content\/uploads\/2018\/09\/Linea-di-vita-temporanea-Gamesystem.pdf\" target=\"_blank\" rel=\"noopener noreferrer\">\n\t\t\t\t\t\t\t\tScheda tecnica\n\t\t\t\t\t\t\t<\/a>\n\t\t\t<a href=\"https:\/\/gamesystem.com\/wp-content\/uploads\/2019\/11\/Uso-e-Manutenzione-Linea-di-Vita-Temporanea.pdf\" target=\"_blank\" rel=\"noopener noreferrer\">\n\t\t\t\t\t\t\t\tManuale di uso e manutenzione\n\t\t\t\t\t\t\t<\/a>\n\t\t<nav>\n\t\t\t<ul>\n\t\t\t\t\t\t\t\t<li data-index=\"0\">\n\t\t\t\t\t<h2>\n\t\t\t\t\t\t<a href=\"javascript:void(0);\">Quando utilizzarlo ? <\/a>\n\t\t\t\t\t<\/h2>\n\t\t\t\t<\/li>\n\t\t\t\t\t\t\t\t<li data-index=\"1\">\n\t\t\t\t\t<h2>\n\t\t\t\t\t\t<a href=\"javascript:void(0);\">Sicurezza<\/a>\n\t\t\t\t\t<\/h2>\n\t\t\t\t<\/li>\n\t\t\t\t\t\t\t\t<li data-index=\"2\">\n\t\t\t\t\t<h2>\n\t\t\t\t\t\t<a href=\"javascript:void(0);\">Formazione<\/a>\n\t\t\t\t\t<\/h2>\n\t\t\t\t<\/li>\n\t\t\t\t\t\t\t<\/ul>\n\t\t<\/nav>\n\t\t\t\t\t<h2>\n\t\t\t\t\t\t\t\t\t\t\t\tQuando utilizzarlo ? \n\t\t\t\t\t\t\t\t\t\t\t<\/h2>\n\t\t\t\t\t<p>Se l\u2019intervento necessita di spostamenti orizzontali, come l\u2019accesso alle vie di corsa dei carriponte, un dispositivo di ancoraggio come LA LINEA DI VITA TEMPORANEA \u00e9 la giusta soluzione. Sar\u00e0 installata ad ogni necessit\u00e0, tramite le due fettucce d\u2019ancoraggio in dotazione, se possibile al di sopra dell\u2019operatore. L\u2019utilizzatore tensioner\u00e0 con fermezza il sistema tirando il lato libero della corda, infine, prima di collegare il suo dispositivo anticaduta, verificher\u00e0 che il sistema sia stato adeguatamente controllato come da normative vigenti.<\/p>\n\t\t\t\t\t<h2>\n\t\t\t\t\t\t\t\t\t\t\t\tSicurezza\n\t\t\t\t\t\t\t\t\t\t\t<\/h2>\n\t\t\t\t\t<p>L\u2019anticaduta utilizzato dovr\u00e0 essere imperativamente conforme alle norme vigenti affinch\u00e9 non sviluppi, in caso di caduta, una forza superiore ai 600 daN consentiti. Un cordino di collegamento non \u00e9 un dispositivo anticaduta. Il dispositivo \u00e8 corredato da una sacca che lo\u00a0protegge e conserva in condizioni ottimali<\/p>\n\t\t\t\t\t<h2>\n\t\t\t\t\t\t\t\t\t\t\t\tFormazione\n\t\t\t\t\t\t\t\t\t\t\t<\/h2>\n\t\t\t\t\t<p>Corso \u00abLavoro lontano dal suolo; Lavoro sui tetti; Lavoro su gru e carriponte\u00bb<\/p>\n\t\t\t\t\t<!-- \/content -->\n\t<!-- \/tabs -->\n","protected":false},"excerpt":{"rendered":"<p>Tutti i nostri prodotti Protezione individuale Linea di vita temporanea La LINEA DI VITA TEMPORANEA necessita di una struttura sufficientemente solida sulla quale sono fissate 2 fettucce di ancoraggio d\u2019estremit\u00e0.&hellip;<\/p>\n","protected":false},"author":7,"featured_media":13662,"parent":13517,"menu_order":0,"comment_status":"closed","ping_status":"open","template":"","meta":[],"_links":{"self":[{"href":"https:\/\/gamesystem.com\/it\/wp-json\/wp\/v2\/pages\/13659"}],"collection":[{"href":"https:\/\/gamesystem.com\/it\/wp-json\/wp\/v2\/pages"}],"about":[{"href":"https:\/\/gamesystem.com\/it\/wp-json\/wp\/v2\/types\/page"}],"author":[{"embeddable":true,"href":"https:\/\/gamesystem.com\/it\/wp-json\/wp\/v2\/users\/7"}],"replies":[{"embeddable":true,"href":"https:\/\/gamesystem.com\/it\/wp-json\/wp\/v2\/comments?post=13659"}],"version-history":[{"count":0,"href":"https:\/\/gamesystem.com\/it\/wp-json\/wp\/v2\/pages\/13659\/revisions"}],"up":[{"embeddable":true,"href":"https:\/\/gamesystem.com\/it\/wp-json\/wp\/v2\/pages\/13517"}],"wp:featuredmedia":[{"embeddable":true,"href":"https:\/\/gamesystem.com\/it\/wp-json\/wp\/v2\/media\/13662"}],"wp:attachment":[{"href":"https:\/\/gamesystem.com\/it\/wp-json\/wp\/v2\/media?parent=13659"}],"curies":[{"name":"wp","href":"https:\/\/api.w.org\/{rel}","templated":true}]}}