{"id":13646,"date":"2018-07-17T08:31:08","date_gmt":"2018-07-17T08:31:08","guid":{"rendered":"https:\/\/preprod.gamesystem.com\/produits\/protection-individuelle\/portique-depotage\/"},"modified":"2018-09-16T21:19:38","modified_gmt":"2018-09-16T21:19:38","slug":"baia-di-carico","status":"publish","type":"page","link":"https:\/\/gamesystem.com\/it\/prodotti\/protezione-individuale\/baia-di-carico\/","title":{"rendered":"Baia di carico"},"content":{"rendered":"<p>\t<a href=\"https:\/\/gamesystem.com\/it\/prodotti\/\" target=\"_self\" ><\/a><br \/>\n\t\t<strong> Tutti i nostri prodotti <\/strong><br \/>\n\t<a href=\"https:\/\/gamesystem.com\/it\/prodotti\/protezione-individuale\/\" target=\"_self\" ><\/a><br \/>\n\t\t<strong> Protezione individuale <\/strong>\t\t\t<\/p>\n<h1>Baia di carico<\/h1>\n<p><strong>OBIETTIVO:<br \/><\/strong><\/p>\n<p>Assicurare un autista od un operatore incaricato di salire su una autocisterna o rimorchio per verificarne il carico lo scarico o eseguirne una campionatura.<\/p>\n<p>Ci si trova mediamente ad un\u2019altezza di circa 3-4 m da terra ed il rischio caduta \u00e8 ancora pi\u00f9 elevato perch\u00e9 per svolgere le operazioni necessarie ci si deve chinare e rimanere in equilibrio precario.<\/p>\n<p>\t\t\t\t<a href=\"https:\/\/gamesystem.com\/wp-content\/uploads\/2018\/07\/portique-pour-securisation-de-quai-de-depotage.png\" target=\"_self\" itemprop=\"url\"><br \/>\n\t\t\t\t<img decoding=\"async\" loading=\"lazy\" src=\"https:\/\/gamesystem.com\/wp-content\/uploads\/2018\/07\/portique-pour-securisation-de-quai-de-depotage.png\" alt=\"quai de d\u00e9potage pour chargement et d\u00e9chargement\" itemprop=\"image\" height=\"600\" width=\"800\" title=\"portique-pour-securisation-de-quai-de-depotage\"  \/><br \/>\n\t\t\t\t<\/a><br \/>\n\t\t\t<a href=\"https:\/\/gamesystem.com\/wp-content\/uploads\/2018\/09\/Baia-di-carico-Gameystem.pdf\" target=\"_blank\" role=\"button\" rel=\"noopener\" ><br \/>\n\t\t\t\t\t\t\tScheda tecnica<br \/>\n\t\t\t\t\t<\/a><\/p>\n<nav>\n<ul>\n<li data-index=\"0\">\n<h2>\n\t\t\t\t\t\t<a href=\"javascript:void(0);\">La nostra analisi<\/a><br \/>\n\t\t\t\t\t<\/h2>\n<\/li>\n<li data-index=\"1\">\n<h2>\n\t\t\t\t\t\t<a href=\"javascript:void(0);\">Vantaggi<\/a><br \/>\n\t\t\t\t\t<\/h2>\n<\/li>\n<li data-index=\"2\">\n<h2>\n\t\t\t\t\t\t<a href=\"javascript:void(0);\">Formazione<\/a><br \/>\n\t\t\t\t\t<\/h2>\n<\/li>\n<li data-index=\"3\">\n<h2>\n\t\t\t\t\t\t<a href=\"javascript:void(0);\">Altri elementi consigliati della catena di sicurezza <\/a><br \/>\n\t\t\t\t\t<\/h2>\n<\/li>\n<\/ul>\n<\/nav>\n<h2>\n\t\t\t\t\t\t\t\t\t\t\t\tLa nostra analisi<br \/>\n\t\t\t\t\t\t\t\t\t\t\t<\/h2>\n<p>Dobbiamo mettere in sicurezza l\u2019attivit\u00e0 dell\u2019operatore dal momento in cui si allontana da terra, considerando la globalit\u00e0 dei suoi gesti e spostamenti. Si prospettano due soluzioni: un dispositivo d\u2019ancoraggio rigido di tipo D, la rotaia, oppure un dispositivo di ancoraggio rigido di tipo C, a cavo.<\/p>\n<p>La nostra scelta si baser\u00e0 sull\u2019ambiente di lavoro, le strutture eventualmente presenti e la necessit\u00e0 di scorrevolezza del carrello. Gli sforzi indotti da una caduta infatti, non sono gli stessi su binario rigido o su cavo.<\/p>\n<h2>\n\t\t\t\t\t\t\t\t\t\t\t\tVantaggi<br \/>\n\t\t\t\t\t\t\t\t\t\t\t<\/h2>\n<p>La messa in sicurezza di una baia di carico tramite portale con rotaia \u00e8 la soluzione migliore per garantire all\u2019operatore una sicurezza ottimale.<\/p>\n<p><strong>\u2022 Facilit\u00e0 di utilizzo :<\/strong> la rotaia permette un ottimo scorrimento del carrello, che segue l\u2019operatore con fluidit\u00e0 senza forzarne i movimenti (video)<\/p>\n<p><strong>\u2022 Tirante d\u2019aria ottimizzato e reazione immediata :<\/strong> la rigidit\u00e0 della rotaia permette di avere una freccia nulla e di ridurre in modo considerevole l\u2019altezza di caduta dell\u2019operatore. Il tempo di risposta dell\u2019anticaduta consente all\u2019operatore, nel 90% dei casi, di riposizionarsi e di lasciare autonomamente la zona di lavoro.<\/p>\n<p>In conformit\u00e0 alla norma EN 795, la soluzione per la messa in sicurezza delle baie di carico \u00e8 in grado di adattarsi a tutte le possibili configurazioni dei Vs siti. Un esperto del nostro Ufficio Tecnico potr\u00e0 visitare l\u2019area per personalizzare la Vostra soluzione.<\/p>\n<h2>\n\t\t\t\t\t\t\t\t\t\t\t\tFormazione<br \/>\n\t\t\t\t\t\t\t\t\t\t\t<\/h2>\n<p>\u201cUtilizzo di DPI anticaduta e di ancoraggi provvisori\u201d<\/p>\n<h2>\n\t\t\t\t\t\t\t\t\t\t\t\tAltri elementi consigliati della catena di sicurezza<br \/>\n\t\t\t\t\t\t\t\t\t\t\t<\/h2>\n<p>Imbragatura GHS o GH1 con prolungamento dell\u2019attacco dorsale.<\/p>\n<p>Anticaduta: un dispositivo a richiamo automatico a nastro o cavo.<\/p>\n<p>\t\t\t\t\t<!-- \/content --><br \/>\n\t<!-- \/tabs --><\/p>\n<h2>Le nostre realizzazioni &#8211; Baia di carico<\/h2>\n<p>\t\t\t\t<a href=\"https:\/\/gamesystem.com\/wp-content\/uploads\/2018\/05\/quai-de-d\u00e9potage-pour-camion.jpg\"  rel=\"nofollow\" data-fancybox=\"images\" title=\"Portique pour chargement et d\u00e9chargement de camion\" data-description=\"s\u00e9curiser les interventions sur camion \"><br \/>\n\t\t<img decoding=\"async\" src=\"https:\/\/gamesystem.com\/wp-content\/uploads\/2018\/05\/quai-de-d\u00e9potage-pour-camion.jpg\" alt=\"effectuer des op\u00e9rations en s\u00e9curit\u00e9 sur camion\" data-no-lazy=\"1\" \/><br \/>\n\t\t\t<!-- Overlay Wrapper --><br \/>\n\t\t\t <!-- Overlay Wrapper Closed --><br \/>\n\t\t\t\t<\/a><br \/>\n\t\t\t\t<a href=\"https:\/\/gamesystem.com\/wp-content\/uploads\/2018\/05\/portique-pour-la-s\u00e9curit\u00e9-des-interventions-et-pour-chargement-de-camion-1.jpg\"  rel=\"nofollow\" data-fancybox=\"images\" title=\"Portique de d\u00e9potage\" data-description=\"\"><br \/>\n\t\t<img decoding=\"async\" src=\"https:\/\/gamesystem.com\/wp-content\/uploads\/2018\/05\/portique-pour-la-s\u00e9curit\u00e9-des-interventions-et-pour-chargement-de-camion-1.jpg\" alt=\"\" data-no-lazy=\"1\" \/><br \/>\n\t\t\t<!-- Overlay Wrapper --><br \/>\n\t\t\t <!-- Overlay Wrapper Closed --><br \/>\n\t\t\t\t<\/a><br \/>\n\t\t\t\t<a href=\"https:\/\/gamesystem.com\/wp-content\/uploads\/2018\/05\/installation-dun-portique-pour-la-s\u00e9curit\u00e9-et-le-chargement-dun-camion.jpg\"  rel=\"nofollow\" data-fancybox=\"images\" title=\"Portique pour camion sur fa\u00e7ade\" data-description=\"utilisation et pose de portique dans divers environnements \"><br \/>\n\t\t<img decoding=\"async\" src=\"https:\/\/gamesystem.com\/wp-content\/uploads\/2018\/05\/installation-dun-portique-pour-la-s\u00e9curit\u00e9-et-le-chargement-dun-camion.jpg\" alt=\"portique pour quai de d\u00e9potage\" data-no-lazy=\"1\" \/><br \/>\n\t\t\t<!-- Overlay Wrapper --><br \/>\n\t\t\t <!-- Overlay Wrapper Closed --><br \/>\n\t\t\t\t<\/a><br \/>\n\t\t\t\t<a href=\"https:\/\/gamesystem.com\/wp-content\/uploads\/2018\/05\/s\u00e9curisation-dun-camion-avec-une-potence-et-un-rail.jpg\"  rel=\"nofollow\" data-fancybox=\"images\" title=\"Portique pour d\u00e9potage de deux camions\" data-description=\"installation d'un portique sur mesure pour le d\u00e9chargement des camions\"><br \/>\n\t\t<img decoding=\"async\" src=\"https:\/\/gamesystem.com\/wp-content\/uploads\/2018\/05\/s\u00e9curisation-dun-camion-avec-une-potence-et-un-rail.jpg\" alt=\"portique pour s\u00e9curiser les interventions sur camions\" data-no-lazy=\"1\" \/><br \/>\n\t\t\t<!-- Overlay Wrapper --><br \/>\n\t\t\t <!-- Overlay Wrapper Closed --><br \/>\n\t\t\t\t<\/a><br \/>\n\t\t\t\t<a href=\"https:\/\/gamesystem.com\/wp-content\/uploads\/2018\/05\/portique-sur-mesure-permettant-le-d\u00e9chargement-de-camion.jpg\"  rel=\"nofollow\" data-fancybox=\"images\" title=\"Portique pour chargement camion\" data-description=\"pas de risque de chute avec le portique gamesystem\"><br \/>\n\t\t<img decoding=\"async\" src=\"https:\/\/gamesystem.com\/wp-content\/uploads\/2018\/05\/portique-sur-mesure-permettant-le-d\u00e9chargement-de-camion.jpg\" alt=\"travail sur camion sans chuter\" data-no-lazy=\"1\" \/><br \/>\n\t\t\t<!-- Overlay Wrapper --><br \/>\n\t\t\t <!-- Overlay Wrapper Closed --><br \/>\n\t\t\t\t<\/a><br \/>\n\t\t\t\t<a href=\"https:\/\/gamesystem.com\/wp-content\/uploads\/2018\/05\/portique-sur-mesure-permettant-le-chargement-dun-camion-citerne.jpg\"  rel=\"nofollow\" data-fancybox=\"images\" title=\"Portique Gamesystem de d\u00e9potage\" data-description=\"epi pour travail sur camion\"><br \/>\n\t\t<img decoding=\"async\" src=\"https:\/\/gamesystem.com\/wp-content\/uploads\/2018\/05\/portique-sur-mesure-permettant-le-chargement-dun-camion-citerne.jpg\" alt=\"utilisation d'un harnais sur camion\" data-no-lazy=\"1\" \/><br \/>\n\t\t\t<!-- Overlay Wrapper --><br \/>\n\t\t\t <!-- Overlay Wrapper Closed --><br \/>\n\t\t\t\t<\/a><br \/>\n\t\t\t\t<a href=\"https:\/\/gamesystem.com\/wp-content\/uploads\/2018\/05\/portique-installer-sur-la-facade-dun-batiment.jpg\"  rel=\"nofollow\" data-fancybox=\"images\" title=\"Portique sur fa\u00e7ade\" data-description=\"portique gamesystem pour travail en hauteur\"><br \/>\n\t\t<img decoding=\"async\" src=\"https:\/\/gamesystem.com\/wp-content\/uploads\/2018\/05\/portique-installer-sur-la-facade-dun-batiment.jpg\" alt=\"travail sur camion grace a un portique\" data-no-lazy=\"1\" \/><br \/>\n\t\t\t<!-- Overlay Wrapper --><br \/>\n\t\t\t <!-- Overlay Wrapper Closed --><br \/>\n\t\t\t\t<\/a><br \/>\n\t\t\t\t<a href=\"https:\/\/gamesystem.com\/wp-content\/uploads\/2018\/05\/portique-en-milieu-industriel-pour-chargement-de-camion.jpg\"  rel=\"nofollow\" data-fancybox=\"images\" title=\"Portique de d\u00e9potage sur cuve\" data-description=\"travail en hauteur sur camion avec un systeme de s\u00e9curit\u00e9\"><br \/>\n\t\t<img decoding=\"async\" src=\"https:\/\/gamesystem.com\/wp-content\/uploads\/2018\/05\/portique-en-milieu-industriel-pour-chargement-de-camion.jpg\" alt=\"s\u00e9curisation des interventions sur camion\" data-no-lazy=\"1\" \/><br \/>\n\t\t\t<!-- Overlay Wrapper --><br \/>\n\t\t\t <!-- Overlay Wrapper Closed --><br \/>\n\t\t\t\t<\/a><\/p>\n","protected":false},"excerpt":{"rendered":"<p>Tutti i nostri prodotti Protezione individuale Baia di carico OBIETTIVO: Assicurare un autista od un operatore incaricato di salire su una autocisterna o rimorchio per verificarne il carico lo scarico&hellip;<\/p>\n","protected":false},"author":2,"featured_media":0,"parent":13517,"menu_order":0,"comment_status":"closed","ping_status":"open","template":"","meta":[],"_links":{"self":[{"href":"https:\/\/gamesystem.com\/it\/wp-json\/wp\/v2\/pages\/13646"}],"collection":[{"href":"https:\/\/gamesystem.com\/it\/wp-json\/wp\/v2\/pages"}],"about":[{"href":"https:\/\/gamesystem.com\/it\/wp-json\/wp\/v2\/types\/page"}],"author":[{"embeddable":true,"href":"https:\/\/gamesystem.com\/it\/wp-json\/wp\/v2\/users\/2"}],"replies":[{"embeddable":true,"href":"https:\/\/gamesystem.com\/it\/wp-json\/wp\/v2\/comments?post=13646"}],"version-history":[{"count":0,"href":"https:\/\/gamesystem.com\/it\/wp-json\/wp\/v2\/pages\/13646\/revisions"}],"up":[{"embeddable":true,"href":"https:\/\/gamesystem.com\/it\/wp-json\/wp\/v2\/pages\/13517"}],"wp:attachment":[{"href":"https:\/\/gamesystem.com\/it\/wp-json\/wp\/v2\/media?parent=13646"}],"curies":[{"name":"wp","href":"https:\/\/api.w.org\/{rel}","templated":true}]}}