{"id":13640,"date":"2018-01-18T09:21:29","date_gmt":"2018-01-18T09:21:29","guid":{"rendered":"https:\/\/preprod.gamesystem.com\/securisation-des-outils-de-production\/"},"modified":"2021-11-08T15:12:42","modified_gmt":"2021-11-08T14:12:42","slug":"macchinari-di-produzione","status":"publish","type":"page","link":"https:\/\/gamesystem.com\/it\/macchinari-di-produzione\/","title":{"rendered":"Macchinari di produzione"},"content":{"rendered":"\n\n\t\t\t<h1>MESSA IN SICUREZZA DEI MACCHINARI DI PRODUZIONE<\/h1>\t\t\t\n\t\t\t\t<p>Ai tecnici viene sovente richiesto di accedere e lavorare in quota su strutture\/impianti industriali per eseguire interventi di manutenzione, rilievi o misurazioni. Per svolgere il loro lavoro gli operatori si trovano esposti al rischio di caduta dall&#8217;alto. Per evitare ogni tipo di incidente, Gamesystem Vi supporta con sistemi di protezione collettiva ed individuale adatti a tutte le Vostre strutture: baie di carico, impianti, carriponte, trasloelevatori e relativi accessi. Scoprite come le nostre soluzioni garantiscono l&#8217;accesso ed il lavoro in sicurezza degli operatori in quota sulle Vostre strutture industriali.<\/p>\n\t\t\t\t<img decoding=\"async\" src=\"https:\/\/gamesystem.com\/wp-content\/uploads\/2018\/09\/Quai-de-d\u00e9potage-pour-les-interventions-en-hauteur.jpg\" alt=\"s\u00e9curisation des interventions sur camion\"\/>\n\t\t\t<p>BAIA DI CARICO<\/p>\n\t\t\t\t<img decoding=\"async\" src=\"https:\/\/gamesystem.com\/wp-content\/uploads\/2018\/05\/s\u00e9curisation-machine-de-production-avec-echelle-et-rail-pour-travaux-en-hauteur.jpg\" alt=\"machine s\u00e9curi\u00e9e grace \u00e0 un rail de s\u00e9curit\u00e9\"\/>\n\t\t\t<p>MACCHINARIO<\/p>\n\t\t\t\t<img decoding=\"async\" src=\"https:\/\/gamesystem.com\/wp-content\/uploads\/2018\/05\/s\u00e9curiser-un-pont-roulant-pour-op\u00e9ration-de-maintenance.jpg\" alt=\"s\u00e9curisation d&#039;un pont roulant\"\/>\n\t\t\t<p>CARROPONTE<\/p>\n\t\t\t\t<img decoding=\"async\" src=\"https:\/\/gamesystem.com\/wp-content\/uploads\/2018\/05\/travail-en-hauteur-sur-transstocker.jpg\" alt=\"travail sur transstockeur\"\/>\n\t\t\t<p>TRASLOELE<br \/>VATORE<\/p>\n\t\t\t<h2>Protezione collettiva<\/h2>\n\t\t\t\t\t\t\t\t\t\t\t<img decoding=\"async\" src=\"https:\/\/gamesystem.com\/wp-content\/uploads\/2021\/09\/garde-corps-1.jpg\" alt=\"garde-corps\"\/>\n\t\t\t\t\t\t<h3>\n\t\t\t\t\t\tPARAPETTO\t\t<\/h3>\n\t\t\t\t\t\t\t\t\t\t\t<img decoding=\"async\" src=\"https:\/\/gamesystem.com\/wp-content\/uploads\/2021\/09\/protection-collectibe_0010_20210511_121511.jpg\" alt=\"protection collectibe_0010_20210511_121511\"\/>\n\t\t\t\t\t\t<h3>\n\t\t\t\t\t\tPARATOIA BASCULANTE\t\t<\/h3>\n\t\t\t\t\t\t\t\t\t\t\t<img decoding=\"async\" src=\"https:\/\/gamesystem.com\/wp-content\/uploads\/2021\/09\/protection-collectibe_0004_IMG_5326.jpg\" alt=\"protection collectibe_0004_IMG_5326\"\/>\n\t\t\t\t\t\t<h3>\n\t\t\t\t\t\tSOLUZIONI MODULARI\t\t<\/h3>\n\t\t\t\t\t\t\t\t\t\t\t<img decoding=\"async\" src=\"https:\/\/gamesystem.com\/wp-content\/uploads\/2021\/09\/protection-collectibe_0001_Plateforme-suspendue-1.jpg\" alt=\"protection collectibe_0001_Plateforme suspendue (1)\"\/>\n\t\t\t\t\t\t<h3>\n\t\t\t\t\t\tPIATTAFORMA SU MISURA\t\t<\/h3>\n\t\t\t\t\t\t\t\t\t\t\t<img decoding=\"async\" src=\"https:\/\/gamesystem.com\/wp-content\/uploads\/2021\/09\/protection-collectibe_0000_ECHAFAUDAGES-ROULANTS-ALLUMINIUM_TOTEM-2-LINE-180_SITU_1-1.jpg\" alt=\"\"\/>\n\t\t\t\t\t\t<h3>\n\t\t\t\t\t\tTRABATTELLO\t\t<\/h3>\n\t\t\t\t\t\t\t\t\t\t\t<img decoding=\"async\" src=\"https:\/\/gamesystem.com\/wp-content\/uploads\/2021\/09\/protection-collectibe_0011_chantier-CERNAY-005.jpg\" alt=\"protection collectibe_0011_chantier-CERNAY-005\"\/>\n\t\t\t\t\t\t<h3>\n\t\t\t\t\t\tSCALE CON GABBIA\t\t<\/h3>\n\t<p>Se la Vostra struttura consente l&#8217;implementazione di una protezione collettiva (parapetto, passerella o scala fissa con gabbia), questa soluzione sar\u00e0 preferibile rispetto alla protezione individuale. I Vostri tecnici saranno in grado di lavorare in quota in sicurezza senza dover utilizzare DPI anticaduta.<\/p>\n\t\t\t<h2>SISTEMI DI ANCORAGGIO<\/h2>\n\t\t<a href=\"https:\/\/gamesystem.com\/it\/anello-di-ancoraggio\/\" target=\"_self\" rel=\"noopener\">\n\t\t\t\t\t\t\t\t\t\t\t<img decoding=\"async\" src=\"https:\/\/gamesystem.com\/wp-content\/uploads\/2021\/09\/Sans-titre-2_0001_Visu-Plaquette-GO-min.jpg\" alt=\"Sans titre-2_0001_Visu Plaquette GO-min\"\/>\n\t\t\t\t\t\t<h3>\n\t\t\t\t\t\tANELLO <br \/> DI ANCORAGGIO\t\t<\/h3>\n\t\t<\/a>\n\t\t<a href=\"https:\/\/gamesystem.com\/it\/doppia-rotaia-di-sicurezza\/\" target=\"_self\" rel=\"noopener\">\n\t\t\t\t\t\t\t\t\t\t\t<img decoding=\"async\" src=\"https:\/\/gamesystem.com\/wp-content\/uploads\/2021\/09\/Sans-titre-2.jpg\" alt=\"Sans-titre-2\"\/>\n\t\t\t\t\t\t<h3>\n\t\t\t\t\t\tDOPPIA ROTAIA <br \/> DI SICUREZZA\t\t<\/h3>\n\t\t<\/a>\n\t\t<a href=\"https:\/\/gamesystem.com\/it\/linea-di-vita\/\" target=\"_self\" rel=\"noopener\">\n\t\t\t\t\t\t\t\t\t\t\t<img decoding=\"async\" src=\"https:\/\/gamesystem.com\/wp-content\/uploads\/2021\/09\/Sans-titre-2_0004_chariot11-min.jpg\" alt=\"Sans titre-2_0004_chariot11-min\"\/>\n\t\t\t\t\t\t<h3>\n\t\t\t\t\t\tLINEA DI VITA <br \/> Gamesystem\t\t<\/h3>\n\t\t<\/a>\n\t\t<a href=\"https:\/\/gamesystem.com\/it\/rotaia-con-scala-scorrevole\/\" target=\"_self\" rel=\"noopener\">\n\t\t\t\t\t\t\t\t\t\t\t<img decoding=\"async\" src=\"https:\/\/gamesystem.com\/wp-content\/uploads\/2021\/09\/Sans-titre-2_0006_FSET-REAL-VIEW-min.jpg\" alt=\"Sans titre-2_0006_FSET REAL VIEW-min\"\/>\n\t\t\t\t\t\t<h3>\n\t\t\t\t\t\tROTAIA CON SCALA SCORREVOLE\t\t<\/h3>\n\t\t<\/a>\n\t\t<a href=\"https:\/\/gamesystem.com\/it\/paletto-removibile\/\" target=\"_self\" rel=\"noopener\">\n\t\t\t\t\t\t\t\t\t\t\t<img decoding=\"async\" src=\"https:\/\/gamesystem.com\/wp-content\/uploads\/2021\/09\/Sans-titre-2_0002_Potence-min.jpg\" alt=\"Sans titre-2_0002_Potence-min\"\/>\n\t\t\t\t\t\t<h3>\n\t\t\t\t\t\tPALETTO <br \/> REMOVIBILE\t\t<\/h3>\n\t\t<\/a>\n\t\t<a href=\"https:\/\/gamesystem.com\/it\/messa-in-sicurezza-delle-baie-di-carico\/\" target=\"_self\" rel=\"noopener\">\n\t\t\t\t\t\t\t\t\t\t\t<img decoding=\"async\" src=\"https:\/\/gamesystem.com\/wp-content\/uploads\/2021\/09\/Sans-titre-2_0007_quai4-min.jpg\" alt=\"Sans titre-2_0007_quai4-min\"\/>\n\t\t\t\t\t\t<h3>\n\t\t\t\t\t\tMESSA IN SICUREZZA DELLE BAIE DI CARICO\t\t<\/h3>\n\t\t<\/a>\n\t\t<a href=\"https:\/\/gamesystem.com\/it\/rotaia-di-sicurezza\/\" target=\"_self\" rel=\"noopener\">\n\t\t\t\t\t\t\t\t\t\t\t<img decoding=\"async\" src=\"https:\/\/gamesystem.com\/wp-content\/uploads\/2021\/09\/Sans-titre-2_0005_RAIL-CHARIOT-min.jpg\" alt=\"Sans titre-2_0005_RAIL + CHARIOT-min\"\/>\n\t\t\t\t\t\t<h3>\n\t\t\t\t\t\tROTAIA <br \/> DI SICUREZZA\t\t<\/h3>\n\t\t<\/a>\n\t\t<a href=\"https:\/\/gamesystem.com\/it\/sbraccio-removibile\/\" target=\"_self\" rel=\"noopener\">\n\t\t\t\t\t\t\t\t\t\t\t<img decoding=\"async\" src=\"https:\/\/gamesystem.com\/wp-content\/uploads\/2021\/09\/Sans-titre-2_0008_Heronnnn.jpg\" alt=\"Sans titre-2_0008_Heronnnn\"\/>\n\t\t\t\t\t\t<h3>\n\t\t\t\t\t\tSBRACCIO <br \/> REMOVIBILE\t\t<\/h3>\n\t\t<\/a>\n\t<p>Affinch\u00e9 i Vostri operatori possano circolare in sicurezza sugli strumenti di produzione e sulle aree a rischio, \u00e8 possibile installare un sistema di protezione individuale: anello di ancoraggio, linea di vita, portale o rotaia. L&#8217;operatore \u00e8 agganciato al dispositivo anticaduta e pu\u00f2 muoversi liberamente limitando o eliminando il potenziale rischio di caduta.<\/p>\n\t\t\t<h2>DPI contro le cadute dall&#8217;alto<\/h2>\n\t<a href=\"https:\/\/gamesystem.com\/it\/dispositivi-protezione-individuale\/#harnais1\" target=\"_self\" rel=\"noopener\"><\/a> \n\t\t\t\t<img decoding=\"async\" src=\"https:\/\/gamesystem.com\/wp-content\/uploads\/2021\/09\/harnais-unyc-3.jpg\" alt=\"\" title=\"\" itemprop=\"image\"\/>\n\t\t<h3>IMBRAGATURA<\/h3>\t\t\t\n\t<a href=\"https:\/\/gamesystem.com\/it\/dispositivi-protezione-individuale\/#antichute1\" target=\"_self\" rel=\"noopener\"><\/a> \n\t\t\t\t<img decoding=\"async\" src=\"https:\/\/gamesystem.com\/wp-content\/uploads\/2021\/09\/ANTICHUTE-A-SANGLE-OU-CABLE_0014_FA-20-402-10B-10S-min.jpg\" alt=\"\" title=\"\" itemprop=\"image\"\/>\n\t\t<h3>ANTICADUTA<\/h3>\t\t\t\n\t<a href=\"https:\/\/gamesystem.com\/it\/dispositivi-protezione-individuale\/#perches1\" target=\"_self\" rel=\"noopener\"><\/a> \n\t\t\t\t<img decoding=\"async\" src=\"https:\/\/gamesystem.com\/wp-content\/uploads\/2021\/09\/perche-antichute-2.jpg\" alt=\"\" title=\"\" itemprop=\"image\"\/>\n\t\t<h3>PERTICA<\/h3>\t\t\t\n\t<a href=\"https:\/\/gamesystem.com\/it\/dispositivi-protezione-individuale\/#sangles1\" target=\"_self\" rel=\"noopener\"><\/a> \n\t\t\t\t<img decoding=\"async\" src=\"https:\/\/gamesystem.com\/wp-content\/uploads\/2021\/09\/epi-antichute-gamesystem_0020_p1-min.jpg\" alt=\"\" title=\"\" itemprop=\"image\"\/>\n\t\t<h3>FETTUCCIA<\/h3>\t\t\t\n\t<a href=\"https:\/\/gamesystem.com\/it\/dispositivi-protezione-individuale\/#longes1\" target=\"_self\" rel=\"noopener\"><\/a> \n\t\t\t\t<img decoding=\"async\" src=\"https:\/\/gamesystem.com\/wp-content\/uploads\/2021\/09\/epi-antichute-gamesystem_0011_l1-min.jpg\" alt=\"\" title=\"\" itemprop=\"image\"\/>\n\t\t<h3>CORDINO<\/h3>\t\t\t\n\t<a href=\"https:\/\/gamesystem.com\/it\/dispositivi-protezione-individuale\/#ligneprovisoire1\" target=\"_self\" rel=\"noopener\"><\/a> \n\t\t\t\t<img decoding=\"async\" src=\"https:\/\/gamesystem.com\/wp-content\/uploads\/2021\/09\/epi-antichute-gamesystem_0001_LINEA-DE-VIDA-HORIZONT-COMPLET-UNYC-MUESTRA-V2_300ppp-min.jpg\" alt=\"\" title=\"\" itemprop=\"image\"\/>\n\t\t<h3>LINEA DI VITA TEMPORANEA<\/h3>\t\t\t\n\t<a href=\"https:\/\/gamesystem.com\/it\/dispositivi-protezione-individuale\/#evac1\" target=\"_self\" rel=\"noopener\"><\/a> \n\t\t\t\t<img decoding=\"async\" src=\"https:\/\/gamesystem.com\/wp-content\/uploads\/2021\/09\/epi-antichute-gamesystem_0032_z6.jpg\" alt=\"\" title=\"\" itemprop=\"image\"\/>\n\t\t<h3>EVACUATORE<\/h3>\t\t\t\n\t<p>Per ogni situazione di lavoro in quota sono previsti DPI danticaduta specifici. Per garantire la protezione dei Vostri operatori, Gamesystem (produttore francese di Dispositivi di Protezione Individuale) \u00e8 in grado di offrirVi un&#8217;ampia gamma di prodotti che rispondono alle norme e soddisfano le Vostre esigenze.<\/p>\n\t\t\t<h2>VIDEO &#8211; INTERVENTI IN SICUREZZA SOPRA UN CAMION CISTERNA<\/h2>\n\t<iframe loading=\"lazy\" width=\"560\" height=\"315\" src=\"https:\/\/www.youtube.com\/embed\/V1RW-ao0P7o?rel=0\" frameborder=\"0\" allow=\"autoplay; encrypted-media\" allowfullscreen><\/iframe>\n\t<p>Questo video mostra diverse tipologie di sistemi anticaduta per proteggere gli operatori sopra un camion. Il rischio di caduta da un camion, grazie alle nostre soluzioni, diventa un non-evento. Gli operatori sono protetti e possono eseguire operazioni di carico e scarico in sicurezza comprese le fasi di accesso e di discesa.<\/p>\n\t\t\t<h2>REALIZZAZIONI &#8211; MESSA IN SICUREZZA DEGLI STRUMENTI DI PRODUZIONE<\/h2>\n\t\t\t\t<a\n\t\t\thref=\"https:\/\/gamesystem.com\/wp-content\/uploads\/2018\/05\/installation-dun-portique-pour-la-s\u00e9curit\u00e9-et-le-chargement-dun-camion.jpg\"\n\t\t\t\t\t\tdata-fancybox=\"images\" \n\t\t\ttitle=\"installation d&amp;#039;un portique pour la s\u00e9curit\u00e9 et le chargement d&amp;#039;un camion\" \n\t\t\t\t\t\tdata-caption=\"Portique pour camion sur fa\u00e7ade\"\n\t\t\t\t\t\tdata-description=\"utilisation et pose de portique dans divers environnements \" \n\t\t\titemprop=\"contentUrl\">\n\t\t<img decoding=\"async\" loading=\"lazy\" src=\"https:\/\/gamesystem.com\/wp-content\/uploads\/2018\/05\/installation-dun-portique-pour-la-s\u00e9curit\u00e9-et-le-chargement-dun-camion.jpg\" alt=\"portique pour quai de d\u00e9potage\" data-no-lazy=\"1\" itemprop=\"thumbnail\" width=\"800\" height=\"600\" \/>\n\t\t\t<!-- Overlay Wrapper -->\n\t\t\t <!-- Overlay Wrapper Closed -->\n\t\t\t\t<\/a>\n\t\t\t\t\t\t\t<meta itemprop=\"width\" content=\"800\" \/>\n\t\t\t<meta itemprop=\"height\" content=\"600\" \/>\n\t\t\t\t<a\n\t\t\thref=\"https:\/\/gamesystem.com\/wp-content\/uploads\/2018\/07\/rail-de-s\u00e9curit\u00e9-sur-pont-roulant.jpg\"\n\t\t\t\t\t\tdata-fancybox=\"images\" \n\t\t\ttitle=\"rail de s\u00e9curit\u00e9 sur pont roulant\" \n\t\t\t\t\t\tdata-caption=\"Rail sous pont roulant\"\n\t\t\t\t\t\tdata-description=\"rail de s\u00e9curit\u00e9 gamesystem\" \n\t\t\titemprop=\"contentUrl\">\n\t\t<img decoding=\"async\" loading=\"lazy\" src=\"https:\/\/gamesystem.com\/wp-content\/uploads\/2018\/07\/rail-de-s\u00e9curit\u00e9-sur-pont-roulant.jpg\" alt=\"\" data-no-lazy=\"1\" itemprop=\"thumbnail\" width=\"800\" height=\"600\" \/>\n\t\t\t<!-- Overlay Wrapper -->\n\t\t\t <!-- Overlay Wrapper Closed -->\n\t\t\t\t<\/a>\n\t\t\t\t\t\t\t<meta itemprop=\"width\" content=\"800\" \/>\n\t\t\t<meta itemprop=\"height\" content=\"600\" \/>\n\t\t\t\t<a\n\t\t\thref=\"https:\/\/gamesystem.com\/wp-content\/uploads\/2018\/05\/travail-en-hauteur-sur-machine.jpg\"\n\t\t\t\t\t\tdata-fancybox=\"images\" \n\t\t\ttitle=\"travail en hauteur sur machine\" \n\t\t\t\t\t\tdata-caption=\"Ligne de vie sur machine\"\n\t\t\t\t\t\tdata-description=\"s\u00e9curit\u00e9 des interventions gr\u00e2ce a la ligne de vie\" \n\t\t\titemprop=\"contentUrl\">\n\t\t<img decoding=\"async\" loading=\"lazy\" src=\"https:\/\/gamesystem.com\/wp-content\/uploads\/2018\/05\/travail-en-hauteur-sur-machine.jpg\" alt=\"Ligne de vie cable sur machine pour s\u00e9curit\u00e9\" data-no-lazy=\"1\" itemprop=\"thumbnail\" width=\"800\" height=\"600\" \/>\n\t\t\t<!-- Overlay Wrapper -->\n\t\t\t <!-- Overlay Wrapper Closed -->\n\t\t\t\t<\/a>\n\t\t\t\t\t\t\t<meta itemprop=\"width\" content=\"800\" \/>\n\t\t\t<meta itemprop=\"height\" content=\"600\" \/>\n\t\t\t\t<a\n\t\t\thref=\"https:\/\/gamesystem.com\/wp-content\/uploads\/2018\/05\/S\u00e9curisation-des-interventions-en-hauteur-sur-pont-roulant-avec-une-ligne-de-vie-cable-1.jpg\"\n\t\t\t\t\t\tdata-fancybox=\"images\" \n\t\t\ttitle=\"S\u00e9curisation des interventions en hauteur sur pont roulant avec une ligne de vie cable\" \n\t\t\t\t\t\tdata-caption=\"Ligne de vie sur chemin pont roulant\"\n\t\t\t\t\t\tdata-description=\"ligne de vie gamesystem sur pont roulant\" \n\t\t\titemprop=\"contentUrl\">\n\t\t<img decoding=\"async\" loading=\"lazy\" src=\"https:\/\/gamesystem.com\/wp-content\/uploads\/2018\/05\/S\u00e9curisation-des-interventions-en-hauteur-sur-pont-roulant-avec-une-ligne-de-vie-cable-1.jpg\" alt=\"technicien \u00e9voluant en s\u00e9curit\u00e9 sur pont roulant\" data-no-lazy=\"1\" itemprop=\"thumbnail\" width=\"800\" height=\"600\" \/>\n\t\t\t<!-- Overlay Wrapper -->\n\t\t\t <!-- Overlay Wrapper Closed -->\n\t\t\t\t<\/a>\n\t\t\t\t\t\t\t<meta itemprop=\"width\" content=\"800\" \/>\n\t\t\t<meta itemprop=\"height\" content=\"600\" \/>\n\t\t\t\t<a\n\t\t\thref=\"https:\/\/gamesystem.com\/wp-content\/uploads\/2018\/05\/S\u00e9curisation-du-personnel-travaillent-en-hauteur-avec-une-solution-antichute-1.jpg\"\n\t\t\t\t\t\tdata-fancybox=\"images\" \n\t\t\ttitle=\"S\u00e9curisation du personnel travaillent en hauteur avec une solution antichute\" \n\t\t\t\t\t\tdata-caption=\"Ligne de vie sur mesure\"\n\t\t\t\t\t\tdata-description=\"operation de maintenance et s\u00e9curisation avec une ligne de vie\" \n\t\t\titemprop=\"contentUrl\">\n\t\t<img decoding=\"async\" loading=\"lazy\" src=\"https:\/\/gamesystem.com\/wp-content\/uploads\/2018\/05\/S\u00e9curisation-du-personnel-travaillent-en-hauteur-avec-une-solution-antichute-1.jpg\" alt=\"Ligne de vie pour faciliter d\u00e9placement\" data-no-lazy=\"1\" itemprop=\"thumbnail\" width=\"800\" height=\"600\" \/>\n\t\t\t<!-- Overlay Wrapper -->\n\t\t\t <!-- Overlay Wrapper Closed -->\n\t\t\t\t<\/a>\n\t\t\t\t\t\t\t<meta itemprop=\"width\" content=\"800\" \/>\n\t\t\t<meta itemprop=\"height\" content=\"600\" \/>\n\t\t\t\t<a\n\t\t\thref=\"https:\/\/gamesystem.com\/wp-content\/uploads\/2018\/07\/s\u00e9curisation-des-cuves.jpg\"\n\t\t\t\t\t\tdata-fancybox=\"images\" \n\t\t\ttitle=\"s\u00e9curisation des cuves\" \n\t\t\t\t\t\tdata-caption=\"C\u00e2ble de s\u00e9curit\u00e9 avec stop chute\"\n\t\t\t\t\t\tdata-description=\"\" \n\t\t\titemprop=\"contentUrl\">\n\t\t<img decoding=\"async\" loading=\"lazy\" src=\"https:\/\/gamesystem.com\/wp-content\/uploads\/2018\/07\/s\u00e9curisation-des-cuves.jpg\" alt=\"s\u00e9curisation de machin avec l'aide de syst\u00e8me antichute\" data-no-lazy=\"1\" itemprop=\"thumbnail\" width=\"800\" height=\"600\" \/>\n\t\t\t<!-- Overlay Wrapper -->\n\t\t\t <!-- Overlay Wrapper Closed -->\n\t\t\t\t<\/a>\n\t\t\t\t\t\t\t<meta itemprop=\"width\" content=\"800\" \/>\n\t\t\t<meta itemprop=\"height\" content=\"600\" \/>\n\t\t\t\t<a\n\t\t\thref=\"https:\/\/gamesystem.com\/wp-content\/uploads\/2018\/05\/s\u00e9curisation-dun-pont-roulant-avec-ligne-de-vie.jpg\"\n\t\t\t\t\t\tdata-fancybox=\"images\" \n\t\t\ttitle=\"s\u00e9curisation d&amp;#039;un pont roulant avec ligne de vie\" \n\t\t\t\t\t\tdata-caption=\"Ligne de vie sur pont roulant\"\n\t\t\t\t\t\tdata-description=\"deux op\u00e9rateurs \u00e9voluant en hauteur sur un pont roulant\" \n\t\t\titemprop=\"contentUrl\">\n\t\t<img decoding=\"async\" loading=\"lazy\" src=\"https:\/\/gamesystem.com\/wp-content\/uploads\/2018\/05\/s\u00e9curisation-dun-pont-roulant-avec-ligne-de-vie.jpg\" alt=\"travail sur pont roulant avec une ligne de vie et un harnais de s\u00e9curit\u00e9\" data-no-lazy=\"1\" itemprop=\"thumbnail\" width=\"800\" height=\"600\" \/>\n\t\t\t<!-- Overlay Wrapper -->\n\t\t\t <!-- Overlay Wrapper Closed -->\n\t\t\t\t<\/a>\n\t\t\t\t\t\t\t<meta itemprop=\"width\" content=\"800\" \/>\n\t\t\t<meta itemprop=\"height\" content=\"600\" \/>\n\t\t\t\t<a\n\t\t\thref=\"https:\/\/gamesystem.com\/wp-content\/uploads\/2018\/05\/portique-pour-la-s\u00e9curit\u00e9-des-interventions-et-pour-chargement-de-camion.jpg\"\n\t\t\t\t\t\tdata-fancybox=\"images\" \n\t\t\ttitle=\"portique pour la s\u00e9curit\u00e9 des interventions et pour chargement de camion\" \n\t\t\t\t\t\tdata-caption=\"Portique de charhement \"\n\t\t\t\t\t\tdata-description=\"portique avec un rail et systeme anti chute\" \n\t\t\titemprop=\"contentUrl\">\n\t\t<img decoding=\"async\" loading=\"lazy\" src=\"https:\/\/gamesystem.com\/wp-content\/uploads\/2018\/05\/portique-pour-la-s\u00e9curit\u00e9-des-interventions-et-pour-chargement-de-camion.jpg\" alt=\"quai de d\u00e9potage avec portique\" data-no-lazy=\"1\" itemprop=\"thumbnail\" width=\"800\" height=\"600\" \/>\n\t\t\t<!-- Overlay Wrapper -->\n\t\t\t <!-- Overlay Wrapper Closed -->\n\t\t\t\t<\/a>\n\t\t\t\t\t\t\t<meta itemprop=\"width\" content=\"800\" \/>\n\t\t\t<meta itemprop=\"height\" content=\"600\" \/>\n\t\n\t\n\t\n\t\n\n","protected":false},"excerpt":{"rendered":"<p>MESSA IN SICUREZZA DEI MACCHINARI DI PRODUZIONE Ai tecnici viene sovente richiesto di accedere e lavorare in quota su strutture\/impianti industriali per eseguire interventi di manutenzione, rilievi o misurazioni. Per&hellip;<\/p>\n","protected":false},"author":7,"featured_media":0,"parent":0,"menu_order":0,"comment_status":"closed","ping_status":"open","template":"","meta":[],"_links":{"self":[{"href":"https:\/\/gamesystem.com\/it\/wp-json\/wp\/v2\/pages\/13640"}],"collection":[{"href":"https:\/\/gamesystem.com\/it\/wp-json\/wp\/v2\/pages"}],"about":[{"href":"https:\/\/gamesystem.com\/it\/wp-json\/wp\/v2\/types\/page"}],"author":[{"embeddable":true,"href":"https:\/\/gamesystem.com\/it\/wp-json\/wp\/v2\/users\/7"}],"replies":[{"embeddable":true,"href":"https:\/\/gamesystem.com\/it\/wp-json\/wp\/v2\/comments?post=13640"}],"version-history":[{"count":0,"href":"https:\/\/gamesystem.com\/it\/wp-json\/wp\/v2\/pages\/13640\/revisions"}],"wp:attachment":[{"href":"https:\/\/gamesystem.com\/it\/wp-json\/wp\/v2\/media?parent=13640"}],"curies":[{"name":"wp","href":"https:\/\/api.w.org\/{rel}","templated":true}]}}