{"id":13635,"date":"2018-01-18T09:22:04","date_gmt":"2018-01-18T09:22:04","guid":{"rendered":"https:\/\/preprod.gamesystem.com\/securisation-des-espaces-confines\/"},"modified":"2025-06-02T09:45:50","modified_gmt":"2025-06-02T07:45:50","slug":"il-lavaro-negli-spazi-confinati","status":"publish","type":"page","link":"https:\/\/gamesystem.com\/it\/il-lavaro-negli-spazi-confinati\/","title":{"rendered":"Il lavoro negli spazi confinati"},"content":{"rendered":"\n\n\t\t\t<h2>MESSA IN SICUREZZA DEGLI SPAZI CONFINATI<\/h2>\t\t\t\n\t\t\t\t<p>Gli spazi confinati si collocano tra gli ambienti pi\u00f9 rischiosi per la salute e la sicurezza dei lavoratori. In quest&#8217;ottica \u00e8 essenziale installare soluzioni anticaduta e di recupero \/ soccorso per proteggere gli operatori che operano in volumi di spazio limitati: pozzi, serbatoi, vasche, fognature. Varie problematiche relative agli spazi confinati vengono generalmente constatate nell&#8217;industria siderurgica, nell&#8217;industria chimica, nel trattamento delle acque e nel settore agroalimentare.<\/p>\n\t\t\t\t<img decoding=\"async\" src=\"https:\/\/gamesystem.com\/wp-content\/uploads\/2018\/05\/acc\u00e8s-dans-un-espace-confin\u00e9.jpg\" alt=\"op\u00e9ration dans un espace confin\u00e9\"\/>\n\t\t\t<p>ACCESSI<\/p>\n\t\t\t\t<img decoding=\"async\" src=\"https:\/\/gamesystem.com\/wp-content\/uploads\/2018\/05\/acc\u00e8s-dans-une-cuve-en-s\u00e9curit\u00e9.jpg\" alt=\"technique pour acc\u00e9der a une cuve\"\/>\n\t\t\t<p>SERBATOI<\/p>\n\t\t\t\t<img decoding=\"async\" src=\"https:\/\/gamesystem.com\/wp-content\/uploads\/2018\/05\/acc\u00e8s-dans-une-fosse-s\u00e9curis\u00e9.jpg\" alt=\"acc\u00e9der a une fosse en s\u00e9curit\u00e9\"\/>\n\t\t\t<p>POZZI VASCHE<\/p>\n\t\t\t\t<img decoding=\"async\" src=\"https:\/\/gamesystem.com\/wp-content\/uploads\/2018\/05\/acc\u00e8s-dans-un-egoutier.jpg\" alt=\"travail en espace confin\u00e9 dans un \u00e9goutier\"\/>\n\t\t\t<p>FOGNATURE<\/p>\n\t\t\t<h2>SISTEMI DI ANCORAGGIO per gli spazi confinati<\/h2>\n\t\t<a href=\"https:\/\/gamesystem.com\/it\/anello-di-ancoraggio\/\" target=\"_self\" rel=\"noopener\">\n\t\t\t\t\t\t\t\t\t\t\t<img decoding=\"async\" src=\"https:\/\/gamesystem.com\/wp-content\/uploads\/2021\/09\/Sans-titre-2_0001_Visu-Plaquette-GO-min.jpg\" alt=\"Sans titre-2_0001_Visu Plaquette GO-min\"\/>\n\t\t\t\t\t\t<h3>\n\t\t\t\t\t\tANELLO <br \/> DI ANCORAGGIO\t\t<\/h3>\n\t\t<\/a>\n\t\t<a href=\"https:\/\/gamesystem.com\/it\/sbraccio-removibile\/\" target=\"_self\" rel=\"noopener\">\n\t\t\t\t\t\t\t\t\t\t\t<img decoding=\"async\" src=\"https:\/\/gamesystem.com\/wp-content\/uploads\/2021\/09\/Sans-titre-2_0008_Heronnnn.jpg\" alt=\"Sans titre-2_0008_Heronnnn\"\/>\n\t\t\t\t\t\t<h3>\n\t\t\t\t\t\tSBRACCIO <br \/> REMOVIBILE\t\t<\/h3>\n\t\t<\/a>\n\t\t<a href=\"https:\/\/gamesystem.com\/it\/paletto-removibile\/\" target=\"_self\" rel=\"noopener\">\n\t\t\t\t\t\t\t\t\t\t\t<img decoding=\"async\" src=\"https:\/\/gamesystem.com\/wp-content\/uploads\/2021\/09\/Sans-titre-2_0002_Potence-min.jpg\" alt=\"Sans titre-2_0002_Potence-min\"\/>\n\t\t\t\t\t\t<h3>\n\t\t\t\t\t\tPALETTO <br \/> REMOVIBILE\t\t<\/h3>\n\t\t<\/a>\n\t<p>Gamesystem Vi accompagna nei Vostri progetti e Vi propone una vasta gamma di protezione individuale e collettiva per la messa in sicurezza dei vari interventi. I Vostri operatori saranno in sicurezza e potranno svolgere i loro compiti senza il rischio di cadere e con la garanzia di un recupero efficiente. Gli spazi confinati devono essere accessibili in sicurezza tramite l&#8217;installazione di sistemi anticaduta e di recupero verticali e\/o orizzontali<\/p>\n\t\t\t<h2>DPI per gli spazi confinati<\/h2>\n\t<a href=\"https:\/\/gamesystem.com\/it\/dispositivi-protezione-individuale\/#harnais1\" target=\"_self\" aria-label=\"Go to https:\/\/gamesystem.com\/it\/dispositivi-protezione-individuale\/#harnais1\" rel=\"noopener\"><\/a>\n\t\t\t\t<img decoding=\"async\" src=\"https:\/\/gamesystem.com\/wp-content\/uploads\/2021\/09\/harnais-unyc-3.jpg\" alt=\"\" title=\"\" itemprop=\"image\"\/>\n\t\t<h3>IMBRAGATURA<\/h3>\t\t\t\n\t<a href=\"https:\/\/gamesystem.com\/it\/dispositivi-protezione-individuale\/#tripode1\" target=\"_self\" aria-label=\"Go to https:\/\/gamesystem.com\/it\/dispositivi-protezione-individuale\/#tripode1\" rel=\"noopener\"><\/a>\n\t\t\t\t<img decoding=\"async\" src=\"https:\/\/gamesystem.com\/wp-content\/uploads\/2021\/09\/tripode-gamesystem-1.jpg\" alt=\"\" title=\"\" itemprop=\"image\"\/>\n\t\t<h3>TREPPIEDE<\/h3>\t\t\t\n\t<a href=\"https:\/\/gamesystem.com\/it\/dispositivi-protezione-individuale\/#longes1\" target=\"_self\" aria-label=\"Go to https:\/\/gamesystem.com\/it\/dispositivi-protezione-individuale\/#longes1\" rel=\"noopener\"><\/a>\n\t\t\t\t<img decoding=\"async\" src=\"https:\/\/gamesystem.com\/wp-content\/uploads\/2021\/09\/epi-antichute-gamesystem_0011_l1-min.jpg\" alt=\"\" title=\"\" itemprop=\"image\"\/>\n\t\t<h3>CORDINO <\/h3>\t\t\t\n\t<a href=\"https:\/\/gamesystem.com\/it\/dispositivi-protezione-individuale\/#sangles1\" target=\"_self\" aria-label=\"Go to https:\/\/gamesystem.com\/it\/dispositivi-protezione-individuale\/#sangles1\" rel=\"noopener\"><\/a>\n\t\t\t\t<img decoding=\"async\" src=\"https:\/\/gamesystem.com\/wp-content\/uploads\/2021\/09\/epi-antichute-gamesystem_0020_p1-min.jpg\" alt=\"\" title=\"\" itemprop=\"image\"\/>\n\t\t<h3>FETTUCCIA<\/h3>\t\t\t\n\t<a href=\"https:\/\/gamesystem.com\/it\/dispositivi-protezione-individuale\/#antichute1\" target=\"_self\" aria-label=\"Go to https:\/\/gamesystem.com\/it\/dispositivi-protezione-individuale\/#antichute1\" rel=\"noopener\"><\/a>\n\t\t\t\t<img decoding=\"async\" src=\"https:\/\/gamesystem.com\/wp-content\/uploads\/2021\/09\/ANTICHUTE-A-SANGLE-OU-CABLE_0014_FA-20-402-10B-10S-min.jpg\" alt=\"\" title=\"\" itemprop=\"image\"\/>\n\t\t<h3>ANTICADUTA<\/h3>\t\t\t\n\t<p>Per ridurre il rischio caduta in uno spazio confinato, le persone autorizzate ad accedervi devono essere dotate di adeguati Dispositivi di Protezione Individuale. L&#8217;area di accesso allo spazio confinato deve essere messa in sicurezza e la struttura deve consentire un&#8217;evacuazione rapida dell&#8217;operatore.<\/p>\n\t\t\t<h2>LE NOSTRE REALIZZAZIONI &#8211; MESSA IN SICUREZZA DEGLI SPAZI CONFINATI<\/h2>\n\t\t\t\t<a\n\t\t\thref=\"https:\/\/gamesystem.com\/wp-content\/uploads\/2018\/07\/s\u00e9curisation-des-espaces-confin\u00e9s.jpg\"\n\t\t\t\t\t\tdata-fancybox=\"images\" \n\t\t\ttitle=\"s\u00e9curisation des espaces confin\u00e9s\" \n\t\t\t\t\t\tdata-caption=\"S\u00e9curisation d'une cuve\"\n\t\t\t\t\t\tdata-description=\"\" \n\t\t\titemprop=\"contentUrl\">\n\t\t\t<img decoding=\"async\" loading=\"lazy\" src=\"https:\/\/gamesystem.com\/wp-content\/uploads\/2018\/07\/s\u00e9curisation-des-espaces-confin\u00e9s.jpg\" alt=\"s\u00e9curisez vos cuves\" data-no-lazy=\"1\" itemprop=\"thumbnail\" width=\"800\" height=\"600\" \/>\n\t\t\t<!-- Overlay Wrapper -->\n\t\t\t <!-- Overlay Wrapper Closed -->\n\t\t\t\t<\/a>\n\t\t\t\t\t\t\t<meta itemprop=\"width\" content=\"800\" \/>\n\t\t\t<meta itemprop=\"height\" content=\"600\" \/>\n\t\t\t\t<a\n\t\t\thref=\"https:\/\/gamesystem.com\/wp-content\/uploads\/2018\/07\/potence-pour-acc\u00e8s-dans-une-cuve.jpg\"\n\t\t\t\t\t\tdata-fancybox=\"images\" \n\t\t\ttitle=\"potence pour acc\u00e8s dans une cuve\" \n\t\t\t\t\t\tdata-caption=\"Potence rotative pour cuve\"\n\t\t\t\t\t\tdata-description=\"\" \n\t\t\titemprop=\"contentUrl\">\n\t\t\t<img decoding=\"async\" loading=\"lazy\" src=\"https:\/\/gamesystem.com\/wp-content\/uploads\/2018\/07\/potence-pour-acc\u00e8s-dans-une-cuve.jpg\" alt=\"por\u00e9cdure dans espaces confin\u00e9s\" data-no-lazy=\"1\" itemprop=\"thumbnail\" width=\"800\" height=\"600\" \/>\n\t\t\t<!-- Overlay Wrapper -->\n\t\t\t <!-- Overlay Wrapper Closed -->\n\t\t\t\t<\/a>\n\t\t\t\t\t\t\t<meta itemprop=\"width\" content=\"800\" \/>\n\t\t\t<meta itemprop=\"height\" content=\"600\" \/>\n\t\t\t\t<a\n\t\t\thref=\"https:\/\/gamesystem.com\/wp-content\/uploads\/2018\/07\/mise-en-place-dune-\u00e9chelle-pour-espace-confin\u00e9.jpg\"\n\t\t\t\t\t\tdata-fancybox=\"images\" \n\t\t\ttitle=\"mise en place d'une \u00e9chelle pour espace confin\u00e9\" \n\t\t\t\t\t\tdata-caption=\"\u00c9chelle dans un espace confin\u00e9\"\n\t\t\t\t\t\tdata-description=\"\" \n\t\t\titemprop=\"contentUrl\">\n\t\t\t<img decoding=\"async\" loading=\"lazy\" src=\"https:\/\/gamesystem.com\/wp-content\/uploads\/2018\/07\/mise-en-place-dune-\u00e9chelle-pour-espace-confin\u00e9.jpg\" alt=\"\" data-no-lazy=\"1\" itemprop=\"thumbnail\" width=\"800\" height=\"600\" \/>\n\t\t\t<!-- Overlay Wrapper -->\n\t\t\t <!-- Overlay Wrapper Closed -->\n\t\t\t\t<\/a>\n\t\t\t\t\t\t\t<meta itemprop=\"width\" content=\"800\" \/>\n\t\t\t<meta itemprop=\"height\" content=\"600\" \/>\n\t\t\t\t<a\n\t\t\thref=\"https:\/\/gamesystem.com\/wp-content\/uploads\/2018\/07\/potence-pour-s\u00e9curis\u00e9-acc\u00e8s-egoutier.jpg\"\n\t\t\t\t\t\tdata-fancybox=\"images\" \n\t\t\ttitle=\"potence pour s\u00e9curis\u00e9 acc\u00e8s egoutier\" \n\t\t\t\t\t\tdata-caption=\"Portique pour acc\u00e8s \u00e9goutier\"\n\t\t\t\t\t\tdata-description=\"\" \n\t\t\titemprop=\"contentUrl\">\n\t\t\t<img decoding=\"async\" loading=\"lazy\" src=\"https:\/\/gamesystem.com\/wp-content\/uploads\/2018\/07\/potence-pour-s\u00e9curis\u00e9-acc\u00e8s-egoutier.jpg\" alt=\"acc\u00e8s dans l'\u00e9goutuier et proc\u00e9dures\" data-no-lazy=\"1\" itemprop=\"thumbnail\" width=\"800\" height=\"600\" \/>\n\t\t\t<!-- Overlay Wrapper -->\n\t\t\t <!-- Overlay Wrapper Closed -->\n\t\t\t\t<\/a>\n\t\t\t\t\t\t\t<meta itemprop=\"width\" content=\"800\" \/>\n\t\t\t<meta itemprop=\"height\" content=\"600\" \/>\n\t\t\t\t<a\n\t\t\thref=\"https:\/\/gamesystem.com\/wp-content\/uploads\/2018\/07\/Espaces-confin\u00e9s-s\u00e9curis\u00e9s.jpg\"\n\t\t\t\t\t\tdata-fancybox=\"images\" \n\t\t\ttitle=\"Espaces confin\u00e9s s\u00e9curis\u00e9s\" \n\t\t\t\t\t\tdata-caption=\"Travail en espace confin\u00e9\"\n\t\t\t\t\t\tdata-description=\"\" \n\t\t\titemprop=\"contentUrl\">\n\t\t\t<img decoding=\"async\" loading=\"lazy\" src=\"https:\/\/gamesystem.com\/wp-content\/uploads\/2018\/07\/Espaces-confin\u00e9s-s\u00e9curis\u00e9s.jpg\" alt=\"\" data-no-lazy=\"1\" itemprop=\"thumbnail\" width=\"800\" height=\"600\" \/>\n\t\t\t<!-- Overlay Wrapper -->\n\t\t\t <!-- Overlay Wrapper Closed -->\n\t\t\t\t<\/a>\n\t\t\t\t\t\t\t<meta itemprop=\"width\" content=\"800\" \/>\n\t\t\t<meta itemprop=\"height\" content=\"600\" \/>\n\t\t\t\t<a\n\t\t\thref=\"https:\/\/gamesystem.com\/wp-content\/uploads\/2018\/05\/tripode-pour-milieu-confin\u00e9.jpg\"\n\t\t\t\t\t\tdata-fancybox=\"images\" \n\t\t\ttitle=\"tripode pour milieu confin\u00e9\" \n\t\t\t\t\t\tdata-caption=\"Tripode pour acc\u00e8s dans un egoutier\"\n\t\t\t\t\t\tdata-description=\"\u00e9vacuation d'une personne suspendue dans un milieu confin\u00e9\" \n\t\t\titemprop=\"contentUrl\">\n\t\t\t<img decoding=\"async\" loading=\"lazy\" src=\"https:\/\/gamesystem.com\/wp-content\/uploads\/2018\/05\/tripode-pour-milieu-confin\u00e9.jpg\" alt=\"syst\u00e8me d'\u00e9vacuation pour milieu confin\u00e9\" data-no-lazy=\"1\" itemprop=\"thumbnail\" width=\"800\" height=\"600\" \/>\n\t\t\t<!-- Overlay Wrapper -->\n\t\t\t <!-- Overlay Wrapper Closed -->\n\t\t\t\t<\/a>\n\t\t\t\t\t\t\t<meta itemprop=\"width\" content=\"800\" \/>\n\t\t\t<meta itemprop=\"height\" content=\"600\" \/>\n\t\t\t\t<a\n\t\t\thref=\"https:\/\/gamesystem.com\/wp-content\/uploads\/2018\/05\/acc\u00e8s-dans-un-espace-confin\u00e9.jpg\"\n\t\t\t\t\t\tdata-fancybox=\"images\" \n\t\t\ttitle=\"acc\u00e8s dans un espace confin\u00e9\" \n\t\t\t\t\t\tdata-caption=\"Antichute pour espace confin\u00e9\"\n\t\t\t\t\t\tdata-description=\"travail dans un espace confin\u00e9 en s\u00e9curit\u00e9 lors des op\u00e9rations de maintenance\" \n\t\t\titemprop=\"contentUrl\">\n\t\t\t<img decoding=\"async\" loading=\"lazy\" src=\"https:\/\/gamesystem.com\/wp-content\/uploads\/2018\/05\/acc\u00e8s-dans-un-espace-confin\u00e9.jpg\" alt=\"op\u00e9ration dans un espace confin\u00e9\" data-no-lazy=\"1\" itemprop=\"thumbnail\" width=\"800\" height=\"600\" \/>\n\t\t\t<!-- Overlay Wrapper -->\n\t\t\t <!-- Overlay Wrapper Closed -->\n\t\t\t\t<\/a>\n\t\t\t\t\t\t\t<meta itemprop=\"width\" content=\"800\" \/>\n\t\t\t<meta itemprop=\"height\" content=\"600\" \/>\n\t\t\t\t<a\n\t\t\thref=\"https:\/\/gamesystem.com\/wp-content\/uploads\/2018\/07\/evacuation-espaces-confin\u00e9s.jpg\"\n\t\t\t\t\t\tdata-fancybox=\"images\" \n\t\t\ttitle=\"evacuation espaces confin\u00e9s\" \n\t\t\t\t\t\tdata-caption=\"Syst\u00e8me Tripode Gamesystem\"\n\t\t\t\t\t\tdata-description=\"\" \n\t\t\titemprop=\"contentUrl\">\n\t\t\t<img decoding=\"async\" loading=\"lazy\" src=\"https:\/\/gamesystem.com\/wp-content\/uploads\/2018\/07\/evacuation-espaces-confin\u00e9s.jpg\" alt=\"espaces confin\u00e9s \u00e9vacauation d'une personne\" data-no-lazy=\"1\" itemprop=\"thumbnail\" width=\"800\" height=\"600\" \/>\n\t\t\t<!-- Overlay Wrapper -->\n\t\t\t <!-- Overlay Wrapper Closed -->\n\t\t\t\t<\/a>\n\t\t\t\t\t\t\t<meta itemprop=\"width\" content=\"800\" \/>\n\t\t\t<meta itemprop=\"height\" content=\"600\" \/>\n\t<p><strong>INSTALLAZIONE<\/strong><\/p>\n\t<p><strong>CONTROLLO E MANUTENZIONE<\/strong><\/p>\n\t<p><strong>VERIFICA DPI<\/strong><\/p>\n\t<p><strong>AUDIT &amp; SUGGERIMENTI<\/strong><\/p>\n\n","protected":false},"excerpt":{"rendered":"<p>MESSA IN SICUREZZA DEGLI SPAZI CONFINATI Gli spazi confinati si collocano tra gli ambienti pi\u00f9 rischiosi per la salute e la sicurezza dei lavoratori. In quest&#8217;ottica \u00e8 essenziale installare soluzioni&hellip;<\/p>\n","protected":false},"author":7,"featured_media":0,"parent":0,"menu_order":0,"comment_status":"closed","ping_status":"open","template":"","meta":[],"_links":{"self":[{"href":"https:\/\/gamesystem.com\/it\/wp-json\/wp\/v2\/pages\/13635"}],"collection":[{"href":"https:\/\/gamesystem.com\/it\/wp-json\/wp\/v2\/pages"}],"about":[{"href":"https:\/\/gamesystem.com\/it\/wp-json\/wp\/v2\/types\/page"}],"author":[{"embeddable":true,"href":"https:\/\/gamesystem.com\/it\/wp-json\/wp\/v2\/users\/7"}],"replies":[{"embeddable":true,"href":"https:\/\/gamesystem.com\/it\/wp-json\/wp\/v2\/comments?post=13635"}],"version-history":[{"count":2,"href":"https:\/\/gamesystem.com\/it\/wp-json\/wp\/v2\/pages\/13635\/revisions"}],"predecessor-version":[{"id":38759,"href":"https:\/\/gamesystem.com\/it\/wp-json\/wp\/v2\/pages\/13635\/revisions\/38759"}],"wp:attachment":[{"href":"https:\/\/gamesystem.com\/it\/wp-json\/wp\/v2\/media?parent=13635"}],"curies":[{"name":"wp","href":"https:\/\/api.w.org\/{rel}","templated":true}]}}