{"id":13604,"date":"2018-01-18T09:21:09","date_gmt":"2018-01-18T09:21:09","guid":{"rendered":"https:\/\/preprod.gamesystem.com\/securisation-des-deplacements-verticaux\/"},"modified":"2021-11-08T16:39:16","modified_gmt":"2021-11-08T15:39:16","slug":"spostamenti-verticali","status":"publish","type":"page","link":"https:\/\/gamesystem.com\/it\/spostamenti-verticali\/","title":{"rendered":"Spostamenti Verticali"},"content":{"rendered":"\n\n\t\t\t<h1>MESSA IN SICUREZZA DEGLI SPOSTAMENTI VERTICALI<\/h1>\t\t\t\n\t\t\t\t<p>Se desiderate mettere in sicurezza gli spostamenti verticali e le attivit\u00e0 dei Vostri operatori, abbiamo le soluzioni adatte. Gamesystem Vi propone numerosi sistemi di sicurezza anticaduta in risposta a questo problema. I nostri sistemi di protezione collettiva o individuale sono adatti all&#8217;installazione su scale, facciate e tralicci.<\/p>\n\t\t\t\t<img decoding=\"async\" src=\"https:\/\/gamesystem.com\/wp-content\/uploads\/2018\/05\/acc\u00e8s-a-la-toiture-via-la-facade.jpg\" alt=\"s\u00e9curisation des acc\u00e8s via facade\"\/>\n\t\t\t<p>FACCIATA<\/p>\n\t\t\t\t<img decoding=\"async\" src=\"https:\/\/gamesystem.com\/wp-content\/uploads\/2018\/05\/s\u00e9curisation-d-echelle-sur-divers-structures.jpg\" alt=\"r\u00e9glementation s\u00e9curisation \u00e9chelle\"\/>\n\t\t\t<p>SCALA<\/p>\n\t\t\t\t<img decoding=\"async\" src=\"https:\/\/gamesystem.com\/wp-content\/uploads\/2018\/05\/Travail-en-hauteur-sur-pylone-de-telecommunication.png\" alt=\"travail sur pylone telecom\"\/>\n\t\t\t<p>TRALICCIO<\/p>\n\t\t\t<h2>Protezione collettiva e SISTEMI DI ANCORAGGIO<\/h2>\n\t\t\t\t\t\t\t\t\t\t\t<img decoding=\"async\" src=\"https:\/\/gamesystem.com\/wp-content\/uploads\/2021\/09\/protection-collectibe_0011_chantier-CERNAY-005.jpg\" alt=\"protection collectibe_0011_chantier-CERNAY-005\"\/>\n\t\t\t\t\t\t<h3>\n\t\t\t\t\t\tScala con gabbia\t\t<\/h3>\n\t\t<a href=\"https:\/\/gamesystem.com\/it\/rotaia-con-scala-scorrevole\/\" target=\"_self\" rel=\"noopener\">\n\t\t\t\t\t\t\t\t\t\t\t<img decoding=\"async\" src=\"https:\/\/gamesystem.com\/wp-content\/uploads\/2021\/09\/Sans-titre-2_0006_FSET-REAL-VIEW-min.jpg\" alt=\"Sans titre-2_0006_FSET REAL VIEW-min\"\/>\n\t\t\t\t\t\t<h3>\n\t\t\t\t\t\tROTAIA \t\t<\/h3>\n\t\t<\/a>\n\t\t<a href=\"https:\/\/gamesystem.com\/it\/sbraccio-fisso-alta-tensione\/\" target=\"_self\" rel=\"noopener\">\n\t\t\t\t\t\t\t\t\t\t\t<img decoding=\"async\" src=\"https:\/\/gamesystem.com\/wp-content\/uploads\/2021\/09\/anjou.jpg\" alt=\"anjou\"\/>\n\t\t\t\t\t\t<h3>\n\t\t\t\t\t\tBRACCIO FISSO\t\t<\/h3>\n\t\t<\/a>\n\t\t<a href=\"https:\/\/gamesystem.com\/it\/sbraccio-telescopico-mobile\/\" target=\"_self\" rel=\"noopener\">\n\t\t\t\t\t\t\t\t\t\t\t<img decoding=\"async\" src=\"https:\/\/gamesystem.com\/wp-content\/uploads\/2021\/09\/Sans-titre-2_0009_potence-esp-1.jpg\" alt=\"Sans titre-2_0009_potence esp (1)\"\/>\n\t\t\t\t\t\t<h3>\n\t\t\t\t\t\tSBRACCIO TELESCOPICO\t\t<\/h3>\n\t\t<\/a>\n\t<p>Nel momento in cui un operatore si trova ad eseguire spostamenti verticali si preferisce solitamente la fornitura di un sistema di protezione individuale: sistema Papillon su scala fissa o rotaia. In base ad alcune valutazionI (frequenza di intervento, n\u00b0 operatori, ingombri e spostamento materiali) sar\u00e0 consigliabile utilizzare la protezione collettiva. Grazie ai dispositivi anticaduta e ai relativi DPI, l&#8217;utilizzatore sar\u00e0 in grado di salire in sicurezza e muoversi verticalmente senza scollegarsi dalla struttura.<\/p>\n\t\t\t<h2>DPI SPECIFICI PER IL LAVORO IN VERTICALE<\/h2>\n\t<a href=\"https:\/\/gamesystem.com\/it\/dispositivi-protezione-individuale\/#harnais1\" target=\"_self\" rel=\"noopener\"><\/a> \n\t\t\t\t<img decoding=\"async\" src=\"https:\/\/gamesystem.com\/wp-content\/uploads\/2021\/09\/harnais-unyc-3.jpg\" alt=\"\" title=\"\" itemprop=\"image\"\/>\n\t\t<h3>Imbracatura<\/h3>\t\t\t\n\t<a href=\"https:\/\/gamesystem.com\/it\/dispositivi-protezione-individuale\/#antichutevertical1\" target=\"_self\" rel=\"noopener\"><\/a> \n\t\t\t\t<img decoding=\"async\" src=\"https:\/\/gamesystem.com\/wp-content\/uploads\/2021\/09\/epi-antichute-gamesystem_0003_papi-min.jpg\" alt=\"\" title=\"\" itemprop=\"image\"\/>\n\t\t<h3>ANTICADUTA VERTICALE<\/h3>\t\t\t\n\t<a href=\"https:\/\/gamesystem.com\/it\/dispositivi-protezione-individuale\/#longes1\" target=\"_self\" rel=\"noopener\"><\/a> \n\t\t\t\t<img decoding=\"async\" src=\"https:\/\/gamesystem.com\/wp-content\/uploads\/2021\/09\/epi-antichute-gamesystem_0011_l1-min.jpg\" alt=\"\" title=\"\" itemprop=\"image\"\/>\n\t\t<h3>Cordino doppio<\/h3>\t\t\t\n\t<a href=\"https:\/\/gamesystem.com\/it\/dispositivi-protezione-individuale\/#sangles1\" target=\"_self\" rel=\"noopener\"><\/a> \n\t\t\t\t<img decoding=\"async\" src=\"https:\/\/gamesystem.com\/wp-content\/uploads\/2021\/09\/epi-antichute-gamesystem_0020_p1-min.jpg\" alt=\"\" title=\"\" itemprop=\"image\"\/>\n\t\t<h3>Fettuccia<\/h3>\t\t\t\n\t<a href=\"https:\/\/gamesystem.com\/it\/dispositivi-protezione-individuale\/#antichute1\" target=\"_self\" rel=\"noopener\"><\/a> \n\t\t\t\t<img decoding=\"async\" src=\"https:\/\/gamesystem.com\/wp-content\/uploads\/2021\/09\/ANTICHUTE-A-SANGLE-OU-CABLE_0014_FA-20-402-10B-10S-min.jpg\" alt=\"\" title=\"\" itemprop=\"image\"\/>\n\t\t<h3>ANTICADUTA<\/h3>\t\t\t\n\t<p>Durante gli spostamenti verticali l&#8217;operatore ha l&#8217;obbligo di indossare DPI anticaduta perch\u00e9 si trova in condizione di lavoro in quota. Essi sono indispensabili e consentono di proteggere i Vostri operatori dalle cadute. Gamesystem propone dei Dispositivi di Protezione Individuale adeguati agli spostamenti verticali (sistema Papillon, cordino doppio, imbragatura di sicurezza, ecc.)<\/p>\n\t\t\t<h2>VIDEO &#8211; LAVORO IN QUOTA IN VERTICALE<\/h2>\n\t<iframe loading=\"lazy\" width=\"560\" height=\"315\" src=\"https:\/\/www.youtube.com\/embed\/qGhGfYp6JCc?rel=0\" frameborder=\"0\" allow=\"autoplay; encrypted-media\" allowfullscreen><\/iframe>\n\t<p>Il dispositivo Papillon, brevetto Gamesystem, consente ai lavoratori la movimentazone in quota in sicurezza in contesti verticali (tralicci e paline telecomunicazione, facciate, scale, scale fisse con gabbia, ecc.). Scoprite in questo video le caratteristiche e i vantaggi del nostro sistema Papillon.<\/p>\n\t\t\t<h2>LE NOSTRE REALIZZAZIONI<\/h2>\n\t\t\t\t<a\n\t\t\thref=\"https:\/\/gamesystem.com\/wp-content\/uploads\/2018\/07\/\u00e9chelle-\u00e0-crinoline-pour-acc\u00e8s-en-hauteur.jpg\"\n\t\t\t\t\t\tdata-fancybox=\"images\" \n\t\t\ttitle=\"\u00e9chelle \u00e0 crinoline pour acc\u00e8s en hauteur\" \n\t\t\t\t\t\tdata-caption=\"\u00c9chelle crinoline sur fa\u00e7ade\"\n\t\t\t\t\t\tdata-description=\"\" \n\t\t\titemprop=\"contentUrl\">\n\t\t<img decoding=\"async\" loading=\"lazy\" src=\"https:\/\/gamesystem.com\/wp-content\/uploads\/2018\/07\/\u00e9chelle-\u00e0-crinoline-pour-acc\u00e8s-en-hauteur.jpg\" alt=\"echelle crinoline pour acc\u00e8s en hauteur \u00e0 la toiture plate\" data-no-lazy=\"1\" itemprop=\"thumbnail\" width=\"800\" height=\"600\" \/>\n\t\t\t<!-- Overlay Wrapper -->\n\t\t\t <!-- Overlay Wrapper Closed -->\n\t\t\t\t<\/a>\n\t\t\t\t\t\t\t<meta itemprop=\"width\" content=\"800\" \/>\n\t\t\t<meta itemprop=\"height\" content=\"600\" \/>\n\t\t\t\t<a\n\t\t\thref=\"https:\/\/gamesystem.com\/wp-content\/uploads\/2018\/05\/s\u00e9curisation-des-interventions-sur-pylone-telecommunication.jpg\"\n\t\t\t\t\t\tdata-fancybox=\"images\" \n\t\t\ttitle=\"s\u00e9curisation des interventions sur pylone telecommunication\" \n\t\t\t\t\t\tdata-caption=\"Syst\u00e8me Papillon Gamesystem\"\n\t\t\t\t\t\tdata-description=\"travail sur pylone avec un systeme papillon gamesystem\" \n\t\t\titemprop=\"contentUrl\">\n\t\t<img decoding=\"async\" loading=\"lazy\" src=\"https:\/\/gamesystem.com\/wp-content\/uploads\/2018\/05\/s\u00e9curisation-des-interventions-sur-pylone-telecommunication.jpg\" alt=\"travail sur pyl\u00f4ne de t\u00e9l\u00e9communication en s\u00e9curit\u00e9 avec le papillon\" data-no-lazy=\"1\" itemprop=\"thumbnail\" width=\"800\" height=\"600\" \/>\n\t\t\t<!-- Overlay Wrapper -->\n\t\t\t <!-- Overlay Wrapper Closed -->\n\t\t\t\t<\/a>\n\t\t\t\t\t\t\t<meta itemprop=\"width\" content=\"800\" \/>\n\t\t\t<meta itemprop=\"height\" content=\"600\" \/>\n\t\t\t\t<a\n\t\t\thref=\"https:\/\/gamesystem.com\/wp-content\/uploads\/2018\/05\/s\u00e9curisation-dune-echelle-sur-un-pylone-telecom.jpg\"\n\t\t\t\t\t\tdata-fancybox=\"images\" \n\t\t\ttitle=\"s\u00e9curisation d&amp;#039;une echelle sur un pylone telecom\" \n\t\t\t\t\t\tdata-caption=\"Echelle fixe sur pyl\u00f4ne\"\n\t\t\t\t\t\tdata-description=\"echelle s\u00e9curis\u00e9e et install\u00e9e par gamesystem\" \n\t\t\titemprop=\"contentUrl\">\n\t\t<img decoding=\"async\" loading=\"lazy\" src=\"https:\/\/gamesystem.com\/wp-content\/uploads\/2018\/05\/s\u00e9curisation-dune-echelle-sur-un-pylone-telecom.jpg\" alt=\"echelle pour travail en hauteur en s\u00e9curit\u00e9\" data-no-lazy=\"1\" itemprop=\"thumbnail\" width=\"800\" height=\"600\" \/>\n\t\t\t<!-- Overlay Wrapper -->\n\t\t\t <!-- Overlay Wrapper Closed -->\n\t\t\t\t<\/a>\n\t\t\t\t\t\t\t<meta itemprop=\"width\" content=\"800\" \/>\n\t\t\t<meta itemprop=\"height\" content=\"600\" \/>\n\t\t\t\t<a\n\t\t\thref=\"https:\/\/gamesystem.com\/wp-content\/uploads\/2018\/07\/proc\u00e9dure-d\u00e9vacuation-sur-pylone-tht.jpg\"\n\t\t\t\t\t\tdata-fancybox=\"images\" \n\t\t\ttitle=\"proc\u00e9dure d'\u00e9vacuation sur pylone tht\" \n\t\t\t\t\t\tdata-caption=\"\u00c9vacuation sur pyl\u00f4ne THT\"\n\t\t\t\t\t\tdata-description=\"\" \n\t\t\titemprop=\"contentUrl\">\n\t\t<img decoding=\"async\" loading=\"lazy\" src=\"https:\/\/gamesystem.com\/wp-content\/uploads\/2018\/07\/proc\u00e9dure-d\u00e9vacuation-sur-pylone-tht.jpg\" alt=\"pylone tht\" data-no-lazy=\"1\" itemprop=\"thumbnail\" width=\"800\" height=\"600\" \/>\n\t\t\t<!-- Overlay Wrapper -->\n\t\t\t <!-- Overlay Wrapper Closed -->\n\t\t\t\t<\/a>\n\t\t\t\t\t\t\t<meta itemprop=\"width\" content=\"800\" \/>\n\t\t\t<meta itemprop=\"height\" content=\"600\" \/>\n\t\t\t\t<a\n\t\t\thref=\"https:\/\/gamesystem.com\/wp-content\/uploads\/2018\/05\/echelle-a-crinoline-sur-pylone-telecom-pour-travaux-en-hauteur.jpg\"\n\t\t\t\t\t\tdata-fancybox=\"images\" \n\t\t\ttitle=\"echelle a crinoline sur pylone telecom pour travaux en hauteur\" \n\t\t\t\t\t\tdata-caption=\"Echelle a crinoline sur mesure\"\n\t\t\t\t\t\tdata-description=\"reglementation et hauteur d'une \u00e9chelle a crinoline\" \n\t\t\titemprop=\"contentUrl\">\n\t\t<img decoding=\"async\" loading=\"lazy\" src=\"https:\/\/gamesystem.com\/wp-content\/uploads\/2018\/05\/echelle-a-crinoline-sur-pylone-telecom-pour-travaux-en-hauteur.jpg\" alt=\"utilisation d'une echelle a crinoline\" data-no-lazy=\"1\" itemprop=\"thumbnail\" width=\"800\" height=\"600\" \/>\n\t\t\t<!-- Overlay Wrapper -->\n\t\t\t <!-- Overlay Wrapper Closed -->\n\t\t\t\t<\/a>\n\t\t\t\t\t\t\t<meta itemprop=\"width\" content=\"800\" \/>\n\t\t\t<meta itemprop=\"height\" content=\"600\" \/>\n\t\t\t\t<a\n\t\t\thref=\"https:\/\/gamesystem.com\/wp-content\/uploads\/2018\/07\/s\u00e9curisation-dun-pylone-t\u00e9l\u00e9com.jpg\"\n\t\t\t\t\t\tdata-fancybox=\"images\" \n\t\t\ttitle=\"s\u00e9curisation d'un pylone t\u00e9l\u00e9com\" \n\t\t\t\t\t\tdata-caption=\"S\u00e9curisation travail sur pyl\u00f4ne t\u00e9l\u00e9com\"\n\t\t\t\t\t\tdata-description=\"\" \n\t\t\titemprop=\"contentUrl\">\n\t\t<img decoding=\"async\" loading=\"lazy\" src=\"https:\/\/gamesystem.com\/wp-content\/uploads\/2018\/07\/s\u00e9curisation-dun-pylone-t\u00e9l\u00e9com.jpg\" alt=\"travail sur pylone tht\" data-no-lazy=\"1\" itemprop=\"thumbnail\" width=\"800\" height=\"600\" \/>\n\t\t\t<!-- Overlay Wrapper -->\n\t\t\t <!-- Overlay Wrapper Closed -->\n\t\t\t\t<\/a>\n\t\t\t\t\t\t\t<meta itemprop=\"width\" content=\"800\" \/>\n\t\t\t<meta itemprop=\"height\" content=\"600\" \/>\n\t\t\t\t<a\n\t\t\thref=\"https:\/\/gamesystem.com\/wp-content\/uploads\/2018\/05\/UTILISATION-DU-SYSTEME-PAPILLON-SUR-UN-PYLONE-DE-TELECOMMUNICATION.jpg\"\n\t\t\t\t\t\tdata-fancybox=\"images\" \n\t\t\ttitle=\"UTILISATION DU SYSTEME PAPILLON SUR UN PYLONE DE TELECOMMUNICATION\" \n\t\t\t\t\t\tdata-caption=\"Syst\u00e8me antichute : Papillon\"\n\t\t\t\t\t\tdata-description=\"travail avec un systeme papillon\" \n\t\t\titemprop=\"contentUrl\">\n\t\t<img decoding=\"async\" loading=\"lazy\" src=\"https:\/\/gamesystem.com\/wp-content\/uploads\/2018\/05\/UTILISATION-DU-SYSTEME-PAPILLON-SUR-UN-PYLONE-DE-TELECOMMUNICATION.jpg\" alt=\"travail sur pylone\" data-no-lazy=\"1\" itemprop=\"thumbnail\" width=\"800\" height=\"600\" \/>\n\t\t\t<!-- Overlay Wrapper -->\n\t\t\t <!-- Overlay Wrapper Closed -->\n\t\t\t\t<\/a>\n\t\t\t\t\t\t\t<meta itemprop=\"width\" content=\"800\" \/>\n\t\t\t<meta itemprop=\"height\" content=\"600\" \/>\n\t\t\t\t<a\n\t\t\thref=\"https:\/\/gamesystem.com\/wp-content\/uploads\/2018\/07\/s\u00e9curisation-pylone-tht.jpg\"\n\t\t\t\t\t\tdata-fancybox=\"images\" \n\t\t\ttitle=\"s\u00e9curisation pylone tht\" \n\t\t\t\t\t\tdata-caption=\"Technique de travail sur pyl\u00f4ne THT\"\n\t\t\t\t\t\tdata-description=\"\" \n\t\t\titemprop=\"contentUrl\">\n\t\t<img decoding=\"async\" loading=\"lazy\" src=\"https:\/\/gamesystem.com\/wp-content\/uploads\/2018\/07\/s\u00e9curisation-pylone-tht.jpg\" alt=\"acc\u00e8s en hauteur et pylone tht\" data-no-lazy=\"1\" itemprop=\"thumbnail\" width=\"800\" height=\"600\" \/>\n\t\t\t<!-- Overlay Wrapper -->\n\t\t\t <!-- Overlay Wrapper Closed -->\n\t\t\t\t<\/a>\n\t\t\t\t\t\t\t<meta itemprop=\"width\" content=\"800\" \/>\n\t\t\t<meta itemprop=\"height\" content=\"600\" \/>\n\t\n\t\n\t\n\t\n\n","protected":false},"excerpt":{"rendered":"<p>MESSA IN SICUREZZA DEGLI SPOSTAMENTI VERTICALI Se desiderate mettere in sicurezza gli spostamenti verticali e le attivit\u00e0 dei Vostri operatori, abbiamo le soluzioni adatte. Gamesystem Vi propone numerosi sistemi di&hellip;<\/p>\n","protected":false},"author":7,"featured_media":0,"parent":0,"menu_order":0,"comment_status":"closed","ping_status":"open","template":"","meta":[],"_links":{"self":[{"href":"https:\/\/gamesystem.com\/it\/wp-json\/wp\/v2\/pages\/13604"}],"collection":[{"href":"https:\/\/gamesystem.com\/it\/wp-json\/wp\/v2\/pages"}],"about":[{"href":"https:\/\/gamesystem.com\/it\/wp-json\/wp\/v2\/types\/page"}],"author":[{"embeddable":true,"href":"https:\/\/gamesystem.com\/it\/wp-json\/wp\/v2\/users\/7"}],"replies":[{"embeddable":true,"href":"https:\/\/gamesystem.com\/it\/wp-json\/wp\/v2\/comments?post=13604"}],"version-history":[{"count":0,"href":"https:\/\/gamesystem.com\/it\/wp-json\/wp\/v2\/pages\/13604\/revisions"}],"wp:attachment":[{"href":"https:\/\/gamesystem.com\/it\/wp-json\/wp\/v2\/media?parent=13604"}],"curies":[{"name":"wp","href":"https:\/\/api.w.org\/{rel}","templated":true}]}}