{"id":13587,"date":"2018-01-24T15:23:56","date_gmt":"2018-01-24T15:23:56","guid":{"rendered":"https:\/\/preprod.gamesystem.com\/les-acces-en-hauteur\/"},"modified":"2021-11-08T16:38:35","modified_gmt":"2021-11-08T15:38:35","slug":"accessi-in-quota","status":"publish","type":"page","link":"https:\/\/gamesystem.com\/it\/accessi-in-quota\/","title":{"rendered":"Accessi in quota"},"content":{"rendered":"\n\n\t\t\t<h1>MESSA IN SICUREZZA DEGLI ACCESSI IN QUOTA<\/h1>\t\t\t\n\t\t\t\t<p>E&#8217; possibile evitare un incidente assicurando l&#8217;operatore ad un dispositivo collegato ad un ancoraggio (cavo, rotaia o anello). Ci\u00f2 presuppone che abbia potuto accedere a questa installazione in sicurezza. In alcuni casi l&#8217;accesso \u00e8 completamente privo di rischi. In altri casi l&#8217;accesso pu\u00f2 presentare alcuni pericoli ( in particolare sulle coperture piane o inclinate e sui macchinari). \u00c8 quindi essenziale garantire la sicurezza di questi accessi per ridurre al minimo le possibilit\u00e0 di caduta dall&#8217;alto.<\/p>\n\t\t\t\t<img decoding=\"async\" src=\"https:\/\/gamesystem.com\/wp-content\/uploads\/2018\/05\/acc\u00e8s-a-la-toiture-via-la-facade.jpg\" alt=\"s\u00e9curisation des acc\u00e8s via facade\"\/>\n\t\t\t<p>FACCIATA<\/p>\n\t\t\t\t<img decoding=\"async\" src=\"https:\/\/gamesystem.com\/wp-content\/uploads\/2018\/05\/travail-sur-toitue-en-s\u00e9curit\u00e9.jpg\" alt=\"acc\u00e8s sur toiture en s\u00e9curit\u00e9\"\/>\n\t\t\t<p>COPERTURA<\/p>\n\t\t\t\t<img decoding=\"async\" src=\"https:\/\/gamesystem.com\/wp-content\/uploads\/2018\/05\/s\u00e9curisation-de-machine-pour-acc\u00e8s-en-s\u00e9curit\u00e9.jpg\" alt=\"travail sur machine avec une harnais de travail\"\/>\n\t\t\t<p>IMPIANTO<\/p>\n\t\t\t\t<img decoding=\"async\" src=\"https:\/\/gamesystem.com\/wp-content\/uploads\/2018\/05\/Travail-en-hauteur-sur-pylone-de-telecommunication.png\" alt=\"travail sur pylone telecom\"\/>\n\t\t\t<p>TRALICCIO<\/p>\n\t<p>Qualunque sia il tipo di intervento, i vostri operatori che lavorano in quota devono essere in grado di accedere alle loro aree di lavoro in sicurezza. Oltre a mettere in sicurezza le situazioni di lavoro che presentano un rischio caduta, Gamesystem progetta e realizza le strutture di accesso. Tenendo conto delle vostre esigenze e del vostro ambiente di lavoro, offriamo soluzioni standard o su misura per gli accessi. I nostri sistemi anticaduta assicurano tutte le tipologie di accessi: coperture piane, coperture inclinate, impianti, macchinari, tralicci e facciate.<\/p>\n\t\t\t<h2>Protezione collettiva<\/h2>\n\t\t\t\t\t\t\t\t\t\t\t<img decoding=\"async\" src=\"https:\/\/gamesystem.com\/wp-content\/uploads\/2021\/09\/protection-collectibe_0011_chantier-CERNAY-005.jpg\" alt=\"protection collectibe_0011_chantier-CERNAY-005\"\/>\n\t\t\t\t\t\t<h3>\n\t\t\t\t\t\tScala con gabbia\t\t<\/h3>\n\t\t\t\t\t\t\t\t\t\t\t<img decoding=\"async\" src=\"https:\/\/gamesystem.com\/wp-content\/uploads\/2021\/09\/protection-collectibe_0003_Escalier.jpg\" alt=\"protection collectibe_0003_Escalier\"\/>\n\t\t\t\t\t\t<h3>\n\t\t\t\t\t\tScala\t\t<\/h3>\n\t\t\t\t\t\t\t\t\t\t\t<img decoding=\"async\" src=\"https:\/\/gamesystem.com\/wp-content\/uploads\/2021\/09\/protection-collectibe_0002_IMGP5067.jpg\" alt=\"protection collectibe_0002_IMGP5067\"\/>\n\t\t\t\t\t\t<h3>\n\t\t\t\t\t\tPasserella\t\t<\/h3>\n\t\t\t\t\t\t\t\t\t\t\t<img decoding=\"async\" src=\"https:\/\/gamesystem.com\/wp-content\/uploads\/2021\/09\/protection-collectibe_0012_SAUT-DE-LOUP-ALU-ASSYMETRIQUE.jpg\" alt=\"protection collectibe_0012_SAUT DE LOUP ALU ASSYMETRIQUE\"\/>\n\t\t\t\t\t\t<h3>\n\t\t\t\t\t\tPasserella di sbarco\t\t<\/h3>\n\t<p>Gamesystem offre numerose possibilit\u00e0 in termini di protezione collettiva per mettere in sicurezza gli accessi: Scala fissa con gabbia, Passerella, Scala e Passerella di sbarco. Questi dispositivi di protezione collettiva offrono una sicurezza ottimale per le aree a rischio di caduta dall&#8217;alto.<\/p>\n\t\t\t<h2>SISTEMI DI ANCORAGGIO<\/h2>\n\t\t<a href=\"https:\/\/gamesystem.com\/it\/linea-di-vita\/\" target=\"_blank\" rel=\"noopener\">\n\t\t\t\t\t\t\t\t\t\t\t<img decoding=\"async\" src=\"https:\/\/gamesystem.com\/wp-content\/uploads\/2021\/09\/Sans-titre-2_0004_chariot11-min.jpg\" alt=\"Sans titre-2_0004_chariot11-min\"\/>\n\t\t\t\t\t\t<h3>\n\t\t\t\t\t\tLinea di vita <br \/> Gamesystem\t\t<\/h3>\n\t\t<\/a>\n\t\t<a href=\"https:\/\/gamesystem.com\/it\/rotaia-di-sicurezza\/\" target=\"_blank\" rel=\"noopener\">\n\t\t\t\t\t\t\t\t\t\t\t<img decoding=\"async\" src=\"https:\/\/gamesystem.com\/wp-content\/uploads\/2021\/09\/Sans-titre-2_0005_RAIL-CHARIOT-min.jpg\" alt=\"Sans titre-2_0005_RAIL + CHARIOT-min\"\/>\n\t\t\t\t\t\t<h3>\n\t\t\t\t\t\tROTAIA <br \/> DI SICUREZZA\t\t<\/h3>\n\t\t<\/a>\n\t\t<a href=\"https:\/\/gamesystem.com\/it\/cavo-tesato-per-tratte-ampie\/\" target=\"_blank\" rel=\"noopener\">\n\t\t\t\t\t\t\t\t\t\t\t<img decoding=\"async\" src=\"https:\/\/gamesystem.com\/wp-content\/uploads\/2021\/09\/Sans-titre-2_0003_biroulettteeee-min.jpg\" alt=\"Sans titre-2_0003_biroulettteeee-min\"\/>\n\t\t\t\t\t\t<h3>\n\t\t\t\t\t\tCAVO TESATO PER TRATTE AMPIE\t\t<\/h3>\n\t\t<\/a>\n\t\t<a href=\"https:\/\/gamesystem.com\/it\/rotaia-con-scala-scorrevole\/\" target=\"_blank\" rel=\"noopener\">\n\t\t\t\t\t\t\t\t\t\t\t<img decoding=\"async\" src=\"https:\/\/gamesystem.com\/wp-content\/uploads\/2021\/09\/Sans-titre-2_0006_FSET-REAL-VIEW-min.jpg\" alt=\"Sans titre-2_0006_FSET REAL VIEW-min\"\/>\n\t\t\t\t\t\t<h3>\n\t\t\t\t\t\tROTAIA CON SCALA SCORREVOLE\t\t<\/h3>\n\t\t<\/a>\n\t<p>Sebbene debba essere privilegiata la protezione collettiva spesso accade che essa non si adatti all&#8217; ambiente od alla struttura. Ecco perch\u00e9 Gamesystem offre anche dispositivi di accesso a protezione individuale: linea di vita a cavo e scala fissa o trasportabile. Qualunque sia la Vostra problematica noi suggeriamo soluzioni pertinenti ed efficaci per eliminare i rischi di caduta dall&#8217;alto.<\/p>\n\t\t\t<h2>DPI anticaduta specifici per gli accessi in quota<\/h2>\n\t<a href=\"https:\/\/gamesystem.com\/it\/dispositivi-protezione-individuale\/#harnais1\" target=\"_self\" rel=\"noopener\"><\/a> \n\t\t\t\t<img decoding=\"async\" src=\"https:\/\/gamesystem.com\/wp-content\/uploads\/2021\/09\/harnais-unyc-3.jpg\" alt=\"\" title=\"\" itemprop=\"image\"\/>\n\t\t<h3>Imbracatura<\/h3>\t\t\t\n\t<a href=\"https:\/\/gamesystem.com\/it\/dispositivi-protezione-individuale\/#antichutevertical1\" target=\"_self\" rel=\"noopener\"><\/a> \n\t\t\t\t<img decoding=\"async\" src=\"https:\/\/gamesystem.com\/wp-content\/uploads\/2021\/09\/epi-antichute-gamesystem_0003_papi-min.jpg\" alt=\"\" title=\"\" itemprop=\"image\"\/>\n\t\t<h3>Papillon<\/h3>\t\t\t\n\t<a href=\"https:\/\/gamesystem.com\/it\/dispositivi-protezione-individuale\/#longes1\" target=\"_self\" rel=\"noopener\"><\/a> \n\t\t\t\t<img decoding=\"async\" src=\"https:\/\/gamesystem.com\/wp-content\/uploads\/2021\/09\/epi-antichute-gamesystem_0011_l1-min.jpg\" alt=\"\" title=\"\" itemprop=\"image\"\/>\n\t\t<h3>Cordino doppio<\/h3>\t\t\t\n\t<a href=\"https:\/\/gamesystem.com\/it\/dispositivi-protezione-individuale\/#sangles1\" target=\"_self\" rel=\"noopener\"><\/a> \n\t\t\t\t<img decoding=\"async\" src=\"https:\/\/gamesystem.com\/wp-content\/uploads\/2021\/09\/epi-antichute-gamesystem_0020_p1-min.jpg\" alt=\"\" title=\"\" itemprop=\"image\"\/>\n\t\t<h3>Fettuccia<\/h3>\t\t\t\n\t<a href=\"https:\/\/gamesystem.com\/it\/dispositivi-protezione-individuale\/#antichute1\" target=\"_self\" rel=\"noopener\"><\/a> \n\t\t\t\t<img decoding=\"async\" src=\"https:\/\/gamesystem.com\/wp-content\/uploads\/2021\/09\/ANTICHUTE-A-SANGLE-OU-CABLE_0014_FA-20-402-10B-10S-min.jpg\" alt=\"\" title=\"\" itemprop=\"image\"\/>\n\t\t<h3>Anticaduta<\/h3>\t\t\t\n\t<p>Se l&#8217;accesso non dispone di adeguata protezione collettiva, l&#8217;operatore che si trova a dover accedere alla propria area di lavoro deve essere dotato di DPI anticaduta. Gamesystem, produttore di DPI (Dispositivi di Protezione Individuale), offre una vasta gamma di prodotti adatti a tutte le situazioni di lavoro in quota (imbracatura, fettuccia d&#8217;ancoraggio, cordino doppio ecc.).<\/p>\n\t\t\t<h2>LE NOSTRE REALIZZAZIONI &#8211; MESSA IN SICUREZZA DEGLI ACCESSI<\/h2>\n\t\t\t\t<a\n\t\t\thref=\"https:\/\/gamesystem.com\/wp-content\/uploads\/2018\/05\/Echelle-a-crinoline-sur-cuve.png\"\n\t\t\t\t\t\tdata-fancybox=\"images\" \n\t\t\ttitle=\"Echelle-a-crinoline-sur-cuve\" \n\t\t\t\t\t\tdata-caption=\"Echelle \u00e0 crinoline sur cuve\"\n\t\t\t\t\t\tdata-description=\"echelle a crinoline pour acc\u00e8s en hauteur sur citerne\" \n\t\t\titemprop=\"contentUrl\">\n\t\t<img decoding=\"async\" loading=\"lazy\" src=\"https:\/\/gamesystem.com\/wp-content\/uploads\/2018\/05\/Echelle-a-crinoline-sur-cuve.png\" alt=\"echelle crinoline pour acc\u00e8s en hauteur\" data-no-lazy=\"1\" itemprop=\"thumbnail\" width=\"800\" height=\"600\" \/>\n\t\t\t<!-- Overlay Wrapper -->\n\t\t\t <!-- Overlay Wrapper Closed -->\n\t\t\t\t<\/a>\n\t\t\t\t\t\t\t<meta itemprop=\"width\" content=\"800\" \/>\n\t\t\t<meta itemprop=\"height\" content=\"600\" \/>\n\t\t\t\t<a\n\t\t\thref=\"https:\/\/gamesystem.com\/wp-content\/uploads\/2018\/05\/Escalier-exterieur-pour-acc\u00e8der-au-toit.jpg\"\n\t\t\t\t\t\tdata-fancybox=\"images\" \n\t\t\ttitle=\"Escalier exterieur pour acc\u00e8der au toit\" \n\t\t\t\t\t\tdata-caption=\"Escalier 3 \u00e9tages pour acc\u00e8s au toit\"\n\t\t\t\t\t\tdata-description=\"\" \n\t\t\titemprop=\"contentUrl\">\n\t\t<img decoding=\"async\" loading=\"lazy\" src=\"https:\/\/gamesystem.com\/wp-content\/uploads\/2018\/05\/Escalier-exterieur-pour-acc\u00e8der-au-toit.jpg\" alt=\"\" data-no-lazy=\"1\" itemprop=\"thumbnail\" width=\"800\" height=\"600\" \/>\n\t\t\t<!-- Overlay Wrapper -->\n\t\t\t <!-- Overlay Wrapper Closed -->\n\t\t\t\t<\/a>\n\t\t\t\t\t\t\t<meta itemprop=\"width\" content=\"800\" \/>\n\t\t\t<meta itemprop=\"height\" content=\"600\" \/>\n\t\t\t\t<a\n\t\t\thref=\"https:\/\/gamesystem.com\/wp-content\/uploads\/2018\/05\/Escalier-avec-garde-corps-pour-s\u00e9curiser-lacces-a-la-toiture.jpg\"\n\t\t\t\t\t\tdata-fancybox=\"images\" \n\t\t\ttitle=\"Escalier avec garde corps pour s\u00e9curiser l&amp;#039;acces a la toiture\" \n\t\t\t\t\t\tdata-caption=\"Saut de loup sur toiture terrasse\"\n\t\t\t\t\t\tdata-description=\"escalier pour faciliter l'acc\u00e8s au toit\" \n\t\t\titemprop=\"contentUrl\">\n\t\t<img decoding=\"async\" loading=\"lazy\" src=\"https:\/\/gamesystem.com\/wp-content\/uploads\/2018\/05\/Escalier-avec-garde-corps-pour-s\u00e9curiser-lacces-a-la-toiture.jpg\" alt=\"Escalier en alu pour acc\u00e8der \u00e0 une toiture\" data-no-lazy=\"1\" itemprop=\"thumbnail\" width=\"800\" height=\"600\" \/>\n\t\t\t<!-- Overlay Wrapper -->\n\t\t\t <!-- Overlay Wrapper Closed -->\n\t\t\t\t<\/a>\n\t\t\t\t\t\t\t<meta itemprop=\"width\" content=\"800\" \/>\n\t\t\t<meta itemprop=\"height\" content=\"600\" \/>\n\t\t\t\t<a\n\t\t\thref=\"https:\/\/gamesystem.com\/wp-content\/uploads\/2018\/05\/Escalier-en-milieu-industriel.png\"\n\t\t\t\t\t\tdata-fancybox=\"images\" \n\t\t\ttitle=\"Escalier-en-milieu-industriel\" \n\t\t\t\t\t\tdata-caption=\"Escalier pour acc\u00e8s aux machines\"\n\t\t\t\t\t\tdata-description=\"escalier pour la s\u00e9curit\u00e9 du personnel\" \n\t\t\titemprop=\"contentUrl\">\n\t\t<img decoding=\"async\" loading=\"lazy\" src=\"https:\/\/gamesystem.com\/wp-content\/uploads\/2018\/05\/Escalier-en-milieu-industriel.png\" alt=\"escalier avec garde corps\" data-no-lazy=\"1\" itemprop=\"thumbnail\" width=\"800\" height=\"600\" \/>\n\t\t\t<!-- Overlay Wrapper -->\n\t\t\t <!-- Overlay Wrapper Closed -->\n\t\t\t\t<\/a>\n\t\t\t\t\t\t\t<meta itemprop=\"width\" content=\"800\" \/>\n\t\t\t<meta itemprop=\"height\" content=\"600\" \/>\n\t\t\t\t<a\n\t\t\thref=\"https:\/\/gamesystem.com\/wp-content\/uploads\/2018\/05\/Plateforme-suspendue-pour-op\u00e9ration-de-maintenance-en-s\u00e9curit\u00e9.jpg\"\n\t\t\t\t\t\tdata-fancybox=\"images\" \n\t\t\ttitle=\"Plateforme suspendue pour op\u00e9ration de maintenance en s\u00e9curit\u00e9\" \n\t\t\t\t\t\tdata-caption=\"Plateforme suspendue \"\n\t\t\t\t\t\tdata-description=\"securisation des interventions sur machine\" \n\t\t\titemprop=\"contentUrl\">\n\t\t<img decoding=\"async\" loading=\"lazy\" src=\"https:\/\/gamesystem.com\/wp-content\/uploads\/2018\/05\/Plateforme-suspendue-pour-op\u00e9ration-de-maintenance-en-s\u00e9curit\u00e9.jpg\" alt=\"plateforme install\u00e9 et fabriqu\u00e9 par gamesysteml pour travail sur machine\" data-no-lazy=\"1\" itemprop=\"thumbnail\" width=\"800\" height=\"600\" \/>\n\t\t\t<!-- Overlay Wrapper -->\n\t\t\t <!-- Overlay Wrapper Closed -->\n\t\t\t\t<\/a>\n\t\t\t\t\t\t\t<meta itemprop=\"width\" content=\"800\" \/>\n\t\t\t<meta itemprop=\"height\" content=\"600\" \/>\n\t\t\t\t<a\n\t\t\thref=\"https:\/\/gamesystem.com\/wp-content\/uploads\/2018\/05\/Echelle-pour-acces-en-toiture.jpg\"\n\t\t\t\t\t\tdata-fancybox=\"images\" \n\t\t\ttitle=\"Echelle pour acces en toiture\" \n\t\t\t\t\t\tdata-caption=\"Echelle fixe pour acc\u00e8s au toit\"\n\t\t\t\t\t\tdata-description=\"echelle pour acc\u00e8der aux toits et aux toiutres plates\" \n\t\t\titemprop=\"contentUrl\">\n\t\t<img decoding=\"async\" loading=\"lazy\" src=\"https:\/\/gamesystem.com\/wp-content\/uploads\/2018\/05\/Echelle-pour-acces-en-toiture.jpg\" alt=\"echelle crinoline en alu pour acc\u00e9der en hauteur\" data-no-lazy=\"1\" itemprop=\"thumbnail\" width=\"800\" height=\"600\" \/>\n\t\t\t<!-- Overlay Wrapper -->\n\t\t\t <!-- Overlay Wrapper Closed -->\n\t\t\t\t<\/a>\n\t\t\t\t\t\t\t<meta itemprop=\"width\" content=\"800\" \/>\n\t\t\t<meta itemprop=\"height\" content=\"600\" \/>\n\t\t\t\t<a\n\t\t\thref=\"https:\/\/gamesystem.com\/wp-content\/uploads\/2018\/05\/echelle-crinoline-pour-acc\u00e8s-en-hauteur.jpg\"\n\t\t\t\t\t\tdata-fancybox=\"images\" \n\t\t\ttitle=\"echelle crinoline pour acc\u00e8s en hauteur\" \n\t\t\t\t\t\tdata-caption=\"Echelle \u00e0 crinoline en aluminium\"\n\t\t\t\t\t\tdata-description=\"echelle crinoline pour acc\u00e8s\" \n\t\t\titemprop=\"contentUrl\">\n\t\t<img decoding=\"async\" loading=\"lazy\" src=\"https:\/\/gamesystem.com\/wp-content\/uploads\/2018\/05\/echelle-crinoline-pour-acc\u00e8s-en-hauteur.jpg\" alt=\"echelel \u00e0 crinoline pour acc\u00e9der \u00e0 la toiture et intervenir en s\u00e9curit\u00e9\" data-no-lazy=\"1\" itemprop=\"thumbnail\" width=\"800\" height=\"600\" \/>\n\t\t\t<!-- Overlay Wrapper -->\n\t\t\t <!-- Overlay Wrapper Closed -->\n\t\t\t\t<\/a>\n\t\t\t\t\t\t\t<meta itemprop=\"width\" content=\"800\" \/>\n\t\t\t<meta itemprop=\"height\" content=\"600\" \/>\n\t\t\t\t<a\n\t\t\thref=\"https:\/\/gamesystem.com\/wp-content\/uploads\/2018\/05\/Systeme-papillon-pour-acc\u00e8s-au-pyl\u00f4ne-t\u00e9l\u00e9communciation.jpg\"\n\t\t\t\t\t\tdata-fancybox=\"images\" \n\t\t\ttitle=\"Systeme papillon pour acc\u00e8s au pyl\u00f4ne t\u00e9l\u00e9communciation\" \n\t\t\t\t\t\tdata-caption=\"Syst\u00e8me papillon Gamesystem\"\n\t\t\t\t\t\tdata-description=\"interventions en hauteur avec un systeme papillon,\" \n\t\t\titemprop=\"contentUrl\">\n\t\t<img decoding=\"async\" loading=\"lazy\" src=\"https:\/\/gamesystem.com\/wp-content\/uploads\/2018\/05\/Systeme-papillon-pour-acc\u00e8s-au-pyl\u00f4ne-t\u00e9l\u00e9communciation.jpg\" alt=\"interventions sur pylone de telecommunication\" data-no-lazy=\"1\" itemprop=\"thumbnail\" width=\"800\" height=\"600\" \/>\n\t\t\t<!-- Overlay Wrapper -->\n\t\t\t <!-- Overlay Wrapper Closed -->\n\t\t\t\t<\/a>\n\t\t\t\t\t\t\t<meta itemprop=\"width\" content=\"800\" \/>\n\t\t\t<meta itemprop=\"height\" content=\"600\" \/>\n\t\n\t\n\t\n\t\n\n","protected":false},"excerpt":{"rendered":"<p>MESSA IN SICUREZZA DEGLI ACCESSI IN QUOTA E&#8217; possibile evitare un incidente assicurando l&#8217;operatore ad un dispositivo collegato ad un ancoraggio (cavo, rotaia o anello). Ci\u00f2 presuppone che abbia potuto&hellip;<\/p>\n","protected":false},"author":7,"featured_media":0,"parent":0,"menu_order":0,"comment_status":"closed","ping_status":"open","template":"","meta":[],"_links":{"self":[{"href":"https:\/\/gamesystem.com\/it\/wp-json\/wp\/v2\/pages\/13587"}],"collection":[{"href":"https:\/\/gamesystem.com\/it\/wp-json\/wp\/v2\/pages"}],"about":[{"href":"https:\/\/gamesystem.com\/it\/wp-json\/wp\/v2\/types\/page"}],"author":[{"embeddable":true,"href":"https:\/\/gamesystem.com\/it\/wp-json\/wp\/v2\/users\/7"}],"replies":[{"embeddable":true,"href":"https:\/\/gamesystem.com\/it\/wp-json\/wp\/v2\/comments?post=13587"}],"version-history":[{"count":0,"href":"https:\/\/gamesystem.com\/it\/wp-json\/wp\/v2\/pages\/13587\/revisions"}],"wp:attachment":[{"href":"https:\/\/gamesystem.com\/it\/wp-json\/wp\/v2\/media?parent=13587"}],"curies":[{"name":"wp","href":"https:\/\/api.w.org\/{rel}","templated":true}]}}