{"id":13545,"date":"2018-01-18T09:22:33","date_gmt":"2018-01-18T09:22:33","guid":{"rendered":"https:\/\/preprod.gamesystem.com\/evacuation-d-un-teleporte\/"},"modified":"2021-01-05T08:14:01","modified_gmt":"2021-01-05T07:14:01","slug":"evacuazione-da-impianto-di-risalita","status":"publish","type":"page","link":"https:\/\/gamesystem.com\/it\/evacuazione-da-impianto-di-risalita\/","title":{"rendered":"Evacuazione da impianto di risalita"},"content":{"rendered":"\n\n\t\t\t<h1>SOLUZIONI PER L&#8217;EVACUAZIONE DA IMPIANTO DI RISALITA<\/h1>\n\t\t\t\t<p>Quando una cabina o degli sciatori si trovano bloccati in un impianto di risalita (cabinovia, funivia, seggiovia), \u00e8 assolutamente necessario evacuarli il prima possibile. La squadra di soccorritori deve essere in grado di accedere alle cabine per soccorrere i passeggeri bloccati. Secondo alcune linee guida, i soccorritori hanno un tempo limitato di poche ore dal blocco dell&#8217;impianto per evacuare tutte le persone presenti. Di conseguenza i soccorritori devono padroneggiare le diverse tecniche di accesso al pilone, di spostamento sul cavo e di evacuazione (verticale o obliqua).<\/p>\n\t\t\t\t<img decoding=\"async\" src=\"https:\/\/gamesystem.com\/wp-content\/uploads\/2018\/05\/Acc\u00e8s-au-pylone-s\u00e9curis\u00e9.jpg\" alt=\"travail en hauteur sur pylone de remont\u00e9e m\u00e9acanique\"\/>\n\t\t\t<p>ACCESSO DEI SOCCORRITORI    <\/p>\n\t\t\t\t<img decoding=\"async\" src=\"https:\/\/gamesystem.com\/wp-content\/uploads\/2018\/05\/Acc\u00e8s-dun-sauveteur-a-une-t\u00e9l\u00e9cabine-pour-effectuer-levacaution-de-t\u00e9l\u00e9port\u00e9.jpg\" alt=\"sauveteur se d\u00e9placent avec du mat\u00e9riel d'\u00e9vacuation gamesystem\"\/>\n\t\t\t<p>SPOSTAMENTI SUL CAVO<\/p>\n\t\t\t\t<img decoding=\"async\" src=\"https:\/\/gamesystem.com\/wp-content\/uploads\/2018\/05\/proc\u00e9dure-d\u00e9vacuation-dune-cabine-en-panne-et-de-personne-bloqu\u00e9s.jpg\" alt=\"\u00e9vacuation de personne bloqu\u00e9s dans une t\u00e9l\u00e9cabine\"\/>\n\t\t\t<p> EVACUAZIONE VERTICALE O OBLIQUA<\/p>\n\t<p>\u00a0Vanno presi in considerazione diversi criteri per la scelta delle attrezzature e per la tecnica di evacuazione da utilizzare: il numero di persone da evacuare, il numero di soccorritori, la distanza tra i tralicci, la portata, le zone di evacuazione, le pendenze del cavo).<\/p>\n\t\t\t<h2>SOLUZIONI DI ACCESSO PER I SOCCORSI E DI EVACUAZIONE<\/h2>\t\t\t\n\t\t\t<h3>Veicoli di accesso agli impianti di risalita bloccati o guasti<\/h3>\n\t\t\t\t\t\t\t\t\t\t\t<img decoding=\"async\" src=\"https:\/\/gamesystem.com\/wp-content\/uploads\/2018\/07\/motorgames-pour-acc\u00e8s-des-sauveteurs-en-securite.png\" alt=\"\u00e9vacuation de personne t\u00e9l\u00e9port\u00e9\"\/>\n\t\t\t<a href=\"https:\/\/gamesystem.com\/it\/prodotti\/evacuazione-da-teleferica\/motorgames\/\" target=\"_self\" role=\"button\" rel=\"noopener\">\n\t\t\t\t\t\t\tSaperne di pi\u00f9\n\t\t<\/a>\n\t\t\t\t\t\t<h4>\n\t\t\t\t\t\tMotorgames\t\t<\/h4>\n\t\t\t\t\t\t\t\t\t\t\t<img decoding=\"async\" src=\"https:\/\/gamesystem.com\/wp-content\/uploads\/2018\/07\/H\u00e9ligames-2.png\" alt=\"travail en hauteur et \u00e9vacuation\"\/>\n\t\t\t<a href=\"\/it?page_id=13814\" target=\"_blank\" rel=\"noopener\" role=\"button\">\n\t\t\t\t\t\t\tSaperne di pi\u00f9\n\t\t<\/a>\n\t\t\t\t\t\t<h4>\n\t\t\t\t\t\tH\u00e9ligames 2\t\t<\/h4>\n\t\t\t\t\t\t\t\t\t\t\t<img decoding=\"async\" src=\"https:\/\/gamesystem.com\/wp-content\/uploads\/2018\/07\/V\u00e9ligames-2-acc\u00e9der-facilement-aux-personnes-t\u00e9l\u00e9port\u00e9s.png\" alt=\"acc\u00e8s des sauveteur au personne a \u00e9vacuer\"\/>\n\t\t\t<a href=\"\/it?page_id=13847\" target=\"_self\" role=\"button\" rel=\"noopener\">\n\t\t\t\t\t\t\tSaperne di pi\u00f9\n\t\t<\/a>\n\t\t\t\t\t\t<h4>\n\t\t\t\t\t\tV\u00e9ligames 2\t\t<\/h4>\n\t\t\t\t\t\t\t\t\t\t\t<img decoding=\"async\" src=\"https:\/\/gamesystem.com\/wp-content\/uploads\/2018\/07\/Monoroulette-Gamesystem.png\" alt=\"\u00e9vcauation de personne t\u00e9l\u00e9port\u00e9 dans t\u00e9l\u00e9cabine\"\/>\n\t\t\t<a href=\"https:\/\/gamesystem.com\/it\/prodotti\/evacuazione-da-teleferica\/monoruoto-e-biruota\/\" target=\"_blank\" rel=\"noopener\" role=\"button\">\n\t\t\t\t\t\t\t Saperne di pi\u00f9\n\t\t<\/a>\n\t\t\t\t\t\t<h4>\n\t\t\t\t\t\tMonoruoto\t\t<\/h4>\n\t\t\t\t\t\t\t\t\t\t\t<img decoding=\"async\" src=\"https:\/\/gamesystem.com\/wp-content\/uploads\/2018\/07\/Biroulette.png\" alt=\"secours en t\u00e9l\u00e9cabine t\u00e9l\u00e9ski\"\/>\n\t\t\t<a href=\"https:\/\/gamesystem.com\/it\/prodotti\/evacuazione-da-teleferica\/monoruoto-e-biruota\/\" target=\"_blank\" rel=\"noopener\" role=\"button\">\n\t\t\t\t\t\t\t Saperne di pi\u00f9\n\t\t<\/a>\n\t\t\t\t\t\t<h4>\n\t\t\t\t\t\tBiruota \t\t<\/h4>\n\t\t\t\t\t\t\t\t\t\t\t<img decoding=\"async\" src=\"https:\/\/gamesystem.com\/wp-content\/uploads\/2019\/04\/SKC-EVO-by-GAMESYSTEM.png\" alt=\"skc pour acc\u00e8s pylone\"\/>\n\t\t\t<a href=\"https:\/\/gamesystem.com\/wp-content\/uploads\/2020\/01\/SKC-EVO-GAMESYSTEM-IT.pdf\" target=\"_blank\" rel=\"noopener\" role=\"button\">\n\t\t\t\t\t\t\t Saperne di pi\u00f9\n\t\t<\/a>\n\t\t\t\t\t\t<h4>\n\t\t\t\t\t\tSKC EVO by Gamesystem\t\t<\/h4>\n\t<p>Gamesystem ha sviluppato una gamma di veicoli specifici per gli impianti di risalita che consentono ai soccorritori di raggiungere in modo rapido e sicuro le persone bloccate in una seggiovia o cabinovia. I nostri dispositivi sono progettati per muoversi su cavi con diametri che variano da 26 mm a 64 mm. Le nostre soluzioni di soccorso devono essere utilizzate da personale formato, addestrato ed autorizzato all&#8217;utilizzo, in seguito allo sviluppo di un piano di soccorso specifico per ogni impianto.<\/p>\n\t\t\t<h3>Sistema di evacuazione di persone da cabinovia o seggiovia<\/h3>\n\t\t\t\t\t\t\t\t\t\t\t<img decoding=\"async\" src=\"https:\/\/gamesystem.com\/wp-content\/uploads\/2018\/07\/Roulette-d\u00e9vacuation-pour-secours-de-t\u00e9l\u00e9port\u00e9.png\" alt=\"sauveteur en montagne\"\/>\n\t\t\t\t\t\t<h4>\n\t\t\t\t\t\tRoulette \t\t<\/h4>\n\t\t\t\t\t\t\t\t\t\t\t<img decoding=\"async\" src=\"https:\/\/gamesystem.com\/wp-content\/uploads\/2018\/07\/treuil-pour-sauvetage-t\u00e9l\u00e9port\u00e9-plus-rapide.png\" alt=\"treuil pour sauvetage rapide\"\/>\n\t\t\t\t\t\t<h4>\n\t\t\t\t\t\tVerricello\t\t<\/h4>\n\t\t\t\t\t\t\t\t\t\t\t<img decoding=\"async\" src=\"https:\/\/gamesystem.com\/wp-content\/uploads\/2018\/07\/choucas-HM-pour-\u00e9vacuation-de-t\u00e9l\u00e9port\u00e9.png\" alt=\"\u00e9vacuation de t\u00e9l\u00e9poort\u00e9 dans une t\u00e9l\u00e9cabine\"\/>\n\t\t\t<a href=\"https:\/\/gamesystem.com\/it\/prodotti\/specifiche\/choucas\/\" target=\"_self\" role=\"button\" rel=\"noopener\">\n\t\t\t\t\t\t\t Saperne di pi\u00f9\n\t\t<\/a>\n\t\t\t\t\t\t<h4>\n\t\t\t\t\t\tChoucas HM\t\t<\/h4>\n\t\t\t\t\t\t\t\t\t\t\t<img decoding=\"async\" src=\"https:\/\/gamesystem.com\/wp-content\/uploads\/2018\/07\/sac-devacuation-pour-t\u00e9l\u00e9port\u00e9.png\" alt=\"evcauation oblique pour t\u00e9l\u00e9port\u00e9\"\/>\n\t\t\t\t\t\t<h4>\n\t\t\t\t\t\tBorsa di evacuazione\t\t<\/h4>\n\t\t\t\t\t\t\t\t\t\t\t<img decoding=\"async\" src=\"https:\/\/gamesystem.com\/wp-content\/uploads\/2018\/07\/choucas-avec-volant-pour-\u00e9vacuation-de-personne-E-HM.png\" alt=\"\u00e9vacuation de personne bloqu\u00e9 en t\u00e9l\u00e9cabine\"\/>\n\t\t\t<a href=\"https:\/\/gamesystem.com\/it\/prodotti\/specifiche\/choucas\/\" target=\"_self\" role=\"button\" rel=\"noopener\">\n\t\t\t\t\t\t\t Saperne di pi\u00f9\n\t\t<\/a>\n\t\t\t\t\t\t<h4>\n\t\t\t\t\t\tChoucas E-HM\t\t<\/h4>\n\t\t\t\t\t\t\t\t\t\t\t<img decoding=\"async\" src=\"https:\/\/gamesystem.com\/wp-content\/uploads\/2018\/07\/\u00e9chelle-pour-acc\u00e8s-du-sauveteur-\u00e0-la-t\u00e9l\u00e9cabine.png\" alt=\"faciliter d&#039;acc\u00e8s \u00e0 une t\u00e9l\u00e9cabine grace \u00e0 une \u00e9chelle\"\/>\n\t\t\t\t\t\t<h4>\n\t\t\t\t\t\tScala\t\t<\/h4>\n\t<p>Gamesystem propone anche una vasta gamma di dispositivi specifici per l&#8217;evacuazione e per il trasporto della persona a terra. Una volta installati dal soccorritore, tali dispositivi consentono l&#8217;evacuazione rapida ed efficiente dei passeggeri. La scelta degli strumenti da utilizzare verr\u00e0 effettuata secondo diversi criteri: la configurazione dell&#8217;impianto e la tecnica di evacuazione da attuare: obliqua o verticale.<\/p>\n\t\t\t<h2>DPI INDIVIDUALE SPECIFICI PER GLI IMPIANTI DI RISALITAPI<\/h2>\t\t\t\n\t\t\t<h3>DPI specifici per i soccorsi su impianti di risalita<\/h3>\n\t\t\t\t\t\t\t\t\t\t\t<img decoding=\"async\" src=\"https:\/\/gamesystem.com\/wp-content\/uploads\/2018\/05\/Longe-double-pour-travaux-en-hauteur.png\" alt=\"longe double pour interventions en hauteur\"\/>\n\t\t\t<a href=\"https:\/\/gamesystem.com\/it\/prodotti\/collegamenti-anticaduta\/cordino-doppio-elastico\/\" target=\"_self\" role=\"button\" rel=\"noopener\">\n\t\t\t\t\t\t\t Saperne di pi\u00f9\n\t\t<\/a>\n\t\t\t\t\t\t<h4>\n\t\t\t\t\t\tCordino doppio elastico\t\t<\/h4>\n\t\t\t\t\t\t\t\t\t\t\t<img decoding=\"async\" src=\"https:\/\/gamesystem.com\/wp-content\/uploads\/2018\/07\/enrouleur-\u00e0-rappel-automatique-stop-chute.png\" alt=\"enrouleur pour travail en hauteur\"\/>\n\t\t\t\t\t\t<h4>\n\t\t\t\t\t\tAnticaduta a richiamo automatico\t\t<\/h4>\n\t\t\t\t\t\t\t\t\t\t\t<img decoding=\"async\" src=\"https:\/\/gamesystem.com\/wp-content\/uploads\/2018\/06\/Harnais-de-s\u00e9curit\u00e9-GH5-pour-travail-en-hauteur.png\" alt=\"harnais de s\u00e9curit\u00e9 gamesystem\"\/>\n\t\t\t<a href=\"https:\/\/gamesystem.com\/it\/prodotti\/imbragatura-di-sicurezza\/imbrago-gh5\/\" target=\"_blank\" rel=\"noopener\" role=\"button\">\n\t\t\t\t\t\t\t Saperne di pi\n\t\t<\/a>\n\t\t\t\t\t\t<h4>\n\t\t\t\t\t\tImbracatura GH5\t\t<\/h4>\n\t\t\t\t\t\t\t\t\t\t\t<img decoding=\"async\" src=\"https:\/\/gamesystem.com\/wp-content\/uploads\/2018\/05\/Sangle-dancrage-pour-travaux-en-hauteur.png\" alt=\"sangle d&#039;ancrage sp\u00e9cifique au travaux en hauteur et aux interventions en s\u00e9curit\u00e9\"\/>\n\t\t\t<a href=\"https:\/\/gamesystem.com\/it\/prodotti\/collegamenti-anticaduta\/fettucia-dancoraggio\/\" target=\"_self\" role=\"button\" rel=\"noopener\">\n\t\t\t\t\t\t\tSaperne di pi\u00f9\n\t\t<\/a>\n\t\t\t\t\t\t<h4>\n\t\t\t\t\t\tFettuccia d&#8217;ancoraggio\t\t<\/h4>\n\t\t\t\t\t\t\t\t\t\t\t<img decoding=\"async\" src=\"https:\/\/gamesystem.com\/wp-content\/uploads\/2018\/06\/triangle-de-sauvetage-pour-\u00e9vacuation-dune-personne.png\" alt=\"\u00e9quipement permettant l&#039;\u00e9vacuation\"\/>\n\t\t\t\t\t\t<h4>\n\t\t\t\t\t\t Triangolo di salvataggio\t\t<\/h4>\n\t\t\t\t\t\t\t\t\t\t\t<img decoding=\"async\" src=\"https:\/\/gamesystem.com\/wp-content\/uploads\/2018\/05\/ceinture-de-maintien-pour-le-travail-en-hauteur.png\" alt=\"ceinture de maintien pour les op\u00e9rateurs travaillant en hauteur\"\/>\n\t\t\t<a href=\"https:\/\/gamesystem.com\/it\/prodotti\/imbragatura-di-sicurezza\/cintura-di-posizionamento\/\" target=\"_self\" role=\"button\" rel=\"noopener\">\n\t\t\t\t\t\t\t Saperne di pi\u00f9\n\t\t<\/a>\n\t\t\t\t\t\t<h4>\n\t\t\t\t\t\tCintura di posizionamento\t\t<\/h4>\n\t\t\t\t\t\t\t\t\t\t\t<img decoding=\"async\" src=\"https:\/\/gamesystem.com\/wp-content\/uploads\/2018\/05\/Moduleur-corde-pour-toiture-plate-ou-pente.png\" alt=\"evoluer en s\u00e9curit\u00e9 en toiture\"\/>\n\t\t\t<a href=\"https:\/\/gamesystem.com\/it\/prodotti\/collegamenti-anticaduta\/modulatore\/\" target=\"_self\" role=\"button\" rel=\"noopener\">\n\t\t\t\t\t\t\tSaperne di pi\u00f9\n\t\t<\/a>\n\t\t\t\t\t\t<h4>\n\t\t\t\t\t\tModulatore\t\t<\/h4>\n\t\t\t\t\t\t\t\t\t\t\t<img decoding=\"async\" src=\"https:\/\/gamesystem.com\/wp-content\/uploads\/2018\/06\/Harnais-de-securite-GH3.png\" alt=\"harnais s\u00e9curit\u00e9 pour travailleur en hauteur\"\/>\n\t\t\t<a href=\"https:\/\/gamesystem.com\/it\/prodotti\/imbragatura-di-sicurezza\/imbragatura-gh\/\" target=\"_blank\" rel=\"noopener\" role=\"button\">\n\t\t\t\t\t\t\t Saperne di pi\u00f9\n\t\t<\/a>\n\t\t\t\t\t\t<h4>\n\t\t\t\t\t\tImbracatura GH3\t\t<\/h4>\n\t\t\t\t\t\t\t\t\t\t\t<img decoding=\"async\" src=\"https:\/\/gamesystem.com\/wp-content\/uploads\/2018\/06\/sac-epi-gamesystem.png\" alt=\"sac pour travailleurs en hauteur\"\/>\n\t\t\t<a href=\"https:\/\/gamesystem.com\/it\/prodotti\/evacuazione-da-teleferica\/zaino-40l-alta-resistenza\/\" target=\"_self\" role=\"button\" rel=\"noopener\">\n\t\t\t\t\t\t\tSaperne di pi\u00f9\n\t\t<\/a>\n\t\t\t\t\t\t<h4>\n\t\t\t\t\t\tZaino 40L alta resistenza\t\t<\/h4>\n\t<p>Per intervenire in sicurezza durante l&#8217;evacuazione dell&#8217;impianto di risalita i soccorritori devono essere dotati di DPI contro le cadute dall&#8217;alto. Gamesystem (produttore francese di Dispositivi di Protezione Individuale) \u00e8 in grado di offrirvi un&#8217;ampia gamma di prodotti adatti al soccorso sugli impianti di risalita.<\/p>\n\t\t\t<h3>VIDEO &#8211; ACCESSO E EVACUAZIONE<\/h3>\t\t\t\n\t<iframe loading=\"lazy\" width=\"560\" height=\"315\" src=\"https:\/\/www.youtube.com\/embed\/PQxBUcGxuNU?rel=0\" frameborder=\"0\" allow=\"autoplay; encrypted-media\" allowfullscreen><\/iframe>\n\t<iframe loading=\"lazy\" width=\"560\" height=\"315\" src=\"https:\/\/www.youtube.com\/embed\/WR00Ox3MHAU?rel=0\" frameborder=\"0\" allow=\"autoplay; encrypted-media\" allowfullscreen><\/iframe>\n\t<iframe loading=\"lazy\" width=\"560\" height=\"315\" src=\"https:\/\/www.youtube.com\/embed\/k_udGY_Lz0g?rel=0\" frameborder=\"0\" allow=\"autoplay; encrypted-media\" allowfullscreen><\/iframe>\n\t<p>Societ\u00e0 esperta negli interventi su impianti di risalita montani e urbani, Gamesystem Vi propone numerosi video sull&#8217;argomento: evacuazione di persone (salvataggio), utilizzo di dispositivi specifici per accesso e\/o salvataggio (Motorgame, V\u00e9ligames II, Heligames II, Choucas, ecc.) Questi video evidenziano le soluzioni e le tecniche che permetteranno ai Vostri operatori (squadre di soccorso) di accedere in sicurezza sui Vostri piloni e cabine per evacuare le persone presenti.<\/p>\n\t\t\t<h2>LE NOSTRE REALIZZAZIONI- INTERVENTI SU IMPIANTI DI RISALITA  <\/h2>\t\t\t\n\t\t\t\t<a\n\t\t\thref=\"https:\/\/gamesystem.com\/wp-content\/uploads\/2018\/05\/secours-de-personne-t\u00e9l\u00e9port\u00e9-sur-t\u00e9l\u00e9si\u00e8ge-bloqu\u00e9.jpg\"\n\t\t\t\t\t\tdata-fancybox=\"images\" \n\t\t\ttitle=\"secours de personne t\u00e9l\u00e9port\u00e9 sur t\u00e9l\u00e9si\u00e8ge bloqu\u00e9\" \n\t\t\t\t\t\tdata-caption=\"\u00c9vacuation d'un t\u00e9l\u00e9si\u00e8ge bloqu\u00e9\"\n\t\t\t\t\t\tdata-description=\"un sauveteur vient secourir des skieurs bloqu\u00e9s sur un t\u00e9l\u00e9si\u00e8ege\" \n\t\t\titemprop=\"contentUrl\">\n\t\t<img decoding=\"async\" src=\"https:\/\/gamesystem.com\/wp-content\/uploads\/2018\/05\/secours-de-personne-t\u00e9l\u00e9port\u00e9-sur-t\u00e9l\u00e9si\u00e8ge-bloqu\u00e9.jpg\" alt=\"sauvetage de skieurs bloqu\u00e9s sur t\u00e9l\u00e9si\u00e8ge\" data-no-lazy=\"1\" itemprop=\"thumbnail\" \/>\n\t\t\t<!-- Overlay Wrapper -->\n\t\t\t <!-- Overlay Wrapper Closed -->\n\t\t\t\t<\/a>\n\t\t\t\t\t\t\t<meta itemprop=\"width\" content=\"800\" \/>\n\t\t\t<meta itemprop=\"height\" content=\"600\" \/>\n\t\t\t\t<a\n\t\t\thref=\"https:\/\/gamesystem.com\/wp-content\/uploads\/2018\/05\/proc\u00e9dure-d\u00e9vacuation-dune-cabine-en-panne-et-de-personne-bloqu\u00e9s.jpg\"\n\t\t\t\t\t\tdata-fancybox=\"images\" \n\t\t\ttitle=\"proc\u00e9dure d&amp;#039;\u00e9vacuation d&amp;#039;une cabine en panne et de personne bloqu\u00e9s\" \n\t\t\t\t\t\tdata-caption=\"\u00c9vacuation verticale depuis une t\u00e9l\u00e9cabine\"\n\t\t\t\t\t\tdata-description=\"skieurs bloqu\u00e9s dans une t\u00e9l\u00e9cabine\" \n\t\t\titemprop=\"contentUrl\">\n\t\t<img decoding=\"async\" src=\"https:\/\/gamesystem.com\/wp-content\/uploads\/2018\/05\/proc\u00e9dure-d\u00e9vacuation-dune-cabine-en-panne-et-de-personne-bloqu\u00e9s.jpg\" alt=\"\u00e9vacuation de personne bloqu\u00e9s dans une t\u00e9l\u00e9cabine\" data-no-lazy=\"1\" itemprop=\"thumbnail\" \/>\n\t\t\t<!-- Overlay Wrapper -->\n\t\t\t <!-- Overlay Wrapper Closed -->\n\t\t\t\t<\/a>\n\t\t\t\t\t\t\t<meta itemprop=\"width\" content=\"800\" \/>\n\t\t\t<meta itemprop=\"height\" content=\"600\" \/>\n\t\t\t\t<a\n\t\t\thref=\"https:\/\/gamesystem.com\/wp-content\/uploads\/2018\/05\/Motorgames-v\u00e9hicule-dacc\u00e8s-pour-sauveteur-au-t\u00e9l\u00e9cabine-ou-t\u00e9l\u00e9siege.jpg\"\n\t\t\t\t\t\tdata-fancybox=\"images\" \n\t\t\ttitle=\"Motorgames v\u00e9hicule d&amp;#039;acc\u00e8s pour sauveteur au t\u00e9l\u00e9cabine ou t\u00e9l\u00e9siege\" \n\t\t\t\t\t\tdata-caption=\"Acc\u00e8s d'un sauveteur sur c\u00e2ble\"\n\t\t\t\t\t\tdata-description=\"utilisation du motorgames\" \n\t\t\titemprop=\"contentUrl\">\n\t\t<img decoding=\"async\" src=\"https:\/\/gamesystem.com\/wp-content\/uploads\/2018\/05\/Motorgames-v\u00e9hicule-dacc\u00e8s-pour-sauveteur-au-t\u00e9l\u00e9cabine-ou-t\u00e9l\u00e9siege.jpg\" alt=\"d\u00e9placement d'un sauveteur sur cable de remont\u00e9e m\u00e9canique\" data-no-lazy=\"1\" itemprop=\"thumbnail\" \/>\n\t\t\t<!-- Overlay Wrapper -->\n\t\t\t <!-- Overlay Wrapper Closed -->\n\t\t\t\t<\/a>\n\t\t\t\t\t\t\t<meta itemprop=\"width\" content=\"800\" \/>\n\t\t\t<meta itemprop=\"height\" content=\"600\" \/>\n\t\t\t\t<a\n\t\t\thref=\"https:\/\/gamesystem.com\/wp-content\/uploads\/2018\/05\/proc\u00e9dure-d\u00e9vacuation-de-personne-bloqu\u00e9s-dans-une-t\u00e9l\u00e9cabine.jpg\"\n\t\t\t\t\t\tdata-fancybox=\"images\" \n\t\t\ttitle=\"proc\u00e9dure d&amp;#039;\u00e9vacuation de personne bloqu\u00e9s dans une t\u00e9l\u00e9cabine\" \n\t\t\t\t\t\tdata-caption=\"\u00c9vacuation oblique au dessus d'une zone dangereuse\"\n\t\t\t\t\t\tdata-description=\"syst\u00e8me d'\u00e9vacuation\" \n\t\t\titemprop=\"contentUrl\">\n\t\t<img decoding=\"async\" src=\"https:\/\/gamesystem.com\/wp-content\/uploads\/2018\/05\/proc\u00e9dure-d\u00e9vacuation-de-personne-bloqu\u00e9s-dans-une-t\u00e9l\u00e9cabine.jpg\" alt=\"\u00e9vacuer des skieurs bloqu\u00e9s sur un t\u00e9l\u00e9si\u00e8ge\" data-no-lazy=\"1\" itemprop=\"thumbnail\" \/>\n\t\t\t<!-- Overlay Wrapper -->\n\t\t\t <!-- Overlay Wrapper Closed -->\n\t\t\t\t<\/a>\n\t\t\t\t\t\t\t<meta itemprop=\"width\" content=\"800\" \/>\n\t\t\t<meta itemprop=\"height\" content=\"600\" \/>\n\t\t\t\t<a\n\t\t\thref=\"https:\/\/gamesystem.com\/wp-content\/uploads\/2018\/05\/interventions-des-secours-sur-une-t\u00e9l\u00e9cabine-pour-\u00e9vacuer-les-personnes-bloqu\u00e9s.jpg\"\n\t\t\t\t\t\tdata-fancybox=\"images\" \n\t\t\ttitle=\"interventions des secours sur une t\u00e9l\u00e9cabine pour \u00e9vacuer les personnes bloqu\u00e9s\" \n\t\t\t\t\t\tdata-caption=\"Interventions des sauveteurs sur une t\u00e9l\u00e9cabine bloqu\u00e9\"\n\t\t\t\t\t\tdata-description=\"travail avec du mat\u00e9riel d'\u00e9vacuation sp\u00e9cifique aux remont\u00e9es m\u00e9caniques\" \n\t\t\titemprop=\"contentUrl\">\n\t\t<img decoding=\"async\" src=\"https:\/\/gamesystem.com\/wp-content\/uploads\/2018\/05\/interventions-des-secours-sur-une-t\u00e9l\u00e9cabine-pour-\u00e9vacuer-les-personnes-bloqu\u00e9s.jpg\" alt=\"\u00e9vacuation rapide de personnes bloqu\u00e9s dans une t\u00e9l\u00e9cabine\" data-no-lazy=\"1\" itemprop=\"thumbnail\" \/>\n\t\t\t<!-- Overlay Wrapper -->\n\t\t\t <!-- Overlay Wrapper Closed -->\n\t\t\t\t<\/a>\n\t\t\t\t\t\t\t<meta itemprop=\"width\" content=\"800\" \/>\n\t\t\t<meta itemprop=\"height\" content=\"600\" \/>\n\t\t\t\t<a\n\t\t\thref=\"https:\/\/gamesystem.com\/wp-content\/uploads\/2018\/05\/v\u00e9hicule-dacc\u00e8s-pour-sauveteur-de-personnes-bloqu\u00e9s-dans-une-t\u00e9l\u00e9cabine-ou-t\u00e9l\u00e9siege.jpg\"\n\t\t\t\t\t\tdata-fancybox=\"images\" \n\t\t\ttitle=\"v\u00e9hicule d&amp;#039;acc\u00e8s pour sauveteur de personnes bloqu\u00e9s dans une t\u00e9l\u00e9cabine ou t\u00e9l\u00e9siege\" \n\t\t\t\t\t\tdata-caption=\"Acc\u00e8s du sauveteur \u00e0 une t\u00e9l\u00e9cabine\"\n\t\t\t\t\t\tdata-description=\"d\u00e9placement avec le v\u00e9ligames 2 de gamesystem\" \n\t\t\titemprop=\"contentUrl\">\n\t\t<img decoding=\"async\" src=\"https:\/\/gamesystem.com\/wp-content\/uploads\/2018\/05\/v\u00e9hicule-dacc\u00e8s-pour-sauveteur-de-personnes-bloqu\u00e9s-dans-une-t\u00e9l\u00e9cabine-ou-t\u00e9l\u00e9siege.jpg\" alt=\"acc\u00e8s aux personnes \u00e0 secourir avec un v\u00e9hicule gamesystem\" data-no-lazy=\"1\" itemprop=\"thumbnail\" \/>\n\t\t\t<!-- Overlay Wrapper -->\n\t\t\t <!-- Overlay Wrapper Closed -->\n\t\t\t\t<\/a>\n\t\t\t\t\t\t\t<meta itemprop=\"width\" content=\"800\" \/>\n\t\t\t<meta itemprop=\"height\" content=\"600\" \/>\n\t\t\t\t<a\n\t\t\thref=\"https:\/\/gamesystem.com\/wp-content\/uploads\/2018\/05\/formation-des-sauveteurs-\u00e0-l\u00e9vacauation-sur-un-t\u00e9l\u00e9cabine-de-brest.jpg\"\n\t\t\t\t\t\tdata-fancybox=\"images\" \n\t\t\ttitle=\"formation des sauveteurs \u00e0 l&amp;#039;\u00e9vacauation sur un t\u00e9l\u00e9cabine de brest\" \n\t\t\t\t\t\tdata-caption=\"Entra\u00eenement \u00e0 l'\u00e9vacuation de t\u00e9l\u00e9port\u00e9\"\n\t\t\t\t\t\tdata-description=\"\u00e9vacuation de personnes bloqu\u00e9s sur le t\u00e9l\u00e9ph\u00e9rique de brest\" \n\t\t\titemprop=\"contentUrl\">\n\t\t<img decoding=\"async\" src=\"https:\/\/gamesystem.com\/wp-content\/uploads\/2018\/05\/formation-des-sauveteurs-\u00e0-l\u00e9vacauation-sur-un-t\u00e9l\u00e9cabine-de-brest.jpg\" alt=\"formation \u00e0 l'\u00e9vacuation de personne suspendue sur le t\u00e9l\u00e9ph\u00e9rique de brest\" data-no-lazy=\"1\" itemprop=\"thumbnail\" \/>\n\t\t\t<!-- Overlay Wrapper -->\n\t\t\t <!-- Overlay Wrapper Closed -->\n\t\t\t\t<\/a>\n\t\t\t\t\t\t\t<meta itemprop=\"width\" content=\"800\" \/>\n\t\t\t<meta itemprop=\"height\" content=\"600\" \/>\n\t\t\t\t<a\n\t\t\thref=\"https:\/\/gamesystem.com\/wp-content\/uploads\/2018\/05\/\u00e9vacution-de-personne-bloqu\u00e9s-dans-une-t\u00e9l\u00e9cabine-en-panne.jpg\"\n\t\t\t\t\t\tdata-fancybox=\"images\" \n\t\t\ttitle=\"\u00e9vacution de personne bloqu\u00e9s dans une t\u00e9l\u00e9cabine en panne\" \n\t\t\t\t\t\tdata-caption=\"\u00c9vacuation oblique de deux personnes simultan\u00e9ment\"\n\t\t\t\t\t\tdata-description=\"interventions quand la t\u00e9l\u00e9cabine est en panne\" \n\t\t\titemprop=\"contentUrl\">\n\t\t<img decoding=\"async\" src=\"https:\/\/gamesystem.com\/wp-content\/uploads\/2018\/05\/\u00e9vacution-de-personne-bloqu\u00e9s-dans-une-t\u00e9l\u00e9cabine-en-panne.jpg\" alt=\"\u00e9vacuation de deux personnes bloqu\u00e9s dans une t\u00e9l\u00e9cabine\" data-no-lazy=\"1\" itemprop=\"thumbnail\" \/>\n\t\t\t<!-- Overlay Wrapper -->\n\t\t\t <!-- Overlay Wrapper Closed -->\n\t\t\t\t<\/a>\n\t\t\t\t\t\t\t<meta itemprop=\"width\" content=\"800\" \/>\n\t\t\t<meta itemprop=\"height\" content=\"600\" \/>\n\t\n","protected":false},"excerpt":{"rendered":"<p>SOLUZIONI PER L&#8217;EVACUAZIONE DA IMPIANTO DI RISALITA Quando una cabina o degli sciatori si trovano bloccati in un impianto di risalita (cabinovia, funivia, seggiovia), \u00e8 assolutamente necessario evacuarli il prima&hellip;<\/p>\n","protected":false},"author":7,"featured_media":0,"parent":0,"menu_order":0,"comment_status":"closed","ping_status":"open","template":"","meta":[],"_links":{"self":[{"href":"https:\/\/gamesystem.com\/it\/wp-json\/wp\/v2\/pages\/13545"}],"collection":[{"href":"https:\/\/gamesystem.com\/it\/wp-json\/wp\/v2\/pages"}],"about":[{"href":"https:\/\/gamesystem.com\/it\/wp-json\/wp\/v2\/types\/page"}],"author":[{"embeddable":true,"href":"https:\/\/gamesystem.com\/it\/wp-json\/wp\/v2\/users\/7"}],"replies":[{"embeddable":true,"href":"https:\/\/gamesystem.com\/it\/wp-json\/wp\/v2\/comments?post=13545"}],"version-history":[{"count":0,"href":"https:\/\/gamesystem.com\/it\/wp-json\/wp\/v2\/pages\/13545\/revisions"}],"wp:attachment":[{"href":"https:\/\/gamesystem.com\/it\/wp-json\/wp\/v2\/media?parent=13545"}],"curies":[{"name":"wp","href":"https:\/\/api.w.org\/{rel}","templated":true}]}}