{"id":13517,"date":"2018-02-20T15:24:34","date_gmt":"2018-02-20T15:24:34","guid":{"rendered":"https:\/\/preprod.gamesystem.com\/protection-individuelle\/"},"modified":"2019-07-08T08:16:49","modified_gmt":"2019-07-08T08:16:49","slug":"protezione-individuale","status":"publish","type":"page","link":"https:\/\/gamesystem.com\/it\/prodotti\/protezione-individuale\/","title":{"rendered":"Protezione individuale"},"content":{"rendered":"\n\t\t\t<h1>Protezione individuale<\/h1>\t\t\t\n\t\t\t\t\t\t\t\t\t\t\t<img decoding=\"async\" src=\"https:\/\/gamesystem.com\/wp-content\/uploads\/2018\/05\/Ligne-de-vie-cable-sur-toit-2.jpg\" alt=\"Acc\u00e9der au poste grace a la ligne de vie\">\n\t\t\t<a href=\"https:\/\/gamesystem.com\/it\/prodotti\/protezione-individuale\/linea-di-vita\/\" target=\"_self\"   role=\"button\" rel=\"noopener noreferrer\">\n\t\t\t\t\t\t\tSaperne di pi\u00f9\n\t\t<\/a>\n\t\t\t\t\t\t<h3>\n\t\t\t\t\t\tLinea di vita\t\t<\/h3>\n\t\t\t\t\t\t\t\t\t\t\t<img decoding=\"async\" src=\"https:\/\/gamesystem.com\/wp-content\/uploads\/2018\/05\/rail-de-s\u00e9curit\u00e9-pour-travail-en-hauteur.jpg\" alt=\"chargement de wagon\">\n\t\t\t<a href=\"https:\/\/gamesystem.com\/it\/prodotti\/protezione-individuale\/la-rotaia-o-in-alluminio\/\" target=\"_self\"   role=\"button\" rel=\"noopener noreferrer\">\n\t\t\t\t\t\t\tSaperne di pi\u00f9\n\t\t<\/a>\n\t\t\t\t\t\t<h3>\n\t\t\t\t\t\tRotaia O in alluminio \t\t<\/h3>\n\t\t\t\t\t\t\t\t\t\t\t<img decoding=\"async\" src=\"https:\/\/gamesystem.com\/wp-content\/uploads\/2018\/05\/s\u00e9curisation-dun-camion-avec-une-potence-et-un-rail.jpg\" alt=\"portique pour s\u00e9curiser les interventions sur camions et le travail en hauteur\">\n\t\t\t<a href=\"https:\/\/gamesystem.com\/it\/prodotti\/protezione-individuale\/baia-di-carico\/\" target=\"_self\"   role=\"button\" rel=\"noopener noreferrer\">\n\t\t\t\t\t\t\tSaperne di pi\u00f9\n\t\t<\/a>\n\t\t\t\t\t\t<h3>\n\t\t\t\t\t\tBaia di carico\t\t<\/h3>\n\t\t\t\t\t\t\t\t\t\t\t<img decoding=\"async\" src=\"https:\/\/gamesystem.com\/wp-content\/uploads\/2018\/06\/cable-de-s\u00e9curit\u00e9-pour-\u00e9voluer-en-hauteur-en-s\u00e9curit\u00e9.jpg\" alt=\"travail en hauteur avec cable\">\n\t\t\t<a href=\"https:\/\/gamesystem.com\/it\/prodotti\/protezione-individuale\/cavo-di-sicurezza-8-16\/\" target=\"_self\"   role=\"button\" rel=\"noopener noreferrer\">\n\t\t\t\t\t\t\tSaperne di pi\u00f9\n\t\t<\/a>\n\t\t\t\t\t\t<h3>\n\t\t\t\t\t\tCavo di sicurezza 8\/16\t\t<\/h3>\n\t\t\t\t\t\t\t\t\t\t\t<img decoding=\"async\" src=\"https:\/\/gamesystem.com\/wp-content\/uploads\/2018\/05\/Echelle-pour-acces-en-toiture-1.jpg\" alt=\"echelle pour acc\u00e8s sur totiute plate\">\n\t\t\t<a href=\"https:\/\/gamesystem.com\/it\/scala-fissa-e-con-gabbia\/\" target=\"_blank\" rel=\"noopener noreferrer\"  role=\"button\">\n\t\t\t\t\t\t\tSaperne di pi\u00f9\n\t\t<\/a>\n\t\t\t\t\t\t<h3>\n\t\t\t\t\t\tScala fissa\t\t<\/h3>\n\t\t\t\t\t\t\t\t\t\t\t<img decoding=\"async\" src=\"https:\/\/gamesystem.com\/wp-content\/uploads\/2018\/06\/ligne-de-vie-provisoire-pour-les-interventions-en-hauteur.jpg\" alt=\"installation d'une ligne de vie provisoire\">\n\t\t\t<a href=\"https:\/\/gamesystem.com\/it\/prodotti\/protezione-individuale\/linea-di-vita-temporanea\/\" target=\"_blank\" rel=\"noopener noreferrer\"  role=\"button\">\n\t\t\t\t\t\t\t Saperne di pi\u00f9\n\t\t<\/a>\n\t\t\t\t\t\t<h3>\n\t\t\t\t\t\tLinea di vita temporanea\t\t<\/h3>\n\t\t\t\t\t\t\t\t\t\t\t<img decoding=\"async\" src=\"https:\/\/gamesystem.com\/wp-content\/uploads\/2018\/06\/mat-dancrage-pour-travail-en-s\u00e9curit\u00e9.jpg\" alt=\"point d'ancrage sur un mat\">\n\t\t\t<a href=\"https:\/\/gamesystem.com\/it\/prodotti\/protezione-individuale\/paletto-dancoraggio-removible\/\" target=\"_blank\" rel=\"noopener noreferrer\"  role=\"button\">\n\t\t\t\t\t\t\t Saperne di pi\u00f9\n\t\t<\/a>\n\t\t\t\t\t\t<h3>\n\t\t\t\t\t\tPaletto  d\u2019ancoraggio removibile\t\t<\/h3>\n\t\t\t\t\t\t\t\t\t\t\t<img decoding=\"async\" src=\"https:\/\/gamesystem.com\/wp-content\/uploads\/2018\/06\/Cable-de-s\u00e9curit\u00e9-avec-biroulette-frein-1.jpg\" alt=\"ligne de vie cable avec systeme de s\u00e9curit\u00e9\">\n\t\t\t<a href=\"https:\/\/gamesystem.com\/it\/prodotti\/protezione-individuale\/cavo-di-sicurezza-con-biruota-a-freno\/\" target=\"_blank\" rel=\"noopener noreferrer\"  role=\"button\">\n\t\t\t\t\t\t\tSaperne di pi\u00f9\n\t\t<\/a>\n\t\t\t\t\t\t<h3>\n\t\t\t\t\t\tBiruota freno\t\t<\/h3>\n\t\t\t\t\t\t\t\t\t\t\t<img decoding=\"async\" src=\"https:\/\/gamesystem.com\/wp-content\/uploads\/2018\/06\/Broche-coucou-pour-travail-en-hauteur.jpg\" alt=\"utilisation d'un systme anti chute\">\n\t\t\t<a href=\"https:\/\/gamesystem.com\/it\/prodotti\/protezione-individuale\/broche-cou-cou\/\" target=\"_self\"   role=\"button\" rel=\"noopener noreferrer\">\n\t\t\t\t\t\t\tSaperne di pi\u00f9\n\t\t<\/a>\n\t\t\t\t\t\t<h3>\n\t\t\t\t\t\tBroche cou-cou\t\t<\/h3>\n\t\t\t\t\t\t\t\t\t\t\t<img decoding=\"async\" src=\"https:\/\/gamesystem.com\/wp-content\/uploads\/2018\/05\/tripode-pour-milieu-confin\u00e9.jpg\" alt=\"syst\u00e8me d\u2019\u00e9vacuation pour milieu confin\u00e9\">\n\t\t\t<a href=\"https:\/\/gamesystem.com\/it\/prodotti\/protezione-individuale\/treppiede\/\" target=\"_blank\" rel=\"noopener noreferrer\"  role=\"button\">\n\t\t\t\t\t\t\t Saperne di pi\u00f9\n\t\t<\/a>\n\t\t\t\t\t\t<h3>\n\t\t\t\t\t\tTreppiede\t\t<\/h3>\n\t\t\t\t\t\t\t\t\t\t\t<img decoding=\"async\" src=\"https:\/\/gamesystem.com\/wp-content\/uploads\/2018\/05\/systeme-papillon-pour-\u00e9voluer-sur-un-pylone.jpg\" alt=\"travail sur pylone en s\u00e9curit\u00e9\">\n\t\t\t<a href=\"https:\/\/gamesystem.com\/it\/prodotti\/collegamenti-anticaduta\/papillon\/\" target=\"_self\"   role=\"button\" rel=\"noopener noreferrer\">\n\t\t\t\t\t\t\t Saperne di pi\u00f9\n\t\t<\/a>\n\t\t\t\t\t\t<h4>\n\t\t\t\t\t\tPapillon\t\t<\/h4>\n\t\t\t\t\t\t\t\t\t\t\t<img decoding=\"async\" src=\"https:\/\/gamesystem.com\/wp-content\/uploads\/2018\/05\/point-dancrage-pour-toiture.jpg\" alt=\"point d'ancrage pour travaux en hauteur en s\u00e9curit\u00e9\">\n\t\t\t<a href=\"https:\/\/gamesystem.com\/it\/prodotti\/protezione-individuale\/lanello-dancoraggio\/\" target=\"_self\"   role=\"button\" rel=\"noopener noreferrer\">\n\t\t\t\t\t\t\tSaperne di pi\u00f9\n\t\t<\/a>\n\t\t\t\t\t\t<h3>\n\t\t\t\t\t\tAnello d\u2019ancoraggio\t\t<\/h3>\n\t\t\t\t\t\t\t\t\t\t\t<img decoding=\"async\" src=\"https:\/\/gamesystem.com\/wp-content\/uploads\/2018\/05\/solution-pour-s\u00e9curiser-les-interventions-dans-les-espaces-confin\u00e9s.jpg\" alt=\"potence pour acc\u00e8s en s\u00e9curit\u00e9 dans espace confin\u00e9\">\n\t\t\t<a href=\"https:\/\/gamesystem.com\/it\/prodotti\/protezione-individuale\/sbraccio-fisso-o-girevole\/\" target=\"_self\"   role=\"button\" rel=\"noopener noreferrer\">\n\t\t\t\t\t\t\tSaperne di pi\u00f9\n\t\t<\/a>\n\t\t\t\t\t\t<h3>\n\t\t\t\t\t\tSbraccio fisso o girevole\t\t<\/h3>\n\t\t\t\t\t\t\t\t\t\t\t<img decoding=\"async\" src=\"https:\/\/gamesystem.com\/wp-content\/uploads\/2018\/05\/portique-sur-mesure-pour-acc\u00e8s-dans-un-espace-confin\u00e9.jpg\" alt=\"travailler dans un egoutier en s\u00e9curit\u00e9\">\n\t\t\t<a href=\"\/?page_id=13649\" target=\"_blank\" rel=\"noopener noreferrer\"  role=\"button\">\n\t\t\t\t\t\t\t Saperne di pi\u00f9\n\t\t<\/a>\n\t\t\t\t\t\t<h3>\n\t\t\t\t\t\tSbraccio\t\t<\/h3>\n","protected":false},"excerpt":{"rendered":"<p>Protezione individuale Saperne di pi\u00f9 Linea di vita Saperne di pi\u00f9 Rotaia O in alluminio Saperne di pi\u00f9 Baia di carico Saperne di pi\u00f9 Cavo di sicurezza 8\/16 Saperne di&hellip;<\/p>\n","protected":false},"author":7,"featured_media":13473,"parent":13521,"menu_order":0,"comment_status":"closed","ping_status":"open","template":"","meta":[],"_links":{"self":[{"href":"https:\/\/gamesystem.com\/it\/wp-json\/wp\/v2\/pages\/13517"}],"collection":[{"href":"https:\/\/gamesystem.com\/it\/wp-json\/wp\/v2\/pages"}],"about":[{"href":"https:\/\/gamesystem.com\/it\/wp-json\/wp\/v2\/types\/page"}],"author":[{"embeddable":true,"href":"https:\/\/gamesystem.com\/it\/wp-json\/wp\/v2\/users\/7"}],"replies":[{"embeddable":true,"href":"https:\/\/gamesystem.com\/it\/wp-json\/wp\/v2\/comments?post=13517"}],"version-history":[{"count":0,"href":"https:\/\/gamesystem.com\/it\/wp-json\/wp\/v2\/pages\/13517\/revisions"}],"up":[{"embeddable":true,"href":"https:\/\/gamesystem.com\/it\/wp-json\/wp\/v2\/pages\/13521"}],"wp:featuredmedia":[{"embeddable":true,"href":"https:\/\/gamesystem.com\/it\/wp-json\/wp\/v2\/media\/13473"}],"wp:attachment":[{"href":"https:\/\/gamesystem.com\/it\/wp-json\/wp\/v2\/media?parent=13517"}],"curies":[{"name":"wp","href":"https:\/\/api.w.org\/{rel}","templated":true}]}}