{"id":13514,"date":"2018-07-17T09:20:20","date_gmt":"2018-07-17T09:20:20","guid":{"rendered":"https:\/\/preprod.gamesystem.com\/potence-fixe-ou-rotative\/"},"modified":"2018-09-24T11:52:04","modified_gmt":"2018-09-24T11:52:04","slug":"sbraccio-fisso-o-girevole","status":"publish","type":"page","link":"https:\/\/gamesystem.com\/it\/prodotti\/protezione-individuale\/sbraccio-fisso-o-girevole\/","title":{"rendered":"Sbraccio fisso o girevole"},"content":{"rendered":"<p>\t<a href=\"https:\/\/gamesystem.com\/it\/prodotti\/\" target=\"_self\" ><\/a><br \/>\n\t\t<strong> Tutti i nostri prodotti <\/strong><br \/>\n\t<a href=\"https:\/\/gamesystem.com\/it\/prodotti\/protezione-individuale\/\" target=\"_self\" ><\/a><br \/>\n\t\t<strong> Protezione individuale <\/strong>\t\t\t<\/p>\n<h1>Sbraccio fisso <\/br> o girevole<\/h1>\n<p>SPECIFICITA\u2019 : Serbatoi e cisterne, luoghi sotterranei che necessitano di visite periodiche, controlli e manutenzione. La porta di ispezione \u00e8 solitamente posizionata sulla cupola dell\u2019impianto. E\u2019 necessario che l\u2019operatore possa discendere nella cavit\u00e0, salirne e, nell\u2019eventualit\u00e0 di evacuazione, che la persona all\u2019esterno possa aiutarlo ad uscire.<\/p>\n<p>\t\t\t\t<a href=\"https:\/\/gamesystem.com\/wp-content\/uploads\/2018\/07\/potence-rotative-et-fixe-pour-point-daccroche-en-milieu-confine-1.png\" target=\"_self\" itemprop=\"url\"><br \/>\n\t\t\t\t<img decoding=\"async\" loading=\"lazy\" src=\"https:\/\/gamesystem.com\/wp-content\/uploads\/2018\/07\/potence-rotative-et-fixe-pour-point-daccroche-en-milieu-confine-1.png\" alt=\"potence pour acc\u00e8s en milieu confin\u00e9 en s\u00e9curit\u00e9\" itemprop=\"image\" height=\"600\" width=\"800\" title=\"potence-rotative-et-fixe-pour-point-d'accroche-en-milieu-confine\"  \/><br \/>\n\t\t\t\t<\/a><br \/>\n\t\t\t<a href=\"https:\/\/gamesystem.com\/wp-content\/uploads\/2018\/09\/Sbraccio-spazio-confinato-Gamesystem.pdf\" target=\"_blank\" role=\"button\" rel=\"noopener\" ><br \/>\n\t\t\t\t\t\t\tScheda tecnica<br \/>\n\t\t\t\t\t<\/a><\/p>\n<nav>\n<ul>\n<li data-index=\"0\">\n<h2>\n\t\t\t\t\t\t<a href=\"javascript:void(0);\">La nostra analisi<\/a><br \/>\n\t\t\t\t\t<\/h2>\n<\/li>\n<li data-index=\"1\">\n<h2>\n\t\t\t\t\t\t<a href=\"javascript:void(0);\">La struttura<\/a><br \/>\n\t\t\t\t\t<\/h2>\n<\/li>\n<li data-index=\"2\">\n<h2>\n\t\t\t\t\t\t<a href=\"javascript:void(0);\">Le regole da rispettare<\/a><br \/>\n\t\t\t\t\t<\/h2>\n<\/li>\n<li data-index=\"3\">\n<h2>\n\t\t\t\t\t\t<a href=\"javascript:void(0);\">Formazione<\/a><br \/>\n\t\t\t\t\t<\/h2>\n<\/li>\n<li data-index=\"4\">\n<h2>\n\t\t\t\t\t\t<a href=\"javascript:void(0);\">Altri elementi <\/a><br \/>\n\t\t\t\t\t<\/h2>\n<\/li>\n<\/ul>\n<\/nav>\n<h2>\n\t\t\t\t\t\t\t\t\t\t\t\tLa nostra analisi<br \/>\n\t\t\t\t\t\t\t\t\t\t\t<\/h2>\n<p>Dobbiamo salvaguardare le tre funzioni seguenti:<\/p>\n<p><strong>Sicurezza:<\/strong> data la presenza di un accesso, l\u2019operatore dev\u2019essere in sicurezza durante le operazioni di discesa e salita, effettuate con l\u2019ausilio di un anticaduta arrotolatore, con cavo lungo almeno quanto la profondit\u00e0 dello spazio confinato (l\u2019estremit\u00e0 del cavodev\u2019essere collegata all\u2019anello dorsale dell\u2019imbragatura dell\u2019operatore).<\/p>\n<p><strong>Sicurezza e\/o evacuazione:<\/strong> alcuni spazi confinati possono presentare problemi legati alle sostanze tossiche contenute, bench\u00e9 si prenda la precauzione di arearle. Si rimedia a questo rischio utilizzando un anticaduta arrotolatore con recuperatore.<\/p>\n<p>E\u2019 quindi fondamentale connettere l\u2019anticaduta solo all\u2019anello dorsale dell\u2019imbragatura dell\u2019operatore, cosicch\u00e8 in caso di evacuazione i suoi arti si raggruppino vicino al corpo, facilitandone l\u2019uscita.<\/p>\n<p><strong>Accesso e sicurezza e\/o evacuazione:<\/strong> Se non esiste accesso e\/o non ci si pu\u00f2 trattenere nello spazio, \u00e8 possibile aggiungere alla base dello sbraccio un argano a cavo (manuale o elettrico), e far sedere l\u2019operatore su una selletta. Si valuter\u00e0 sempre se \u00e8 necessario o meno che lo sbraccio sia girevole.<\/p>\n<h2>\n\t\t\t\t\t\t\t\t\t\t\t\tLa struttura<br \/>\n\t\t\t\t\t\t\t\t\t\t\t<\/h2>\n<p>Se il committente possiede un solo spazio confinato, lo sbraccio sar\u00e0 installato in modo permanente tramite saldatura della piastra e bulloneria, o per ogni altro tipo di sistema meccanico di fissaggio secondo la natura del materiale. In moltissimi casi, il committente deve mettere in sicurezza svariati spazi confinati: sar\u00e0 quindi utile rilevare i dati d\u2019insieme e studiare la possibilit\u00e0 di avere uno sbraccio unico, che l\u2019operatore sposter\u00e0 secondo necessit\u00e0. In questo caso, nei pressi di ogni spazio confinato saranno installate basi fisse di alloggio dello sbraccio<\/p>\n<h2>\n\t\t\t\t\t\t\t\t\t\t\t\tLe regole da rispettare<br \/>\n\t\t\t\t\t\t\t\t\t\t\t<\/h2>\n<p>La progettazione dello sbraccio deve permettere all\u2019operatore di presentarsi davanti alla porta di ispezione in sicurezza: egli deve dunque avere la possibilit\u00e0 di connettersi all\u2019estremit\u00e0 del suo anticaduta. A questo punto sar\u00e0 possibile aprire la botola e cominciare la discesa.<\/p>\n<p>Al momento della risalita (cosciente o meno) egli deve poter uscire agilmente, \u00e8 dunque necessario prevedere una certa distanza tra l\u2019aggancio dell\u2019anticaduta ed il punto di aggancio dorsale dell\u2019imbragatura. Conformit\u00e0 alla norma EN795 classe A, C o D, giustificata tramite nota di calcolo dei supporti.<\/p>\n<p>\u00a0<\/p>\n<h2>\n\t\t\t\t\t\t\t\t\t\t\t\tFormazione<br \/>\n\t\t\t\t\t\t\t\t\t\t\t<\/h2>\n<p>\u00abInterventi in spazio confinato\u00bb, \u00abevacuazione di una persona in uno spazio confinato\u00bb<\/p>\n<h2>\n\t\t\t\t\t\t\t\t\t\t\t\tAltri elementi<br \/>\n\t\t\t\t\t\t\t\t\t\t\t<\/h2>\n<p>Imbragatura: GH1<\/p>\n<p>Anticaduta: Un anticaduta di lunghezza adeguata, a nastro o cavo.<\/p>\n<p>Evacuazione: Un anticaduta con recuperatore di lunghezza adeguata.<\/p>\n<p>Accesso: una selletta<\/p>\n<p>\t\t\t\t\t<!-- \/content --><br \/>\n\t<!-- \/tabs --><\/p>\n","protected":false},"excerpt":{"rendered":"<p>Tutti i nostri prodotti Protezione individuale Sbraccio fisso o girevole SPECIFICITA\u2019 : Serbatoi e cisterne, luoghi sotterranei che necessitano di visite periodiche, controlli e manutenzione. La porta di ispezione \u00e8&hellip;<\/p>\n","protected":false},"author":2,"featured_media":0,"parent":13517,"menu_order":0,"comment_status":"closed","ping_status":"open","template":"","meta":[],"_links":{"self":[{"href":"https:\/\/gamesystem.com\/it\/wp-json\/wp\/v2\/pages\/13514"}],"collection":[{"href":"https:\/\/gamesystem.com\/it\/wp-json\/wp\/v2\/pages"}],"about":[{"href":"https:\/\/gamesystem.com\/it\/wp-json\/wp\/v2\/types\/page"}],"author":[{"embeddable":true,"href":"https:\/\/gamesystem.com\/it\/wp-json\/wp\/v2\/users\/2"}],"replies":[{"embeddable":true,"href":"https:\/\/gamesystem.com\/it\/wp-json\/wp\/v2\/comments?post=13514"}],"version-history":[{"count":0,"href":"https:\/\/gamesystem.com\/it\/wp-json\/wp\/v2\/pages\/13514\/revisions"}],"up":[{"embeddable":true,"href":"https:\/\/gamesystem.com\/it\/wp-json\/wp\/v2\/pages\/13517"}],"wp:attachment":[{"href":"https:\/\/gamesystem.com\/it\/wp-json\/wp\/v2\/media?parent=13514"}],"curies":[{"name":"wp","href":"https:\/\/api.w.org\/{rel}","templated":true}]}}