{"id":13507,"date":"2018-02-21T14:15:33","date_gmt":"2018-02-21T14:15:33","guid":{"rendered":"https:\/\/preprod.gamesystem.com\/rail-de-securite\/"},"modified":"2018-09-16T21:19:12","modified_gmt":"2018-09-16T21:19:12","slug":"la-rotaia-o-in-alluminio","status":"publish","type":"page","link":"https:\/\/gamesystem.com\/it\/prodotti\/protezione-individuale\/la-rotaia-o-in-alluminio\/","title":{"rendered":"La rotaia O in alluminio"},"content":{"rendered":"<p>\t<a href=\"https:\/\/gamesystem.com\/it\/prodotti\/\" target=\"_self\" ><\/a><br \/>\n\t\t<strong> Tutti i nostri prodotti <\/strong><br \/>\n\t<a href=\"https:\/\/gamesystem.com\/it\/prodotti\/protezione-individuale\/\" target=\"_self\" ><\/a><br \/>\n\t\t<strong> Protezione individuale <\/strong>\t\t\t<\/p>\n<h1>La rotaia O in alluminio <\/h1>\n<p>La ROTAIA di SICUREZZA O \u00e8 in alluminio e offre una superficie di scorrimento perfetta e duratura nel tempo. Le rotaie di 6 m di lunghezza massima sono giuntate,permettendo la loro dilatazione. Ogni estremit\u00e0 di barra \u00e8 fornita di un arresto.<\/p>\n<p>Il carrello, che avvolge in parte \u201cO\u201d, possiede 4 cuscinetti forniti di gomma che evitano di segnare la rotaia e garantiscono uno scorrimento perfetto. Generalmente, il carrello viene posizionato ad un\u2019estremit\u00e0 ed una cordicella legata a l\u2019estremit\u00e0 del cavo dell\u2019 anticaduta retrattile, permette all\u2019utilizzatore di far scendere il connettore dell\u2019anticaduta per agganciarlo all\u2019anello dorsale della sua imbracatura.<\/p>\n<p>\t\t\t\t<a href=\"https:\/\/gamesystem.com\/wp-content\/uploads\/2018\/07\/Rail-de-securite.png\" target=\"_self\" itemprop=\"url\"><br \/>\n\t\t\t\t<img decoding=\"async\" loading=\"lazy\" src=\"https:\/\/gamesystem.com\/wp-content\/uploads\/2018\/07\/Rail-de-securite.png\" alt=\"rail de s\u00e9curit\u00e9 pour travail en huateur\" itemprop=\"image\" height=\"600\" width=\"800\" title=\"Rail-de-securite\"  \/><br \/>\n\t\t\t\t<\/a><br \/>\n\t\t\t<a href=\"https:\/\/gamesystem.com\/wp-content\/uploads\/2018\/09\/La-rotaia-O-in-alluminio-Gamesystem.pdf\" target=\"_self\" ><br \/>\n\t\t\t\t\t\t\t\tScheda tecnica<br \/>\n\t\t\t\t\t\t\t<\/a><br \/>\n\t\t\t<a href=\"https:\/\/gamesystem.com\/wp-content\/uploads\/2018\/09\/Notice-dutilisation-Rail-O-aluminium-Gamesystem.pdf\" target=\"_self\" ><br \/>\n\t\t\t\t\t\t\t\tManuale di uso e manutenzione<br \/>\n\t\t\t\t\t\t\t<\/a><\/p>\n<nav>\n<ul>\n<li data-index=\"0\">\n<h2>\n\t\t\t\t\t\t<a href=\"javascript:void(0);\">QUANDO UTILIZZARLA ?<\/a><br \/>\n\t\t\t\t\t<\/h2>\n<\/li>\n<li data-index=\"1\">\n<h2>\n\t\t\t\t\t\t<a href=\"javascript:void(0);\">SICUREZZA<\/a><br \/>\n\t\t\t\t\t<\/h2>\n<\/li>\n<li data-index=\"2\">\n<h2>\n\t\t\t\t\t\t<a href=\"javascript:void(0);\">FORMAZIONE<\/a><br \/>\n\t\t\t\t\t<\/h2>\n<\/li>\n<li data-index=\"3\">\n<h2>\n\t\t\t\t\t\t<a href=\"javascript:void(0);\">Altri elementi consigliati per la catena di sicurezza <\/a><br \/>\n\t\t\t\t\t<\/h2>\n<\/li>\n<\/ul>\n<\/nav>\n<h2>\n\t\t\t\t\t\t\t\t\t\t\t\tQUANDO UTILIZZARLA ?<br \/>\n\t\t\t\t\t\t\t\t\t\t\t<\/h2>\n<p>Quando si deve intervenire in modo regolare e frequente con spostamenti orizzontali, o distanti dal dispositivo di ancoraggio, un dispositivo di ancoraggio come la Rotaia di Sicurezza O \u00e8 da prendere in considerazione in quanto, vista la frequenza, \u00e8 da privilegiare lo scorrimento del carrello per ridurre al minimo le sollecitazioni di uno o pi\u00f9 utilizzatori.<\/p>\n<p>E\u2019 da preferire anche quando il tirante d\u2019aria disponibile \u00e8 ridotto. Trattandosi di un sistema rigido, non puo\u2019 subire la flessione che puo\u2019 avere un sistema flessibile a cavo, aumentando di tanto la distanza d\u2019arresto. L\u2019utilizzatore collega il suo anticaduta al carrello della rotaia O, dopo avere verificato la qualit\u00e0 dell\u2019installazione e che i controlli annui siano stati effettuati.<\/p>\n<h2>\n\t\t\t\t\t\t\t\t\t\t\t\tSICUREZZA<br \/>\n\t\t\t\t\t\t\t\t\t\t\t<\/h2>\n<p>Alla rotaia si abbina comunemente un anticaduta a richiamo automatico, che segue i movimenti dell\u2019operatore mantenendo sempre in tensione il collegamento del nastro o cavo. In caso di caduta, il dispositivo si blocca<\/p>\n<h2>\n\t\t\t\t\t\t\t\t\t\t\t\tFORMAZIONE<br \/>\n\t\t\t\t\t\t\t\t\t\t\t<\/h2>\n<p>Corso \u00abLavoro lontano dal suolo\u00bb<\/p>\n<h2>\n\t\t\t\t\t\t\t\t\t\t\t\tAltri elementi consigliati per la catena di sicurezza<br \/>\n\t\t\t\t\t\t\t\t\t\t\t<\/h2>\n<p>Per il collegamento del corpo dell\u2019utente: una imbracatura GH1 o GH3.<\/p>\n<p>Per il collegamento all\u2019anticaduta : un arrotolatore a richiamo automatico a nastro o cavo.<\/p>\n<p>\u00a0<\/p>\n<p>\t\t\t\t\t<!-- \/content --><br \/>\n\t<!-- \/tabs --><\/p>\n","protected":false},"excerpt":{"rendered":"<p>Tutti i nostri prodotti Protezione individuale La rotaia O in alluminio La ROTAIA di SICUREZZA O \u00e8 in alluminio e offre una superficie di scorrimento perfetta e duratura nel tempo.&hellip;<\/p>\n","protected":false},"author":7,"featured_media":13509,"parent":13517,"menu_order":0,"comment_status":"closed","ping_status":"open","template":"","meta":[],"_links":{"self":[{"href":"https:\/\/gamesystem.com\/it\/wp-json\/wp\/v2\/pages\/13507"}],"collection":[{"href":"https:\/\/gamesystem.com\/it\/wp-json\/wp\/v2\/pages"}],"about":[{"href":"https:\/\/gamesystem.com\/it\/wp-json\/wp\/v2\/types\/page"}],"author":[{"embeddable":true,"href":"https:\/\/gamesystem.com\/it\/wp-json\/wp\/v2\/users\/7"}],"replies":[{"embeddable":true,"href":"https:\/\/gamesystem.com\/it\/wp-json\/wp\/v2\/comments?post=13507"}],"version-history":[{"count":0,"href":"https:\/\/gamesystem.com\/it\/wp-json\/wp\/v2\/pages\/13507\/revisions"}],"up":[{"embeddable":true,"href":"https:\/\/gamesystem.com\/it\/wp-json\/wp\/v2\/pages\/13517"}],"wp:featuredmedia":[{"embeddable":true,"href":"https:\/\/gamesystem.com\/it\/wp-json\/wp\/v2\/media\/13509"}],"wp:attachment":[{"href":"https:\/\/gamesystem.com\/it\/wp-json\/wp\/v2\/media?parent=13507"}],"curies":[{"name":"wp","href":"https:\/\/api.w.org\/{rel}","templated":true}]}}