{"id":13499,"date":"2018-02-21T14:32:28","date_gmt":"2018-02-21T14:32:28","guid":{"rendered":"https:\/\/preprod.gamesystem.com\/tripode\/"},"modified":"2018-12-06T10:04:40","modified_gmt":"2018-12-06T10:04:40","slug":"treppiede","status":"publish","type":"page","link":"https:\/\/gamesystem.com\/it\/prodotti\/protezione-individuale\/treppiede\/","title":{"rendered":"Treppied"},"content":{"rendered":"<p><strong> Tutti i nostri prodotti <\/strong><\/p>\n<p><strong> Protezione individuale <\/strong><\/p>\n<h1>Treppiede<\/h1>\n<p>Il TREPPIEDE si compone di un piatto sommitale in acciaio, munito di 3 flange d\u2019attacco nelle quali si inseriscono delle gambe telescopiche in profilato d\u2019alluminio. Un sistema di molle e di incastri le mantiene in posizione ripiegata per il trasporto.<\/p>\n<p>Queste gambe telescopiche sono mantenute a riposo (L=1,40 m) tramite degli elastici, impedendo alla parte interiore di dissociarsi. Aperte, esse raggiungono una lunghezza di 2,10 m. Le loro estremit\u00e0 terminano con piedi collegati a loro volta da una catenella che ne impedisce l\u2019apertura improvvisa in caso di caduta.<\/p>\n<p><a href=\"https:\/\/gamesystem.com\/wp-content\/uploads\/2018\/07\/Tripode.png\" target=\"_self\"><br \/>\n<img decoding=\"async\" loading=\"lazy\" title=\"Tripode\" src=\"https:\/\/gamesystem.com\/wp-content\/uploads\/2018\/07\/Tripode.png\" alt=\"tripode gamesystem pour acc\u00e8s en s\u00e9curit\u00e9 aux espaces confin\u00e9s\" width=\"800\" height=\"600\" \/><br \/>\n<\/a><br \/>\n<a href=\"https:\/\/gamesystem.com\/wp-content\/uploads\/2018\/09\/Treppiede-Gamesystem.pdf\" target=\"_blank\" rel=\"noopener\"><br \/>\nScheda tecnica<br \/>\n<\/a><br \/>\n<a href=\"https:\/\/gamesystem.com\/wp-content\/uploads\/2018\/09\/Notice-utilisation-C-Tripode.pdf\" target=\"_blank\" rel=\"noopener\"><br \/>\nManuale di uso e manutenzione<br \/>\n<\/a><\/p>\n<nav>\n<ul>\n<li data-index=\"0\">\n<h2><a>Quando utilizzarlo ? <\/a><\/h2>\n<\/li>\n<li data-index=\"1\">\n<h2><a>Sicurezza<\/a><\/h2>\n<\/li>\n<li data-index=\"2\">\n<h2><a>Formazione<\/a><\/h2>\n<\/li>\n<\/ul>\n<\/nav>\n<h2>Quando utilizzarlo ?<\/h2>\n<p>Quando l\u2019intervento si effettua in uno spazio confinato al di sotto del quale non esiste alcuna struttura , (per esempio una vasca, una fogna,) un dispositivo di ancoraggio come il TREPPIEDE \u00e8 la soluzione.<\/p>\n<p>Installato al di sotto dell\u2019apertura, aprendo i suoi 3 piedi, si offre cos\u00ec un punto di ancoraggio temporaneo.<br \/>\nL\u2019operatore connette il suo anticaduta o dispositivo scorrevole al punto di ancoraggio situato sulla piastra del TREPPIEDE. In certi casi, si pu\u00f2 fissare, su uno dei piedi del TREPPIEDE, un argano che permette di calare l\u2019operatore.<\/p>\n<h2>Sicurezza<\/h2>\n<p>L\u2019anticaduta utilizzato deve essere obbligatoriamente conforme alle normative vigenti per non sviluppare, in caso di caduta, un picco di forza superiore ai 600 daN autorizzati.<\/p>\n<p>Un cordino non \u00e8 un dispositivo anticaduta. Con il TREPPIEDE \u00e8 preferibile utilizzare un anticaduta con manovella di recupero, il cui cavo o nastro sar\u00e0 collegato all\u2019anello dorsale dell\u2019imbracatura (in questa posizione il corpo dell\u2019operatore \u00e8 \u201cfermo\u201d), in modo da essere immediatamente reattivi in caso di malessere dell\u2019operatore.<\/p>\n<h2>Formazione<\/h2>\n<p>Moduli \u201cPosa e controllo dei dispositivi di ancoraggio\u201d, \u201cLavoro su vasche, spazi confi nati\u201d.<\/p>\n<p><!-- \/content --><br \/>\n<!-- \/tabs --><\/p>\n","protected":false},"excerpt":{"rendered":"<p>Tutti i nostri prodotti Protezione individuale Treppiede Il TREPPIEDE si compone di un piatto sommitale in acciaio, munito di 3 flange d\u2019attacco nelle quali si inseriscono delle gambe telescopiche in&hellip;<\/p>\n","protected":false},"author":7,"featured_media":0,"parent":13517,"menu_order":0,"comment_status":"closed","ping_status":"open","template":"","meta":[],"_links":{"self":[{"href":"https:\/\/gamesystem.com\/it\/wp-json\/wp\/v2\/pages\/13499"}],"collection":[{"href":"https:\/\/gamesystem.com\/it\/wp-json\/wp\/v2\/pages"}],"about":[{"href":"https:\/\/gamesystem.com\/it\/wp-json\/wp\/v2\/types\/page"}],"author":[{"embeddable":true,"href":"https:\/\/gamesystem.com\/it\/wp-json\/wp\/v2\/users\/7"}],"replies":[{"embeddable":true,"href":"https:\/\/gamesystem.com\/it\/wp-json\/wp\/v2\/comments?post=13499"}],"version-history":[{"count":0,"href":"https:\/\/gamesystem.com\/it\/wp-json\/wp\/v2\/pages\/13499\/revisions"}],"up":[{"embeddable":true,"href":"https:\/\/gamesystem.com\/it\/wp-json\/wp\/v2\/pages\/13517"}],"wp:attachment":[{"href":"https:\/\/gamesystem.com\/it\/wp-json\/wp\/v2\/media?parent=13499"}],"curies":[{"name":"wp","href":"https:\/\/api.w.org\/{rel}","templated":true}]}}