{"id":13494,"date":"2018-01-30T09:21:00","date_gmt":"2018-01-30T09:21:00","guid":{"rendered":"https:\/\/preprod.gamesystem.com\/fabrication-et-montage-d-antichute\/"},"modified":"2021-11-08T15:58:07","modified_gmt":"2021-11-08T14:58:07","slug":"fabbricazione-e-installazione","status":"publish","type":"page","link":"https:\/\/gamesystem.com\/it\/fabbricazione-e-installazione\/","title":{"rendered":"Fabbricazione e Installazione"},"content":{"rendered":"\n\n\t\t\t<h1>PRODUZIONE DI SISTEMI ANTICADUTA<\/h1>\t\t\t\n\t\t\t\t<p>Gamesystem produce e sviluppa sistemi di sicurezza anticaduta: linea di vita, parapetto, ancoraggio nonch\u00e9 DPI relativi al lavoro in quota: imbracatura anticaduta, linea di vita temporanea, cordino di sicurezza, &#8230;<\/p>\n\t\t\t\t\n\t\t\t\t<img decoding=\"async\" src=\"https:\/\/gamesystem.com\/wp-content\/uploads\/2018\/01\/france180px.png\" alt=\"solution travail en hauteur made in france\" title=\"ligne de vie made in france\" itemprop=\"image\"\/>\n\t\t<h2>Una produzione \u00ab Made in France \u00bb<\/h2>\n\t\t\t\t<p><strong>Fabbricazione interna realizzata con nostri operai.\u00a0<\/strong>La produzione dei nostri sistemi e dei DPI fatta internamente consente due enormi vantaggi :<\/p>\n<p>&#8211; l&#8217;interfaccia costante con l&#8217;ufficio di progettazione per la realizzazione di sistemi unici e specifici per risolvere problematiche particolari (pochi supporti standard molti prodotti personalizzati).<\/p>\n<p>&#8211; L&#8217;immediata capacit\u00e0 di poter intervenire per effettuare modifiche o sistemazioni.<\/p>\n\t\t\t<h1>INSTALLAZIONE E POSA DI SISTEMI ANTICADUTA<\/h1>\t\t\t\n\t\t\t\t<p>Esperto in ogni ambito relativo alle attivit\u00e0 in quota, Gamesystem \u00e8 il Vostro interlocutore unico.<\/p>\n\t\t<h2>Montaggio e Installazione di sistemi anticaduta<\/h2>\n\t\t\t\t<p><strong>Esperta in ogni aspetto, Gamesystem si propone come vostro interlocutore unico ed assicura sul campo la messa in opera dei vostri progetti di messa in sicurezza.\u00a0<\/strong>Al termine del montaggio del sistema, realizziamo una dimostrazione del suo funzionamento e consegniamo i certificati di conformit\u00e0, prendendoci cura della nostra responsabilit\u00e0 d&#8217;impresa, che rinforza la partnership che ci unisce a voi. GAMESYSTEM \u00e8 certificata ISO 9001, e l&#8217;installazione di ogni sistema \u00e8 effettuata nel rispetto delle procedure.<\/p>\n\t\t\t\t\n\n","protected":false},"excerpt":{"rendered":"<p>PRODUZIONE DI SISTEMI ANTICADUTA Gamesystem produce e sviluppa sistemi di sicurezza anticaduta: linea di vita, parapetto, ancoraggio nonch\u00e9 DPI relativi al lavoro in quota: imbracatura anticaduta, linea di vita temporanea,&hellip;<\/p>\n","protected":false},"author":7,"featured_media":0,"parent":0,"menu_order":0,"comment_status":"closed","ping_status":"open","template":"","meta":[],"_links":{"self":[{"href":"https:\/\/gamesystem.com\/it\/wp-json\/wp\/v2\/pages\/13494"}],"collection":[{"href":"https:\/\/gamesystem.com\/it\/wp-json\/wp\/v2\/pages"}],"about":[{"href":"https:\/\/gamesystem.com\/it\/wp-json\/wp\/v2\/types\/page"}],"author":[{"embeddable":true,"href":"https:\/\/gamesystem.com\/it\/wp-json\/wp\/v2\/users\/7"}],"replies":[{"embeddable":true,"href":"https:\/\/gamesystem.com\/it\/wp-json\/wp\/v2\/comments?post=13494"}],"version-history":[{"count":0,"href":"https:\/\/gamesystem.com\/it\/wp-json\/wp\/v2\/pages\/13494\/revisions"}],"wp:attachment":[{"href":"https:\/\/gamesystem.com\/it\/wp-json\/wp\/v2\/media?parent=13494"}],"curies":[{"name":"wp","href":"https:\/\/api.w.org\/{rel}","templated":true}]}}