{"id":13479,"date":"2018-03-09T16:10:53","date_gmt":"2018-03-09T16:10:53","guid":{"rendered":"https:\/\/preprod.gamesystem.com\/specifiques\/"},"modified":"2018-11-27T13:57:34","modified_gmt":"2018-11-27T13:57:34","slug":"specifiche","status":"publish","type":"page","link":"https:\/\/gamesystem.com\/it\/prodotti\/specifiche\/","title":{"rendered":"Specifiche"},"content":{"rendered":"<h1>Specifiche<\/h1>\n<p>\t\t\t\t\t\t\t\t\t\t\t<img decoding=\"async\" src=\"https:\/\/gamesystem.com\/wp-content\/uploads\/2018\/05\/Geca-150.png\" alt=\"solution d'\u00e9vacuation de personne suspendue\"><br \/>\n\t\t\t<a href=\"https:\/\/gamesystem.com\/it\/prodotti\/specifiche\/geca-150\/\" target=\"_self\"   role=\"button\"><br \/>\n\t\t\t\t\t\t\t Saperne di pi\u00f9<br \/>\n\t\t<\/a><\/p>\n<h4>\n\t\t\tGEca 150\t\t<\/h4>\n<p>\t\t\t\t\t\t\t\t\t\t\t<img decoding=\"async\" src=\"https:\/\/gamesystem.com\/wp-content\/uploads\/2018\/05\/Perche-t\u00e9l\u00e9scopique.png\" alt=\"perche pour travail en hauteur\"><br \/>\n\t\t\t<a href=\"https:\/\/gamesystem.com\/it\/prodotti\/collegamenti-anticaduta\/pertica-telescopia\/\" target=\"_self\"   role=\"button\"><br \/>\n\t\t\t\t\t\t\t Saperne di pi\u00f9<br \/>\n\t\t<\/a><\/p>\n<h4>\n\t\t\tPertica telescopica\t\t<\/h4>\n<p>\t\t\t\t\t\t\t\t\t\t\t<img decoding=\"async\" src=\"https:\/\/gamesystem.com\/wp-content\/uploads\/2018\/07\/choucas-HM-pour-\u00e9vacuation-de-t\u00e9l\u00e9port\u00e9.png\" alt=\"\u00e9vacuation de t\u00e9l\u00e9poort\u00e9 dans une t\u00e9l\u00e9cabine\"><br \/>\n\t\t\t<a href=\"https:\/\/gamesystem.com\/it\/prodotti\/specifiche\/choucas\/\" target=\"_self\"   role=\"button\"><br \/>\n\t\t\t\t\t\t\tSaperne di pi\u00f9<br \/>\n\t\t<\/a><\/p>\n<h4>\n\t\t\tChoucas S\t\t<\/h4>\n<p>\t\t\t\t\t\t\t\t\t\t\t<img decoding=\"async\" src=\"https:\/\/gamesystem.com\/wp-content\/uploads\/2018\/05\/Systeme-papillon-pour-travaux-en-hauteur.png\" alt=\"system de protection vertcial papillon gamesystem\"><br \/>\n\t\t\t<a href=\"https:\/\/gamesystem.com\/it\/prodotti\/collegamenti-anticaduta\/papillon\/\" target=\"_self\"   role=\"button\"><br \/>\n\t\t\t\t\t\t\t Saperne di pi\u00f9<br \/>\n\t\t<\/a><\/p>\n<h4>\n\t\t\tPapillon\t\t<\/h4>\n<p>\t\t\t\t\t\t\t\t\t\t\t<img decoding=\"async\" src=\"https:\/\/gamesystem.com\/wp-content\/uploads\/2018\/05\/ceinture-de-maintien-pour-le-travail-en-hauteur.png\" alt=\"ceinture de maintien pour les op\u00e9rateurs travaillant en hauteur\"><br \/>\n\t\t\t<a href=\"https:\/\/gamesystem.com\/it\/prodotti\/imbragatura-di-sicurezza\/cintura-di-posizionamento\/\" target=\"_self\"   role=\"button\"><br \/>\n\t\t\t\t\t\t\t Saperne di pi\u00f9<br \/>\n\t\t<\/a><\/p>\n<h4>\n\t\t\tCintura di posizionamento\t\t<\/h4>\n<p>\t\t\t\t\t\t\t\t\t\t\t<img decoding=\"async\" src=\"https:\/\/gamesystem.com\/wp-content\/uploads\/2018\/07\/Choucas-avec-voulant-E.png\" alt=\"\u00e9vacuateur de personne bloqu\u00e9\"><br \/>\n\t\t\t<a href=\"https:\/\/gamesystem.com\/it\/prodotti\/specifiche\/choucas\/\" target=\"_self\"   role=\"button\"><br \/>\n\t\t\t\t\t\t\tSaperne di pi\u00f9<br \/>\n\t\t<\/a><\/p>\n<h4>\n\t\t\tChoucas E\t\t<\/h4>\n<p>\t\t\t\t\t\t\t\t\t\t\t<img decoding=\"async\" src=\"https:\/\/gamesystem.com\/wp-content\/uploads\/2018\/05\/Toucan.png\" alt=\"selette toucan pour travail en hauteur\"><br \/>\n\t\t\t<a href=\"https:\/\/gamesystem.com\/it\/prodotti\/specifiche\/tucano\/\" target=\"_self\"   role=\"button\"><br \/>\n\t\t\t\t\t\t\t Saperne di pi\u00f9<br \/>\n\t\t<\/a><\/p>\n<h4>\n\t\t\tTucano\t\t<\/h4>\n<p>\t\t\t\t\t\t\t\t\t\t\t<img decoding=\"async\" src=\"https:\/\/gamesystem.com\/wp-content\/uploads\/2018\/06\/triangle-de-sauvetage-pour-\u00e9vacuation-dune-personne.png\" alt=\"\u00e9quipement permettant l'\u00e9vacuation\"><\/p>\n<h4>\n\t\t\t Triangolo di salvataggio\t\t<\/h4>\n","protected":false},"excerpt":{"rendered":"<p>Specifiche Saperne di pi\u00f9 GEca 150 Saperne di pi\u00f9 Pertica telescopica Saperne di pi\u00f9 Choucas S Saperne di pi\u00f9 Papillon Saperne di pi\u00f9 Cintura di posizionamento Saperne di pi\u00f9 Choucas&hellip;<\/p>\n","protected":false},"author":7,"featured_media":13473,"parent":13521,"menu_order":0,"comment_status":"closed","ping_status":"open","template":"","meta":[],"_links":{"self":[{"href":"https:\/\/gamesystem.com\/it\/wp-json\/wp\/v2\/pages\/13479"}],"collection":[{"href":"https:\/\/gamesystem.com\/it\/wp-json\/wp\/v2\/pages"}],"about":[{"href":"https:\/\/gamesystem.com\/it\/wp-json\/wp\/v2\/types\/page"}],"author":[{"embeddable":true,"href":"https:\/\/gamesystem.com\/it\/wp-json\/wp\/v2\/users\/7"}],"replies":[{"embeddable":true,"href":"https:\/\/gamesystem.com\/it\/wp-json\/wp\/v2\/comments?post=13479"}],"version-history":[{"count":0,"href":"https:\/\/gamesystem.com\/it\/wp-json\/wp\/v2\/pages\/13479\/revisions"}],"up":[{"embeddable":true,"href":"https:\/\/gamesystem.com\/it\/wp-json\/wp\/v2\/pages\/13521"}],"wp:featuredmedia":[{"embeddable":true,"href":"https:\/\/gamesystem.com\/it\/wp-json\/wp\/v2\/media\/13473"}],"wp:attachment":[{"href":"https:\/\/gamesystem.com\/it\/wp-json\/wp\/v2\/media?parent=13479"}],"curies":[{"name":"wp","href":"https:\/\/api.w.org\/{rel}","templated":true}]}}