{"id":13458,"date":"2018-02-20T17:23:24","date_gmt":"2018-02-20T17:23:24","guid":{"rendered":"https:\/\/preprod.gamesystem.com\/choucas\/"},"modified":"2018-10-01T07:10:36","modified_gmt":"2018-10-01T07:10:36","slug":"choucas","status":"publish","type":"page","link":"https:\/\/gamesystem.com\/it\/prodotti\/specifiche\/choucas\/","title":{"rendered":"Choucas"},"content":{"rendered":"<p>\t<a href=\"https:\/\/gamesystem.com\/it\/prodotti\/\" target=\"_self\" ><\/a><br \/>\n\t\t<strong> TUTTI NOSTRI PRODOTTI <\/strong><br \/>\n\t<a href=\"https:\/\/gamesystem.com\/it\/prodotti\/specifiche\/\" target=\"_self\" ><\/a><br \/>\n\t\t<strong> Specifiche <\/strong>\t\t\t<\/p>\n<h1>Choucas<\/h1>\n<p>In uno CHOUCAS si possono distinguere due parti: la parte \u201cmotore\u201d e la parte \u201cfreno\u201d. La parte \u201cmotore\u201d \u00e8 composta da una puleggia con gola intorno alla quale si avvolge, costretta da due rulli, una specifi ca corda da 10 mm di diametro; il tutto si trova sotto un carter rosso in materiale composito.<\/p>\n<p>La parte \u201cfreno\u201d \u00e8 alloggiata in un carter in lega di alluminio ed \u00e8 composta da un gioco d\u2019ingranaggi che demoltiplica la velocit\u00e0 di rotazione di un volante al quale \u00e8 fi ssata una morsa con due ganasce frenanti. Il volante \u00e8 inoltre dotato di razze che muovono l\u2019aria, utile per il raff reddamento del dispositivo stesso.<\/p>\n<p>Con la forza centrifuga la morsa si allarga e le ganasce si appoggiano su un disco in bronzo dando la garanzia di un perfetto rallentamento indipendentemente dal peso della persona evacuata e dalla temperatura. Il carter \u00e8 chiuso da un coperchio forato per facilitare la circolazione dell\u2019aria.<\/p>\n<p>\t\t\t<a href=\"https:\/\/gamesystem.com\/wp-content\/uploads\/2018\/09\/Choucas-Gamesystem-Italia.pdf\" target=\"_blank\" rel=\"noopener\"><br \/>\n\t\t\t\t\t\t\t\tScheda tecnica<br \/>\n\t\t\t\t\t\t\t<\/a><br \/>\n\t\t\t<a href=\"https:\/\/gamesystem.com\/wp-content\/uploads\/2018\/09\/Notice-utilisation-I-Descendeur-Choucas.pdf\" target=\"_blank\" rel=\"noopener\"><br \/>\n\t\t\t\t\t\t\t\tManuale di uso e manutenzione<br \/>\n\t\t\t\t\t\t\t<\/a><br \/>\n\t\t\t<a href=\"https:\/\/gamesystem.com\/wp-content\/uploads\/2018\/09\/Choucas-HM-Gamesystem-IT.pdf\" target=\"_blank\" role=\"button\" rel=\"noopener\" ><br \/>\n\t\t\t\t\t\t\tScheda Choucas HM<br \/>\n\t\t\t\t\t<\/a><\/p>\n<nav>\n<ul>\n<li data-index=\"0\">\n<h2>\n\t\t\t\t\t\t<a href=\"javascript:void(0);\">Quando utilizzarlo ? <\/a><br \/>\n\t\t\t\t\t<\/h2>\n<\/li>\n<li data-index=\"1\">\n<h2>\n\t\t\t\t\t\t<a href=\"javascript:void(0);\">Sicurezza<\/a><br \/>\n\t\t\t\t\t<\/h2>\n<\/li>\n<li data-index=\"2\">\n<h2>\n\t\t\t\t\t\t<a href=\"javascript:void(0);\">Altri elementi <\/a><br \/>\n\t\t\t\t\t<\/h2>\n<\/li>\n<li data-index=\"3\">\n<h2>\n\t\t\t\t\t\t<a href=\"javascript:void(0);\">Formazione<\/a><br \/>\n\t\t\t\t\t<\/h2>\n<\/li>\n<\/ul>\n<\/nav>\n<h2>\n\t\t\t\t\t\t\t\t\t\t\t\tQuando utilizzarlo ?<br \/>\n\t\t\t\t\t\t\t\t\t\t\t<\/h2>\n<p>Lo CHOUCAS \u00e8 un dispositivo di discesa con funzionamento \u201cva e vieni\u201d creato per evacuare una o pi\u00f9 persone. La velocit\u00e0 di discesa \u00e8 auto-regolata in base al peso della persona, nella fascia autorizzata dalla normativa: da 0,6 a 2 m\/s.<\/p>\n<p>I campi d\u2019impiego di questo dispositivo sono molteplici: pu\u00f2 essere utilizzato da un manovratore di gru per autoevacuarsi dalla cabina in caso di emergenza (CHOUCAS S), negli impianti di risalita sciistici per evacuare dei viaggiatori bloccati (CHOUCAS HM) o in un\u2019azienda per l\u2019evacuazione di uno o pi\u00f9 lavoratori in quota feriti (CHOUCAS E).<\/p>\n<h2>\n\t\t\t\t\t\t\t\t\t\t\t\tSicurezza<br \/>\n\t\t\t\t\t\t\t\t\t\t\t<\/h2>\n<p>E\u2019 stato testato per 50 evacuazioni alternate da 100 m di altezza; la corda non pu\u00f2 subire una diminuzione di resistenza per il calore poich\u00e9 non si trova a contatto con la parte \u201cfreno\u201d.<\/p>\n<p>Lo CHOUCAS HM, grazie all\u2019aggiunta del \u201cfreno a mano\u201d, permette al soccorritore di concentrare la propria attenzione sulla persona evacuata nel momento in cui questa viene \u201cesposta verso il vuoto\u201d. Lo CHOUCAS E \u00e8 munito di un volante che, se azionato, permette una funzione di sollevamento.<\/p>\n<p>Questo consente di fare risalire senza sforzo una persona infortunata, per poterla sganciare dal suo dispositivo anticaduta prima di procedere all\u2019evacuazione verso il basso.<\/p>\n<h2>\n\t\t\t\t\t\t\t\t\t\t\t\tAltri elementi<br \/>\n\t\t\t\t\t\t\t\t\t\t\t<\/h2>\n<p>Per la sicurezza anticaduta, per esempio, un anticaduta retrattile collegato all\u2019anello dorsale o un cordino di collegamento anticaduta collegato all\u2019anello sternale.<\/p>\n<p>Per quanto riguarda il punto di ancoraggio \u00e8 importante che esso sia al di sopra della testa (fattore di caduta 0).<\/p>\n<h2>\n\t\t\t\t\t\t\t\t\t\t\t\tFormazione<br \/>\n\t\t\t\t\t\t\t\t\t\t\t<\/h2>\n<p>Uno dei moduli \u201cevacuazione da carroponte\u201d, \u201cevacuazione da un impianto di risalita\u201d, \u201devacuazione di una persona sospesa\u201d \u00e8 indispensabile per acquisire le competenze necessarie all\u2019utilizzo del dispositivo Choucas.<\/p>\n<p>\t\t\t\t\t<!-- \/content --><br \/>\n\t<!-- \/tabs --><\/p>\n","protected":false},"excerpt":{"rendered":"<p>TUTTI NOSTRI PRODOTTI Specifiche Choucas In uno CHOUCAS si possono distinguere due parti: la parte \u201cmotore\u201d e la parte \u201cfreno\u201d. La parte \u201cmotore\u201d \u00e8 composta da una puleggia con gola&hellip;<\/p>\n","protected":false},"author":7,"featured_media":0,"parent":13479,"menu_order":0,"comment_status":"closed","ping_status":"open","template":"","meta":[],"_links":{"self":[{"href":"https:\/\/gamesystem.com\/it\/wp-json\/wp\/v2\/pages\/13458"}],"collection":[{"href":"https:\/\/gamesystem.com\/it\/wp-json\/wp\/v2\/pages"}],"about":[{"href":"https:\/\/gamesystem.com\/it\/wp-json\/wp\/v2\/types\/page"}],"author":[{"embeddable":true,"href":"https:\/\/gamesystem.com\/it\/wp-json\/wp\/v2\/users\/7"}],"replies":[{"embeddable":true,"href":"https:\/\/gamesystem.com\/it\/wp-json\/wp\/v2\/comments?post=13458"}],"version-history":[{"count":0,"href":"https:\/\/gamesystem.com\/it\/wp-json\/wp\/v2\/pages\/13458\/revisions"}],"up":[{"embeddable":true,"href":"https:\/\/gamesystem.com\/it\/wp-json\/wp\/v2\/pages\/13479"}],"wp:attachment":[{"href":"https:\/\/gamesystem.com\/it\/wp-json\/wp\/v2\/media?parent=13458"}],"curies":[{"name":"wp","href":"https:\/\/api.w.org\/{rel}","templated":true}]}}