{"id":13434,"date":"2018-02-21T13:51:01","date_gmt":"2018-02-21T13:51:01","guid":{"rendered":"https:\/\/preprod.gamesystem.com\/sellette-toucan\/"},"modified":"2018-09-16T21:30:58","modified_gmt":"2018-09-16T21:30:58","slug":"tucano","status":"publish","type":"page","link":"https:\/\/gamesystem.com\/it\/prodotti\/specifiche\/tucano\/","title":{"rendered":"Tucano"},"content":{"rendered":"<p>\t<a href=\"https:\/\/gamesystem.com\/it\/prodotti\/\" target=\"_self\" ><\/a><br \/>\n\t\t<strong> Tutti i nostri prodotti <\/strong><br \/>\n\t<a href=\"https:\/\/gamesystem.com\/it\/prodotti\/specifiche\/\" target=\"_self\" ><\/a><br \/>\n\t\t<strong> SPECIFICHE<\/strong>\t\t\t<\/p>\n<h1>Il Tucano<\/h1>\n<p><strong>Il TUCANO si costituisce di 2 parti : <\/strong><\/p>\n<p>&#8211; L\u2019insieme del seggiolino, la sua sede, le sue 2 pulegge di guida del cavo.<\/p>\n<p>&#8211; L\u2019insieme dell\u2019argano con la sua struttura comprendendo, all\u2019interno chiuso da una porta con vite, le 2 pulegge \u00ab motrici\u00bb a gola a \u00ab V\u00bb installate su alcuni ingranaggi.<\/p>\n<p>Le manovelle installate su un asse, tramite un ingranaggio pi\u00f9 ridotto, permettono di trasmettere il movimento alle pulegge. Dall\u2019altro lato della porta, un carter esterno contiene un meccanismo di sopravelocit\u00e0 che permette, nel caso in cui la leva del freno non sia chiusa, di bloccare ogni possibile azione sulle manovelle e di innescare un sistema concentrico che blocchi l\u2019insieme tramite la forza centrifuga sviluppata.<\/p>\n<p>\t\t\t\t<a href=\"https:\/\/gamesystem.com\/wp-content\/uploads\/2018\/05\/Toucan.png\" target=\"_self\" itemprop=\"url\"><br \/>\n\t\t\t\t<img decoding=\"async\" loading=\"lazy\" src=\"https:\/\/gamesystem.com\/wp-content\/uploads\/2018\/05\/Toucan.png\" alt=\"selette toucan pour travail en hauteur\" itemprop=\"image\" height=\"600\" width=\"800\" title=\"Toucan Gamesystem\"  \/><br \/>\n\t\t\t\t<\/a><br \/>\n\t\t\t<a href=\"https:\/\/gamesystem.com\/wp-content\/uploads\/2018\/09\/Tucano-GamesystemIT.pdf\" target=\"_blank\" rel=\"noopener\"><br \/>\n\t\t\t\t\t\t\t\tScheda tecnica<br \/>\n\t\t\t\t\t\t\t<\/a><br \/>\n\t\t\t<a href=\"https:\/\/gamesystem.com\/wp-content\/uploads\/2018\/09\/Notice-utilisation-F-Sellette-Toucan.pdf\" target=\"_blank\" rel=\"noopener\"><br \/>\n\t\t\t\t\t\t\t\tManuale di uso e manutenzione<br \/>\n\t\t\t\t\t\t\t<\/a><\/p>\n<nav>\n<ul>\n<li data-index=\"0\">\n<h2>\n\t\t\t\t\t\t<a href=\"javascript:void(0);\">Quando utilizzarlo ? <\/a><br \/>\n\t\t\t\t\t<\/h2>\n<\/li>\n<li data-index=\"1\">\n<h2>\n\t\t\t\t\t\t<a href=\"javascript:void(0);\">Sicurezza<\/a><br \/>\n\t\t\t\t\t<\/h2>\n<\/li>\n<li data-index=\"2\">\n<h2>\n\t\t\t\t\t\t<a href=\"javascript:void(0);\">Altri elementi <\/a><br \/>\n\t\t\t\t\t<\/h2>\n<\/li>\n<li data-index=\"3\">\n<h2>\n\t\t\t\t\t\t<a href=\"javascript:void(0);\">Formazione<\/a><br \/>\n\t\t\t\t\t<\/h2>\n<\/li>\n<\/ul>\n<\/nav>\n<h2>\n\t\t\t\t\t\t\t\t\t\t\t\tQuando utilizzarlo ?<br \/>\n\t\t\t\t\t\t\t\t\t\t\t<\/h2>\n<p>Il Tucano \u00e8 un seggiolino individuale che permette ogni tipo di intervento in un punto o sulla totalit\u00e0 di una superfi cie verticale, senza possibilit\u00e0 di accesso.<\/p>\n<p>Dopo avere posizionato il cavo di lavoro su un dispositivo di ancoraggio, l\u2019operatore con il suo seggiolino, apre il meccanismo, posiziona il cavo intorno alle pulegge, richiude il meccanismo e, dopo avere verifi cato il bloccaggio della leva del freno ed essersi dotato di un\u2019imbracatura anticaduta e di un dispositivo di arresto caduta a corda o a cavo, si posiziona sul seggiolino stesso. Per salire e scendere, agisce sulle manovelle, ad un ritmo regolare, con l\u2019aiuto delle braccia.<\/p>\n<h2>\n\t\t\t\t\t\t\t\t\t\t\t\tSicurezza<br \/>\n\t\t\t\t\t\t\t\t\t\t\t<\/h2>\n<p>Il TUCANO deve essere utilizzato con un dispositivo anticaduta fl essibile a corda o a cavo conforme alla norma EN 353-2, come il PAPILLON.<\/p>\n<h2>\n\t\t\t\t\t\t\t\t\t\t\t\tAltri elementi<br \/>\n\t\t\t\t\t\t\t\t\t\t\t<\/h2>\n<p>Per il collegamento dell\u2019operatore: utilizzare un\u2019imbracatura GH3.<\/p>\n<h2>\n\t\t\t\t\t\t\t\t\t\t\t\tFormazione<br \/>\n\t\t\t\t\t\t\t\t\t\t\t<\/h2>\n<p>Moduli \u201cLavoro in facciata\u201d.<\/p>\n<p>\t\t\t\t\t<!-- \/content --><br \/>\n\t<!-- \/tabs --><\/p>\n","protected":false},"excerpt":{"rendered":"<p>Tutti i nostri prodotti SPECIFICHE Il Tucano Il TUCANO si costituisce di 2 parti : &#8211; L\u2019insieme del seggiolino, la sua sede, le sue 2 pulegge di guida del cavo.&hellip;<\/p>\n","protected":false},"author":7,"featured_media":13438,"parent":13479,"menu_order":0,"comment_status":"closed","ping_status":"open","template":"","meta":[],"_links":{"self":[{"href":"https:\/\/gamesystem.com\/it\/wp-json\/wp\/v2\/pages\/13434"}],"collection":[{"href":"https:\/\/gamesystem.com\/it\/wp-json\/wp\/v2\/pages"}],"about":[{"href":"https:\/\/gamesystem.com\/it\/wp-json\/wp\/v2\/types\/page"}],"author":[{"embeddable":true,"href":"https:\/\/gamesystem.com\/it\/wp-json\/wp\/v2\/users\/7"}],"replies":[{"embeddable":true,"href":"https:\/\/gamesystem.com\/it\/wp-json\/wp\/v2\/comments?post=13434"}],"version-history":[{"count":0,"href":"https:\/\/gamesystem.com\/it\/wp-json\/wp\/v2\/pages\/13434\/revisions"}],"up":[{"embeddable":true,"href":"https:\/\/gamesystem.com\/it\/wp-json\/wp\/v2\/pages\/13479"}],"wp:featuredmedia":[{"embeddable":true,"href":"https:\/\/gamesystem.com\/it\/wp-json\/wp\/v2\/media\/13438"}],"wp:attachment":[{"href":"https:\/\/gamesystem.com\/it\/wp-json\/wp\/v2\/media?parent=13434"}],"curies":[{"name":"wp","href":"https:\/\/api.w.org\/{rel}","templated":true}]}}