{"id":13385,"date":"2018-01-12T10:39:41","date_gmt":"2018-01-12T10:39:41","guid":{"rendered":"https:\/\/preprod.gamesystem.com\/accueil\/"},"modified":"2024-05-24T15:40:22","modified_gmt":"2024-05-24T13:40:22","slug":"accueil","status":"publish","type":"page","link":"https:\/\/gamesystem.com\/it\/","title":{"rendered":"PAGINA INIZIALE"},"content":{"rendered":"\r\n<h1><strong> Gamesystem, <\/strong> specialista per la sicurezza nel lavoro in quota<\/h1>\r\n<p>Schieratevi dalla parte della vita e fate in modo che non si possano verificare rischi nelle attivit\u00e0 in quota.<\/p>\r\n<p><strong>Vero specialista in ambito prevenzione contro le cadute dall&#8217;alto<\/strong>, Gamesystem produce progetti, disegni e soluzioni sia standard che su misura di punti\u00a0 di ancoraggio, cavi di sicurezza e linee di vita, sistemi anticaduta, scale con gabbia, parapetti \u2026<strong> Al fine di garantire la sicurezza a tutti gli operatori che lavorano in quota.<\/strong><\/p>\r\n<p><strong>Dal 1978<\/strong> Gamesystem \u00e8 stata l&#8217;unica realt\u00e0 nel mercato della sicurezza sul lavoro in quota che si \u00e8 occupata di progettare, produrre ed installare i suoi sistemi con personale dipendente ed infine di formare al lavoro in quota grazie al suo centro di formazione.<\/p>\r\n<p>Occupandosi da anni esclusivamente del settore anticaduta <strong>Gamesystem ha acquisito una esperienza tale da consentirle di fornire le corrette risposte ad ogni richiesta:<\/strong><\/p>\r\n<p><em>Priorit\u00e0 alla protezione collettiva o a quella individuale? Quali sono gli ancoraggi pi\u00f9 idonei? Quale Imbracatura scegliere? La formazione per il lavoro in quota \u00e8 obbligatoria? Che tirante d&#8217;aria serve per lavorare in quota ?<\/em><\/p>\r\n<h2><b> Soluzioni standard e su misura<\/b> <br \/>per la sicurezza del lavoro in quota<\/h2>\r\n<h2><a title=\"PROTEZIONE &lt;br&gt; COLLETTIVA\" href=\"https:\/\/gamesystem.com\/it\/protezione-collettiva\/\" target=\"_self\" rel=\"noopener\"> PROTEZIONE <br \/>COLLETTIVA <\/a><\/h2>\r\n<p><a href=\"https:\/\/gamesystem.com\/it\/protezione-collettiva\/\" target=\"_self\" rel=\"noopener\"> <img decoding=\"async\" loading=\"lazy\" title=\"protection collective\" src=\"https:\/\/gamesystem.com\/wp-content\/uploads\/2021\/11\/nos-produits-gamesystem_0004_DSC03513-min.jpg\" sizes=\"(max-width: 343px) 100vw, 343px\" srcset=\"https:\/\/gamesystem.com\/wp-content\/uploads\/2021\/11\/nos-produits-gamesystem_0004_DSC03513-min.jpg 343w, https:\/\/gamesystem.com\/wp-content\/uploads\/2021\/11\/nos-produits-gamesystem_0004_DSC03513-min-300x282.jpg 300w\" alt=\"protection collective\" width=\"343\" height=\"322\" \/> <\/a> <a href=\"https:\/\/gamesystem.com\/it\/sistemi-di-ancoraggio\/\" target=\"_self\" rel=\"noopener\"> <img decoding=\"async\" loading=\"lazy\" title=\"Syst\u00e8mes d'ancrage\" src=\"https:\/\/gamesystem.com\/wp-content\/uploads\/2021\/11\/nos-produits-gamesystem_0003_lv-pared-1-min.jpg\" sizes=\"(max-width: 343px) 100vw, 343px\" srcset=\"https:\/\/gamesystem.com\/wp-content\/uploads\/2021\/11\/nos-produits-gamesystem_0003_lv-pared-1-min.jpg 343w, https:\/\/gamesystem.com\/wp-content\/uploads\/2021\/11\/nos-produits-gamesystem_0003_lv-pared-1-min-300x282.jpg 300w\" alt=\"Syst\u00e8mes d'ancrage\" width=\"343\" height=\"322\" \/> <\/a><\/p>\r\n<h2><a title=\"SISTEMI &lt;br&gt;DI ANCORAGGIO\" href=\"https:\/\/gamesystem.com\/it\/sistemi-di-ancoraggio\/\" target=\"_self\" rel=\"noopener\"> SISTEMI <br \/>DI ANCORAGGIO <\/a><\/h2>\r\n<h2><a title=\"DISPOSITIVI DI &lt;br&gt; PROTEZIONE INDIVIDUALE\" href=\"https:\/\/gamesystem.com\/it\/dispositivi-protezione-individuale\/\" target=\"_self\" rel=\"noopener\"> DISPOSITIVI DI <br \/>PROTEZIONE INDIVIDUALE <\/a><\/h2>\r\n<p><a href=\"https:\/\/gamesystem.com\/it\/dispositivi-protezione-individuale\/\" target=\"_self\" rel=\"noopener\"> <img decoding=\"async\" loading=\"lazy\" title=\"epi\" src=\"https:\/\/gamesystem.com\/wp-content\/uploads\/2021\/11\/nos-produits-gamesystem_0002_IMG_5729-min.jpg\" sizes=\"(max-width: 343px) 100vw, 343px\" srcset=\"https:\/\/gamesystem.com\/wp-content\/uploads\/2021\/11\/nos-produits-gamesystem_0002_IMG_5729-min.jpg 343w, https:\/\/gamesystem.com\/wp-content\/uploads\/2021\/11\/nos-produits-gamesystem_0002_IMG_5729-min-300x282.jpg 300w\" alt=\"epi\" width=\"343\" height=\"322\" \/> <\/a><\/p>\r\n<h2><a title=\"SOLUZIONI PER L'ACCESSO\" href=\"https:\/\/gamesystem.com\/it\/soluzioni-per-laccesso\/\" target=\"_self\" rel=\"noopener\"> SOLUZIONI PER L&#8217;ACCESSO <\/a><\/h2>\r\n<p><a href=\"https:\/\/gamesystem.com\/it\/soluzioni-per-laccesso\/\" target=\"_self\" rel=\"noopener\"> <img decoding=\"async\" loading=\"lazy\" title=\"acc\u00e8s l\u00e9ger\" src=\"https:\/\/gamesystem.com\/wp-content\/uploads\/2021\/11\/nos-produits-gamesystem_0000_ECHELLES_GRS-TOUT-ALUMINIUM_SITU_2-min.jpg\" sizes=\"(max-width: 343px) 100vw, 343px\" srcset=\"https:\/\/gamesystem.com\/wp-content\/uploads\/2021\/11\/nos-produits-gamesystem_0000_ECHELLES_GRS-TOUT-ALUMINIUM_SITU_2-min.jpg 343w, https:\/\/gamesystem.com\/wp-content\/uploads\/2021\/11\/nos-produits-gamesystem_0000_ECHELLES_GRS-TOUT-ALUMINIUM_SITU_2-min-300x282.jpg 300w\" alt=\"acc\u00e8s l\u00e9ger\" width=\"343\" height=\"322\" \/> <\/a> <a href=\"https:\/\/gamesystem.com\/it\/telecomunicazioni\/\" target=\"_self\" rel=\"noopener\"> <img decoding=\"async\" loading=\"lazy\" title=\"t\u00e9l\u00e9com\" src=\"https:\/\/gamesystem.com\/wp-content\/uploads\/2021\/11\/nos-produits-gamesystem_0005_P3172987-min.jpg\" sizes=\"(max-width: 343px) 100vw, 343px\" srcset=\"https:\/\/gamesystem.com\/wp-content\/uploads\/2021\/11\/nos-produits-gamesystem_0005_P3172987-min.jpg 343w, https:\/\/gamesystem.com\/wp-content\/uploads\/2021\/11\/nos-produits-gamesystem_0005_P3172987-min-300x282.jpg 300w\" alt=\"t\u00e9l\u00e9com\" width=\"343\" height=\"322\" \/> <\/a><\/p>\r\n<h2><a title=\"TELECOMUNICAZIONI\" href=\"https:\/\/gamesystem.com\/it\/telecomunicazioni\/\" target=\"_self\" rel=\"noopener\"> TELECOMUNICAZIONI <\/a><\/h2>\r\n<h2><a title=\"IMPIANTI DI RISALITA\" href=\"https:\/\/gamesystem.com\/it\/impianti-di-risalita\/\" target=\"_self\" rel=\"noopener\"> IMPIANTI DI RISALITA <\/a><\/h2>\r\n<p><a href=\"https:\/\/gamesystem.com\/it\/impianti-di-risalita\/\" target=\"_self\" rel=\"noopener\"> <img decoding=\"async\" loading=\"lazy\" title=\"Remont\u00e9es m\u00e9caniques\" src=\"https:\/\/gamesystem.com\/wp-content\/uploads\/2021\/11\/nos-produits-gamesystem_0001_2018-04-23-motorgame-4811-min.jpg\" sizes=\"(max-width: 343px) 100vw, 343px\" srcset=\"https:\/\/gamesystem.com\/wp-content\/uploads\/2021\/11\/nos-produits-gamesystem_0001_2018-04-23-motorgame-4811-min.jpg 343w, https:\/\/gamesystem.com\/wp-content\/uploads\/2021\/11\/nos-produits-gamesystem_0001_2018-04-23-motorgame-4811-min-300x282.jpg 300w\" alt=\"Remont\u00e9es m\u00e9caniques\" width=\"343\" height=\"322\" \/> <\/a> <img decoding=\"async\" title=\"Sigillo 2\" src=\"https:\/\/gamesystem.com\/wp-content\/uploads\/2023\/06\/Sigillo-2.jpg\" alt=\"Sigillo 2\" \/><\/p>\r\n<h2>Novit\u00e0 : TAAG SOFTWARE PER LA GESTIONE DEI SISTEMI E DEI DPI ANTICADUTA &#8211; DIGITALIZZAZIONE, CENTRALIZZAZIONE E ARCHIVIAZIONE DI TUTTE LE INFORMAZIONI<\/h2>\r\n<p><a role=\"button\" href=\"https:\/\/gamesystem.com\/it\/taag\/\" target=\"_blank\" rel=\"noopener\" aria-label=\"Per saperne di pi\u00f9\"> Per saperne di pi\u00f9 <\/a> <img decoding=\"async\" title=\"travaux en hauteur gamesystem\" src=\"https:\/\/gamesystem.com\/wp-content\/uploads\/2018\/01\/ruban180px.png\" alt=\"expert travail en hauteur\" \/><\/p>\r\n<h3>Esperienza unica<\/h3>\r\n<p>Esperienza nel lavoro in quota a partire dal 1978.<\/p>\r\n<p><img decoding=\"async\" title=\"ligne de vie made in france\" src=\"https:\/\/gamesystem.com\/wp-content\/uploads\/2018\/01\/france180px.png\" alt=\"solution travail en hauteur made in france\" \/><\/p>\r\n<h3>\u00ab Made in France \u00bb<\/h3>\r\n<p>Affidabilit\u00e0 e qualit\u00e0 per soluzioni sicure.<\/p>\r\n<p><img decoding=\"async\" title=\"ligne de vie sur mesure\" src=\"https:\/\/gamesystem.com\/wp-content\/uploads\/2018\/01\/metre180px.png\" alt=\"travail en hauteur sur mesure\" \/><\/p>\r\n<h3>Offerta su misura<\/h3>\r\n<p>Soluzioni pi\u00f9 idonee ed adatte al Vostro ambiente di lavoro.<\/p>\r\n<p><img decoding=\"async\" title=\"podium180px\" src=\"https:\/\/gamesystem.com\/wp-content\/uploads\/2018\/01\/podium180px.png\" alt=\"podium180px\" \/><\/p>\r\n<h3>Un consulente dalla A alla Z<\/h3>\r\n<p>Progettazione &#8211; Produzione &#8211; Installazione &#8211; Formazione &#8211; Manutenzione &#8211; Verifiche<\/p>\r\n<h2><strong> News <\/strong> nel lavoro in quota<\/h2>\r\n<p><img decoding=\"async\" loading=\"lazy\" title=\"Le-harnais-antichute-GH5\" src=\"https:\/\/gamesystem.com\/wp-content\/uploads\/bb-plugin\/cache\/Le-harnais-antichute-GH5-landscape.jpg\" alt=\"Desinfecci\u00f3n de EPI\" width=\"372\" height=\"264\" data-no-lazy=\"1\" \/> Oct 19<\/p>\r\n<h3>COVID 19: consigli per la disinfezione dei DPI di III categoria<\/h3>\r\n<p>Per pulire i DPI Gamesystem \u00e8 necessario seguire scrupolosamente le avvertenze contenute nelle istruzioni d&#8217;uso del singolo prodotto. Non utilizzate sostanze chimiche non testate sui componenti in plastica o sulle&#8230;<img decoding=\"async\" loading=\"lazy\" title=\"IMG-20200721-WA0003\" src=\"https:\/\/gamesystem.com\/wp-content\/uploads\/bb-plugin\/cache\/IMG-20200721-WA0003-landscape.jpg\" alt=\"IMG-20200721-WA0003\" width=\"1200\" height=\"1600\" data-no-lazy=\"1\" \/> Oct 08<\/p>\r\n<h3>RHO, 30.10.2020: Seminario gratuito \u201d Salvataggio di persona sospesa\u201d<\/h3>\r\n<p>SEMINARIO GRATUITO &#8220;Salvataggio di persona sospesa all&#8217;imbracatura in ambito industriale&#8221; GAMESYSTEM ITALIA\u00a0organizza per venerdi 30 ottobre\u00a0un\u00a0seminario gratuito\u00a0dedicato al &#8220;salvataggio di persona sospesa all&#8217;imbracatura in ambito industriale&#8221; presso il proprio\u00a0centro di&#8230;<img decoding=\"async\" loading=\"lazy\" title=\"gamesystem-italia---f&amp;m\" src=\"https:\/\/gamesystem.com\/wp-content\/uploads\/bb-plugin\/cache\/gamesystem-italia-fm-1-landscape.jpg\" alt=\"gamesystem-italia---f&amp;m\" width=\"1000\" height=\"1000\" data-no-lazy=\"1\" \/> Jul 09<\/p>\r\n<h3>Gamesystem entra nel gruppo Fr\u00e9n\u00e9hard &amp; Michaux<\/h3>\r\n<p>Il gruppo industriale Fr\u00e9n\u00e9hard &amp; Michaux, presenza storica nel mercato del fissaggio di tetti e grondaie, nonch\u00e9 uno dei principali interlocutori in ambito accesso e sicurezza nel lavoro in quota,&#8230;<\/p>\r\n<!-- .pp-content-posts -->","protected":false},"excerpt":{"rendered":"<p>Gamesystem, specialista per la sicurezza nel lavoro in quota Schieratevi dalla parte della vita e fate in modo che non si possano verificare rischi nelle attivit\u00e0 in quota. Vero specialista&hellip;<\/p>\n","protected":false},"author":7,"featured_media":0,"parent":0,"menu_order":0,"comment_status":"closed","ping_status":"open","template":"","meta":[],"_links":{"self":[{"href":"https:\/\/gamesystem.com\/it\/wp-json\/wp\/v2\/pages\/13385"}],"collection":[{"href":"https:\/\/gamesystem.com\/it\/wp-json\/wp\/v2\/pages"}],"about":[{"href":"https:\/\/gamesystem.com\/it\/wp-json\/wp\/v2\/types\/page"}],"author":[{"embeddable":true,"href":"https:\/\/gamesystem.com\/it\/wp-json\/wp\/v2\/users\/7"}],"replies":[{"embeddable":true,"href":"https:\/\/gamesystem.com\/it\/wp-json\/wp\/v2\/comments?post=13385"}],"version-history":[{"count":0,"href":"https:\/\/gamesystem.com\/it\/wp-json\/wp\/v2\/pages\/13385\/revisions"}],"wp:attachment":[{"href":"https:\/\/gamesystem.com\/it\/wp-json\/wp\/v2\/media?parent=13385"}],"curies":[{"name":"wp","href":"https:\/\/api.w.org\/{rel}","templated":true}]}}