{"id":38838,"date":"2025-08-07T14:48:13","date_gmt":"2025-08-07T12:48:13","guid":{"rendered":"https:\/\/gamesystem.com\/?page_id=38838"},"modified":"2025-08-08T14:15:37","modified_gmt":"2025-08-08T12:15:37","slug":"nuestros-catalogos","status":"publish","type":"page","link":"https:\/\/gamesystem.com\/es\/nuestros-catalogos\/","title":{"rendered":"Nuestros cat\u00e1logos"},"content":{"rendered":"\n\n\t\t\t<h2>Nuestros cat\u00e1logos<\/h2>\n\t<p><strong>Descubra todas nuestras soluciones y productos con un solo clic.<\/strong><\/p>\n<p>Para m\u00e1s informaci\u00f3n, no dude en consultarlos.<\/p>\n\t\t\t\t\t\t\t\t\t\t\t<img decoding=\"async\" src=\"https:\/\/gamesystem.com\/wp-content\/uploads\/2025\/08\/ES-Vignette-catalogue-Securisation-des-acces-en-hauteur.jpg\" alt=\"ES Vignette - catalogue Securisation des acc\u00e8s en hauteur\"\/>\n\t\t\t<a href=\"https:\/\/online.gamesystem.com\/view\/437356703\/\" target=\"_blank\" rel=\"noopener\" role=\"button\" aria-label=\"M\u00e1s informaci\u00f3n\">\n\t\t\t\t\t\t\tM\u00e1s informaci\u00f3n\n\t\t<\/a>\n\t\t\t\t\t\t\t\t\t\t\t<img decoding=\"async\" src=\"https:\/\/gamesystem.com\/wp-content\/uploads\/2025\/08\/ES-Vignette-catalogue-Prestations.jpg\" alt=\"ES Vignette - catalogue Prestations\"\/>\n\t\t\t<a href=\"https:\/\/online.gamesystem.com\/view\/560071618\/\" target=\"_blank\" rel=\"noopener\" role=\"button\" aria-label=\"M\u00e1s informaci\u00f3n\">\n\t\t\t\t\t\t\tM\u00e1s informaci\u00f3n\n\t\t<\/a>\n\t\t\t\t\t\t\t\t\t\t\t<img decoding=\"async\" src=\"https:\/\/gamesystem.com\/wp-content\/uploads\/2025\/08\/Telecom-e1754640587209.jpg\" alt=\"Telecom\"\/>\n\t\t\t<a href=\"https:\/\/gamesystem.com\/es\/contacto\/\" target=\"_blank\" rel=\"noopener\" role=\"button\" aria-label=\"Cont\u00e1ctenos\">\n\t\t\t\t\t\t\tCont\u00e1ctenos\n\t\t<\/a>\n\t\t\t\t\t\t<h3>\n\t\t\t\t\t\tTelecomunicaciones\t\t<\/h3>\n\t<p>\u00bfTiene alguna pregunta, una necesidad espec\u00edfica o un proyecto en mente? <strong data-start=\"174\" data-end=\"243\">Nuestro equipo est\u00e1 a su disposici\u00f3n.<\/strong><\/p>\n\t\t\t<a href=\"https:\/\/gamesystem.com\/es\/contacto\/\" target=\"_blank\" role=\"button\" rel=\"noopener\">\n\t\t\t\t\t\t\t\u00a1Cont\u00e1ctenos ahora!\n\t\t\t\t\t<\/a>\n\n","protected":false},"excerpt":{"rendered":"<p>Nuestros cat\u00e1logos Descubra todas nuestras soluciones y productos con un solo clic. Para m\u00e1s informaci\u00f3n, no dude en consultarlos. M\u00e1s informaci\u00f3n M\u00e1s informaci\u00f3n Cont\u00e1ctenos Telecomunicaciones \u00bfTiene alguna pregunta, una necesidad&hellip;<\/p>\n","protected":false},"author":13,"featured_media":0,"parent":0,"menu_order":0,"comment_status":"closed","ping_status":"open","template":"","meta":[],"_links":{"self":[{"href":"https:\/\/gamesystem.com\/es\/wp-json\/wp\/v2\/pages\/38838"}],"collection":[{"href":"https:\/\/gamesystem.com\/es\/wp-json\/wp\/v2\/pages"}],"about":[{"href":"https:\/\/gamesystem.com\/es\/wp-json\/wp\/v2\/types\/page"}],"author":[{"embeddable":true,"href":"https:\/\/gamesystem.com\/es\/wp-json\/wp\/v2\/users\/13"}],"replies":[{"embeddable":true,"href":"https:\/\/gamesystem.com\/es\/wp-json\/wp\/v2\/comments?post=38838"}],"version-history":[{"count":9,"href":"https:\/\/gamesystem.com\/es\/wp-json\/wp\/v2\/pages\/38838\/revisions"}],"predecessor-version":[{"id":38889,"href":"https:\/\/gamesystem.com\/es\/wp-json\/wp\/v2\/pages\/38838\/revisions\/38889"}],"wp:attachment":[{"href":"https:\/\/gamesystem.com\/es\/wp-json\/wp\/v2\/media?parent=38838"}],"curies":[{"name":"wp","href":"https:\/\/api.w.org\/{rel}","templated":true}]}}