{"id":38049,"date":"2024-02-27T15:38:54","date_gmt":"2024-02-27T14:38:54","guid":{"rendered":"https:\/\/gamesystem.com\/cgu\/"},"modified":"2024-02-27T15:55:57","modified_gmt":"2024-02-27T14:55:57","slug":"cgu","status":"publish","type":"page","link":"https:\/\/gamesystem.com\/es\/cgu\/","title":{"rendered":"Condiciones generales de uso"},"content":{"rendered":"\n\n\t<h1><strong>CONDICIONES GENERALES DE USO<\/strong><\/h1>\n<p>Fecha de la \u00faltima actualizaci\u00f3n de las Condiciones Generales de Uso: 15\/02\/2024<\/p>\n<p>Puede encontrar el aviso legal del sitio web aqu\u00ed.<\/p>\n<p><strong><u>ARTICLE 1 &#8211; <\/u><\/strong><strong><u>PRESENTACI\u00d3N DEL SITIO Y DISPOSICIONES GENERALES<\/u><\/strong><\/p>\n<p><strong>1.1.<\/strong> Las presentes condiciones generales se concluyen entre la sociedad GAMESYSTEM, SASU con un capital social de 538578,00 euros, inscrita en el RCS de GRENOBLE con el n\u00famero B 316 534\u00a0783 y situada en el 450 AV DE L&#8217;EUROPE 38330 MONTBONNOT-SAINT-MARTIN, y las personas que navegan por el sitio Internet <a href=\"https:\/\/gamesystem.com\/\">https:\/\/gamesystem.com\/<\/a>, en adelante denominado el &#8220;Sitio&#8221;, en adelante denominadas los &#8220;Usuarios&#8221;, siendo GAMESYSTEM y los Usuarios en adelante denominados la(s) &#8220;Parte(s)&#8221;.<\/p>\n<p>Los usuarios son profesionales, defini\u00e9ndose como profesional &#8220;<em>cualquier persona f\u00edsica o jur\u00eddica, p\u00fablica o privada, que act\u00fae con fines propios de su actividad comercial, industrial, artesanal, liberal o agr\u00edcola, incluso cuando act\u00fae en nombre o por cuenta de otro profesional<\/em>&#8220;.<\/p>\n<p><strong>1.2.<\/strong> La finalidad del Sitio es:<\/p>\n<ul>\n<li>presentar la gama de productos, la gama de servicios, la gama de formaciones, propuestas por la sociedad GAMESYSTEM;<\/li>\n<li>permitir a los Usuarios ponerse en contacto con GAMESYSTEM a trav\u00e9s del formulario de contacto que figura en la P\u00e1gina Web; y enviar cualquier solicitud de presupuesto.<\/li>\n<\/ul>\n<p>La Web no permite realizar pedidos o pagos en l\u00ednea de productos o servicios.<\/p>\n<p>GAMESYSTEM ofrece asistencia telef\u00f3nica en el n\u00famero + 33 (0)4 76 04 16 16. Los usuarios tambi\u00e9n pueden ponerse en contacto con GAMESYSTEM por correo electr\u00f3nico en la direcci\u00f3n <a href=\"mailto:games@gamesystem.com\">games@gamesystem.com<\/a>.<\/p>\n<p><strong>1.3.<\/strong> Estas condiciones generales determinan las condiciones de uso del Sitio y sus funcionalidades por parte de los Usuarios.<\/p>\n<p>La navegaci\u00f3n por el Sitio implica la aceptaci\u00f3n plena y sin reservas por parte de los Usuarios de las normas que se exponen a continuaci\u00f3n.<\/p>\n<p>Estas condiciones sustituyen a todas las condiciones aplicables anteriormente. GAMESYSTEM se reserva el derecho de adaptar, modificar o actualizar estas condiciones generales de uso en cualquier momento. En cualquier caso, las condiciones generales aplicables son las vigentes el d\u00eda de la navegaci\u00f3n por el Sitio.<\/p>\n<p>El hecho de que una de las Partes no se acoja a una de las presentes condiciones en un momento dado no se interpretar\u00e1 como una renuncia al derecho de acogerse a ella en un momento posterior. La invalidez de cualquier disposici\u00f3n de estas condiciones no afectar\u00e1 a la validez de las condiciones en su conjunto.<\/p>\n<p><strong><u>ARTICLE 2 &#8211; <\/u><\/strong><strong><u>DESCRIPCI\u00d3N DE LAS FUNCIONALIDADES DEL SITIO<\/u><\/strong><\/p>\n<p><strong>2.1. <\/strong><strong>Presentaci\u00f3n de la gama de la marca <\/strong><strong>GAMESYSTEM<\/strong><\/p>\n<p>El Sitio presenta la gama de productos de acceso y de trabajo en altura del fabricante.<\/p>\n<p>GAMESYSTEM hace todo lo posible para que la informaci\u00f3n publicada en este Sitio sea exacta y est\u00e9 actualizada y se reserva el derecho de modificarla en cualquier momento sin previo aviso.<\/p>\n<p>Se invita a los usuarios que deseen adquirir productos y\/o servicios presentados en el Sitio a que se pongan en contacto con GAMESYSTEM a trav\u00e9s del formulario de contacto o por correo electr\u00f3nico a <a href=\"mailto:communication@tubesca-comabi.com\">\u00a0games@gamesystem.com<\/a> para conocer la disponibilidad de los productos y\/o servicios en cuesti\u00f3n, as\u00ed como las condiciones contractuales y las tarifas aplicables a los mismos.<\/p>\n<p><strong>2.2 Solicitud de informaci\u00f3n <\/strong><\/p>\n<p>GAMESYSTEM pone a disposici\u00f3n del Usuario una secci\u00f3n de contacto que le permite realizar consultas sobre sus productos y servicios, as\u00ed como solicitar presupuestos.<\/p>\n<p><strong><u>ARTICLE 3 &#8211; <\/u><\/strong><strong><u>ACCESO AL SITIO Y USO DE LAS FUNCIONES<\/u><\/strong><\/p>\n<p><strong>3.1.<\/strong> Se puede acceder al Sitio en la URL: \u00ab\u00a0https:\/\/<u>gamesystem.com<\/u>\u00a0\u00bb.<\/p>\n<p>El usuario navega por el Sitio bajo su responsabilidad. En estas condiciones, el Usuario est\u00e1 obligado a navegar por el Sitio y a utilizar los servicios de acuerdo con su finalidad y de conformidad con las presentes condiciones generales, sin atentar contra el orden p\u00fablico, las buenas costumbres o los derechos de terceros.<\/p>\n<p>En este contexto, el Usuario es personalmente responsable de la configuraci\u00f3n de los recursos inform\u00e1ticos y de comunicaci\u00f3n necesarios para acceder al Sitio y de la adquisici\u00f3n de los conocimientos necesarios para utilizar Internet y acceder al Sitio. El Usuario asumir\u00e1 los costes de conexi\u00f3n y equipamiento asociados al acceso a Internet y al uso del Sitio, de acuerdo con las condiciones establecidas por sus proveedores de acceso y\/o operadores de comunicaciones electr\u00f3nicas.<\/p>\n<p>El Usuario es responsable de la seguridad inform\u00e1tica de su equipo y, en particular, de la posible p\u00e9rdida de datos y fallos de seguridad que puedan derivarse de un virus o de la pirater\u00eda inform\u00e1tica. El Usuario declara ser consciente de estos riesgos y acepta que GAMESYSTEM no puede ser considerada responsable de tales disfunciones.<\/p>\n<p>El usuario no podr\u00e1:<\/p>\n<ul>\n<li>Acceder o intentar acceder al Sitio por medios distintos a los puestos a disposici\u00f3n por<\/li>\n<li>Compartir, con un tercero, cualquier credencial de inicio de sesi\u00f3n (nombre de usuario y contrase\u00f1a), siendo un tercero cualquier persona distinta del Usuario al que se le asigna la direcci\u00f3n de correo electr\u00f3nico.<\/li>\n<li>Interrumpir, ralentizar o bloquear el acceso a las redes que permiten el acceso al Sitio.<\/li>\n<li>Supervisar, escanear o probar la vulnerabilidad del Sitio, de su host o de su red o violar las medidas de seguridad o autenticaci\u00f3n.<\/li>\n<\/ul>\n<p><strong>3.2.<\/strong> Dado el car\u00e1cter gratuito del Sitio y sus funcionalidades, el Usuario reconoce que el Sitio y sus funcionalidades se le proporcionan tal cual y son accesibles sin ninguna garant\u00eda de conformidad, disponibilidad, rendimiento, compatibilidad o regularidad.<\/p>\n<p>GAMESYSTEM se esforzar\u00e1 por hacer accesibles las funcionalidades las 24 horas del d\u00eda, los 7 d\u00edas de la semana, salvo en caso de fuerza mayor o de acontecimiento ajeno a la voluntad de GAMESYSTEM y a reserva de los per\u00edodos de mantenimiento, de las posibles aver\u00edas, de los riesgos t\u00e9cnicos ligados a la naturaleza de la red Internet o de los actos malintencionados o de cualquier da\u00f1o al hardware o al software de GAMESYSTEM.<\/p>\n<p>GAMESYSTEM no se responsabiliza en ning\u00fan caso de la interrupci\u00f3n del funcionamiento, sea cual sea la causa, la duraci\u00f3n o la frecuencia.<\/p>\n<p>El Usuario reconoce que la velocidad de transmisi\u00f3n de la informaci\u00f3n no depende de GAMESYSTEM, sino de las caracter\u00edsticas propias de las redes de comunicaciones electr\u00f3nicas y de las caracter\u00edsticas t\u00e9cnicas del medio de conexi\u00f3n del Usuario.<\/p>\n<p>GAMESYSTEM no se responsabiliza del uso que los Usuarios hagan del Sitio y de sus funcionalidades y de los da\u00f1os que puedan derivarse para el Usuario o para terceros.<\/p>\n<p>GAMESYSTEM no se hace responsable de la informaci\u00f3n proporcionada por el Usuario para la creaci\u00f3n y gesti\u00f3n de su cuenta personal.<\/p>\n<p><strong>3.3.<\/strong> El Sitio y las funcionalidades son puestos a disposici\u00f3n del Usuario por GAMESYSTEM de forma gratuita y por tiempo indefinido.<\/p>\n<p>GAMESYSTEM se reserva el derecho de modificar las caracter\u00edsticas del Sitio y sus funcionalidades, especialmente en funci\u00f3n de la evoluci\u00f3n t\u00e9cnica o comercial. Se reserva la total discreci\u00f3n para llevar a cabo cualquier actualizaci\u00f3n.<\/p>\n<p>Dado el car\u00e1cter gratuito del Sitio y de la utilizaci\u00f3n de sus funcionalidades, GAMESYSTEM se reserva el derecho de suspender el acceso y\/o dar por terminado el acceso a todas o parte de las funcionalidades ofrecidas a los Usuarios, sin previo aviso ni indemnizaci\u00f3n.<\/p>\n<p>En caso de incumplimiento por parte del Usuario de las Condiciones Generales de Uso o, de forma m\u00e1s general, en caso de violaci\u00f3n de la normativa vigente, GAMESYSTEM podr\u00e1 poner fin a todas o parte de las funcionalidades proporcionadas al Usuario de pleno derecho, sin previo aviso ni indemnizaci\u00f3n. GAMESYSTEM podr\u00e1 resolver el contrato sin perjuicio de los da\u00f1os y perjuicios a los que pueda tener derecho como consecuencia de estos incumplimientos.<\/p>\n<p><strong><u>ARTICLE 4 &#8211; RESPONSABILIDAD<\/u><\/strong><\/p>\n<p><strong>\u00a0<\/strong><strong>4.1 <\/strong>Dado que GAMESYSTEM no interfiere en la posible relaci\u00f3n entre los Usuarios y los distribuidores asociados, no asumir\u00e1 ninguna responsabilidad relativa al contrato que pudiera haberse celebrado entre ellos.<\/p>\n<p>En particular, GAMESYSTEM no se hace responsable de las reclamaciones relacionadas con la calidad o la conformidad de los productos o servicios vendidos o prestados por un minorista asociado.<\/p>\n<p>Se invita a los usuarios a ponerse en contacto con el distribuidor asociado al que compraron los productos o al que confiaron la realizaci\u00f3n de los servicios en cuesti\u00f3n.<\/p>\n<p><strong>4.2<\/strong> GAMESYSTEM no ser\u00e1 responsable si el incumplimiento o los da\u00f1os se derivan del mal uso del Sitio por parte del Usuario o de una falta de \u00e9ste o de un tercero o de un caso de fuerza mayor.<\/p>\n<p><strong>4.3<\/strong> Asimismo, se recuerda que GAMESYSTEM no se hace responsable de los da\u00f1os, temporales o permanentes, causados al terminal m\u00f3vil o al ordenador del Usuario, ni de los da\u00f1os y perjuicios que pueda sufrir en particular como consecuencia del acceso o la navegaci\u00f3n por el Sitio.<\/p>\n<p><strong>4.4<\/strong> La transmisi\u00f3n de datos a trav\u00e9s de Internet puede dar lugar a errores y\/o a que el Sitio no est\u00e9 siempre disponible. En consecuencia, GAMESYSTEM no se hace responsable de la disponibilidad e interrupci\u00f3n del servicio en l\u00ednea. Se recuerda a los usuarios que se les aconseja proteger el acceso a sus herramientas inform\u00e1ticas con una contrase\u00f1a y contratar un seguro \u00fatil en caso de p\u00e9rdida o robo.<\/p>\n<p><strong>4.5<\/strong> El Sitio puede contener enlaces de hipertexto a otros sitios web. GAMESYSTEM no tiene ning\u00fan control sobre la exactitud de la informaci\u00f3n que presentan ni sobre su contenido. En consecuencia, GAMESYSTEM no se hace responsable de los da\u00f1os y perjuicios derivados del uso, acceso o imposibilidad de uso de la informaci\u00f3n o contenidos de otros sitios web.<\/p>\n<p><strong>4.6.<\/strong> Cuando la responsabilidad de GAMESYSTEM se produzca como consecuencia de una falta suya, la indemnizaci\u00f3n s\u00f3lo se aplicar\u00e1 a los da\u00f1os directos, personales y ciertos que haya sufrido el Usuario.<\/p>\n<p>En cualquier caso, se recuerda que GAMESYSTEM declina toda responsabilidad debido a:<\/p>\n<ul>\n<li>Los da\u00f1os derivados del incumplimiento por parte de los Usuarios de las normas y recomendaciones de GAMESYSTEM que se derivan en particular de las presentes condiciones generales;<\/li>\n<li>El mal funcionamiento, la imposibilidad de acceder o las malas condiciones de funcionamiento del Sitio, en particular debido a un equipo inadecuado, a interrupciones relacionadas con el proveedor de acceso del Usuario y\/o a la congesti\u00f3n de la red de Internet y\/o por cualquier otro motivo relacionado con un caso de fuerza mayor;<\/li>\n<li>Actos malintencionados de terceros.<\/li>\n<\/ul>\n<p><strong><u>ARTICLE 5 &#8211; <\/u><\/strong><strong><u>PROTECCI\u00d3N DE DATOS PERSONALES &#8211; COOKIES<\/u><\/strong><\/p>\n<p><strong>5.1.<\/strong> GAMESYSTEM recoge y trata los datos personales de los Usuarios del Sitio que deciden crear una cuenta personal o rellenar el formulario de contacto. Las disposiciones relativas al tratamiento de estos datos se describen en la Pol\u00edtica de Privacidad del Sitio, que se invita al Usuario a leer detenidamente. GAMESYSTEM recoge, trata y almacena los datos personales de acuerdo con los principios de la normativa vigente y las recomendaciones de la Comisi\u00f3n Nacional de Inform\u00e1tica y Libertades (CNIL).<\/p>\n<p>Las personas f\u00edsicas afectadas tienen varios derechos en relaci\u00f3n con la recogida y el tratamiento de sus datos personales. Pueden solicitar el acceso, la rectificaci\u00f3n o la supresi\u00f3n de sus datos. En su caso, tambi\u00e9n podr\u00e1n oponerse o solicitar la limitaci\u00f3n del tratamiento de dichos datos. Tambi\u00e9n tienen derecho a la portabilidad de los datos para obtener una copia de sus datos personales en un formato estructurado, utilizable y legible por m\u00e1quina, de modo que puedan ser transmitidos a un tercero, si esta solicitud es admisible. Tambi\u00e9n tienen derecho a presentar una reclamaci\u00f3n ante una autoridad de control y pueden establecer instrucciones sobre qu\u00e9 hacer con sus datos en caso de fallecimiento, y registrarlos en terceros de confianza certificados por la CNIL. Estos derechos pueden ejercerse de acuerdo con las disposiciones establecidas en la Pol\u00edtica de Privacidad del Sitio.<\/p>\n<p><strong>5.2.<\/strong> GAMESYSTEM utiliza cookies.<\/p>\n<p><strong><u>ARTICLE 6 &#8211; <\/u><\/strong><strong><u>PROPIEDAD INTELECTUAL<\/u><\/strong><\/p>\n<p>The full content of the Website is the property of GAMESYSTEM or is used by GAMESYSTEM Todo el contenido del Sitio es propiedad de GAMESYSTEM o es utilizado por GAMESYSTEM con la autorizaci\u00f3n de los titulares de los derechos en cuesti\u00f3n.<\/p>\n<p>Los usuarios reconocen los derechos exclusivos de GAMESYSTEM, en particular sus marcas, logotipos y derechos de autor, y se abstendr\u00e1n de utilizarlos de cualquier manera y, en general, de infringirlos.<\/p>\n<p>Cualquier uso, en cualquier forma, de estas marcas, logotipos, derechos de autor y\/o cualquier otro derecho de propiedad intelectual est\u00e1 sujeto a la autorizaci\u00f3n previa y expresa de GAMESYSTEM o del titular de los derechos en cuesti\u00f3n.<\/p>\n<p>Queda prohibida la reproducci\u00f3n total o parcial del Sitio, as\u00ed como la creaci\u00f3n de enlaces de hipertexto, salvo autorizaci\u00f3n expresa y previa de GAMESYSTEM.<\/p>\n<p>GAMESYSTEM se reserva el derecho a solicitar la supresi\u00f3n de cualquier enlace al Sitio que no haya sido, o haya dejado de ser, autorizado y\/o que le perjudique.<\/p>\n<p><strong><u>ARTICLE 7 &#8211; <\/u><\/strong><strong><u>LITIGIOS<\/u><\/strong><\/p>\n<p><strong>7.1.<\/strong> Estas condiciones generales de uso est\u00e1n sujetas a la legislaci\u00f3n francesa.<\/p>\n<p><strong>7.2. <\/strong>Las Partes se esforzar\u00e1n por resolver amistosamente cualquier conflicto que pueda surgir entre ellas en relaci\u00f3n con estas condiciones.<\/p>\n<p>En caso de que no sea posible un acuerdo amistoso, cualquier discrepancia entre GAMESYSTEM y el Usuario se presentar\u00e1 ante el Tribunal de GRENOBLE, al que se le atribuye expresamente y de antemano la competencia, incluso en caso de reclamaci\u00f3n de terceros o de pluralidad de demandados.<\/p>\n\n","protected":false},"excerpt":{"rendered":"<p>CONDICIONES GENERALES DE USO Fecha de la \u00faltima actualizaci\u00f3n de las Condiciones Generales de Uso: 15\/02\/2024 Puede encontrar el aviso legal del sitio web aqu\u00ed. ARTICLE 1 &#8211; PRESENTACI\u00d3N DEL&hellip;<\/p>\n","protected":false},"author":13,"featured_media":0,"parent":0,"menu_order":0,"comment_status":"closed","ping_status":"closed","template":"","meta":[],"_links":{"self":[{"href":"https:\/\/gamesystem.com\/es\/wp-json\/wp\/v2\/pages\/38049"}],"collection":[{"href":"https:\/\/gamesystem.com\/es\/wp-json\/wp\/v2\/pages"}],"about":[{"href":"https:\/\/gamesystem.com\/es\/wp-json\/wp\/v2\/types\/page"}],"author":[{"embeddable":true,"href":"https:\/\/gamesystem.com\/es\/wp-json\/wp\/v2\/users\/13"}],"replies":[{"embeddable":true,"href":"https:\/\/gamesystem.com\/es\/wp-json\/wp\/v2\/comments?post=38049"}],"version-history":[{"count":0,"href":"https:\/\/gamesystem.com\/es\/wp-json\/wp\/v2\/pages\/38049\/revisions"}],"wp:attachment":[{"href":"https:\/\/gamesystem.com\/es\/wp-json\/wp\/v2\/media?parent=38049"}],"curies":[{"name":"wp","href":"https:\/\/api.w.org\/{rel}","templated":true}]}}