{"id":37395,"date":"2021-12-21T16:48:08","date_gmt":"2021-12-21T15:48:08","guid":{"rendered":"https:\/\/gamesystem.com\/ligne-de-vie-provisoire\/"},"modified":"2023-07-04T16:41:09","modified_gmt":"2023-07-04T14:41:09","slug":"linea-de-vida-provisional","status":"publish","type":"page","link":"https:\/\/gamesystem.com\/es\/linea-de-vida-provisional\/","title":{"rendered":"Linea de vida provisional"},"content":{"rendered":"\n\n\t\t\t<h1>Linea de vida provisional<\/h1>\t\t\t\n\t\t\t\t\t\t\t\t\t<img decoding=\"async\" loading=\"lazy\" src=\"https:\/\/gamesystem.com\/wp-content\/uploads\/2021\/12\/ligne-de-vie-provisoire26.jpg\" alt=\"ligne-de-vie-provisoire26\" itemprop=\"image\" height=\"306\" width=\"500\" srcset=\"https:\/\/gamesystem.com\/wp-content\/uploads\/2021\/12\/ligne-de-vie-provisoire26.jpg 500w, https:\/\/gamesystem.com\/wp-content\/uploads\/2021\/12\/ligne-de-vie-provisoire26-300x184.jpg 300w\" sizes=\"(max-width: 500px) 100vw, 500px\" title=\"ligne-de-vie-provisoire26\" onerror=\"this.style.display='none'\"  \/>\n\t\t\t\t<p>La l\u00ednea de vida temporal es un sistema de anclaje fijado a un soporte que permite asegurar a los operarios durante sus trabajos. Esta instalaci\u00f3n permite asegurar a un m\u00e1ximo de 2 operarios durante los desplazamientos horizontales. La l\u00ednea de vida temporal debe fijarse a dos estructuras de confianza que permitan enganchar los extremos de la cinta para asegurar a los trabajadores en caso de ca\u00edda. Este tipo de instalaci\u00f3n est\u00e1 muy demandada por las empresas cuando realizan obras menores u operaciones de mantenimiento de corta duraci\u00f3n. Es su facilidad de instalaci\u00f3n lo que hace que sea tan popular.<\/p>\n\t\t\t<h2>CU\u00c1NDO UTILIZAR LA LINEA DE VIDA PROVISIONAL<\/h2>\t\t\t\n\t\t\t\t\t\t\t\t\t<img decoding=\"async\" loading=\"lazy\" src=\"https:\/\/gamesystem.com\/wp-content\/uploads\/2021\/12\/ligne-de-vie-provisoire.jpg\" alt=\"ligne-de-vie-provisoire\" itemprop=\"image\" height=\"674\" width=\"1100\" srcset=\"https:\/\/gamesystem.com\/wp-content\/uploads\/2021\/12\/ligne-de-vie-provisoire.jpg 1100w, https:\/\/gamesystem.com\/wp-content\/uploads\/2021\/12\/ligne-de-vie-provisoire-300x184.jpg 300w, https:\/\/gamesystem.com\/wp-content\/uploads\/2021\/12\/ligne-de-vie-provisoire-1024x627.jpg 1024w, https:\/\/gamesystem.com\/wp-content\/uploads\/2021\/12\/ligne-de-vie-provisoire-768x471.jpg 768w\" sizes=\"(max-width: 1100px) 100vw, 1100px\" title=\"ligne-de-vie-provisoire\" onerror=\"this.style.display='none'\"  \/>\n\t\t\t\t<p>La l\u00ednea de vida horizontal temporal s\u00f3lo est\u00e1 dise\u00f1ada para asegurar los desplazamientos laterales. La l\u00ednea de vida provisional es muy \u00fatil para asegurar a los operarios durante operaciones cortas en lugares donde es f\u00e1cil fijar puntos de anclaje en las extremidades. Es una soluci\u00f3n ideal para instalaciones puntuales que no requieren un mantenimiento recurrente.<\/p>\n\t\t\t<h2>LAS VENTAJAS DE LA L\u00cdNEA DE VIDA PROVISIONAL<\/h2>\t\t\t\n\t\t\t\t\t\t\t\t\t<img decoding=\"async\" loading=\"lazy\" src=\"https:\/\/gamesystem.com\/wp-content\/uploads\/2021\/12\/ligne-de-vie-provisoire27.jpg\" alt=\"ligne-de-vie-provisoire27\" itemprop=\"image\" height=\"357\" width=\"1100\" srcset=\"https:\/\/gamesystem.com\/wp-content\/uploads\/2021\/12\/ligne-de-vie-provisoire27.jpg 1100w, https:\/\/gamesystem.com\/wp-content\/uploads\/2021\/12\/ligne-de-vie-provisoire27-300x97.jpg 300w, https:\/\/gamesystem.com\/wp-content\/uploads\/2021\/12\/ligne-de-vie-provisoire27-1024x332.jpg 1024w, https:\/\/gamesystem.com\/wp-content\/uploads\/2021\/12\/ligne-de-vie-provisoire27-768x249.jpg 768w\" sizes=\"(max-width: 1100px) 100vw, 1100px\" title=\"ligne-de-vie-provisoire27\" onerror=\"this.style.display='none'\"  \/>\n\t\t\t\t<p>La principal ventaja de la l\u00ednea de vida provisional es que puede adaptarse a cualquier situaci\u00f3n. Puede instalarse en cuesti\u00f3n de minutos encontrando dos puntos de anclaje fiables. Es tan f\u00e1cil de montar como de desmontar, y permite a muchos operarios trabajar de forma segura utilizando una soluci\u00f3n econ\u00f3mica. Ocupa muy poco espacio y se puede almacenar muy f\u00e1cilmente. Sin embargo, hay que tener en cuenta que esta soluci\u00f3n s\u00f3lo est\u00e1 pensada para un uso temporal, y que deben buscarse otros sistemas de seguridad para operaciones a largo plazo.<\/p>\n<p>\u00bfTienes alguna pregunta o un proyecto en desarrollo? No dudes en ponerte en contacto con nosotros para obtener m\u00e1s informaci\u00f3n, estaremos encantados de ayudarte.<\/p>\n\t\t\t<h2>NORMATIVA<\/h2>\t\t\t\n\t\t\t\t<p>Aunque es muy pr\u00e1ctica y econ\u00f3mica, esta instalaci\u00f3n tiene sus limitaciones. La l\u00ednea de vida temporal se ajusta a la norma EN795 tipo B y no supera una longitud total de 20 metros. Adem\u00e1s, el dispositivo debe instalarse preferentemente por encima de la zona de trabajo del operario. S\u00f3lo queda que el trabajador conecte el sistema antica\u00eddas a la l\u00ednea de vida y empiece a trabajar.<\/p>\n<p>Para cumplir las normas, el sistema antica\u00eddas utilizado no debe poder desarrollar una fuerza superior a 600 daN. Por eso, es necesario utilizar EPI certificados para garantizar la seguridad de los operarios.<\/p>\n\n","protected":false},"excerpt":{"rendered":"<p>Linea de vida provisional La l\u00ednea de vida temporal es un sistema de anclaje fijado a un soporte que permite asegurar a los operarios durante sus trabajos. Esta instalaci\u00f3n permite&hellip;<\/p>\n","protected":false},"author":2,"featured_media":0,"parent":0,"menu_order":0,"comment_status":"closed","ping_status":"closed","template":"","meta":[],"_links":{"self":[{"href":"https:\/\/gamesystem.com\/es\/wp-json\/wp\/v2\/pages\/37395"}],"collection":[{"href":"https:\/\/gamesystem.com\/es\/wp-json\/wp\/v2\/pages"}],"about":[{"href":"https:\/\/gamesystem.com\/es\/wp-json\/wp\/v2\/types\/page"}],"author":[{"embeddable":true,"href":"https:\/\/gamesystem.com\/es\/wp-json\/wp\/v2\/users\/2"}],"replies":[{"embeddable":true,"href":"https:\/\/gamesystem.com\/es\/wp-json\/wp\/v2\/comments?post=37395"}],"version-history":[{"count":0,"href":"https:\/\/gamesystem.com\/es\/wp-json\/wp\/v2\/pages\/37395\/revisions"}],"wp:attachment":[{"href":"https:\/\/gamesystem.com\/es\/wp-json\/wp\/v2\/media?parent=37395"}],"curies":[{"name":"wp","href":"https:\/\/api.w.org\/{rel}","templated":true}]}}